{"id":30166,"date":"2025-08-18T14:41:53","date_gmt":"2025-08-18T06:41:53","guid":{"rendered":"https:\/\/superprintpro.com\/?post_type=product&#038;p=30166"},"modified":"2025-08-18T14:41:53","modified_gmt":"2025-08-18T06:41:53","slug":"amo-uv-inkjet-printer-am3200uv8k24i-es-3-2meters-with-8-konica-1024i-printheads","status":"publish","type":"product","link":"https:\/\/superprintpro.com\/fr\/produit\/amo-uv-inkjet-printer-am3200uv8k24i-es-3-2meters-with-8-konica-1024i-printheads\/","title":{"rendered":"Imprimante \u00e0 jet d'encre UV AMO AM3200UV8k24i-ES 3,2 m\u00e8tres avec 8 t\u00eates d'impression Konica 1024i"},"content":{"rendered":"<p>Imprimante \u00e0 jet d'encre UV AMO AM3200UV8k24i-ES 3,2 m\u00e8tres avec 8 t\u00eates d'impression Konica 1024i<\/p>\n<p>Amo Imprimante \u00e0 jet d'encre UV pour films souples et \u00e9lastiques AM3200UV4k24i-ES avec 8 t\u00eates d'impression Konica KM1024i<\/p>\n<p>Cette s\u00e9rie ne peut pas \u00eatre imprim\u00e9e sur des mat\u00e9riaux tr\u00e8s souples et \u00e9lastiques comme les films souples, mais elle est tout \u00e0 fait \u00e9conomique pour imprimer sur des banni\u00e8res flexibles, des banni\u00e8res flexibles enduites, du vinyle, du mes, de la vision unidirectionnelle et de la toile.<\/p>\n<p>1. syst\u00e8me de chauffage de la buse de la t\u00eate d'impression et circulation de l'encre : La plaque de la buse de la t\u00eate d'impression int\u00e8gre une fonction de chauffage pour assurer une stabilit\u00e9 optimale du flux d'encre dans des environnements \u00e0 temp\u00e9rature variable. Le syst\u00e8me int\u00e9gr\u00e9 de circulation de l'encre<br \/>\nemp\u00eache la s\u00e9dimentation des pigments dans les buses, ce qui r\u00e9duit efficacement les risques de colmatage des buses.<br \/>\n2) R\u00e9servoir d'encre secondaire enti\u00e8rement transparent et contr\u00f4le ind\u00e9pendant de la pression de la couleur :(1) La construction transparente facilite le d\u00e9pannage et r\u00e9duit le temps de maintenance.(2)<br \/>\nDes m\u00e9canismes ind\u00e9pendants de r\u00e9glage de la pression optimisent l'efficacit\u00e9 de la consommation d'encre.<br \/>\n3. syst\u00e8me de chauffage et de s\u00e9chage \u00e0 haute puissance : Comprend des zones de chauffage segment\u00e9es pour am\u00e9liorer l'absorption de l'encre et la solidit\u00e9 des couleurs. Incorpore un syst\u00e8me exclusif d'air thermique int\u00e9gr\u00e9.<br \/>\nLa chambre de circulation coupl\u00e9e \u00e0 un syst\u00e8me de d\u00e9rivation de l'air froid permet un refroidissement rapide apr\u00e8s le s\u00e9chage pour garantir des d\u00e9tails plus fins et des finitions plus brillantes.<\/p>\n<p>Param\u00e8tres de la machine<br \/>\nLargeur d'impression maximale 3200MM<br \/>\nT\u00eates d'impression :   8 Konica1024i<br \/>\nVitesse d'impression :<br \/>\nLumi\u00e8re ext\u00e9rieure Mode 90m\u00b2\/h<br \/>\nMode d'\u00e9clairage interne 54 m\u00b2\/h<\/p>\n<p>Supports:Banni\u00e8re souple, vinyle, vision unidirectionnelle, maille, papier peint\/toile, tissu polyester, film r\u00e9tro\u00e9clair\u00e9, papier photo, Canva, etc.<br \/>\nLogiciel RIP : logiciel de gestion des couleurs<br \/>\nPuissance : AC220\u00b110.50HZ60HZP4500W<br \/>\nTaille de l'emballage de l'imprimante : L5300*W1180*H1700\/L5600*W1250*H2100<br \/>\nPoids net\/perte : 2500kg\/2800kg<\/p>","protected":false},"excerpt":{"rendered":"<p>Pour obtenir des d\u00e9tails sur les produits et les derniers devis, veuillez contacter notre responsable des ventes.<\/p>","protected":false},"featured_media":30167,"comment_status":"open","ping_status":"closed","template":"","meta":[],"product_brand":[],"product_cat":[113],"product_tag":[],"class_list":{"0":"post-30166","1":"product","2":"type-product","3":"status-publish","4":"has-post-thumbnail","6":"product_cat-with-konica-km1024i-printhead-uv-inkjet-printers-roll-to-roll","8":"first","9":"instock","10":"shipping-taxable","11":"purchasable","12":"product-type-simple"},"yoast_head":"<!-- This site is optimized with the Yoast SEO plugin v26.9 - https:\/\/yoast.com\/product\/yoast-seo-wordpress\/ -->\n<title>AMO UV Inkjet Printer AM3200UV8k24i-ES 3.2meters with 8 Konica 1024i Printheads - Amo<\/title>\n<meta name=\"robots\" content=\"index, follow, max-snippet:-1, max-image-preview:large, max-video-preview:-1\" \/>\n<link rel=\"canonical\" href=\"https:\/\/superprintpro.com\/fr\/produit\/amo-uv-inkjet-printer-am3200uv8k24i-es-3-2meters-with-8-konica-1024i-printheads\/\" \/>\n<meta property=\"og:locale\" content=\"fr_FR\" \/>\n<meta property=\"og:type\" content=\"article\" \/>\n<meta property=\"og:title\" content=\"AMO UV Inkjet Printer AM3200UV8k24i-ES 3.2meters with 8 Konica 1024i Printheads - Amo\" \/>\n<meta property=\"og:description\" content=\"For product details and the latest quotes, please contact our sales manager\" \/>\n<meta property=\"og:url\" content=\"https:\/\/superprintpro.com\/fr\/produit\/amo-uv-inkjet-printer-am3200uv8k24i-es-3-2meters-with-8-konica-1024i-printheads\/\" \/>\n<meta property=\"og:site_name\" content=\"Amo\" \/>\n<meta property=\"og:image\" content=\"https:\/\/superprintpro.com\/wp-content\/uploads\/2025\/08\/amo-uv-inkjet-printer-am3200uv8k24i-es-32meters-with-8-konica-1024i-printheads.jpg\" \/>\n\t<meta property=\"og:image:width\" content=\"828\" \/>\n\t<meta property=\"og:image:height\" content=\"466\" \/>\n\t<meta property=\"og:image:type\" content=\"image\/jpeg\" \/>\n<meta name=\"twitter:card\" content=\"summary_large_image\" \/>\n<meta name=\"twitter:label1\" content=\"Dur\u00e9e de lecture estim\u00e9e\" \/>\n\t<meta name=\"twitter:data1\" content=\"1 minute\" \/>\n<script type=\"application\/ld+json\" class=\"yoast-schema-graph\">{\"@context\":\"https:\/\/schema.org\",\"@graph\":[{\"@type\":\"WebPage\",\"@id\":\"https:\/\/superprintpro.com\/product\/amo-uv-inkjet-printer-am3200uv8k24i-es-3-2meters-with-8-konica-1024i-printheads\/\",\"url\":\"https:\/\/superprintpro.com\/product\/amo-uv-inkjet-printer-am3200uv8k24i-es-3-2meters-with-8-konica-1024i-printheads\/\",\"name\":\"AMO UV Inkjet Printer AM3200UV8k24i-ES 3.2meters with 8 Konica 1024i Printheads - Amo\",\"isPartOf\":{\"@id\":\"https:\/\/superprintpro.com\/#website\"},\"primaryImageOfPage\":{\"@id\":\"https:\/\/superprintpro.com\/product\/amo-uv-inkjet-printer-am3200uv8k24i-es-3-2meters-with-8-konica-1024i-printheads\/#primaryimage\"},\"image\":{\"@id\":\"https:\/\/superprintpro.com\/product\/amo-uv-inkjet-printer-am3200uv8k24i-es-3-2meters-with-8-konica-1024i-printheads\/#primaryimage\"},\"thumbnailUrl\":\"https:\/\/superprintpro.com\/wp-content\/uploads\/2025\/08\/amo-uv-inkjet-printer-am3200uv8k24i-es-32meters-with-8-konica-1024i-printheads.jpg\",\"datePublished\":\"2025-08-18T06:41:53+00:00\",\"breadcrumb\":{\"@id\":\"https:\/\/superprintpro.com\/product\/amo-uv-inkjet-printer-am3200uv8k24i-es-3-2meters-with-8-konica-1024i-printheads\/#breadcrumb\"},\"inLanguage\":\"fr-FR\",\"potentialAction\":[{\"@type\":\"ReadAction\",\"target\":[\"https:\/\/superprintpro.com\/product\/amo-uv-inkjet-printer-am3200uv8k24i-es-3-2meters-with-8-konica-1024i-printheads\/\"]}]},{\"@type\":\"ImageObject\",\"inLanguage\":\"fr-FR\",\"@id\":\"https:\/\/superprintpro.com\/product\/amo-uv-inkjet-printer-am3200uv8k24i-es-3-2meters-with-8-konica-1024i-printheads\/#primaryimage\",\"url\":\"https:\/\/superprintpro.com\/wp-content\/uploads\/2025\/08\/amo-uv-inkjet-printer-am3200uv8k24i-es-32meters-with-8-konica-1024i-printheads.jpg\",\"contentUrl\":\"https:\/\/superprintpro.com\/wp-content\/uploads\/2025\/08\/amo-uv-inkjet-printer-am3200uv8k24i-es-32meters-with-8-konica-1024i-printheads.jpg\",\"width\":828,\"height\":466,\"caption\":\"AMO UV Inkjet Printer AM3200UV8k24i-ES 3.2meters with 8 Konica 1024i Printheads\"},{\"@type\":\"BreadcrumbList\",\"@id\":\"https:\/\/superprintpro.com\/product\/amo-uv-inkjet-printer-am3200uv8k24i-es-3-2meters-with-8-konica-1024i-printheads\/#breadcrumb\",\"itemListElement\":[{\"@type\":\"ListItem\",\"position\":1,\"name\":\"\u9996\u9875\",\"item\":\"https:\/\/superprintpro.com\/\"},{\"@type\":\"ListItem\",\"position\":2,\"name\":\"Shop\",\"item\":\"https:\/\/superprintpro.com\/shop\/\"},{\"@type\":\"ListItem\",\"position\":3,\"name\":\"AMO UV Inkjet Printer AM3200UV8k24i-ES 3.2meters with 8 Konica 1024i Printheads\"}]},{\"@type\":\"WebSite\",\"@id\":\"https:\/\/superprintpro.com\/#website\",\"url\":\"https:\/\/superprintpro.com\/\",\"name\":\"Amo\",\"description\":\"\",\"potentialAction\":[{\"@type\":\"SearchAction\",\"target\":{\"@type\":\"EntryPoint\",\"urlTemplate\":\"https:\/\/superprintpro.com\/?s={search_term_string}\"},\"query-input\":{\"@type\":\"PropertyValueSpecification\",\"valueRequired\":true,\"valueName\":\"search_term_string\"}}],\"inLanguage\":\"fr-FR\"}]}<\/script>\n<!-- \/ Yoast SEO plugin. -->","yoast_head_json":{"title":"AMO UV Inkjet Printer AM3200UV8k24i-ES 3.2meters with 8 Konica 1024i Printheads - Amo","robots":{"index":"index","follow":"follow","max-snippet":"max-snippet:-1","max-image-preview":"max-image-preview:large","max-video-preview":"max-video-preview:-1"},"canonical":"https:\/\/superprintpro.com\/fr\/produit\/amo-uv-inkjet-printer-am3200uv8k24i-es-3-2meters-with-8-konica-1024i-printheads\/","og_locale":"fr_FR","og_type":"article","og_title":"AMO UV Inkjet Printer AM3200UV8k24i-ES 3.2meters with 8 Konica 1024i Printheads - Amo","og_description":"For product details and the latest quotes, please contact our sales manager","og_url":"https:\/\/superprintpro.com\/fr\/produit\/amo-uv-inkjet-printer-am3200uv8k24i-es-3-2meters-with-8-konica-1024i-printheads\/","og_site_name":"Amo","og_image":[{"width":828,"height":466,"url":"https:\/\/superprintpro.com\/wp-content\/uploads\/2025\/08\/amo-uv-inkjet-printer-am3200uv8k24i-es-32meters-with-8-konica-1024i-printheads.jpg","type":"image\/jpeg"}],"twitter_card":"summary_large_image","twitter_misc":{"Dur\u00e9e de lecture estim\u00e9e":"1 minute"},"schema":{"@context":"https:\/\/schema.org","@graph":[{"@type":"WebPage","@id":"https:\/\/superprintpro.com\/product\/amo-uv-inkjet-printer-am3200uv8k24i-es-3-2meters-with-8-konica-1024i-printheads\/","url":"https:\/\/superprintpro.com\/product\/amo-uv-inkjet-printer-am3200uv8k24i-es-3-2meters-with-8-konica-1024i-printheads\/","name":"AMO UV Inkjet Printer AM3200UV8k24i-ES 3.2meters with 8 Konica 1024i Printheads - Amo","isPartOf":{"@id":"https:\/\/superprintpro.com\/#website"},"primaryImageOfPage":{"@id":"https:\/\/superprintpro.com\/product\/amo-uv-inkjet-printer-am3200uv8k24i-es-3-2meters-with-8-konica-1024i-printheads\/#primaryimage"},"image":{"@id":"https:\/\/superprintpro.com\/product\/amo-uv-inkjet-printer-am3200uv8k24i-es-3-2meters-with-8-konica-1024i-printheads\/#primaryimage"},"thumbnailUrl":"https:\/\/superprintpro.com\/wp-content\/uploads\/2025\/08\/amo-uv-inkjet-printer-am3200uv8k24i-es-32meters-with-8-konica-1024i-printheads.jpg","datePublished":"2025-08-18T06:41:53+00:00","breadcrumb":{"@id":"https:\/\/superprintpro.com\/product\/amo-uv-inkjet-printer-am3200uv8k24i-es-3-2meters-with-8-konica-1024i-printheads\/#breadcrumb"},"inLanguage":"fr-FR","potentialAction":[{"@type":"ReadAction","target":["https:\/\/superprintpro.com\/product\/amo-uv-inkjet-printer-am3200uv8k24i-es-3-2meters-with-8-konica-1024i-printheads\/"]}]},{"@type":"ImageObject","inLanguage":"fr-FR","@id":"https:\/\/superprintpro.com\/product\/amo-uv-inkjet-printer-am3200uv8k24i-es-3-2meters-with-8-konica-1024i-printheads\/#primaryimage","url":"https:\/\/superprintpro.com\/wp-content\/uploads\/2025\/08\/amo-uv-inkjet-printer-am3200uv8k24i-es-32meters-with-8-konica-1024i-printheads.jpg","contentUrl":"https:\/\/superprintpro.com\/wp-content\/uploads\/2025\/08\/amo-uv-inkjet-printer-am3200uv8k24i-es-32meters-with-8-konica-1024i-printheads.jpg","width":828,"height":466,"caption":"AMO UV Inkjet Printer AM3200UV8k24i-ES 3.2meters with 8 Konica 1024i Printheads"},{"@type":"BreadcrumbList","@id":"https:\/\/superprintpro.com\/product\/amo-uv-inkjet-printer-am3200uv8k24i-es-3-2meters-with-8-konica-1024i-printheads\/#breadcrumb","itemListElement":[{"@type":"ListItem","position":1,"name":"\u9996\u9875","item":"https:\/\/superprintpro.com\/"},{"@type":"ListItem","position":2,"name":"Shop","item":"https:\/\/superprintpro.com\/shop\/"},{"@type":"ListItem","position":3,"name":"AMO UV Inkjet Printer AM3200UV8k24i-ES 3.2meters with 8 Konica 1024i Printheads"}]},{"@type":"WebSite","@id":"https:\/\/superprintpro.com\/#website","url":"https:\/\/superprintpro.com\/","name":"Amo","description":"","potentialAction":[{"@type":"SearchAction","target":{"@type":"EntryPoint","urlTemplate":"https:\/\/superprintpro.com\/?s={search_term_string}"},"query-input":{"@type":"PropertyValueSpecification","valueRequired":true,"valueName":"search_term_string"}}],"inLanguage":"fr-FR"}]}},"_links":{"self":[{"href":"https:\/\/superprintpro.com\/fr\/wp-json\/wp\/v2\/product\/30166","targetHints":{"allow":["GET"]}}],"collection":[{"href":"https:\/\/superprintpro.com\/fr\/wp-json\/wp\/v2\/product"}],"about":[{"href":"https:\/\/superprintpro.com\/fr\/wp-json\/wp\/v2\/types\/product"}],"replies":[{"embeddable":true,"href":"https:\/\/superprintpro.com\/fr\/wp-json\/wp\/v2\/comments?post=30166"}],"version-history":[{"count":1,"href":"https:\/\/superprintpro.com\/fr\/wp-json\/wp\/v2\/product\/30166\/revisions"}],"predecessor-version":[{"id":30168,"href":"https:\/\/superprintpro.com\/fr\/wp-json\/wp\/v2\/product\/30166\/revisions\/30168"}],"wp:featuredmedia":[{"embeddable":true,"href":"https:\/\/superprintpro.com\/fr\/wp-json\/wp\/v2\/media\/30167"}],"wp:attachment":[{"href":"https:\/\/superprintpro.com\/fr\/wp-json\/wp\/v2\/media?parent=30166"}],"wp:term":[{"taxonomy":"product_brand","embeddable":true,"href":"https:\/\/superprintpro.com\/fr\/wp-json\/wp\/v2\/product_brand?post=30166"},{"taxonomy":"product_cat","embeddable":true,"href":"https:\/\/superprintpro.com\/fr\/wp-json\/wp\/v2\/product_cat?post=30166"},{"taxonomy":"product_tag","embeddable":true,"href":"https:\/\/superprintpro.com\/fr\/wp-json\/wp\/v2\/product_tag?post=30166"}],"curies":[{"name":"wp","href":"https:\/\/api.w.org\/{rel}","templated":true}]}}