{"id":30133,"date":"2025-08-18T11:22:32","date_gmt":"2025-08-18T03:22:32","guid":{"rendered":"https:\/\/superprintpro.com\/?post_type=product&#038;p=30133"},"modified":"2025-08-18T11:22:32","modified_gmt":"2025-08-18T03:22:32","slug":"amo-solvent-inkjet-printer-am3208k12i-3-2meters-with-8-konica-512i-printhead","status":"publish","type":"product","link":"https:\/\/superprintpro.com\/fr\/produit\/amo-solvent-inkjet-printer-am3208k12i-3-2meters-with-8-konica-512i-printhead\/","title":{"rendered":"Imprimante \u00e0 jet d'encre \u00e0 solvant AMO AM3208K12i 3,2 m\u00e8tres avec 8 t\u00eates d'impression Konica 512i"},"content":{"rendered":"<p>Imprimante \u00e0 jet d'encre \u00e0 solvant AMO AM3208K12i 3,2 m\u00e8tres avec 8 t\u00eates d'impression Konica 512i<br \/>\n1. Syst\u00e8me de chauffage de la t\u00eate d'impression et circulation de l'encre : La plaque de la t\u00eate d'impression int\u00e8gre une fonction de chauffage pour assurer une stabilit\u00e9 optimale du flux d'encre dans des environnements \u00e0 temp\u00e9rature variable. Le syst\u00e8me int\u00e9gr\u00e9 de circulation de l'encre<br \/>\nemp\u00eache la s\u00e9dimentation des pigments dans la t\u00eate d'impression, r\u00e9duisant ainsi les risques de colmatage des buses.<br \/>\n2. R\u00e9servoir d'encre secondaire enti\u00e8rement transparent et contr\u00f4le ind\u00e9pendant de la pression des couleurs :(1) La construction transparente facilite le d\u00e9pannage et r\u00e9duit le temps de maintenance. (2) Les m\u00e9canismes ind\u00e9pendants de r\u00e9glage de la pression optimisent l'efficacit\u00e9 de la consommation d'encre.<br \/>\n3) Syst\u00e8me de rouleaux de pression motoris\u00e9s et rails de guidage silencieux :(1) Permet le r\u00e9glage en temps r\u00e9el des rouleaux de pression individuels pendant les op\u00e9rations d'impression afin d'\u00e9liminer le froissement du mat\u00e9riau sans interrompre la production, ce qui minimise la g\u00e2che de mat\u00e9riau. (2) Les rails de guidage silencieux \u00e0 grande vitesse assurent un mouvement plus r\u00e9gulier de la t\u00eate d'impression, am\u00e9liorant la pr\u00e9cision de l'impression tout en r\u00e9duisant le bruit de fonctionnement. Cette conception minimise l'usure m\u00e9canique et prolonge la dur\u00e9e de vie des rails de guidage.<br \/>\n4. Plate-forme de vide r\u00e9glable et modulation de la vitesse des rouleaux :(1) Permet de r\u00e9gler manuellement le d\u00e9bit d'air pendant l'impression afin de r\u00e9soudre les probl\u00e8mes d'alimentation des mat\u00e9riaux caus\u00e9s par un vide excessif, garantissant une alimentation en douceur des mat\u00e9riaux de diff\u00e9rentes \u00e9paisseurs.(2) Le syst\u00e8me de r\u00e9gulation de la puissance des rouleaux am\u00e9liore la compatibilit\u00e9 avec divers types de mat\u00e9riaux, tant pour les op\u00e9rations d'alimentation que de collecte.<br \/>\n5. syst\u00e8me de chauffage et de s\u00e9chage \u00e0 haute puissance : Comprend des zones de chauffage segment\u00e9es pour am\u00e9liorer l'absorption de l'encre et la solidit\u00e9 des couleurs. Il comprend une chambre de circulation d'air thermique int\u00e9gr\u00e9e exclusive associ\u00e9e \u00e0 un syst\u00e8me de d\u00e9rivation de l'air froid, permettant un refroidissement rapide apr\u00e8s le s\u00e9chage pour garantir des d\u00e9tails plus fins et des finitions plus brillantes.<\/p>\n<p>Param\u00e8tres de la machine<br \/>\nLargeur d'impression maximale 3200MM<br \/>\nNombre de t\u00eates d'impression : KM512i(8 t\u00eates)<br \/>\nVitesse d'impression :<br \/>\n2 passages 240m\u00b2\/h (480*360dpi)<br \/>\n3 passages 140m\u00b2\/h (480*540dpi)<br \/>\n4 passages 105m\u00b2\/h (480*720dpi)<br \/>\nType de support :<br \/>\nPeut imprimer tous les mat\u00e9riaux souples : film souple pour plafond, papier peint\/toile, tissu polyester, film r\u00e9tro-\u00e9clair\u00e9, papier photo, Canva, banni\u00e8re souple, vinyle, filet, vision unidirectionnelle, banni\u00e8re souple enduite, etc.<br \/>\nRIP Softvare pf color management softvare<br \/>\nExigences de puissance AC220\u00b110.50HZ~60HZP4500W<br \/>\nTaille de l'emballage de l'imprimante L5300*W1180*H1700\/L5600*W1250*H2100<br \/>\nPoids net brillant1500kg\/1750kg<\/p>","protected":false},"excerpt":{"rendered":"<p>Pour obtenir des d\u00e9tails sur les produits et les derniers devis, veuillez contacter notre responsable des ventes.<\/p>","protected":false},"featured_media":30134,"comment_status":"open","ping_status":"closed","template":"","meta":[],"product_brand":[],"product_cat":[116],"product_tag":[],"class_list":{"0":"post-30133","1":"product","2":"type-product","3":"status-publish","4":"has-post-thumbnail","6":"product_cat-with-konica-km512i-printhead","8":"first","9":"instock","10":"shipping-taxable","11":"purchasable","12":"product-type-simple"},"yoast_head":"<!-- This site is optimized with the Yoast SEO plugin v26.9 - https:\/\/yoast.com\/product\/yoast-seo-wordpress\/ -->\n<title>AMO Solvent Inkjet Printer AM3208K12i 3.2meters with 8 Konica 512i Printhead - Amo<\/title>\n<meta name=\"robots\" content=\"index, follow, max-snippet:-1, max-image-preview:large, max-video-preview:-1\" \/>\n<link rel=\"canonical\" href=\"https:\/\/superprintpro.com\/fr\/produit\/amo-solvent-inkjet-printer-am3208k12i-3-2meters-with-8-konica-512i-printhead\/\" \/>\n<meta property=\"og:locale\" content=\"fr_FR\" \/>\n<meta property=\"og:type\" content=\"article\" \/>\n<meta property=\"og:title\" content=\"AMO Solvent Inkjet Printer AM3208K12i 3.2meters with 8 Konica 512i Printhead - Amo\" \/>\n<meta property=\"og:description\" content=\"For product details and the latest quotes, please contact our sales manager\" \/>\n<meta property=\"og:url\" content=\"https:\/\/superprintpro.com\/fr\/produit\/amo-solvent-inkjet-printer-am3208k12i-3-2meters-with-8-konica-512i-printhead\/\" \/>\n<meta property=\"og:site_name\" content=\"Amo\" \/>\n<meta property=\"og:image\" content=\"https:\/\/superprintpro.com\/wp-content\/uploads\/2025\/08\/amo-solvent-inkjet-printer-am3208k12i-32meters-with-8-konica-512i-printhead.jpg\" \/>\n\t<meta property=\"og:image:width\" content=\"828\" \/>\n\t<meta property=\"og:image:height\" content=\"466\" \/>\n\t<meta property=\"og:image:type\" content=\"image\/jpeg\" \/>\n<meta name=\"twitter:card\" content=\"summary_large_image\" \/>\n<meta name=\"twitter:label1\" content=\"Dur\u00e9e de lecture estim\u00e9e\" \/>\n\t<meta name=\"twitter:data1\" content=\"2 minutes\" \/>\n<script type=\"application\/ld+json\" class=\"yoast-schema-graph\">{\"@context\":\"https:\/\/schema.org\",\"@graph\":[{\"@type\":\"WebPage\",\"@id\":\"https:\/\/superprintpro.com\/product\/amo-solvent-inkjet-printer-am3208k12i-3-2meters-with-8-konica-512i-printhead\/\",\"url\":\"https:\/\/superprintpro.com\/product\/amo-solvent-inkjet-printer-am3208k12i-3-2meters-with-8-konica-512i-printhead\/\",\"name\":\"AMO Solvent Inkjet Printer AM3208K12i 3.2meters with 8 Konica 512i Printhead - Amo\",\"isPartOf\":{\"@id\":\"https:\/\/superprintpro.com\/#website\"},\"primaryImageOfPage\":{\"@id\":\"https:\/\/superprintpro.com\/product\/amo-solvent-inkjet-printer-am3208k12i-3-2meters-with-8-konica-512i-printhead\/#primaryimage\"},\"image\":{\"@id\":\"https:\/\/superprintpro.com\/product\/amo-solvent-inkjet-printer-am3208k12i-3-2meters-with-8-konica-512i-printhead\/#primaryimage\"},\"thumbnailUrl\":\"https:\/\/superprintpro.com\/wp-content\/uploads\/2025\/08\/amo-solvent-inkjet-printer-am3208k12i-32meters-with-8-konica-512i-printhead.jpg\",\"datePublished\":\"2025-08-18T03:22:32+00:00\",\"breadcrumb\":{\"@id\":\"https:\/\/superprintpro.com\/product\/amo-solvent-inkjet-printer-am3208k12i-3-2meters-with-8-konica-512i-printhead\/#breadcrumb\"},\"inLanguage\":\"fr-FR\",\"potentialAction\":[{\"@type\":\"ReadAction\",\"target\":[\"https:\/\/superprintpro.com\/product\/amo-solvent-inkjet-printer-am3208k12i-3-2meters-with-8-konica-512i-printhead\/\"]}]},{\"@type\":\"ImageObject\",\"inLanguage\":\"fr-FR\",\"@id\":\"https:\/\/superprintpro.com\/product\/amo-solvent-inkjet-printer-am3208k12i-3-2meters-with-8-konica-512i-printhead\/#primaryimage\",\"url\":\"https:\/\/superprintpro.com\/wp-content\/uploads\/2025\/08\/amo-solvent-inkjet-printer-am3208k12i-32meters-with-8-konica-512i-printhead.jpg\",\"contentUrl\":\"https:\/\/superprintpro.com\/wp-content\/uploads\/2025\/08\/amo-solvent-inkjet-printer-am3208k12i-32meters-with-8-konica-512i-printhead.jpg\",\"width\":828,\"height\":466,\"caption\":\"AMO Solvent Inkjet Printer AM3208K12i 3.2meters with 8 Konica 512i Printhead\"},{\"@type\":\"BreadcrumbList\",\"@id\":\"https:\/\/superprintpro.com\/product\/amo-solvent-inkjet-printer-am3208k12i-3-2meters-with-8-konica-512i-printhead\/#breadcrumb\",\"itemListElement\":[{\"@type\":\"ListItem\",\"position\":1,\"name\":\"\u9996\u9875\",\"item\":\"https:\/\/superprintpro.com\/\"},{\"@type\":\"ListItem\",\"position\":2,\"name\":\"Shop\",\"item\":\"https:\/\/superprintpro.com\/shop\/\"},{\"@type\":\"ListItem\",\"position\":3,\"name\":\"AMO Solvent Inkjet Printer AM3208K12i 3.2meters with 8 Konica 512i Printhead\"}]},{\"@type\":\"WebSite\",\"@id\":\"https:\/\/superprintpro.com\/#website\",\"url\":\"https:\/\/superprintpro.com\/\",\"name\":\"Amo\",\"description\":\"\",\"potentialAction\":[{\"@type\":\"SearchAction\",\"target\":{\"@type\":\"EntryPoint\",\"urlTemplate\":\"https:\/\/superprintpro.com\/?s={search_term_string}\"},\"query-input\":{\"@type\":\"PropertyValueSpecification\",\"valueRequired\":true,\"valueName\":\"search_term_string\"}}],\"inLanguage\":\"fr-FR\"}]}<\/script>\n<!-- \/ Yoast SEO plugin. -->","yoast_head_json":{"title":"AMO Solvent Inkjet Printer AM3208K12i 3.2meters with 8 Konica 512i Printhead - Amo","robots":{"index":"index","follow":"follow","max-snippet":"max-snippet:-1","max-image-preview":"max-image-preview:large","max-video-preview":"max-video-preview:-1"},"canonical":"https:\/\/superprintpro.com\/fr\/produit\/amo-solvent-inkjet-printer-am3208k12i-3-2meters-with-8-konica-512i-printhead\/","og_locale":"fr_FR","og_type":"article","og_title":"AMO Solvent Inkjet Printer AM3208K12i 3.2meters with 8 Konica 512i Printhead - Amo","og_description":"For product details and the latest quotes, please contact our sales manager","og_url":"https:\/\/superprintpro.com\/fr\/produit\/amo-solvent-inkjet-printer-am3208k12i-3-2meters-with-8-konica-512i-printhead\/","og_site_name":"Amo","og_image":[{"width":828,"height":466,"url":"https:\/\/superprintpro.com\/wp-content\/uploads\/2025\/08\/amo-solvent-inkjet-printer-am3208k12i-32meters-with-8-konica-512i-printhead.jpg","type":"image\/jpeg"}],"twitter_card":"summary_large_image","twitter_misc":{"Dur\u00e9e de lecture estim\u00e9e":"2 minutes"},"schema":{"@context":"https:\/\/schema.org","@graph":[{"@type":"WebPage","@id":"https:\/\/superprintpro.com\/product\/amo-solvent-inkjet-printer-am3208k12i-3-2meters-with-8-konica-512i-printhead\/","url":"https:\/\/superprintpro.com\/product\/amo-solvent-inkjet-printer-am3208k12i-3-2meters-with-8-konica-512i-printhead\/","name":"AMO Solvent Inkjet Printer AM3208K12i 3.2meters with 8 Konica 512i Printhead - Amo","isPartOf":{"@id":"https:\/\/superprintpro.com\/#website"},"primaryImageOfPage":{"@id":"https:\/\/superprintpro.com\/product\/amo-solvent-inkjet-printer-am3208k12i-3-2meters-with-8-konica-512i-printhead\/#primaryimage"},"image":{"@id":"https:\/\/superprintpro.com\/product\/amo-solvent-inkjet-printer-am3208k12i-3-2meters-with-8-konica-512i-printhead\/#primaryimage"},"thumbnailUrl":"https:\/\/superprintpro.com\/wp-content\/uploads\/2025\/08\/amo-solvent-inkjet-printer-am3208k12i-32meters-with-8-konica-512i-printhead.jpg","datePublished":"2025-08-18T03:22:32+00:00","breadcrumb":{"@id":"https:\/\/superprintpro.com\/product\/amo-solvent-inkjet-printer-am3208k12i-3-2meters-with-8-konica-512i-printhead\/#breadcrumb"},"inLanguage":"fr-FR","potentialAction":[{"@type":"ReadAction","target":["https:\/\/superprintpro.com\/product\/amo-solvent-inkjet-printer-am3208k12i-3-2meters-with-8-konica-512i-printhead\/"]}]},{"@type":"ImageObject","inLanguage":"fr-FR","@id":"https:\/\/superprintpro.com\/product\/amo-solvent-inkjet-printer-am3208k12i-3-2meters-with-8-konica-512i-printhead\/#primaryimage","url":"https:\/\/superprintpro.com\/wp-content\/uploads\/2025\/08\/amo-solvent-inkjet-printer-am3208k12i-32meters-with-8-konica-512i-printhead.jpg","contentUrl":"https:\/\/superprintpro.com\/wp-content\/uploads\/2025\/08\/amo-solvent-inkjet-printer-am3208k12i-32meters-with-8-konica-512i-printhead.jpg","width":828,"height":466,"caption":"AMO Solvent Inkjet Printer AM3208K12i 3.2meters with 8 Konica 512i Printhead"},{"@type":"BreadcrumbList","@id":"https:\/\/superprintpro.com\/product\/amo-solvent-inkjet-printer-am3208k12i-3-2meters-with-8-konica-512i-printhead\/#breadcrumb","itemListElement":[{"@type":"ListItem","position":1,"name":"\u9996\u9875","item":"https:\/\/superprintpro.com\/"},{"@type":"ListItem","position":2,"name":"Shop","item":"https:\/\/superprintpro.com\/shop\/"},{"@type":"ListItem","position":3,"name":"AMO Solvent Inkjet Printer AM3208K12i 3.2meters with 8 Konica 512i Printhead"}]},{"@type":"WebSite","@id":"https:\/\/superprintpro.com\/#website","url":"https:\/\/superprintpro.com\/","name":"Amo","description":"","potentialAction":[{"@type":"SearchAction","target":{"@type":"EntryPoint","urlTemplate":"https:\/\/superprintpro.com\/?s={search_term_string}"},"query-input":{"@type":"PropertyValueSpecification","valueRequired":true,"valueName":"search_term_string"}}],"inLanguage":"fr-FR"}]}},"_links":{"self":[{"href":"https:\/\/superprintpro.com\/fr\/wp-json\/wp\/v2\/product\/30133","targetHints":{"allow":["GET"]}}],"collection":[{"href":"https:\/\/superprintpro.com\/fr\/wp-json\/wp\/v2\/product"}],"about":[{"href":"https:\/\/superprintpro.com\/fr\/wp-json\/wp\/v2\/types\/product"}],"replies":[{"embeddable":true,"href":"https:\/\/superprintpro.com\/fr\/wp-json\/wp\/v2\/comments?post=30133"}],"version-history":[{"count":1,"href":"https:\/\/superprintpro.com\/fr\/wp-json\/wp\/v2\/product\/30133\/revisions"}],"predecessor-version":[{"id":30135,"href":"https:\/\/superprintpro.com\/fr\/wp-json\/wp\/v2\/product\/30133\/revisions\/30135"}],"wp:featuredmedia":[{"embeddable":true,"href":"https:\/\/superprintpro.com\/fr\/wp-json\/wp\/v2\/media\/30134"}],"wp:attachment":[{"href":"https:\/\/superprintpro.com\/fr\/wp-json\/wp\/v2\/media?parent=30133"}],"wp:term":[{"taxonomy":"product_brand","embeddable":true,"href":"https:\/\/superprintpro.com\/fr\/wp-json\/wp\/v2\/product_brand?post=30133"},{"taxonomy":"product_cat","embeddable":true,"href":"https:\/\/superprintpro.com\/fr\/wp-json\/wp\/v2\/product_cat?post=30133"},{"taxonomy":"product_tag","embeddable":true,"href":"https:\/\/superprintpro.com\/fr\/wp-json\/wp\/v2\/product_tag?post=30133"}],"curies":[{"name":"wp","href":"https:\/\/api.w.org\/{rel}","templated":true}]}}