{"id":30095,"date":"2025-08-18T09:44:30","date_gmt":"2025-08-18T01:44:30","guid":{"rendered":"https:\/\/superprintpro.com\/?post_type=product&#038;p=30095"},"modified":"2025-08-18T09:44:30","modified_gmt":"2025-08-18T01:44:30","slug":"am1802xp-1-8meter-inkjet-printer-with-2-xp600-print-head-the-economic-version","status":"publish","type":"product","link":"https:\/\/superprintpro.com\/fr\/produit\/am1802xp-1-8meter-inkjet-printer-with-2-xp600-print-head-the-economic-version\/","title":{"rendered":"AM1802XP Imprimante \u00e0 jet d'encre de 1,8 m\u00e8tre avec 2 t\u00eates d'impression XP600 (la version \u00e9conomique)"},"content":{"rendered":"<p>Nom du mod\u00e8le:AM1802XP<\/p>\n<p>Largeur d'impression : 1,8 m\u00e8tre<br \/>\nLargeur maximale du support : 1,8 m\u00e8tre<br \/>\nT\u00eate d'impression\uff1a T\u00eate d'impression Epson XP600<br \/>\nNombre de t\u00eates d'impression\uff1a2 pi\u00e8ces<br \/>\nR\u00e9solution : 360 x 720 ppp<br \/>\nVitesse d'impression : Mode 4 passes 22 m\u00e8tres carr\u00e9s par heure<br \/>\nSupports d'impression : Papier PP, papier photo, vinyle, papier de transfert, papier \u00e0 dos bleu, etc.<br \/>\nCouleur : CMYK<br \/>\nEncre :Encre \u00e9co-solvant, encre de sublimation (ou autre encre \u00e0 base d'eau)<br \/>\nCapacit\u00e9 d'encre : 1 litre par couleur<br \/>\nPort de connexion \u00e0 l'ordinateur : USB\/NET<br \/>\nDistance entre la t\u00eate d'impression et le support : 2 mm \u00e0 3 mm<br \/>\nSyst\u00e8me de localisation d'impression : Syst\u00e8me Raster et Servo<br \/>\nSyst\u00e8me de s\u00e9chage de l'encre : Ventilateur et chauffage<br \/>\nSyst\u00e8me de moteur et d'entra\u00eenement : Combinaison d'un moteur et d'une commande de haute pr\u00e9cision pour le chariot et la marche.<br \/>\nSyst\u00e8me d'impression : Hoson, le leader des syst\u00e8mes d'impression en Chine<br \/>\nStation d'encre : Aluminium haute pr\u00e9cision T\u00eate d'impression Station d'entretien.<br \/>\nLogiciel Rip : Maintop, RIIN, Photoprint<br \/>\nFormat des photos : JPG, TIFF, BMP, PDF<br \/>\nSyst\u00e8me de chauffage : Syst\u00e8me de contr\u00f4le automatique de la temp\u00e9rature.<br \/>\nSyst\u00e8me d'alimentation en m\u00e9dias : Automatique Syst\u00e8me d'enroulement des supports<br \/>\nPoids maximal du support : 90 kg<br \/>\nDemande de puissance : 50\/60HZ 220V AC<br \/>\nTemp\u00e9rature de fonctionnement : 20-25 CESUS<br \/>\nHumidit\u00e9 de fonctionnement : 40-70%<br \/>\nTaille de la machine : L2,980mm X W750mm X H1250mm<br \/>\nPoids net : 210 KGS<br \/>\nTaille de l'emballage : L2,900mm X W600mm X H400mm<br \/>\nPoids brut : 250 KGS<\/p>\n<p>(La machine r\u00e9elle peut \u00eatre l\u00e9g\u00e8rement diff\u00e9rente de l'imprimante pr\u00e9sent\u00e9e dans ce catalogue, en particulier certains d\u00e9tails peuvent \u00eatre diff\u00e9rents).<\/p>","protected":false},"excerpt":{"rendered":"<p>Pour obtenir des d\u00e9tails sur les produits et les derniers devis, veuillez contacter notre responsable des ventes.<\/p>","protected":false},"featured_media":30096,"comment_status":"open","ping_status":"closed","template":"","meta":[],"product_brand":[],"product_cat":[102],"product_tag":[],"class_list":{"0":"post-30095","1":"product","2":"type-product","3":"status-publish","4":"has-post-thumbnail","6":"product_cat-with-xp600-printhead","8":"first","9":"instock","10":"shipping-taxable","11":"product-type-simple"},"yoast_head":"<!-- This site is optimized with the Yoast SEO plugin v26.9 - https:\/\/yoast.com\/product\/yoast-seo-wordpress\/ -->\n<title>AM1802XP 1.8meter Inkjet printer with 2 XP600 Print head (the economic version) - Amo<\/title>\n<meta name=\"robots\" content=\"index, follow, max-snippet:-1, max-image-preview:large, max-video-preview:-1\" \/>\n<link rel=\"canonical\" href=\"https:\/\/superprintpro.com\/fr\/produit\/am1802xp-1-8meter-inkjet-printer-with-2-xp600-print-head-the-economic-version\/\" \/>\n<meta property=\"og:locale\" content=\"fr_FR\" \/>\n<meta property=\"og:type\" content=\"article\" \/>\n<meta property=\"og:title\" content=\"AM1802XP 1.8meter Inkjet printer with 2 XP600 Print head (the economic version) - Amo\" \/>\n<meta property=\"og:description\" content=\"For product details and the latest quotes, please contact our sales manager\" \/>\n<meta property=\"og:url\" content=\"https:\/\/superprintpro.com\/fr\/produit\/am1802xp-1-8meter-inkjet-printer-with-2-xp600-print-head-the-economic-version\/\" \/>\n<meta property=\"og:site_name\" content=\"Amo\" \/>\n<meta property=\"og:image\" content=\"https:\/\/superprintpro.com\/wp-content\/uploads\/2025\/08\/am1802xp-18meter-inkjet-printer-with-2-xp600-print-head-the-economic-version.jpg\" \/>\n\t<meta property=\"og:image:width\" content=\"1188\" \/>\n\t<meta property=\"og:image:height\" content=\"668\" \/>\n\t<meta property=\"og:image:type\" content=\"image\/jpeg\" \/>\n<meta name=\"twitter:card\" content=\"summary_large_image\" \/>\n<meta name=\"twitter:label1\" content=\"Dur\u00e9e de lecture estim\u00e9e\" \/>\n\t<meta name=\"twitter:data1\" content=\"1 minute\" \/>\n<script type=\"application\/ld+json\" class=\"yoast-schema-graph\">{\"@context\":\"https:\/\/schema.org\",\"@graph\":[{\"@type\":\"WebPage\",\"@id\":\"https:\/\/superprintpro.com\/product\/am1802xp-1-8meter-inkjet-printer-with-2-xp600-print-head-the-economic-version\/\",\"url\":\"https:\/\/superprintpro.com\/product\/am1802xp-1-8meter-inkjet-printer-with-2-xp600-print-head-the-economic-version\/\",\"name\":\"AM1802XP 1.8meter Inkjet printer with 2 XP600 Print head (the economic version) - Amo\",\"isPartOf\":{\"@id\":\"https:\/\/superprintpro.com\/#website\"},\"primaryImageOfPage\":{\"@id\":\"https:\/\/superprintpro.com\/product\/am1802xp-1-8meter-inkjet-printer-with-2-xp600-print-head-the-economic-version\/#primaryimage\"},\"image\":{\"@id\":\"https:\/\/superprintpro.com\/product\/am1802xp-1-8meter-inkjet-printer-with-2-xp600-print-head-the-economic-version\/#primaryimage\"},\"thumbnailUrl\":\"https:\/\/superprintpro.com\/wp-content\/uploads\/2025\/08\/am1802xp-18meter-inkjet-printer-with-2-xp600-print-head-the-economic-version.jpg\",\"datePublished\":\"2025-08-18T01:44:30+00:00\",\"breadcrumb\":{\"@id\":\"https:\/\/superprintpro.com\/product\/am1802xp-1-8meter-inkjet-printer-with-2-xp600-print-head-the-economic-version\/#breadcrumb\"},\"inLanguage\":\"fr-FR\",\"potentialAction\":[{\"@type\":\"ReadAction\",\"target\":[\"https:\/\/superprintpro.com\/product\/am1802xp-1-8meter-inkjet-printer-with-2-xp600-print-head-the-economic-version\/\"]}]},{\"@type\":\"ImageObject\",\"inLanguage\":\"fr-FR\",\"@id\":\"https:\/\/superprintpro.com\/product\/am1802xp-1-8meter-inkjet-printer-with-2-xp600-print-head-the-economic-version\/#primaryimage\",\"url\":\"https:\/\/superprintpro.com\/wp-content\/uploads\/2025\/08\/am1802xp-18meter-inkjet-printer-with-2-xp600-print-head-the-economic-version.jpg\",\"contentUrl\":\"https:\/\/superprintpro.com\/wp-content\/uploads\/2025\/08\/am1802xp-18meter-inkjet-printer-with-2-xp600-print-head-the-economic-version.jpg\",\"width\":1188,\"height\":668,\"caption\":\"AM1802XP 1.8meter Inkjet printer with 2 XP600 Print head (the economic version)\"},{\"@type\":\"BreadcrumbList\",\"@id\":\"https:\/\/superprintpro.com\/product\/am1802xp-1-8meter-inkjet-printer-with-2-xp600-print-head-the-economic-version\/#breadcrumb\",\"itemListElement\":[{\"@type\":\"ListItem\",\"position\":1,\"name\":\"\u9996\u9875\",\"item\":\"https:\/\/superprintpro.com\/\"},{\"@type\":\"ListItem\",\"position\":2,\"name\":\"Shop\",\"item\":\"https:\/\/superprintpro.com\/shop\/\"},{\"@type\":\"ListItem\",\"position\":3,\"name\":\"AM1802XP 1.8meter Inkjet printer with 2 XP600 Print head (the economic version)\"}]},{\"@type\":\"WebSite\",\"@id\":\"https:\/\/superprintpro.com\/#website\",\"url\":\"https:\/\/superprintpro.com\/\",\"name\":\"Amo\",\"description\":\"\",\"potentialAction\":[{\"@type\":\"SearchAction\",\"target\":{\"@type\":\"EntryPoint\",\"urlTemplate\":\"https:\/\/superprintpro.com\/?s={search_term_string}\"},\"query-input\":{\"@type\":\"PropertyValueSpecification\",\"valueRequired\":true,\"valueName\":\"search_term_string\"}}],\"inLanguage\":\"fr-FR\"}]}<\/script>\n<!-- \/ Yoast SEO plugin. -->","yoast_head_json":{"title":"AM1802XP 1.8meter Inkjet printer with 2 XP600 Print head (the economic version) - Amo","robots":{"index":"index","follow":"follow","max-snippet":"max-snippet:-1","max-image-preview":"max-image-preview:large","max-video-preview":"max-video-preview:-1"},"canonical":"https:\/\/superprintpro.com\/fr\/produit\/am1802xp-1-8meter-inkjet-printer-with-2-xp600-print-head-the-economic-version\/","og_locale":"fr_FR","og_type":"article","og_title":"AM1802XP 1.8meter Inkjet printer with 2 XP600 Print head (the economic version) - Amo","og_description":"For product details and the latest quotes, please contact our sales manager","og_url":"https:\/\/superprintpro.com\/fr\/produit\/am1802xp-1-8meter-inkjet-printer-with-2-xp600-print-head-the-economic-version\/","og_site_name":"Amo","og_image":[{"width":1188,"height":668,"url":"https:\/\/superprintpro.com\/wp-content\/uploads\/2025\/08\/am1802xp-18meter-inkjet-printer-with-2-xp600-print-head-the-economic-version.jpg","type":"image\/jpeg"}],"twitter_card":"summary_large_image","twitter_misc":{"Dur\u00e9e de lecture estim\u00e9e":"1 minute"},"schema":{"@context":"https:\/\/schema.org","@graph":[{"@type":"WebPage","@id":"https:\/\/superprintpro.com\/product\/am1802xp-1-8meter-inkjet-printer-with-2-xp600-print-head-the-economic-version\/","url":"https:\/\/superprintpro.com\/product\/am1802xp-1-8meter-inkjet-printer-with-2-xp600-print-head-the-economic-version\/","name":"AM1802XP 1.8meter Inkjet printer with 2 XP600 Print head (the economic version) - Amo","isPartOf":{"@id":"https:\/\/superprintpro.com\/#website"},"primaryImageOfPage":{"@id":"https:\/\/superprintpro.com\/product\/am1802xp-1-8meter-inkjet-printer-with-2-xp600-print-head-the-economic-version\/#primaryimage"},"image":{"@id":"https:\/\/superprintpro.com\/product\/am1802xp-1-8meter-inkjet-printer-with-2-xp600-print-head-the-economic-version\/#primaryimage"},"thumbnailUrl":"https:\/\/superprintpro.com\/wp-content\/uploads\/2025\/08\/am1802xp-18meter-inkjet-printer-with-2-xp600-print-head-the-economic-version.jpg","datePublished":"2025-08-18T01:44:30+00:00","breadcrumb":{"@id":"https:\/\/superprintpro.com\/product\/am1802xp-1-8meter-inkjet-printer-with-2-xp600-print-head-the-economic-version\/#breadcrumb"},"inLanguage":"fr-FR","potentialAction":[{"@type":"ReadAction","target":["https:\/\/superprintpro.com\/product\/am1802xp-1-8meter-inkjet-printer-with-2-xp600-print-head-the-economic-version\/"]}]},{"@type":"ImageObject","inLanguage":"fr-FR","@id":"https:\/\/superprintpro.com\/product\/am1802xp-1-8meter-inkjet-printer-with-2-xp600-print-head-the-economic-version\/#primaryimage","url":"https:\/\/superprintpro.com\/wp-content\/uploads\/2025\/08\/am1802xp-18meter-inkjet-printer-with-2-xp600-print-head-the-economic-version.jpg","contentUrl":"https:\/\/superprintpro.com\/wp-content\/uploads\/2025\/08\/am1802xp-18meter-inkjet-printer-with-2-xp600-print-head-the-economic-version.jpg","width":1188,"height":668,"caption":"AM1802XP 1.8meter Inkjet printer with 2 XP600 Print head (the economic version)"},{"@type":"BreadcrumbList","@id":"https:\/\/superprintpro.com\/product\/am1802xp-1-8meter-inkjet-printer-with-2-xp600-print-head-the-economic-version\/#breadcrumb","itemListElement":[{"@type":"ListItem","position":1,"name":"\u9996\u9875","item":"https:\/\/superprintpro.com\/"},{"@type":"ListItem","position":2,"name":"Shop","item":"https:\/\/superprintpro.com\/shop\/"},{"@type":"ListItem","position":3,"name":"AM1802XP 1.8meter Inkjet printer with 2 XP600 Print head (the economic version)"}]},{"@type":"WebSite","@id":"https:\/\/superprintpro.com\/#website","url":"https:\/\/superprintpro.com\/","name":"Amo","description":"","potentialAction":[{"@type":"SearchAction","target":{"@type":"EntryPoint","urlTemplate":"https:\/\/superprintpro.com\/?s={search_term_string}"},"query-input":{"@type":"PropertyValueSpecification","valueRequired":true,"valueName":"search_term_string"}}],"inLanguage":"fr-FR"}]}},"_links":{"self":[{"href":"https:\/\/superprintpro.com\/fr\/wp-json\/wp\/v2\/product\/30095","targetHints":{"allow":["GET"]}}],"collection":[{"href":"https:\/\/superprintpro.com\/fr\/wp-json\/wp\/v2\/product"}],"about":[{"href":"https:\/\/superprintpro.com\/fr\/wp-json\/wp\/v2\/types\/product"}],"replies":[{"embeddable":true,"href":"https:\/\/superprintpro.com\/fr\/wp-json\/wp\/v2\/comments?post=30095"}],"version-history":[{"count":1,"href":"https:\/\/superprintpro.com\/fr\/wp-json\/wp\/v2\/product\/30095\/revisions"}],"predecessor-version":[{"id":30097,"href":"https:\/\/superprintpro.com\/fr\/wp-json\/wp\/v2\/product\/30095\/revisions\/30097"}],"wp:featuredmedia":[{"embeddable":true,"href":"https:\/\/superprintpro.com\/fr\/wp-json\/wp\/v2\/media\/30096"}],"wp:attachment":[{"href":"https:\/\/superprintpro.com\/fr\/wp-json\/wp\/v2\/media?parent=30095"}],"wp:term":[{"taxonomy":"product_brand","embeddable":true,"href":"https:\/\/superprintpro.com\/fr\/wp-json\/wp\/v2\/product_brand?post=30095"},{"taxonomy":"product_cat","embeddable":true,"href":"https:\/\/superprintpro.com\/fr\/wp-json\/wp\/v2\/product_cat?post=30095"},{"taxonomy":"product_tag","embeddable":true,"href":"https:\/\/superprintpro.com\/fr\/wp-json\/wp\/v2\/product_tag?post=30095"}],"curies":[{"name":"wp","href":"https:\/\/api.w.org\/{rel}","templated":true}]}}