{"id":30083,"date":"2025-08-18T09:21:35","date_gmt":"2025-08-18T01:21:35","guid":{"rendered":"https:\/\/superprintpro.com\/?post_type=product&#038;p=30083"},"modified":"2025-08-18T09:26:04","modified_gmt":"2025-08-18T01:26:04","slug":"amo-uv-dtf-inkjet-printer-am604i16-uvdtf-with-4-heads-i1600","status":"publish","type":"product","link":"https:\/\/superprintpro.com\/fr\/produit\/amo-uv-dtf-inkjet-printer-am604i16-uvdtf-with-4-heads-i1600\/","title":{"rendered":"Imprimante jet d'encre AMO UV-DTF AM604i16-UVDTF avec 4 t\u00eates i1600"},"content":{"rendered":"<p>Imprimante \u00e0 jet d'encre AMO UV-DTF Nom du mod\u00e8le AM604i16-UVDTF<br \/>\nL'imprimante UV-DTF peut imprimer avec de l'encre UV sur le film autocollant A qui est enduit de colle. Au cours du processus d'impression, ce film A est lamin\u00e9 avec un film B, qui est le film de transfert. Enfin, ce film de transfert B peut transf\u00e9rer l'image sur n'importe quelle surface dure directement sans processus de chauffage. Ce processus est assez rapide, facile et simple, ce qui le rend si populaire dans le secteur des enseignes et de la publicit\u00e9. Il peut \u00eatre appliqu\u00e9 sur presque toutes les surfaces dures et lisses, comme les bouteilles en verre, les gobelets, les mat\u00e9riaux acryliques, les mat\u00e9riaux c\u00e9ramiques, le plastique, le papier, le bois, la pierre, etc., toutes les surfaces lisses, qu'elles soient plates ou rondes, peuvent \u00eatre utilis\u00e9es pour le transfert rapide de l'image sans processus de transfert thermique. L'image de l'UV-DTF est tr\u00e8s claire et durable.  Il permettra \u00e0 votre entreprise de signalisation de se d\u00e9velopper rapidement dans les domaines o\u00f9 vos clients ont besoin d'\u00eatre pr\u00e9sents.<\/p>\n<p>Param\u00e8tres de la machine<\/p>\n<p>Informations sur les t\u00eates : I1600-U1 4H (4 t\u00eates I1600 UV Version)<br \/>\nLargeur d'impression : 650 mm (la largeur d'impression peut atteindre un maximum de 700 mm si le guide de glissement du papier n'est pas install\u00e9).<br \/>\nSyst\u00e8me de circuits imprim\u00e9s : Hoson<br \/>\nMode de connexion : Connexion Internet Gigabit<br \/>\nConfiguration de l'encre :<br \/>\nClassique : W+C+V (4 couleurs : blanc+couleurs+vernis)<br \/>\nVitesse d'impression :<br \/>\n4pass 6 m\u00b2\/h<br \/>\n6pass 4 \u33a1\u00b2\/h<br \/>\n8pass 2 m\u00b2\/h<br \/>\nType de m\u00e9dia :<br \/>\nFilm de transfert A et B<br \/>\nCaract\u00e9ristiques de l'\u00e9quipement :<br \/>\nDispositif anti-chocs<br \/>\nBo\u00eetier de refroidissement \u00e0 eau du syst\u00e8me de s\u00e9chage UV + lampe UV LED<br \/>\nRouleau en caoutchouc chauffant + barre de pression pneumatique r\u00e9glable<br \/>\nSyst\u00e8me d'alimentation et de d\u00e9chargement automatique<br \/>\nInformations sur l'imprimante :<br \/>\nTension de fonctionnement : AC220V 50\/60HZ<br \/>\nPuissance : 2500W<br \/>\nl'environnement de travail :<br \/>\nTemp\u00e9rature normale de fonctionnement : 22-28\u2103humidit\u00e9:40%-60%<br \/>\nDimensions de la machine L1780MM L900MM H1320MM<br \/>\nDimensions de l'emballage2300MM(L)880MM(W)960MM(H)<\/p>","protected":false},"excerpt":{"rendered":"<p>Pour obtenir des d\u00e9tails sur les produits et les derniers devis, veuillez contacter notre responsable des ventes.<\/p>","protected":false},"featured_media":30084,"comment_status":"open","ping_status":"closed","template":"","meta":[],"product_brand":[],"product_cat":[123],"product_tag":[],"class_list":{"0":"post-30083","1":"product","2":"type-product","3":"status-publish","4":"has-post-thumbnail","6":"product_cat-uv-dtf-printer","8":"first","9":"instock","10":"shipping-taxable","11":"purchasable","12":"product-type-simple"},"yoast_head":"<!-- This site is optimized with the Yoast SEO plugin v26.9 - https:\/\/yoast.com\/product\/yoast-seo-wordpress\/ -->\n<title>AMO UV-DTF Inkjet Printer AM604i16-UVDTF with 4 heads i1600 - Amo<\/title>\n<meta name=\"robots\" content=\"index, follow, max-snippet:-1, max-image-preview:large, max-video-preview:-1\" \/>\n<link rel=\"canonical\" href=\"https:\/\/superprintpro.com\/fr\/produit\/amo-uv-dtf-inkjet-printer-am604i16-uvdtf-with-4-heads-i1600\/\" \/>\n<meta property=\"og:locale\" content=\"fr_FR\" \/>\n<meta property=\"og:type\" content=\"article\" \/>\n<meta property=\"og:title\" content=\"AMO UV-DTF Inkjet Printer AM604i16-UVDTF with 4 heads i1600 - Amo\" \/>\n<meta property=\"og:description\" content=\"For product details and the latest quotes, please contact our sales manager\" \/>\n<meta property=\"og:url\" content=\"https:\/\/superprintpro.com\/fr\/produit\/amo-uv-dtf-inkjet-printer-am604i16-uvdtf-with-4-heads-i1600\/\" \/>\n<meta property=\"og:site_name\" content=\"Amo\" \/>\n<meta property=\"article:modified_time\" content=\"2025-08-18T01:26:04+00:00\" \/>\n<meta property=\"og:image\" content=\"https:\/\/superprintpro.com\/wp-content\/uploads\/2025\/08\/amo-uv-dtf-inkjet-printer-am604i16-uvdtf-with-4-heads-i1600.jpg\" \/>\n\t<meta property=\"og:image:width\" content=\"500\" \/>\n\t<meta property=\"og:image:height\" content=\"281\" \/>\n\t<meta property=\"og:image:type\" content=\"image\/jpeg\" \/>\n<meta name=\"twitter:card\" content=\"summary_large_image\" \/>\n<meta name=\"twitter:label1\" content=\"Dur\u00e9e de lecture estim\u00e9e\" \/>\n\t<meta name=\"twitter:data1\" content=\"1 minute\" \/>\n<script type=\"application\/ld+json\" class=\"yoast-schema-graph\">{\"@context\":\"https:\/\/schema.org\",\"@graph\":[{\"@type\":\"WebPage\",\"@id\":\"https:\/\/superprintpro.com\/product\/amo-uv-dtf-inkjet-printer-am604i16-uvdtf-with-4-heads-i1600\/\",\"url\":\"https:\/\/superprintpro.com\/product\/amo-uv-dtf-inkjet-printer-am604i16-uvdtf-with-4-heads-i1600\/\",\"name\":\"AMO UV-DTF Inkjet Printer AM604i16-UVDTF with 4 heads i1600 - Amo\",\"isPartOf\":{\"@id\":\"https:\/\/superprintpro.com\/#website\"},\"primaryImageOfPage\":{\"@id\":\"https:\/\/superprintpro.com\/product\/amo-uv-dtf-inkjet-printer-am604i16-uvdtf-with-4-heads-i1600\/#primaryimage\"},\"image\":{\"@id\":\"https:\/\/superprintpro.com\/product\/amo-uv-dtf-inkjet-printer-am604i16-uvdtf-with-4-heads-i1600\/#primaryimage\"},\"thumbnailUrl\":\"https:\/\/superprintpro.com\/wp-content\/uploads\/2025\/08\/amo-uv-dtf-inkjet-printer-am604i16-uvdtf-with-4-heads-i1600.jpg\",\"datePublished\":\"2025-08-18T01:21:35+00:00\",\"dateModified\":\"2025-08-18T01:26:04+00:00\",\"breadcrumb\":{\"@id\":\"https:\/\/superprintpro.com\/product\/amo-uv-dtf-inkjet-printer-am604i16-uvdtf-with-4-heads-i1600\/#breadcrumb\"},\"inLanguage\":\"fr-FR\",\"potentialAction\":[{\"@type\":\"ReadAction\",\"target\":[\"https:\/\/superprintpro.com\/product\/amo-uv-dtf-inkjet-printer-am604i16-uvdtf-with-4-heads-i1600\/\"]}]},{\"@type\":\"ImageObject\",\"inLanguage\":\"fr-FR\",\"@id\":\"https:\/\/superprintpro.com\/product\/amo-uv-dtf-inkjet-printer-am604i16-uvdtf-with-4-heads-i1600\/#primaryimage\",\"url\":\"https:\/\/superprintpro.com\/wp-content\/uploads\/2025\/08\/amo-uv-dtf-inkjet-printer-am604i16-uvdtf-with-4-heads-i1600.jpg\",\"contentUrl\":\"https:\/\/superprintpro.com\/wp-content\/uploads\/2025\/08\/amo-uv-dtf-inkjet-printer-am604i16-uvdtf-with-4-heads-i1600.jpg\",\"width\":500,\"height\":281,\"caption\":\"AMO UV-DTF Inkjet Printer AM604i16-UVDTF with 4 heads i1600\"},{\"@type\":\"BreadcrumbList\",\"@id\":\"https:\/\/superprintpro.com\/product\/amo-uv-dtf-inkjet-printer-am604i16-uvdtf-with-4-heads-i1600\/#breadcrumb\",\"itemListElement\":[{\"@type\":\"ListItem\",\"position\":1,\"name\":\"\u9996\u9875\",\"item\":\"https:\/\/superprintpro.com\/\"},{\"@type\":\"ListItem\",\"position\":2,\"name\":\"Shop\",\"item\":\"https:\/\/superprintpro.com\/shop\/\"},{\"@type\":\"ListItem\",\"position\":3,\"name\":\"AMO UV-DTF Inkjet Printer AM604i16-UVDTF with 4 heads i1600\"}]},{\"@type\":\"WebSite\",\"@id\":\"https:\/\/superprintpro.com\/#website\",\"url\":\"https:\/\/superprintpro.com\/\",\"name\":\"Amo\",\"description\":\"\",\"potentialAction\":[{\"@type\":\"SearchAction\",\"target\":{\"@type\":\"EntryPoint\",\"urlTemplate\":\"https:\/\/superprintpro.com\/?s={search_term_string}\"},\"query-input\":{\"@type\":\"PropertyValueSpecification\",\"valueRequired\":true,\"valueName\":\"search_term_string\"}}],\"inLanguage\":\"fr-FR\"}]}<\/script>\n<!-- \/ Yoast SEO plugin. -->","yoast_head_json":{"title":"AMO UV-DTF Inkjet Printer AM604i16-UVDTF with 4 heads i1600 - Amo","robots":{"index":"index","follow":"follow","max-snippet":"max-snippet:-1","max-image-preview":"max-image-preview:large","max-video-preview":"max-video-preview:-1"},"canonical":"https:\/\/superprintpro.com\/fr\/produit\/amo-uv-dtf-inkjet-printer-am604i16-uvdtf-with-4-heads-i1600\/","og_locale":"fr_FR","og_type":"article","og_title":"AMO UV-DTF Inkjet Printer AM604i16-UVDTF with 4 heads i1600 - Amo","og_description":"For product details and the latest quotes, please contact our sales manager","og_url":"https:\/\/superprintpro.com\/fr\/produit\/amo-uv-dtf-inkjet-printer-am604i16-uvdtf-with-4-heads-i1600\/","og_site_name":"Amo","article_modified_time":"2025-08-18T01:26:04+00:00","og_image":[{"width":500,"height":281,"url":"https:\/\/superprintpro.com\/wp-content\/uploads\/2025\/08\/amo-uv-dtf-inkjet-printer-am604i16-uvdtf-with-4-heads-i1600.jpg","type":"image\/jpeg"}],"twitter_card":"summary_large_image","twitter_misc":{"Dur\u00e9e de lecture estim\u00e9e":"1 minute"},"schema":{"@context":"https:\/\/schema.org","@graph":[{"@type":"WebPage","@id":"https:\/\/superprintpro.com\/product\/amo-uv-dtf-inkjet-printer-am604i16-uvdtf-with-4-heads-i1600\/","url":"https:\/\/superprintpro.com\/product\/amo-uv-dtf-inkjet-printer-am604i16-uvdtf-with-4-heads-i1600\/","name":"AMO UV-DTF Inkjet Printer AM604i16-UVDTF with 4 heads i1600 - Amo","isPartOf":{"@id":"https:\/\/superprintpro.com\/#website"},"primaryImageOfPage":{"@id":"https:\/\/superprintpro.com\/product\/amo-uv-dtf-inkjet-printer-am604i16-uvdtf-with-4-heads-i1600\/#primaryimage"},"image":{"@id":"https:\/\/superprintpro.com\/product\/amo-uv-dtf-inkjet-printer-am604i16-uvdtf-with-4-heads-i1600\/#primaryimage"},"thumbnailUrl":"https:\/\/superprintpro.com\/wp-content\/uploads\/2025\/08\/amo-uv-dtf-inkjet-printer-am604i16-uvdtf-with-4-heads-i1600.jpg","datePublished":"2025-08-18T01:21:35+00:00","dateModified":"2025-08-18T01:26:04+00:00","breadcrumb":{"@id":"https:\/\/superprintpro.com\/product\/amo-uv-dtf-inkjet-printer-am604i16-uvdtf-with-4-heads-i1600\/#breadcrumb"},"inLanguage":"fr-FR","potentialAction":[{"@type":"ReadAction","target":["https:\/\/superprintpro.com\/product\/amo-uv-dtf-inkjet-printer-am604i16-uvdtf-with-4-heads-i1600\/"]}]},{"@type":"ImageObject","inLanguage":"fr-FR","@id":"https:\/\/superprintpro.com\/product\/amo-uv-dtf-inkjet-printer-am604i16-uvdtf-with-4-heads-i1600\/#primaryimage","url":"https:\/\/superprintpro.com\/wp-content\/uploads\/2025\/08\/amo-uv-dtf-inkjet-printer-am604i16-uvdtf-with-4-heads-i1600.jpg","contentUrl":"https:\/\/superprintpro.com\/wp-content\/uploads\/2025\/08\/amo-uv-dtf-inkjet-printer-am604i16-uvdtf-with-4-heads-i1600.jpg","width":500,"height":281,"caption":"AMO UV-DTF Inkjet Printer AM604i16-UVDTF with 4 heads i1600"},{"@type":"BreadcrumbList","@id":"https:\/\/superprintpro.com\/product\/amo-uv-dtf-inkjet-printer-am604i16-uvdtf-with-4-heads-i1600\/#breadcrumb","itemListElement":[{"@type":"ListItem","position":1,"name":"\u9996\u9875","item":"https:\/\/superprintpro.com\/"},{"@type":"ListItem","position":2,"name":"Shop","item":"https:\/\/superprintpro.com\/shop\/"},{"@type":"ListItem","position":3,"name":"AMO UV-DTF Inkjet Printer AM604i16-UVDTF with 4 heads i1600"}]},{"@type":"WebSite","@id":"https:\/\/superprintpro.com\/#website","url":"https:\/\/superprintpro.com\/","name":"Amo","description":"","potentialAction":[{"@type":"SearchAction","target":{"@type":"EntryPoint","urlTemplate":"https:\/\/superprintpro.com\/?s={search_term_string}"},"query-input":{"@type":"PropertyValueSpecification","valueRequired":true,"valueName":"search_term_string"}}],"inLanguage":"fr-FR"}]}},"_links":{"self":[{"href":"https:\/\/superprintpro.com\/fr\/wp-json\/wp\/v2\/product\/30083","targetHints":{"allow":["GET"]}}],"collection":[{"href":"https:\/\/superprintpro.com\/fr\/wp-json\/wp\/v2\/product"}],"about":[{"href":"https:\/\/superprintpro.com\/fr\/wp-json\/wp\/v2\/types\/product"}],"replies":[{"embeddable":true,"href":"https:\/\/superprintpro.com\/fr\/wp-json\/wp\/v2\/comments?post=30083"}],"version-history":[{"count":1,"href":"https:\/\/superprintpro.com\/fr\/wp-json\/wp\/v2\/product\/30083\/revisions"}],"predecessor-version":[{"id":30085,"href":"https:\/\/superprintpro.com\/fr\/wp-json\/wp\/v2\/product\/30083\/revisions\/30085"}],"wp:featuredmedia":[{"embeddable":true,"href":"https:\/\/superprintpro.com\/fr\/wp-json\/wp\/v2\/media\/30084"}],"wp:attachment":[{"href":"https:\/\/superprintpro.com\/fr\/wp-json\/wp\/v2\/media?parent=30083"}],"wp:term":[{"taxonomy":"product_brand","embeddable":true,"href":"https:\/\/superprintpro.com\/fr\/wp-json\/wp\/v2\/product_brand?post=30083"},{"taxonomy":"product_cat","embeddable":true,"href":"https:\/\/superprintpro.com\/fr\/wp-json\/wp\/v2\/product_cat?post=30083"},{"taxonomy":"product_tag","embeddable":true,"href":"https:\/\/superprintpro.com\/fr\/wp-json\/wp\/v2\/product_tag?post=30083"}],"curies":[{"name":"wp","href":"https:\/\/api.w.org\/{rel}","templated":true}]}}