{"id":30068,"date":"2025-08-17T20:05:19","date_gmt":"2025-08-17T12:05:19","guid":{"rendered":"https:\/\/superprintpro.com\/?post_type=product&#038;p=30068"},"modified":"2025-08-17T20:05:19","modified_gmt":"2025-08-17T12:05:19","slug":"amo-a3-size-uv-dtf-amo-3003-with-3-pieces-of-xp600-printheads","status":"publish","type":"product","link":"https:\/\/superprintpro.com\/fr\/produit\/amo-a3-size-uv-dtf-amo-3003-with-3-pieces-of-xp600-printheads\/","title":{"rendered":"AMO A3 UV DTF AMO 3003 avec 3 t\u00eates d'impression XP600"},"content":{"rendered":"<p>AMO A3 UV DTF AMO 3003 avec 3 t\u00eates d'impression XP600<\/p>\n<p>Largeur d'impression : 300 mm<\/p>\n<p>Sp\u00e9cification :<br \/>\nCasques d'\u00e9coute : Epson XP600<br \/>\nQuantit\u00e9 de t\u00eates : 3 pi\u00e8ces<br \/>\nMod\u00e8le de haute qualit\u00e9 : 1,4 m\u00e8tre carr\u00e9\/heure<br \/>\nMode de production rapide : 3 m\u00e8tres carr\u00e9s\/heure<br \/>\nLargeur d'alimentation : 300 mm<br \/>\nTransmission des m\u00e9dias:R\u00e9sistance Syst\u00e8me de placement bilat\u00e9ral r\u00e9glable du papier<br \/>\nCouleur:Six couleurs (c\/M\/y\/K\/V\/w)<br \/>\nType d'encre :Encre ultraviolette sp\u00e9ciale pour \u00e9tiquettes en verre<br \/>\nInterface de communication :Port r\u00e9seau<br \/>\nLangue d'utilisation :chinois \/ anglais<br \/>\nLogiciel d'impression :Maintop6.1 \/ photoprint (en option)<br \/>\nSyst\u00e8me d'exploitation :Win10\/Win7<br \/>\nSupport d'impression :Film A\/B<\/p>\n<p>Nettoyage de la t\u00eate : Syst\u00e8me de nettoyage automatique de la batterie d'encre<\/p>\n<p>Configuration :<\/p>\n<p>Servomoteur de haute qualit\u00e9 Course de l'axe X<br \/>\nArbre moteur \u00e0 grand couple de haute qualit\u00e9 chuchen et + r\u00e9ducteur de haute pr\u00e9cision<br \/>\nSyst\u00e8me de d\u00e9connexion r\u00e9glable en fonction de la r\u00e9sistance bilat\u00e9rale<br \/>\nHiwin Silent High Speed Linear Guide<br \/>\nSyst\u00e8me de m\u00e9lange automatique pour l'encre blanche. R\u00e9glage de la solidification de l'encre : Lampe ultraviolette haute puissance refroidie par air<br \/>\nLe chemin de l'encre augmente le filtre, le syst\u00e8me de filtration de haute qualit\u00e9<br \/>\nSyst\u00e8me de levage automatique de rouleaux de caoutchouc<br \/>\nFilm de collecte des d\u00e9chets : la barre oscillante presse le film de collecte des d\u00e9chets Smart Energy<br \/>\nR\u00e9glage de l'alarme de manque d'encre : syst\u00e8me d'alarme automatique de manque d'encre<br \/>\nConfiguration de l'enduction du papier : rouleau de haute pr\u00e9cision, rouleau de contr\u00f4le de la temp\u00e9rature, chauffage intelligent.<br \/>\nAlarme de manque de papier : \u00e9quip\u00e9e d'une fonction d'induction d'alarme de manque de papier<br \/>\nType d'encre : Encre ultraviolette sp\u00e9ciale respectueuse de l'environnement, belles couleurs et grande durabilit\u00e9<br \/>\nContr\u00f4le des couleurs : Contr\u00f4le des couleurs selon la norme internationale ICC, courbes et densit\u00e9 r\u00e9glables par l'utilisateur et autres fonctions.Environnement de travail:15 - 30\u00b0C\/40% - 60%<br \/>\nPuissance de l'\u00e9quipement : 1200w<br \/>\nPoids de l'emballage : 100 kg<br \/>\nDimensions de l'ensemble de la machine : 1525*725*755mm (dimensions de l'emballage) 1200*500*1166mm (dimensions de l'\u00e9quipement)<br \/>\nConfiguration informatique recommand\u00e9e :<br \/>\nSyst\u00e8me d'exploitation Win7\/win10 Carte r\u00e9seau Gigabit Carte graphique autonome 8g - M\u00e9moire 500g Disque dur tnel(r)CORE(tm)i5\/i7cpu<\/p>","protected":false},"excerpt":{"rendered":"<p>Pour obtenir des d\u00e9tails sur les produits et les derniers devis, veuillez contacter notre responsable des ventes.<\/p>","protected":false},"featured_media":30069,"comment_status":"open","ping_status":"closed","template":"","meta":[],"product_brand":[],"product_cat":[123],"product_tag":[],"class_list":{"0":"post-30068","1":"product","2":"type-product","3":"status-publish","4":"has-post-thumbnail","6":"product_cat-uv-dtf-printer","8":"first","9":"instock","10":"shipping-taxable","11":"purchasable","12":"product-type-simple"},"yoast_head":"<!-- This site is optimized with the Yoast SEO plugin v26.9 - https:\/\/yoast.com\/product\/yoast-seo-wordpress\/ -->\n<title>AMO A3 Size UV DTF AMO 3003 with 3 pieces of XP600 Printheads - Amo<\/title>\n<meta name=\"robots\" content=\"index, follow, max-snippet:-1, max-image-preview:large, max-video-preview:-1\" \/>\n<link rel=\"canonical\" href=\"https:\/\/superprintpro.com\/fr\/produit\/amo-a3-size-uv-dtf-amo-3003-with-3-pieces-of-xp600-printheads\/\" \/>\n<meta property=\"og:locale\" content=\"fr_FR\" \/>\n<meta property=\"og:type\" content=\"article\" \/>\n<meta property=\"og:title\" content=\"AMO A3 Size UV DTF AMO 3003 with 3 pieces of XP600 Printheads - Amo\" \/>\n<meta property=\"og:description\" content=\"For product details and the latest quotes, please contact our sales manager\" \/>\n<meta property=\"og:url\" content=\"https:\/\/superprintpro.com\/fr\/produit\/amo-a3-size-uv-dtf-amo-3003-with-3-pieces-of-xp600-printheads\/\" \/>\n<meta property=\"og:site_name\" content=\"Amo\" \/>\n<meta property=\"og:image\" content=\"https:\/\/superprintpro.com\/wp-content\/uploads\/2025\/08\/amo-a3-size-uv-dtf-printer-amo-3003-with-3-pieces-of-xp600-printheads.jpg\" \/>\n\t<meta property=\"og:image:width\" content=\"553\" \/>\n\t<meta property=\"og:image:height\" content=\"311\" \/>\n\t<meta property=\"og:image:type\" content=\"image\/jpeg\" \/>\n<meta name=\"twitter:card\" content=\"summary_large_image\" \/>\n<meta name=\"twitter:label1\" content=\"Dur\u00e9e de lecture estim\u00e9e\" \/>\n\t<meta name=\"twitter:data1\" content=\"1 minute\" \/>\n<script type=\"application\/ld+json\" class=\"yoast-schema-graph\">{\"@context\":\"https:\/\/schema.org\",\"@graph\":[{\"@type\":\"WebPage\",\"@id\":\"https:\/\/superprintpro.com\/product\/amo-a3-size-uv-dtf-amo-3003-with-3-pieces-of-xp600-printheads\/\",\"url\":\"https:\/\/superprintpro.com\/product\/amo-a3-size-uv-dtf-amo-3003-with-3-pieces-of-xp600-printheads\/\",\"name\":\"AMO A3 Size UV DTF AMO 3003 with 3 pieces of XP600 Printheads - Amo\",\"isPartOf\":{\"@id\":\"https:\/\/superprintpro.com\/#website\"},\"primaryImageOfPage\":{\"@id\":\"https:\/\/superprintpro.com\/product\/amo-a3-size-uv-dtf-amo-3003-with-3-pieces-of-xp600-printheads\/#primaryimage\"},\"image\":{\"@id\":\"https:\/\/superprintpro.com\/product\/amo-a3-size-uv-dtf-amo-3003-with-3-pieces-of-xp600-printheads\/#primaryimage\"},\"thumbnailUrl\":\"https:\/\/superprintpro.com\/wp-content\/uploads\/2025\/08\/amo-a3-size-uv-dtf-printer-amo-3003-with-3-pieces-of-xp600-printheads.jpg\",\"datePublished\":\"2025-08-17T12:05:19+00:00\",\"breadcrumb\":{\"@id\":\"https:\/\/superprintpro.com\/product\/amo-a3-size-uv-dtf-amo-3003-with-3-pieces-of-xp600-printheads\/#breadcrumb\"},\"inLanguage\":\"fr-FR\",\"potentialAction\":[{\"@type\":\"ReadAction\",\"target\":[\"https:\/\/superprintpro.com\/product\/amo-a3-size-uv-dtf-amo-3003-with-3-pieces-of-xp600-printheads\/\"]}]},{\"@type\":\"ImageObject\",\"inLanguage\":\"fr-FR\",\"@id\":\"https:\/\/superprintpro.com\/product\/amo-a3-size-uv-dtf-amo-3003-with-3-pieces-of-xp600-printheads\/#primaryimage\",\"url\":\"https:\/\/superprintpro.com\/wp-content\/uploads\/2025\/08\/amo-a3-size-uv-dtf-printer-amo-3003-with-3-pieces-of-xp600-printheads.jpg\",\"contentUrl\":\"https:\/\/superprintpro.com\/wp-content\/uploads\/2025\/08\/amo-a3-size-uv-dtf-printer-amo-3003-with-3-pieces-of-xp600-printheads.jpg\",\"width\":553,\"height\":311,\"caption\":\"AMO A3 Size UV DTF AMO 3003 with 3 pieces of XP600 Printheads\"},{\"@type\":\"BreadcrumbList\",\"@id\":\"https:\/\/superprintpro.com\/product\/amo-a3-size-uv-dtf-amo-3003-with-3-pieces-of-xp600-printheads\/#breadcrumb\",\"itemListElement\":[{\"@type\":\"ListItem\",\"position\":1,\"name\":\"\u9996\u9875\",\"item\":\"https:\/\/superprintpro.com\/\"},{\"@type\":\"ListItem\",\"position\":2,\"name\":\"Shop\",\"item\":\"https:\/\/superprintpro.com\/shop\/\"},{\"@type\":\"ListItem\",\"position\":3,\"name\":\"AMO A3 Size UV DTF AMO 3003 with 3 pieces of XP600 Printheads\"}]},{\"@type\":\"WebSite\",\"@id\":\"https:\/\/superprintpro.com\/#website\",\"url\":\"https:\/\/superprintpro.com\/\",\"name\":\"Amo\",\"description\":\"\",\"potentialAction\":[{\"@type\":\"SearchAction\",\"target\":{\"@type\":\"EntryPoint\",\"urlTemplate\":\"https:\/\/superprintpro.com\/?s={search_term_string}\"},\"query-input\":{\"@type\":\"PropertyValueSpecification\",\"valueRequired\":true,\"valueName\":\"search_term_string\"}}],\"inLanguage\":\"fr-FR\"}]}<\/script>\n<!-- \/ Yoast SEO plugin. -->","yoast_head_json":{"title":"AMO A3 Size UV DTF AMO 3003 with 3 pieces of XP600 Printheads - Amo","robots":{"index":"index","follow":"follow","max-snippet":"max-snippet:-1","max-image-preview":"max-image-preview:large","max-video-preview":"max-video-preview:-1"},"canonical":"https:\/\/superprintpro.com\/fr\/produit\/amo-a3-size-uv-dtf-amo-3003-with-3-pieces-of-xp600-printheads\/","og_locale":"fr_FR","og_type":"article","og_title":"AMO A3 Size UV DTF AMO 3003 with 3 pieces of XP600 Printheads - Amo","og_description":"For product details and the latest quotes, please contact our sales manager","og_url":"https:\/\/superprintpro.com\/fr\/produit\/amo-a3-size-uv-dtf-amo-3003-with-3-pieces-of-xp600-printheads\/","og_site_name":"Amo","og_image":[{"width":553,"height":311,"url":"https:\/\/superprintpro.com\/wp-content\/uploads\/2025\/08\/amo-a3-size-uv-dtf-printer-amo-3003-with-3-pieces-of-xp600-printheads.jpg","type":"image\/jpeg"}],"twitter_card":"summary_large_image","twitter_misc":{"Dur\u00e9e de lecture estim\u00e9e":"1 minute"},"schema":{"@context":"https:\/\/schema.org","@graph":[{"@type":"WebPage","@id":"https:\/\/superprintpro.com\/product\/amo-a3-size-uv-dtf-amo-3003-with-3-pieces-of-xp600-printheads\/","url":"https:\/\/superprintpro.com\/product\/amo-a3-size-uv-dtf-amo-3003-with-3-pieces-of-xp600-printheads\/","name":"AMO A3 Size UV DTF AMO 3003 with 3 pieces of XP600 Printheads - Amo","isPartOf":{"@id":"https:\/\/superprintpro.com\/#website"},"primaryImageOfPage":{"@id":"https:\/\/superprintpro.com\/product\/amo-a3-size-uv-dtf-amo-3003-with-3-pieces-of-xp600-printheads\/#primaryimage"},"image":{"@id":"https:\/\/superprintpro.com\/product\/amo-a3-size-uv-dtf-amo-3003-with-3-pieces-of-xp600-printheads\/#primaryimage"},"thumbnailUrl":"https:\/\/superprintpro.com\/wp-content\/uploads\/2025\/08\/amo-a3-size-uv-dtf-printer-amo-3003-with-3-pieces-of-xp600-printheads.jpg","datePublished":"2025-08-17T12:05:19+00:00","breadcrumb":{"@id":"https:\/\/superprintpro.com\/product\/amo-a3-size-uv-dtf-amo-3003-with-3-pieces-of-xp600-printheads\/#breadcrumb"},"inLanguage":"fr-FR","potentialAction":[{"@type":"ReadAction","target":["https:\/\/superprintpro.com\/product\/amo-a3-size-uv-dtf-amo-3003-with-3-pieces-of-xp600-printheads\/"]}]},{"@type":"ImageObject","inLanguage":"fr-FR","@id":"https:\/\/superprintpro.com\/product\/amo-a3-size-uv-dtf-amo-3003-with-3-pieces-of-xp600-printheads\/#primaryimage","url":"https:\/\/superprintpro.com\/wp-content\/uploads\/2025\/08\/amo-a3-size-uv-dtf-printer-amo-3003-with-3-pieces-of-xp600-printheads.jpg","contentUrl":"https:\/\/superprintpro.com\/wp-content\/uploads\/2025\/08\/amo-a3-size-uv-dtf-printer-amo-3003-with-3-pieces-of-xp600-printheads.jpg","width":553,"height":311,"caption":"AMO A3 Size UV DTF AMO 3003 with 3 pieces of XP600 Printheads"},{"@type":"BreadcrumbList","@id":"https:\/\/superprintpro.com\/product\/amo-a3-size-uv-dtf-amo-3003-with-3-pieces-of-xp600-printheads\/#breadcrumb","itemListElement":[{"@type":"ListItem","position":1,"name":"\u9996\u9875","item":"https:\/\/superprintpro.com\/"},{"@type":"ListItem","position":2,"name":"Shop","item":"https:\/\/superprintpro.com\/shop\/"},{"@type":"ListItem","position":3,"name":"AMO A3 Size UV DTF AMO 3003 with 3 pieces of XP600 Printheads"}]},{"@type":"WebSite","@id":"https:\/\/superprintpro.com\/#website","url":"https:\/\/superprintpro.com\/","name":"Amo","description":"","potentialAction":[{"@type":"SearchAction","target":{"@type":"EntryPoint","urlTemplate":"https:\/\/superprintpro.com\/?s={search_term_string}"},"query-input":{"@type":"PropertyValueSpecification","valueRequired":true,"valueName":"search_term_string"}}],"inLanguage":"fr-FR"}]}},"_links":{"self":[{"href":"https:\/\/superprintpro.com\/fr\/wp-json\/wp\/v2\/product\/30068","targetHints":{"allow":["GET"]}}],"collection":[{"href":"https:\/\/superprintpro.com\/fr\/wp-json\/wp\/v2\/product"}],"about":[{"href":"https:\/\/superprintpro.com\/fr\/wp-json\/wp\/v2\/types\/product"}],"replies":[{"embeddable":true,"href":"https:\/\/superprintpro.com\/fr\/wp-json\/wp\/v2\/comments?post=30068"}],"version-history":[{"count":1,"href":"https:\/\/superprintpro.com\/fr\/wp-json\/wp\/v2\/product\/30068\/revisions"}],"predecessor-version":[{"id":30070,"href":"https:\/\/superprintpro.com\/fr\/wp-json\/wp\/v2\/product\/30068\/revisions\/30070"}],"wp:featuredmedia":[{"embeddable":true,"href":"https:\/\/superprintpro.com\/fr\/wp-json\/wp\/v2\/media\/30069"}],"wp:attachment":[{"href":"https:\/\/superprintpro.com\/fr\/wp-json\/wp\/v2\/media?parent=30068"}],"wp:term":[{"taxonomy":"product_brand","embeddable":true,"href":"https:\/\/superprintpro.com\/fr\/wp-json\/wp\/v2\/product_brand?post=30068"},{"taxonomy":"product_cat","embeddable":true,"href":"https:\/\/superprintpro.com\/fr\/wp-json\/wp\/v2\/product_cat?post=30068"},{"taxonomy":"product_tag","embeddable":true,"href":"https:\/\/superprintpro.com\/fr\/wp-json\/wp\/v2\/product_tag?post=30068"}],"curies":[{"name":"wp","href":"https:\/\/api.w.org\/{rel}","templated":true}]}}