{"id":30056,"date":"2025-08-17T19:54:24","date_gmt":"2025-08-17T11:54:24","guid":{"rendered":"https:\/\/superprintpro.com\/?post_type=product&#038;p=30056"},"modified":"2025-08-17T19:54:24","modified_gmt":"2025-08-17T11:54:24","slug":"dtf-printer-am602i32dtf-with-3-epson-i3200-printhead","status":"publish","type":"product","link":"https:\/\/superprintpro.com\/fr\/produit\/dtf-printer-am602i32dtf-with-3-epson-i3200-printhead\/","title":{"rendered":"Imprimante DTF AM602i32DTF avec 3 t\u00eates d'impression epson i3200"},"content":{"rendered":"<p>Imprimante \u00e0 jet d'encre AMO DTF avec syst\u00e8me de poudre<\/p>\n<p>Imprimante DTF AM602i32DTF avec 3 t\u00eates d'impression epson i3200<\/p>\n<p>L'imprimante DTF est largement utilis\u00e9e pour l'impression de T-shirts, de sacs en toile, de sweatshirts et d'oreillers. Elle convient \u00e9galement au commerce \u00e9lectronique et aux domaines culturels et cr\u00e9atifs personnalis\u00e9s, ainsi qu'aux ventes des entreprises de l'habillement. Elle est capable de r\u00e9pondre rapidement aux petites commandes et de satisfaire \u00e0 la demande de personnalisation et de r\u00e9ponse rapide du march\u00e9. Il s'agit d'un dispositif d'impression efficace, pratique et personnalis\u00e9 qui offre un large \u00e9ventail de perspectives d'application et de potentiel commercial.<\/p>\n<p>Param\u00e8tres de la machine<br \/>\nInformations sur la t\u00eate :<br \/>\ni3200-3H(W+C+F)\uff08 1 t\u00eate i3200,1 t\u00eate pour l'encre blanche,1 t\u00eate pour les couleurs cmyk ,1 t\u00eate fluorescence)<\/p>\n<p>Largeur d'impression 600MM<br \/>\nSyst\u00e8me de circuits imprim\u00e9s HOSON(LAN)<br \/>\nVitesse d'impression :<br \/>\n3pass 20 m\u00b2\/h<br \/>\n4pass 19 m\u00b2\/h<br \/>\n6 passages 11 m\u00b2\/h<br \/>\n8pass 7 m\u00b2\/h<br \/>\nInformations sur l'imprimante :<br \/>\ntension de fonctionnement AC220V 50\/60HZ<br \/>\nPuissance 2500W<br \/>\nenvironnement de travail<br \/>\nTemp\u00e9rature normale de fonctionnement : 22-28\u2103<br \/>\nhumidity:40%-60%<br \/>\nTaille de la machine L1720MM L830MM H1600MM<br \/>\nDimensions de l'emballage 2000MM(L)810MM(W)640MM(H)<\/p>","protected":false},"excerpt":{"rendered":"<p>Pour obtenir des d\u00e9tails sur les produits et les derniers devis, veuillez contacter notre responsable des ventes.<\/p>","protected":false},"featured_media":30057,"comment_status":"open","ping_status":"closed","template":"","meta":[],"product_brand":[],"product_cat":[122],"product_tag":[],"class_list":{"0":"post-30056","1":"product","2":"type-product","3":"status-publish","4":"has-post-thumbnail","6":"product_cat-dtf-printer-dtf-printer","8":"first","9":"instock","10":"shipping-taxable","11":"purchasable","12":"product-type-simple"},"yoast_head":"<!-- This site is optimized with the Yoast SEO plugin v26.9 - https:\/\/yoast.com\/product\/yoast-seo-wordpress\/ -->\n<title>DTF Printer AM602i32DTF with 3 epson i3200 printhead - Amo<\/title>\n<meta name=\"robots\" content=\"index, follow, max-snippet:-1, max-image-preview:large, max-video-preview:-1\" \/>\n<link rel=\"canonical\" href=\"https:\/\/superprintpro.com\/fr\/produit\/dtf-printer-am602i32dtf-with-3-epson-i3200-printhead\/\" \/>\n<meta property=\"og:locale\" content=\"fr_FR\" \/>\n<meta property=\"og:type\" content=\"article\" \/>\n<meta property=\"og:title\" content=\"DTF Printer AM602i32DTF with 3 epson i3200 printhead - Amo\" \/>\n<meta property=\"og:description\" content=\"For product details and the latest quotes, please contact our sales manager\" \/>\n<meta property=\"og:url\" content=\"https:\/\/superprintpro.com\/fr\/produit\/dtf-printer-am602i32dtf-with-3-epson-i3200-printhead\/\" \/>\n<meta property=\"og:site_name\" content=\"Amo\" \/>\n<meta property=\"og:image\" content=\"https:\/\/superprintpro.com\/wp-content\/uploads\/2025\/08\/dtf-printer-am602i32dtf-with-3-epson-i3200-printhead.jpg\" \/>\n\t<meta property=\"og:image:width\" content=\"818\" \/>\n\t<meta property=\"og:image:height\" content=\"460\" \/>\n\t<meta property=\"og:image:type\" content=\"image\/jpeg\" \/>\n<meta name=\"twitter:card\" content=\"summary_large_image\" \/>\n<meta name=\"twitter:label1\" content=\"Dur\u00e9e de lecture estim\u00e9e\" \/>\n\t<meta name=\"twitter:data1\" content=\"1 minute\" \/>\n<script type=\"application\/ld+json\" class=\"yoast-schema-graph\">{\"@context\":\"https:\/\/schema.org\",\"@graph\":[{\"@type\":\"WebPage\",\"@id\":\"https:\/\/superprintpro.com\/product\/dtf-printer-am602i32dtf-with-3-epson-i3200-printhead\/\",\"url\":\"https:\/\/superprintpro.com\/product\/dtf-printer-am602i32dtf-with-3-epson-i3200-printhead\/\",\"name\":\"DTF Printer AM602i32DTF with 3 epson i3200 printhead - Amo\",\"isPartOf\":{\"@id\":\"https:\/\/superprintpro.com\/#website\"},\"primaryImageOfPage\":{\"@id\":\"https:\/\/superprintpro.com\/product\/dtf-printer-am602i32dtf-with-3-epson-i3200-printhead\/#primaryimage\"},\"image\":{\"@id\":\"https:\/\/superprintpro.com\/product\/dtf-printer-am602i32dtf-with-3-epson-i3200-printhead\/#primaryimage\"},\"thumbnailUrl\":\"https:\/\/superprintpro.com\/wp-content\/uploads\/2025\/08\/dtf-printer-am602i32dtf-with-3-epson-i3200-printhead.jpg\",\"datePublished\":\"2025-08-17T11:54:24+00:00\",\"breadcrumb\":{\"@id\":\"https:\/\/superprintpro.com\/product\/dtf-printer-am602i32dtf-with-3-epson-i3200-printhead\/#breadcrumb\"},\"inLanguage\":\"fr-FR\",\"potentialAction\":[{\"@type\":\"ReadAction\",\"target\":[\"https:\/\/superprintpro.com\/product\/dtf-printer-am602i32dtf-with-3-epson-i3200-printhead\/\"]}]},{\"@type\":\"ImageObject\",\"inLanguage\":\"fr-FR\",\"@id\":\"https:\/\/superprintpro.com\/product\/dtf-printer-am602i32dtf-with-3-epson-i3200-printhead\/#primaryimage\",\"url\":\"https:\/\/superprintpro.com\/wp-content\/uploads\/2025\/08\/dtf-printer-am602i32dtf-with-3-epson-i3200-printhead.jpg\",\"contentUrl\":\"https:\/\/superprintpro.com\/wp-content\/uploads\/2025\/08\/dtf-printer-am602i32dtf-with-3-epson-i3200-printhead.jpg\",\"width\":818,\"height\":460,\"caption\":\"DTF Printer AM602i32DTF with 3 epson i3200 printhead\"},{\"@type\":\"BreadcrumbList\",\"@id\":\"https:\/\/superprintpro.com\/product\/dtf-printer-am602i32dtf-with-3-epson-i3200-printhead\/#breadcrumb\",\"itemListElement\":[{\"@type\":\"ListItem\",\"position\":1,\"name\":\"\u9996\u9875\",\"item\":\"https:\/\/superprintpro.com\/\"},{\"@type\":\"ListItem\",\"position\":2,\"name\":\"Shop\",\"item\":\"https:\/\/superprintpro.com\/shop\/\"},{\"@type\":\"ListItem\",\"position\":3,\"name\":\"DTF Printer AM602i32DTF with 3 epson i3200 printhead\"}]},{\"@type\":\"WebSite\",\"@id\":\"https:\/\/superprintpro.com\/#website\",\"url\":\"https:\/\/superprintpro.com\/\",\"name\":\"Amo\",\"description\":\"\",\"potentialAction\":[{\"@type\":\"SearchAction\",\"target\":{\"@type\":\"EntryPoint\",\"urlTemplate\":\"https:\/\/superprintpro.com\/?s={search_term_string}\"},\"query-input\":{\"@type\":\"PropertyValueSpecification\",\"valueRequired\":true,\"valueName\":\"search_term_string\"}}],\"inLanguage\":\"fr-FR\"}]}<\/script>\n<!-- \/ Yoast SEO plugin. -->","yoast_head_json":{"title":"DTF Printer AM602i32DTF with 3 epson i3200 printhead - Amo","robots":{"index":"index","follow":"follow","max-snippet":"max-snippet:-1","max-image-preview":"max-image-preview:large","max-video-preview":"max-video-preview:-1"},"canonical":"https:\/\/superprintpro.com\/fr\/produit\/dtf-printer-am602i32dtf-with-3-epson-i3200-printhead\/","og_locale":"fr_FR","og_type":"article","og_title":"DTF Printer AM602i32DTF with 3 epson i3200 printhead - Amo","og_description":"For product details and the latest quotes, please contact our sales manager","og_url":"https:\/\/superprintpro.com\/fr\/produit\/dtf-printer-am602i32dtf-with-3-epson-i3200-printhead\/","og_site_name":"Amo","og_image":[{"width":818,"height":460,"url":"https:\/\/superprintpro.com\/wp-content\/uploads\/2025\/08\/dtf-printer-am602i32dtf-with-3-epson-i3200-printhead.jpg","type":"image\/jpeg"}],"twitter_card":"summary_large_image","twitter_misc":{"Dur\u00e9e de lecture estim\u00e9e":"1 minute"},"schema":{"@context":"https:\/\/schema.org","@graph":[{"@type":"WebPage","@id":"https:\/\/superprintpro.com\/product\/dtf-printer-am602i32dtf-with-3-epson-i3200-printhead\/","url":"https:\/\/superprintpro.com\/product\/dtf-printer-am602i32dtf-with-3-epson-i3200-printhead\/","name":"DTF Printer AM602i32DTF with 3 epson i3200 printhead - Amo","isPartOf":{"@id":"https:\/\/superprintpro.com\/#website"},"primaryImageOfPage":{"@id":"https:\/\/superprintpro.com\/product\/dtf-printer-am602i32dtf-with-3-epson-i3200-printhead\/#primaryimage"},"image":{"@id":"https:\/\/superprintpro.com\/product\/dtf-printer-am602i32dtf-with-3-epson-i3200-printhead\/#primaryimage"},"thumbnailUrl":"https:\/\/superprintpro.com\/wp-content\/uploads\/2025\/08\/dtf-printer-am602i32dtf-with-3-epson-i3200-printhead.jpg","datePublished":"2025-08-17T11:54:24+00:00","breadcrumb":{"@id":"https:\/\/superprintpro.com\/product\/dtf-printer-am602i32dtf-with-3-epson-i3200-printhead\/#breadcrumb"},"inLanguage":"fr-FR","potentialAction":[{"@type":"ReadAction","target":["https:\/\/superprintpro.com\/product\/dtf-printer-am602i32dtf-with-3-epson-i3200-printhead\/"]}]},{"@type":"ImageObject","inLanguage":"fr-FR","@id":"https:\/\/superprintpro.com\/product\/dtf-printer-am602i32dtf-with-3-epson-i3200-printhead\/#primaryimage","url":"https:\/\/superprintpro.com\/wp-content\/uploads\/2025\/08\/dtf-printer-am602i32dtf-with-3-epson-i3200-printhead.jpg","contentUrl":"https:\/\/superprintpro.com\/wp-content\/uploads\/2025\/08\/dtf-printer-am602i32dtf-with-3-epson-i3200-printhead.jpg","width":818,"height":460,"caption":"DTF Printer AM602i32DTF with 3 epson i3200 printhead"},{"@type":"BreadcrumbList","@id":"https:\/\/superprintpro.com\/product\/dtf-printer-am602i32dtf-with-3-epson-i3200-printhead\/#breadcrumb","itemListElement":[{"@type":"ListItem","position":1,"name":"\u9996\u9875","item":"https:\/\/superprintpro.com\/"},{"@type":"ListItem","position":2,"name":"Shop","item":"https:\/\/superprintpro.com\/shop\/"},{"@type":"ListItem","position":3,"name":"DTF Printer AM602i32DTF with 3 epson i3200 printhead"}]},{"@type":"WebSite","@id":"https:\/\/superprintpro.com\/#website","url":"https:\/\/superprintpro.com\/","name":"Amo","description":"","potentialAction":[{"@type":"SearchAction","target":{"@type":"EntryPoint","urlTemplate":"https:\/\/superprintpro.com\/?s={search_term_string}"},"query-input":{"@type":"PropertyValueSpecification","valueRequired":true,"valueName":"search_term_string"}}],"inLanguage":"fr-FR"}]}},"_links":{"self":[{"href":"https:\/\/superprintpro.com\/fr\/wp-json\/wp\/v2\/product\/30056","targetHints":{"allow":["GET"]}}],"collection":[{"href":"https:\/\/superprintpro.com\/fr\/wp-json\/wp\/v2\/product"}],"about":[{"href":"https:\/\/superprintpro.com\/fr\/wp-json\/wp\/v2\/types\/product"}],"replies":[{"embeddable":true,"href":"https:\/\/superprintpro.com\/fr\/wp-json\/wp\/v2\/comments?post=30056"}],"version-history":[{"count":1,"href":"https:\/\/superprintpro.com\/fr\/wp-json\/wp\/v2\/product\/30056\/revisions"}],"predecessor-version":[{"id":30058,"href":"https:\/\/superprintpro.com\/fr\/wp-json\/wp\/v2\/product\/30056\/revisions\/30058"}],"wp:featuredmedia":[{"embeddable":true,"href":"https:\/\/superprintpro.com\/fr\/wp-json\/wp\/v2\/media\/30057"}],"wp:attachment":[{"href":"https:\/\/superprintpro.com\/fr\/wp-json\/wp\/v2\/media?parent=30056"}],"wp:term":[{"taxonomy":"product_brand","embeddable":true,"href":"https:\/\/superprintpro.com\/fr\/wp-json\/wp\/v2\/product_brand?post=30056"},{"taxonomy":"product_cat","embeddable":true,"href":"https:\/\/superprintpro.com\/fr\/wp-json\/wp\/v2\/product_cat?post=30056"},{"taxonomy":"product_tag","embeddable":true,"href":"https:\/\/superprintpro.com\/fr\/wp-json\/wp\/v2\/product_tag?post=30056"}],"curies":[{"name":"wp","href":"https:\/\/api.w.org\/{rel}","templated":true}]}}