{"id":29968,"date":"2025-08-13T17:46:50","date_gmt":"2025-08-13T09:46:50","guid":{"rendered":"https:\/\/superprintpro.com\/?post_type=product&#038;p=29968"},"modified":"2025-08-13T17:46:50","modified_gmt":"2025-08-13T09:46:50","slug":"seiko-508gs-12pl-eco-solvente-with-blue-sticker","status":"publish","type":"product","link":"https:\/\/superprintpro.com\/fr\/produit\/seiko-508gs-12pl-eco-solvente-with-blue-sticker\/","title":{"rendered":"Seiko 508GS 12pl Eco-Solvente avec autocollant bleu"},"content":{"rendered":"<p>Nom du mod\u00e8le de t\u00eate d'impression : Seiko 508GS 12pl Eco-Solvente avec autocollant bleu<\/p>\n<p>Application : fonctionne pour toutes les imprimantes chinoises comme Sid triton Gongzheng<br \/>\nS\u00e9rie Infiniti\/Challenger\/Pheaton : FY-3208R ,FY-3208H,FY-3208HA,FY-3206HF,UD3208 UD3206 etc.<br \/>\nCrystaljet 3000 ,Crystaljet 4000,Crystaljet 5000,Crystaljet 6000,Crystaljet 9000 ,Crystaljet UV,Iconteck,Meitu,Wer,etc.<\/p>\n<p>Encre compatible avec cette t\u00eate : Encre \u00e0 \u00e9co-solvant<\/p>","protected":false},"excerpt":{"rendered":"<p>Pour obtenir des d\u00e9tails sur les produits et les derniers devis, veuillez contacter notre responsable des ventes.<\/p>","protected":false},"featured_media":29969,"comment_status":"open","ping_status":"closed","template":"","meta":[],"product_brand":[],"product_cat":[98],"product_tag":[],"class_list":{"0":"post-29968","1":"product","2":"type-product","3":"status-publish","4":"has-post-thumbnail","6":"product_cat-seiko-printheads","8":"first","9":"instock","10":"shipping-taxable","11":"purchasable","12":"product-type-simple"},"yoast_head":"<!-- This site is optimized with the Yoast SEO plugin v26.9 - https:\/\/yoast.com\/product\/yoast-seo-wordpress\/ -->\n<title>Seiko 508GS 12pl Eco-Solvente with blue sticker - Amo<\/title>\n<meta name=\"robots\" content=\"index, follow, max-snippet:-1, max-image-preview:large, max-video-preview:-1\" \/>\n<link rel=\"canonical\" href=\"https:\/\/superprintpro.com\/fr\/produit\/seiko-508gs-12pl-eco-solvente-with-blue-sticker\/\" \/>\n<meta property=\"og:locale\" content=\"fr_FR\" \/>\n<meta property=\"og:type\" content=\"article\" \/>\n<meta property=\"og:title\" content=\"Seiko 508GS 12pl Eco-Solvente with blue sticker - Amo\" \/>\n<meta property=\"og:description\" content=\"For product details and the latest quotes, please contact our sales manager\" \/>\n<meta property=\"og:url\" content=\"https:\/\/superprintpro.com\/fr\/produit\/seiko-508gs-12pl-eco-solvente-with-blue-sticker\/\" \/>\n<meta property=\"og:site_name\" content=\"Amo\" \/>\n<meta property=\"og:image\" content=\"https:\/\/superprintpro.com\/wp-content\/uploads\/2025\/08\/seiko-508gs-12pl-printhead-of-eco-solvente-with-blue-sticker.jpg\" \/>\n\t<meta property=\"og:image:width\" content=\"500\" \/>\n\t<meta property=\"og:image:height\" content=\"500\" \/>\n\t<meta property=\"og:image:type\" content=\"image\/jpeg\" \/>\n<meta name=\"twitter:card\" content=\"summary_large_image\" \/>\n<script type=\"application\/ld+json\" class=\"yoast-schema-graph\">{\"@context\":\"https:\/\/schema.org\",\"@graph\":[{\"@type\":\"WebPage\",\"@id\":\"https:\/\/superprintpro.com\/product\/seiko-508gs-12pl-eco-solvente-with-blue-sticker\/\",\"url\":\"https:\/\/superprintpro.com\/product\/seiko-508gs-12pl-eco-solvente-with-blue-sticker\/\",\"name\":\"Seiko 508GS 12pl Eco-Solvente with blue sticker - Amo\",\"isPartOf\":{\"@id\":\"https:\/\/superprintpro.com\/#website\"},\"primaryImageOfPage\":{\"@id\":\"https:\/\/superprintpro.com\/product\/seiko-508gs-12pl-eco-solvente-with-blue-sticker\/#primaryimage\"},\"image\":{\"@id\":\"https:\/\/superprintpro.com\/product\/seiko-508gs-12pl-eco-solvente-with-blue-sticker\/#primaryimage\"},\"thumbnailUrl\":\"https:\/\/superprintpro.com\/wp-content\/uploads\/2025\/08\/seiko-508gs-12pl-printhead-of-eco-solvente-with-blue-sticker.jpg\",\"datePublished\":\"2025-08-13T09:46:50+00:00\",\"breadcrumb\":{\"@id\":\"https:\/\/superprintpro.com\/product\/seiko-508gs-12pl-eco-solvente-with-blue-sticker\/#breadcrumb\"},\"inLanguage\":\"fr-FR\",\"potentialAction\":[{\"@type\":\"ReadAction\",\"target\":[\"https:\/\/superprintpro.com\/product\/seiko-508gs-12pl-eco-solvente-with-blue-sticker\/\"]}]},{\"@type\":\"ImageObject\",\"inLanguage\":\"fr-FR\",\"@id\":\"https:\/\/superprintpro.com\/product\/seiko-508gs-12pl-eco-solvente-with-blue-sticker\/#primaryimage\",\"url\":\"https:\/\/superprintpro.com\/wp-content\/uploads\/2025\/08\/seiko-508gs-12pl-printhead-of-eco-solvente-with-blue-sticker.jpg\",\"contentUrl\":\"https:\/\/superprintpro.com\/wp-content\/uploads\/2025\/08\/seiko-508gs-12pl-printhead-of-eco-solvente-with-blue-sticker.jpg\",\"width\":500,\"height\":500,\"caption\":\"Seiko 508GS 12pl Eco-Solvente with blue sticker\"},{\"@type\":\"BreadcrumbList\",\"@id\":\"https:\/\/superprintpro.com\/product\/seiko-508gs-12pl-eco-solvente-with-blue-sticker\/#breadcrumb\",\"itemListElement\":[{\"@type\":\"ListItem\",\"position\":1,\"name\":\"\u9996\u9875\",\"item\":\"https:\/\/superprintpro.com\/\"},{\"@type\":\"ListItem\",\"position\":2,\"name\":\"Shop\",\"item\":\"https:\/\/superprintpro.com\/shop\/\"},{\"@type\":\"ListItem\",\"position\":3,\"name\":\"Seiko 508GS 12pl Eco-Solvente with blue sticker\"}]},{\"@type\":\"WebSite\",\"@id\":\"https:\/\/superprintpro.com\/#website\",\"url\":\"https:\/\/superprintpro.com\/\",\"name\":\"Amo\",\"description\":\"\",\"potentialAction\":[{\"@type\":\"SearchAction\",\"target\":{\"@type\":\"EntryPoint\",\"urlTemplate\":\"https:\/\/superprintpro.com\/?s={search_term_string}\"},\"query-input\":{\"@type\":\"PropertyValueSpecification\",\"valueRequired\":true,\"valueName\":\"search_term_string\"}}],\"inLanguage\":\"fr-FR\"}]}<\/script>\n<!-- \/ Yoast SEO plugin. -->","yoast_head_json":{"title":"Seiko 508GS 12pl Eco-Solvente with blue sticker - Amo","robots":{"index":"index","follow":"follow","max-snippet":"max-snippet:-1","max-image-preview":"max-image-preview:large","max-video-preview":"max-video-preview:-1"},"canonical":"https:\/\/superprintpro.com\/fr\/produit\/seiko-508gs-12pl-eco-solvente-with-blue-sticker\/","og_locale":"fr_FR","og_type":"article","og_title":"Seiko 508GS 12pl Eco-Solvente with blue sticker - Amo","og_description":"For product details and the latest quotes, please contact our sales manager","og_url":"https:\/\/superprintpro.com\/fr\/produit\/seiko-508gs-12pl-eco-solvente-with-blue-sticker\/","og_site_name":"Amo","og_image":[{"width":500,"height":500,"url":"https:\/\/superprintpro.com\/wp-content\/uploads\/2025\/08\/seiko-508gs-12pl-printhead-of-eco-solvente-with-blue-sticker.jpg","type":"image\/jpeg"}],"twitter_card":"summary_large_image","schema":{"@context":"https:\/\/schema.org","@graph":[{"@type":"WebPage","@id":"https:\/\/superprintpro.com\/product\/seiko-508gs-12pl-eco-solvente-with-blue-sticker\/","url":"https:\/\/superprintpro.com\/product\/seiko-508gs-12pl-eco-solvente-with-blue-sticker\/","name":"Seiko 508GS 12pl Eco-Solvente with blue sticker - Amo","isPartOf":{"@id":"https:\/\/superprintpro.com\/#website"},"primaryImageOfPage":{"@id":"https:\/\/superprintpro.com\/product\/seiko-508gs-12pl-eco-solvente-with-blue-sticker\/#primaryimage"},"image":{"@id":"https:\/\/superprintpro.com\/product\/seiko-508gs-12pl-eco-solvente-with-blue-sticker\/#primaryimage"},"thumbnailUrl":"https:\/\/superprintpro.com\/wp-content\/uploads\/2025\/08\/seiko-508gs-12pl-printhead-of-eco-solvente-with-blue-sticker.jpg","datePublished":"2025-08-13T09:46:50+00:00","breadcrumb":{"@id":"https:\/\/superprintpro.com\/product\/seiko-508gs-12pl-eco-solvente-with-blue-sticker\/#breadcrumb"},"inLanguage":"fr-FR","potentialAction":[{"@type":"ReadAction","target":["https:\/\/superprintpro.com\/product\/seiko-508gs-12pl-eco-solvente-with-blue-sticker\/"]}]},{"@type":"ImageObject","inLanguage":"fr-FR","@id":"https:\/\/superprintpro.com\/product\/seiko-508gs-12pl-eco-solvente-with-blue-sticker\/#primaryimage","url":"https:\/\/superprintpro.com\/wp-content\/uploads\/2025\/08\/seiko-508gs-12pl-printhead-of-eco-solvente-with-blue-sticker.jpg","contentUrl":"https:\/\/superprintpro.com\/wp-content\/uploads\/2025\/08\/seiko-508gs-12pl-printhead-of-eco-solvente-with-blue-sticker.jpg","width":500,"height":500,"caption":"Seiko 508GS 12pl Eco-Solvente with blue sticker"},{"@type":"BreadcrumbList","@id":"https:\/\/superprintpro.com\/product\/seiko-508gs-12pl-eco-solvente-with-blue-sticker\/#breadcrumb","itemListElement":[{"@type":"ListItem","position":1,"name":"\u9996\u9875","item":"https:\/\/superprintpro.com\/"},{"@type":"ListItem","position":2,"name":"Shop","item":"https:\/\/superprintpro.com\/shop\/"},{"@type":"ListItem","position":3,"name":"Seiko 508GS 12pl Eco-Solvente with blue sticker"}]},{"@type":"WebSite","@id":"https:\/\/superprintpro.com\/#website","url":"https:\/\/superprintpro.com\/","name":"Amo","description":"","potentialAction":[{"@type":"SearchAction","target":{"@type":"EntryPoint","urlTemplate":"https:\/\/superprintpro.com\/?s={search_term_string}"},"query-input":{"@type":"PropertyValueSpecification","valueRequired":true,"valueName":"search_term_string"}}],"inLanguage":"fr-FR"}]}},"_links":{"self":[{"href":"https:\/\/superprintpro.com\/fr\/wp-json\/wp\/v2\/product\/29968","targetHints":{"allow":["GET"]}}],"collection":[{"href":"https:\/\/superprintpro.com\/fr\/wp-json\/wp\/v2\/product"}],"about":[{"href":"https:\/\/superprintpro.com\/fr\/wp-json\/wp\/v2\/types\/product"}],"replies":[{"embeddable":true,"href":"https:\/\/superprintpro.com\/fr\/wp-json\/wp\/v2\/comments?post=29968"}],"version-history":[{"count":1,"href":"https:\/\/superprintpro.com\/fr\/wp-json\/wp\/v2\/product\/29968\/revisions"}],"predecessor-version":[{"id":29970,"href":"https:\/\/superprintpro.com\/fr\/wp-json\/wp\/v2\/product\/29968\/revisions\/29970"}],"wp:featuredmedia":[{"embeddable":true,"href":"https:\/\/superprintpro.com\/fr\/wp-json\/wp\/v2\/media\/29969"}],"wp:attachment":[{"href":"https:\/\/superprintpro.com\/fr\/wp-json\/wp\/v2\/media?parent=29968"}],"wp:term":[{"taxonomy":"product_brand","embeddable":true,"href":"https:\/\/superprintpro.com\/fr\/wp-json\/wp\/v2\/product_brand?post=29968"},{"taxonomy":"product_cat","embeddable":true,"href":"https:\/\/superprintpro.com\/fr\/wp-json\/wp\/v2\/product_cat?post=29968"},{"taxonomy":"product_tag","embeddable":true,"href":"https:\/\/superprintpro.com\/fr\/wp-json\/wp\/v2\/product_tag?post=29968"}],"curies":[{"name":"wp","href":"https:\/\/api.w.org\/{rel}","templated":true}]}}