{"id":29864,"date":"2025-08-13T15:02:52","date_gmt":"2025-08-13T07:02:52","guid":{"rendered":"https:\/\/superprintpro.com\/?post_type=product&#038;p=29864"},"modified":"2025-08-13T15:02:52","modified_gmt":"2025-08-13T07:02:52","slug":"dx6-original-of-roland-vsra-and-re-series-6701409010","status":"publish","type":"product","link":"https:\/\/superprintpro.com\/fr\/produit\/dx6-original-of-roland-vsra-and-re-series-6701409010\/","title":{"rendered":"DX6 Original de Roland VS,RA et RE series-6701409010"},"content":{"rendered":"<p>Nom de la t\u00eate d'impression:DX6 Original of Roland VS,RA and RE series-6701409010 (Note,DX6 ou DX7 est en fait le nom de la t\u00eate d'impression du distributeur,ici dx6 ou dx7 est la m\u00eame chose,mais vous devez conna\u00eetre le nom du mod\u00e8le de Roland,alors la t\u00eate d'impression est claire)<br \/>\nApplication : Pour Roland VS-420 \/ VS-300 \/ VS-540 \/ VS-640 \/ VS-300i \/ VS-540i \/ VS-640i \/ BN-20 \/ FH740 \/ RA-640 \/ RE-640 \/ RF-640 \/ RF-640a \/ EJ-640 \/ XT-640 \/ RT-640 \/ XR-640 \/ XF-640.<br \/>\nNote:T\u00eate d'impression Roland originale et neuve avec emballage d'origine Roland<br \/>\nNum\u00e9ro de pi\u00e8ce : 6701409010<\/p>","protected":false},"excerpt":{"rendered":"<p>Pour obtenir des d\u00e9tails sur les produits et les derniers devis, veuillez contacter notre responsable des ventes.<\/p>","protected":false},"featured_media":29867,"comment_status":"open","ping_status":"closed","template":"","meta":[],"product_brand":[],"product_cat":[95],"product_tag":[],"class_list":{"0":"post-29864","1":"product","2":"type-product","3":"status-publish","4":"has-post-thumbnail","6":"product_cat-roland-printheads","8":"first","9":"instock","10":"shipping-taxable","11":"purchasable","12":"product-type-simple"},"yoast_head":"<!-- This site is optimized with the Yoast SEO plugin v26.9 - https:\/\/yoast.com\/product\/yoast-seo-wordpress\/ -->\n<title>DX6 Original of Roland VS,RA and RE series-6701409010 - Amo<\/title>\n<meta name=\"robots\" content=\"index, follow, max-snippet:-1, max-image-preview:large, max-video-preview:-1\" \/>\n<link rel=\"canonical\" href=\"https:\/\/superprintpro.com\/fr\/produit\/dx6-original-of-roland-vsra-and-re-series-6701409010\/\" \/>\n<meta property=\"og:locale\" content=\"fr_FR\" \/>\n<meta property=\"og:type\" content=\"article\" \/>\n<meta property=\"og:title\" content=\"DX6 Original of Roland VS,RA and RE series-6701409010 - Amo\" \/>\n<meta property=\"og:description\" content=\"For product details and the latest quotes, please contact our sales manager\" \/>\n<meta property=\"og:url\" content=\"https:\/\/superprintpro.com\/fr\/produit\/dx6-original-of-roland-vsra-and-re-series-6701409010\/\" \/>\n<meta property=\"og:site_name\" content=\"Amo\" \/>\n<meta property=\"og:image\" content=\"https:\/\/superprintpro.com\/wp-content\/uploads\/2025\/08\/dx6-original-of-roland-printhead-01.jpg\" \/>\n\t<meta property=\"og:image:width\" content=\"500\" \/>\n\t<meta property=\"og:image:height\" content=\"500\" \/>\n\t<meta property=\"og:image:type\" content=\"image\/jpeg\" \/>\n<meta name=\"twitter:card\" content=\"summary_large_image\" \/>\n<script type=\"application\/ld+json\" class=\"yoast-schema-graph\">{\"@context\":\"https:\/\/schema.org\",\"@graph\":[{\"@type\":\"WebPage\",\"@id\":\"https:\/\/superprintpro.com\/product\/dx6-original-of-roland-vsra-and-re-series-6701409010\/\",\"url\":\"https:\/\/superprintpro.com\/product\/dx6-original-of-roland-vsra-and-re-series-6701409010\/\",\"name\":\"DX6 Original of Roland VS,RA and RE series-6701409010 - Amo\",\"isPartOf\":{\"@id\":\"https:\/\/superprintpro.com\/#website\"},\"primaryImageOfPage\":{\"@id\":\"https:\/\/superprintpro.com\/product\/dx6-original-of-roland-vsra-and-re-series-6701409010\/#primaryimage\"},\"image\":{\"@id\":\"https:\/\/superprintpro.com\/product\/dx6-original-of-roland-vsra-and-re-series-6701409010\/#primaryimage\"},\"thumbnailUrl\":\"https:\/\/superprintpro.com\/wp-content\/uploads\/2025\/08\/dx6-original-of-roland-printhead-01.jpg\",\"datePublished\":\"2025-08-13T07:02:52+00:00\",\"breadcrumb\":{\"@id\":\"https:\/\/superprintpro.com\/product\/dx6-original-of-roland-vsra-and-re-series-6701409010\/#breadcrumb\"},\"inLanguage\":\"fr-FR\",\"potentialAction\":[{\"@type\":\"ReadAction\",\"target\":[\"https:\/\/superprintpro.com\/product\/dx6-original-of-roland-vsra-and-re-series-6701409010\/\"]}]},{\"@type\":\"ImageObject\",\"inLanguage\":\"fr-FR\",\"@id\":\"https:\/\/superprintpro.com\/product\/dx6-original-of-roland-vsra-and-re-series-6701409010\/#primaryimage\",\"url\":\"https:\/\/superprintpro.com\/wp-content\/uploads\/2025\/08\/dx6-original-of-roland-printhead-01.jpg\",\"contentUrl\":\"https:\/\/superprintpro.com\/wp-content\/uploads\/2025\/08\/dx6-original-of-roland-printhead-01.jpg\",\"width\":500,\"height\":500,\"caption\":\"DX6 Original of Roland VS,RA and RE series-6701409010\"},{\"@type\":\"BreadcrumbList\",\"@id\":\"https:\/\/superprintpro.com\/product\/dx6-original-of-roland-vsra-and-re-series-6701409010\/#breadcrumb\",\"itemListElement\":[{\"@type\":\"ListItem\",\"position\":1,\"name\":\"\u9996\u9875\",\"item\":\"https:\/\/superprintpro.com\/\"},{\"@type\":\"ListItem\",\"position\":2,\"name\":\"Shop\",\"item\":\"https:\/\/superprintpro.com\/shop\/\"},{\"@type\":\"ListItem\",\"position\":3,\"name\":\"DX6 Original of Roland VS,RA and RE series-6701409010\"}]},{\"@type\":\"WebSite\",\"@id\":\"https:\/\/superprintpro.com\/#website\",\"url\":\"https:\/\/superprintpro.com\/\",\"name\":\"Amo\",\"description\":\"\",\"potentialAction\":[{\"@type\":\"SearchAction\",\"target\":{\"@type\":\"EntryPoint\",\"urlTemplate\":\"https:\/\/superprintpro.com\/?s={search_term_string}\"},\"query-input\":{\"@type\":\"PropertyValueSpecification\",\"valueRequired\":true,\"valueName\":\"search_term_string\"}}],\"inLanguage\":\"fr-FR\"}]}<\/script>\n<!-- \/ Yoast SEO plugin. -->","yoast_head_json":{"title":"DX6 Original of Roland VS,RA and RE series-6701409010 - Amo","robots":{"index":"index","follow":"follow","max-snippet":"max-snippet:-1","max-image-preview":"max-image-preview:large","max-video-preview":"max-video-preview:-1"},"canonical":"https:\/\/superprintpro.com\/fr\/produit\/dx6-original-of-roland-vsra-and-re-series-6701409010\/","og_locale":"fr_FR","og_type":"article","og_title":"DX6 Original of Roland VS,RA and RE series-6701409010 - Amo","og_description":"For product details and the latest quotes, please contact our sales manager","og_url":"https:\/\/superprintpro.com\/fr\/produit\/dx6-original-of-roland-vsra-and-re-series-6701409010\/","og_site_name":"Amo","og_image":[{"width":500,"height":500,"url":"https:\/\/superprintpro.com\/wp-content\/uploads\/2025\/08\/dx6-original-of-roland-printhead-01.jpg","type":"image\/jpeg"}],"twitter_card":"summary_large_image","schema":{"@context":"https:\/\/schema.org","@graph":[{"@type":"WebPage","@id":"https:\/\/superprintpro.com\/product\/dx6-original-of-roland-vsra-and-re-series-6701409010\/","url":"https:\/\/superprintpro.com\/product\/dx6-original-of-roland-vsra-and-re-series-6701409010\/","name":"DX6 Original of Roland VS,RA and RE series-6701409010 - Amo","isPartOf":{"@id":"https:\/\/superprintpro.com\/#website"},"primaryImageOfPage":{"@id":"https:\/\/superprintpro.com\/product\/dx6-original-of-roland-vsra-and-re-series-6701409010\/#primaryimage"},"image":{"@id":"https:\/\/superprintpro.com\/product\/dx6-original-of-roland-vsra-and-re-series-6701409010\/#primaryimage"},"thumbnailUrl":"https:\/\/superprintpro.com\/wp-content\/uploads\/2025\/08\/dx6-original-of-roland-printhead-01.jpg","datePublished":"2025-08-13T07:02:52+00:00","breadcrumb":{"@id":"https:\/\/superprintpro.com\/product\/dx6-original-of-roland-vsra-and-re-series-6701409010\/#breadcrumb"},"inLanguage":"fr-FR","potentialAction":[{"@type":"ReadAction","target":["https:\/\/superprintpro.com\/product\/dx6-original-of-roland-vsra-and-re-series-6701409010\/"]}]},{"@type":"ImageObject","inLanguage":"fr-FR","@id":"https:\/\/superprintpro.com\/product\/dx6-original-of-roland-vsra-and-re-series-6701409010\/#primaryimage","url":"https:\/\/superprintpro.com\/wp-content\/uploads\/2025\/08\/dx6-original-of-roland-printhead-01.jpg","contentUrl":"https:\/\/superprintpro.com\/wp-content\/uploads\/2025\/08\/dx6-original-of-roland-printhead-01.jpg","width":500,"height":500,"caption":"DX6 Original of Roland VS,RA and RE series-6701409010"},{"@type":"BreadcrumbList","@id":"https:\/\/superprintpro.com\/product\/dx6-original-of-roland-vsra-and-re-series-6701409010\/#breadcrumb","itemListElement":[{"@type":"ListItem","position":1,"name":"\u9996\u9875","item":"https:\/\/superprintpro.com\/"},{"@type":"ListItem","position":2,"name":"Shop","item":"https:\/\/superprintpro.com\/shop\/"},{"@type":"ListItem","position":3,"name":"DX6 Original of Roland VS,RA and RE series-6701409010"}]},{"@type":"WebSite","@id":"https:\/\/superprintpro.com\/#website","url":"https:\/\/superprintpro.com\/","name":"Amo","description":"","potentialAction":[{"@type":"SearchAction","target":{"@type":"EntryPoint","urlTemplate":"https:\/\/superprintpro.com\/?s={search_term_string}"},"query-input":{"@type":"PropertyValueSpecification","valueRequired":true,"valueName":"search_term_string"}}],"inLanguage":"fr-FR"}]}},"_links":{"self":[{"href":"https:\/\/superprintpro.com\/fr\/wp-json\/wp\/v2\/product\/29864","targetHints":{"allow":["GET"]}}],"collection":[{"href":"https:\/\/superprintpro.com\/fr\/wp-json\/wp\/v2\/product"}],"about":[{"href":"https:\/\/superprintpro.com\/fr\/wp-json\/wp\/v2\/types\/product"}],"replies":[{"embeddable":true,"href":"https:\/\/superprintpro.com\/fr\/wp-json\/wp\/v2\/comments?post=29864"}],"version-history":[{"count":1,"href":"https:\/\/superprintpro.com\/fr\/wp-json\/wp\/v2\/product\/29864\/revisions"}],"predecessor-version":[{"id":29868,"href":"https:\/\/superprintpro.com\/fr\/wp-json\/wp\/v2\/product\/29864\/revisions\/29868"}],"wp:featuredmedia":[{"embeddable":true,"href":"https:\/\/superprintpro.com\/fr\/wp-json\/wp\/v2\/media\/29867"}],"wp:attachment":[{"href":"https:\/\/superprintpro.com\/fr\/wp-json\/wp\/v2\/media?parent=29864"}],"wp:term":[{"taxonomy":"product_brand","embeddable":true,"href":"https:\/\/superprintpro.com\/fr\/wp-json\/wp\/v2\/product_brand?post=29864"},{"taxonomy":"product_cat","embeddable":true,"href":"https:\/\/superprintpro.com\/fr\/wp-json\/wp\/v2\/product_cat?post=29864"},{"taxonomy":"product_tag","embeddable":true,"href":"https:\/\/superprintpro.com\/fr\/wp-json\/wp\/v2\/product_tag?post=29864"}],"curies":[{"name":"wp","href":"https:\/\/api.w.org\/{rel}","templated":true}]}}