{"id":29854,"date":"2025-08-13T14:32:39","date_gmt":"2025-08-13T06:32:39","guid":{"rendered":"https:\/\/superprintpro.com\/?post_type=product&#038;p=29854"},"modified":"2025-08-13T14:32:39","modified_gmt":"2025-08-13T06:32:39","slug":"dx4-golden-printhead-of-roland-sv-lef2-300-part-number-6000005180","status":"publish","type":"product","link":"https:\/\/superprintpro.com\/fr\/produit\/dx4-golden-printhead-of-roland-sv-lef2-300-part-number-6000005180\/","title":{"rendered":"T\u00eate d'impression DX4 Golden de Roland SV LEF2-300 r\u00e9f\u00e9rence 6000005180"},"content":{"rendered":"<ul>\n<li>Nom du mod\u00e8le de t\u00eate d'impression : DX4 Golden Printhead of Roland SV LEF2-300 - 6000005180<\/li>\n<li>Application imprimantes \u00e0 jet d'encre :  Roland LEF-20, LEF-200, LEF2-200, LEF2-300, LEF-300<\/li>\n<li>Encre compatible avec cette t\u00eate : Encre UV et Eco-Solvant<\/li>\n<li>Description :<br \/>\nIl s'agit d'une t\u00eate d'impression Roland DX4 Golden, sp\u00e9cialement con\u00e7ue pour les imprimantes Roland VersaUV LEF2. Il s'agit de la t\u00eate d'impression Roland d'origine (num\u00e9ro de pi\u00e8ce 6000005180). Son rev\u00eatement sp\u00e9cial r\u00e9siste mieux aux encres UV que les t\u00eates d'impression DX4 standard pour une meilleure long\u00e9vit\u00e9.<br \/>\nNotez que les imprimantes Versa UV avec le firmware 1.4 ou sup\u00e9rieur n'acceptent que la t\u00eate d'impression or 6000005180 DX4, et non les t\u00eates d'impression standard 6000005213 DX4. La t\u00eate d'impression or 6000005180 DX4 peut \u00eatre utilis\u00e9e \u00e0 la place des t\u00eates d'impression standard 6000005213 DX4 sur toutes les imprimantes Roland si l'ancien num\u00e9ro d'identification de la t\u00eate est utilis\u00e9.<\/li>\n<\/ul>","protected":false},"excerpt":{"rendered":"<p>Pour obtenir des d\u00e9tails sur les produits et les derniers devis, veuillez contacter notre responsable des ventes.<\/p>","protected":false},"featured_media":29857,"comment_status":"open","ping_status":"closed","template":"","meta":[],"product_brand":[],"product_cat":[95],"product_tag":[],"class_list":{"0":"post-29854","1":"product","2":"type-product","3":"status-publish","4":"has-post-thumbnail","6":"product_cat-roland-printheads","8":"first","9":"instock","10":"shipping-taxable","11":"purchasable","12":"product-type-simple"},"yoast_head":"<!-- This site is optimized with the Yoast SEO plugin v26.9 - https:\/\/yoast.com\/product\/yoast-seo-wordpress\/ -->\n<title>DX4 Golden Printhead of Roland SV LEF2-300 part number 6000005180 - Amo<\/title>\n<meta name=\"robots\" content=\"index, follow, max-snippet:-1, max-image-preview:large, max-video-preview:-1\" \/>\n<link rel=\"canonical\" href=\"https:\/\/superprintpro.com\/fr\/produit\/dx4-golden-printhead-of-roland-sv-lef2-300-part-number-6000005180\/\" \/>\n<meta property=\"og:locale\" content=\"fr_FR\" \/>\n<meta property=\"og:type\" content=\"article\" \/>\n<meta property=\"og:title\" content=\"DX4 Golden Printhead of Roland SV LEF2-300 part number 6000005180 - Amo\" \/>\n<meta property=\"og:description\" content=\"For product details and the latest quotes, please contact our sales manager\" \/>\n<meta property=\"og:url\" content=\"https:\/\/superprintpro.com\/fr\/produit\/dx4-golden-printhead-of-roland-sv-lef2-300-part-number-6000005180\/\" \/>\n<meta property=\"og:site_name\" content=\"Amo\" \/>\n<meta property=\"og:image\" content=\"https:\/\/superprintpro.com\/wp-content\/uploads\/2025\/08\/dx4-golden-printhead-of-roland-sv-lef2-300-1.jpg\" \/>\n\t<meta property=\"og:image:width\" content=\"500\" \/>\n\t<meta property=\"og:image:height\" content=\"500\" \/>\n\t<meta property=\"og:image:type\" content=\"image\/jpeg\" \/>\n<meta name=\"twitter:card\" content=\"summary_large_image\" \/>\n<meta name=\"twitter:label1\" content=\"Dur\u00e9e de lecture estim\u00e9e\" \/>\n\t<meta name=\"twitter:data1\" content=\"1 minute\" \/>\n<script type=\"application\/ld+json\" class=\"yoast-schema-graph\">{\"@context\":\"https:\/\/schema.org\",\"@graph\":[{\"@type\":\"WebPage\",\"@id\":\"https:\/\/superprintpro.com\/product\/dx4-golden-printhead-of-roland-sv-lef2-300-part-number-6000005180\/\",\"url\":\"https:\/\/superprintpro.com\/product\/dx4-golden-printhead-of-roland-sv-lef2-300-part-number-6000005180\/\",\"name\":\"DX4 Golden Printhead of Roland SV LEF2-300 part number 6000005180 - Amo\",\"isPartOf\":{\"@id\":\"https:\/\/superprintpro.com\/#website\"},\"primaryImageOfPage\":{\"@id\":\"https:\/\/superprintpro.com\/product\/dx4-golden-printhead-of-roland-sv-lef2-300-part-number-6000005180\/#primaryimage\"},\"image\":{\"@id\":\"https:\/\/superprintpro.com\/product\/dx4-golden-printhead-of-roland-sv-lef2-300-part-number-6000005180\/#primaryimage\"},\"thumbnailUrl\":\"https:\/\/superprintpro.com\/wp-content\/uploads\/2025\/08\/dx4-golden-printhead-of-roland-sv-lef2-300-1.jpg\",\"datePublished\":\"2025-08-13T06:32:39+00:00\",\"breadcrumb\":{\"@id\":\"https:\/\/superprintpro.com\/product\/dx4-golden-printhead-of-roland-sv-lef2-300-part-number-6000005180\/#breadcrumb\"},\"inLanguage\":\"fr-FR\",\"potentialAction\":[{\"@type\":\"ReadAction\",\"target\":[\"https:\/\/superprintpro.com\/product\/dx4-golden-printhead-of-roland-sv-lef2-300-part-number-6000005180\/\"]}]},{\"@type\":\"ImageObject\",\"inLanguage\":\"fr-FR\",\"@id\":\"https:\/\/superprintpro.com\/product\/dx4-golden-printhead-of-roland-sv-lef2-300-part-number-6000005180\/#primaryimage\",\"url\":\"https:\/\/superprintpro.com\/wp-content\/uploads\/2025\/08\/dx4-golden-printhead-of-roland-sv-lef2-300-1.jpg\",\"contentUrl\":\"https:\/\/superprintpro.com\/wp-content\/uploads\/2025\/08\/dx4-golden-printhead-of-roland-sv-lef2-300-1.jpg\",\"width\":500,\"height\":500,\"caption\":\"DX4 Golden Printhead of Roland SV LEF2-300 part number 6000005180\"},{\"@type\":\"BreadcrumbList\",\"@id\":\"https:\/\/superprintpro.com\/product\/dx4-golden-printhead-of-roland-sv-lef2-300-part-number-6000005180\/#breadcrumb\",\"itemListElement\":[{\"@type\":\"ListItem\",\"position\":1,\"name\":\"\u9996\u9875\",\"item\":\"https:\/\/superprintpro.com\/\"},{\"@type\":\"ListItem\",\"position\":2,\"name\":\"Shop\",\"item\":\"https:\/\/superprintpro.com\/shop\/\"},{\"@type\":\"ListItem\",\"position\":3,\"name\":\"DX4 Golden Printhead of Roland SV LEF2-300 part number 6000005180\"}]},{\"@type\":\"WebSite\",\"@id\":\"https:\/\/superprintpro.com\/#website\",\"url\":\"https:\/\/superprintpro.com\/\",\"name\":\"Amo\",\"description\":\"\",\"potentialAction\":[{\"@type\":\"SearchAction\",\"target\":{\"@type\":\"EntryPoint\",\"urlTemplate\":\"https:\/\/superprintpro.com\/?s={search_term_string}\"},\"query-input\":{\"@type\":\"PropertyValueSpecification\",\"valueRequired\":true,\"valueName\":\"search_term_string\"}}],\"inLanguage\":\"fr-FR\"}]}<\/script>\n<!-- \/ Yoast SEO plugin. -->","yoast_head_json":{"title":"DX4 Golden Printhead of Roland SV LEF2-300 part number 6000005180 - Amo","robots":{"index":"index","follow":"follow","max-snippet":"max-snippet:-1","max-image-preview":"max-image-preview:large","max-video-preview":"max-video-preview:-1"},"canonical":"https:\/\/superprintpro.com\/fr\/produit\/dx4-golden-printhead-of-roland-sv-lef2-300-part-number-6000005180\/","og_locale":"fr_FR","og_type":"article","og_title":"DX4 Golden Printhead of Roland SV LEF2-300 part number 6000005180 - Amo","og_description":"For product details and the latest quotes, please contact our sales manager","og_url":"https:\/\/superprintpro.com\/fr\/produit\/dx4-golden-printhead-of-roland-sv-lef2-300-part-number-6000005180\/","og_site_name":"Amo","og_image":[{"width":500,"height":500,"url":"https:\/\/superprintpro.com\/wp-content\/uploads\/2025\/08\/dx4-golden-printhead-of-roland-sv-lef2-300-1.jpg","type":"image\/jpeg"}],"twitter_card":"summary_large_image","twitter_misc":{"Dur\u00e9e de lecture estim\u00e9e":"1 minute"},"schema":{"@context":"https:\/\/schema.org","@graph":[{"@type":"WebPage","@id":"https:\/\/superprintpro.com\/product\/dx4-golden-printhead-of-roland-sv-lef2-300-part-number-6000005180\/","url":"https:\/\/superprintpro.com\/product\/dx4-golden-printhead-of-roland-sv-lef2-300-part-number-6000005180\/","name":"DX4 Golden Printhead of Roland SV LEF2-300 part number 6000005180 - Amo","isPartOf":{"@id":"https:\/\/superprintpro.com\/#website"},"primaryImageOfPage":{"@id":"https:\/\/superprintpro.com\/product\/dx4-golden-printhead-of-roland-sv-lef2-300-part-number-6000005180\/#primaryimage"},"image":{"@id":"https:\/\/superprintpro.com\/product\/dx4-golden-printhead-of-roland-sv-lef2-300-part-number-6000005180\/#primaryimage"},"thumbnailUrl":"https:\/\/superprintpro.com\/wp-content\/uploads\/2025\/08\/dx4-golden-printhead-of-roland-sv-lef2-300-1.jpg","datePublished":"2025-08-13T06:32:39+00:00","breadcrumb":{"@id":"https:\/\/superprintpro.com\/product\/dx4-golden-printhead-of-roland-sv-lef2-300-part-number-6000005180\/#breadcrumb"},"inLanguage":"fr-FR","potentialAction":[{"@type":"ReadAction","target":["https:\/\/superprintpro.com\/product\/dx4-golden-printhead-of-roland-sv-lef2-300-part-number-6000005180\/"]}]},{"@type":"ImageObject","inLanguage":"fr-FR","@id":"https:\/\/superprintpro.com\/product\/dx4-golden-printhead-of-roland-sv-lef2-300-part-number-6000005180\/#primaryimage","url":"https:\/\/superprintpro.com\/wp-content\/uploads\/2025\/08\/dx4-golden-printhead-of-roland-sv-lef2-300-1.jpg","contentUrl":"https:\/\/superprintpro.com\/wp-content\/uploads\/2025\/08\/dx4-golden-printhead-of-roland-sv-lef2-300-1.jpg","width":500,"height":500,"caption":"DX4 Golden Printhead of Roland SV LEF2-300 part number 6000005180"},{"@type":"BreadcrumbList","@id":"https:\/\/superprintpro.com\/product\/dx4-golden-printhead-of-roland-sv-lef2-300-part-number-6000005180\/#breadcrumb","itemListElement":[{"@type":"ListItem","position":1,"name":"\u9996\u9875","item":"https:\/\/superprintpro.com\/"},{"@type":"ListItem","position":2,"name":"Shop","item":"https:\/\/superprintpro.com\/shop\/"},{"@type":"ListItem","position":3,"name":"DX4 Golden Printhead of Roland SV LEF2-300 part number 6000005180"}]},{"@type":"WebSite","@id":"https:\/\/superprintpro.com\/#website","url":"https:\/\/superprintpro.com\/","name":"Amo","description":"","potentialAction":[{"@type":"SearchAction","target":{"@type":"EntryPoint","urlTemplate":"https:\/\/superprintpro.com\/?s={search_term_string}"},"query-input":{"@type":"PropertyValueSpecification","valueRequired":true,"valueName":"search_term_string"}}],"inLanguage":"fr-FR"}]}},"_links":{"self":[{"href":"https:\/\/superprintpro.com\/fr\/wp-json\/wp\/v2\/product\/29854","targetHints":{"allow":["GET"]}}],"collection":[{"href":"https:\/\/superprintpro.com\/fr\/wp-json\/wp\/v2\/product"}],"about":[{"href":"https:\/\/superprintpro.com\/fr\/wp-json\/wp\/v2\/types\/product"}],"replies":[{"embeddable":true,"href":"https:\/\/superprintpro.com\/fr\/wp-json\/wp\/v2\/comments?post=29854"}],"version-history":[{"count":1,"href":"https:\/\/superprintpro.com\/fr\/wp-json\/wp\/v2\/product\/29854\/revisions"}],"predecessor-version":[{"id":29858,"href":"https:\/\/superprintpro.com\/fr\/wp-json\/wp\/v2\/product\/29854\/revisions\/29858"}],"wp:featuredmedia":[{"embeddable":true,"href":"https:\/\/superprintpro.com\/fr\/wp-json\/wp\/v2\/media\/29857"}],"wp:attachment":[{"href":"https:\/\/superprintpro.com\/fr\/wp-json\/wp\/v2\/media?parent=29854"}],"wp:term":[{"taxonomy":"product_brand","embeddable":true,"href":"https:\/\/superprintpro.com\/fr\/wp-json\/wp\/v2\/product_brand?post=29854"},{"taxonomy":"product_cat","embeddable":true,"href":"https:\/\/superprintpro.com\/fr\/wp-json\/wp\/v2\/product_cat?post=29854"},{"taxonomy":"product_tag","embeddable":true,"href":"https:\/\/superprintpro.com\/fr\/wp-json\/wp\/v2\/product_tag?post=29854"}],"curies":[{"name":"wp","href":"https:\/\/api.w.org\/{rel}","templated":true}]}}