{"id":29505,"date":"2025-08-10T07:52:27","date_gmt":"2025-08-10T07:52:27","guid":{"rendered":"https:\/\/superprintpro.com\/?post_type=product&#038;p=29505"},"modified":"2025-08-12T09:53:11","modified_gmt":"2025-08-12T09:53:11","slug":"epson-5113-printhead-wf5113-f160210","status":"publish","type":"product","link":"https:\/\/superprintpro.com\/fr\/produit\/epson-5113-printhead-wf5113-f160210\/","title":{"rendered":"T\u00eate d'impression Epson 5113 WF5113 F160210"},"content":{"rendered":"<ul>\n<li class=\"text-capitalize\">T\u00eate d'impression Epson 5113 WF5113 Code:F160210<\/li>\n<li>Nous avons beaucoup de versions diff\u00e9rentes de t\u00eates d'impression 5113 pour les imprimantes \u00e0 jet d'encre chinoises, la plupart pour la sublimation. Nous vous conseillons d'acheter la version cod\u00e9e avec une carte de d\u00e9codage, qui fonctionnera parfaitement quelle que soit la version r\u00e9elle de votre t\u00eate d'impression 5113.<\/li>\n<\/ul>","protected":false},"excerpt":{"rendered":"<p>Pour obtenir des d\u00e9tails sur les produits et les prix les plus r\u00e9cents, veuillez contacter notre service des ventes.<\/p>","protected":false},"featured_media":29661,"comment_status":"open","ping_status":"closed","template":"","meta":[],"product_brand":[],"product_cat":[91],"product_tag":[],"class_list":{"0":"post-29505","1":"product","2":"type-product","3":"status-publish","4":"has-post-thumbnail","6":"product_cat-epson-printheads","8":"first","9":"instock","10":"shipping-taxable","11":"purchasable","12":"product-type-simple"},"yoast_head":"<!-- This site is optimized with the Yoast SEO plugin v26.9 - https:\/\/yoast.com\/product\/yoast-seo-wordpress\/ -->\n<title>Epson 5113 Printhead WF5113 F160210 - Amo<\/title>\n<meta name=\"robots\" content=\"index, follow, max-snippet:-1, max-image-preview:large, max-video-preview:-1\" \/>\n<link rel=\"canonical\" href=\"https:\/\/superprintpro.com\/fr\/produit\/epson-5113-printhead-wf5113-f160210\/\" \/>\n<meta property=\"og:locale\" content=\"fr_FR\" \/>\n<meta property=\"og:type\" content=\"article\" \/>\n<meta property=\"og:title\" content=\"Epson 5113 Printhead WF5113 F160210 - Amo\" \/>\n<meta property=\"og:description\" content=\"For product details and the latest prices please contact our sales manage\" \/>\n<meta property=\"og:url\" content=\"https:\/\/superprintpro.com\/fr\/produit\/epson-5113-printhead-wf5113-f160210\/\" \/>\n<meta property=\"og:site_name\" content=\"Amo\" \/>\n<meta property=\"article:modified_time\" content=\"2025-08-12T09:53:11+00:00\" \/>\n<meta property=\"og:image\" content=\"https:\/\/superprintpro.com\/wp-content\/uploads\/2025\/08\/epson-5113-printhead-wf5113-f160210.jpg\" \/>\n\t<meta property=\"og:image:width\" content=\"500\" \/>\n\t<meta property=\"og:image:height\" content=\"500\" \/>\n\t<meta property=\"og:image:type\" content=\"image\/jpeg\" \/>\n<meta name=\"twitter:card\" content=\"summary_large_image\" \/>\n<script type=\"application\/ld+json\" class=\"yoast-schema-graph\">{\"@context\":\"https:\/\/schema.org\",\"@graph\":[{\"@type\":\"WebPage\",\"@id\":\"https:\/\/superprintpro.com\/product\/epson-5113-printhead-wf5113-f160210\/\",\"url\":\"https:\/\/superprintpro.com\/product\/epson-5113-printhead-wf5113-f160210\/\",\"name\":\"Epson 5113 Printhead WF5113 F160210 - Amo\",\"isPartOf\":{\"@id\":\"https:\/\/superprintpro.com\/#website\"},\"primaryImageOfPage\":{\"@id\":\"https:\/\/superprintpro.com\/product\/epson-5113-printhead-wf5113-f160210\/#primaryimage\"},\"image\":{\"@id\":\"https:\/\/superprintpro.com\/product\/epson-5113-printhead-wf5113-f160210\/#primaryimage\"},\"thumbnailUrl\":\"https:\/\/superprintpro.com\/wp-content\/uploads\/2025\/08\/epson-5113-printhead-wf5113-f160210.jpg\",\"datePublished\":\"2025-08-10T07:52:27+00:00\",\"dateModified\":\"2025-08-12T09:53:11+00:00\",\"breadcrumb\":{\"@id\":\"https:\/\/superprintpro.com\/product\/epson-5113-printhead-wf5113-f160210\/#breadcrumb\"},\"inLanguage\":\"fr-FR\",\"potentialAction\":[{\"@type\":\"ReadAction\",\"target\":[\"https:\/\/superprintpro.com\/product\/epson-5113-printhead-wf5113-f160210\/\"]}]},{\"@type\":\"ImageObject\",\"inLanguage\":\"fr-FR\",\"@id\":\"https:\/\/superprintpro.com\/product\/epson-5113-printhead-wf5113-f160210\/#primaryimage\",\"url\":\"https:\/\/superprintpro.com\/wp-content\/uploads\/2025\/08\/epson-5113-printhead-wf5113-f160210.jpg\",\"contentUrl\":\"https:\/\/superprintpro.com\/wp-content\/uploads\/2025\/08\/epson-5113-printhead-wf5113-f160210.jpg\",\"width\":500,\"height\":500,\"caption\":\"Epson 5113 Printhead WF5113 F160210\"},{\"@type\":\"BreadcrumbList\",\"@id\":\"https:\/\/superprintpro.com\/product\/epson-5113-printhead-wf5113-f160210\/#breadcrumb\",\"itemListElement\":[{\"@type\":\"ListItem\",\"position\":1,\"name\":\"\u9996\u9875\",\"item\":\"https:\/\/superprintpro.com\/\"},{\"@type\":\"ListItem\",\"position\":2,\"name\":\"Shop\",\"item\":\"https:\/\/superprintpro.com\/shop\/\"},{\"@type\":\"ListItem\",\"position\":3,\"name\":\"Epson 5113 Printhead WF5113 F160210\"}]},{\"@type\":\"WebSite\",\"@id\":\"https:\/\/superprintpro.com\/#website\",\"url\":\"https:\/\/superprintpro.com\/\",\"name\":\"Amo\",\"description\":\"\",\"potentialAction\":[{\"@type\":\"SearchAction\",\"target\":{\"@type\":\"EntryPoint\",\"urlTemplate\":\"https:\/\/superprintpro.com\/?s={search_term_string}\"},\"query-input\":{\"@type\":\"PropertyValueSpecification\",\"valueRequired\":true,\"valueName\":\"search_term_string\"}}],\"inLanguage\":\"fr-FR\"}]}<\/script>\n<!-- \/ Yoast SEO plugin. -->","yoast_head_json":{"title":"Epson 5113 Printhead WF5113 F160210 - Amo","robots":{"index":"index","follow":"follow","max-snippet":"max-snippet:-1","max-image-preview":"max-image-preview:large","max-video-preview":"max-video-preview:-1"},"canonical":"https:\/\/superprintpro.com\/fr\/produit\/epson-5113-printhead-wf5113-f160210\/","og_locale":"fr_FR","og_type":"article","og_title":"Epson 5113 Printhead WF5113 F160210 - Amo","og_description":"For product details and the latest prices please contact our sales manage","og_url":"https:\/\/superprintpro.com\/fr\/produit\/epson-5113-printhead-wf5113-f160210\/","og_site_name":"Amo","article_modified_time":"2025-08-12T09:53:11+00:00","og_image":[{"width":500,"height":500,"url":"https:\/\/superprintpro.com\/wp-content\/uploads\/2025\/08\/epson-5113-printhead-wf5113-f160210.jpg","type":"image\/jpeg"}],"twitter_card":"summary_large_image","schema":{"@context":"https:\/\/schema.org","@graph":[{"@type":"WebPage","@id":"https:\/\/superprintpro.com\/product\/epson-5113-printhead-wf5113-f160210\/","url":"https:\/\/superprintpro.com\/product\/epson-5113-printhead-wf5113-f160210\/","name":"Epson 5113 Printhead WF5113 F160210 - Amo","isPartOf":{"@id":"https:\/\/superprintpro.com\/#website"},"primaryImageOfPage":{"@id":"https:\/\/superprintpro.com\/product\/epson-5113-printhead-wf5113-f160210\/#primaryimage"},"image":{"@id":"https:\/\/superprintpro.com\/product\/epson-5113-printhead-wf5113-f160210\/#primaryimage"},"thumbnailUrl":"https:\/\/superprintpro.com\/wp-content\/uploads\/2025\/08\/epson-5113-printhead-wf5113-f160210.jpg","datePublished":"2025-08-10T07:52:27+00:00","dateModified":"2025-08-12T09:53:11+00:00","breadcrumb":{"@id":"https:\/\/superprintpro.com\/product\/epson-5113-printhead-wf5113-f160210\/#breadcrumb"},"inLanguage":"fr-FR","potentialAction":[{"@type":"ReadAction","target":["https:\/\/superprintpro.com\/product\/epson-5113-printhead-wf5113-f160210\/"]}]},{"@type":"ImageObject","inLanguage":"fr-FR","@id":"https:\/\/superprintpro.com\/product\/epson-5113-printhead-wf5113-f160210\/#primaryimage","url":"https:\/\/superprintpro.com\/wp-content\/uploads\/2025\/08\/epson-5113-printhead-wf5113-f160210.jpg","contentUrl":"https:\/\/superprintpro.com\/wp-content\/uploads\/2025\/08\/epson-5113-printhead-wf5113-f160210.jpg","width":500,"height":500,"caption":"Epson 5113 Printhead WF5113 F160210"},{"@type":"BreadcrumbList","@id":"https:\/\/superprintpro.com\/product\/epson-5113-printhead-wf5113-f160210\/#breadcrumb","itemListElement":[{"@type":"ListItem","position":1,"name":"\u9996\u9875","item":"https:\/\/superprintpro.com\/"},{"@type":"ListItem","position":2,"name":"Shop","item":"https:\/\/superprintpro.com\/shop\/"},{"@type":"ListItem","position":3,"name":"Epson 5113 Printhead WF5113 F160210"}]},{"@type":"WebSite","@id":"https:\/\/superprintpro.com\/#website","url":"https:\/\/superprintpro.com\/","name":"Amo","description":"","potentialAction":[{"@type":"SearchAction","target":{"@type":"EntryPoint","urlTemplate":"https:\/\/superprintpro.com\/?s={search_term_string}"},"query-input":{"@type":"PropertyValueSpecification","valueRequired":true,"valueName":"search_term_string"}}],"inLanguage":"fr-FR"}]}},"_links":{"self":[{"href":"https:\/\/superprintpro.com\/fr\/wp-json\/wp\/v2\/product\/29505","targetHints":{"allow":["GET"]}}],"collection":[{"href":"https:\/\/superprintpro.com\/fr\/wp-json\/wp\/v2\/product"}],"about":[{"href":"https:\/\/superprintpro.com\/fr\/wp-json\/wp\/v2\/types\/product"}],"replies":[{"embeddable":true,"href":"https:\/\/superprintpro.com\/fr\/wp-json\/wp\/v2\/comments?post=29505"}],"version-history":[{"count":1,"href":"https:\/\/superprintpro.com\/fr\/wp-json\/wp\/v2\/product\/29505\/revisions"}],"predecessor-version":[{"id":29507,"href":"https:\/\/superprintpro.com\/fr\/wp-json\/wp\/v2\/product\/29505\/revisions\/29507"}],"wp:featuredmedia":[{"embeddable":true,"href":"https:\/\/superprintpro.com\/fr\/wp-json\/wp\/v2\/media\/29661"}],"wp:attachment":[{"href":"https:\/\/superprintpro.com\/fr\/wp-json\/wp\/v2\/media?parent=29505"}],"wp:term":[{"taxonomy":"product_brand","embeddable":true,"href":"https:\/\/superprintpro.com\/fr\/wp-json\/wp\/v2\/product_brand?post=29505"},{"taxonomy":"product_cat","embeddable":true,"href":"https:\/\/superprintpro.com\/fr\/wp-json\/wp\/v2\/product_cat?post=29505"},{"taxonomy":"product_tag","embeddable":true,"href":"https:\/\/superprintpro.com\/fr\/wp-json\/wp\/v2\/product_tag?post=29505"}],"curies":[{"name":"wp","href":"https:\/\/api.w.org\/{rel}","templated":true}]}}