{"id":29410,"date":"2025-08-09T08:41:07","date_gmt":"2025-08-09T08:41:07","guid":{"rendered":"https:\/\/superprintpro.com\/?post_type=product&#038;p=29410"},"modified":"2025-08-16T15:26:46","modified_gmt":"2025-08-16T07:26:46","slug":"hoson-xp600-boards-kit-with-cable-work-for-4-pieces-xp600-printheads","status":"publish","type":"product","link":"https:\/\/superprintpro.com\/fr\/produit\/hoson-xp600-boards-kit-with-cable-work-for-4-pieces-xp600-printheads\/","title":{"rendered":"Kit de cartes Hoson XP600 avec c\u00e2ble pour 4 t\u00eates d'impression XP600"},"content":{"rendered":"<ul>\n<li><b><strong>Kit de cartes pour imprimantes \u00e0 jet d'encre Nom\uff1a<\/strong><\/b>Kit de cartes Hoson XP600 avec c\u00e2ble pour 4 t\u00eates d'impression XP600<\/li>\n<li><b><strong>Logiciel : <\/strong><\/b>Hoson PrintExp<\/li>\n<li><b><strong>Application : <\/strong><\/b>Pour la mise \u00e0 niveau des imprimantes \u00e0 jet d'encre avec 4 t\u00eates d'impression XP600<\/li>\n<li><b><strong>S\u00e9ries d'imprimantes \u00e0 jet d'encre prises en charge : <\/strong><\/b>Pour toutes les imprimantes \u00e0 jet d'encre Roll to Roll<\/li>\n<li><b><strong>Encre support\u00e9e\uff1a<\/strong><\/b>Eco-Solvant, \u00e0 base d'eau (sublimation), UV<\/li>\n<li><b><strong>Couleur d'encre prise en charge<\/strong><\/b><b><strong>\uff1a<\/strong><\/b>CMYK W<\/li>\n<li><b><strong>Commentaire :\u00a0 <\/strong><\/b>Il s'agit d'un kit de cartes et de c\u00e2bles typiquement destin\u00e9 \u00e0 la mise \u00e0 niveau d'une ancienne imprimante chinoise \u00e0 jet d'encre avec un nouveau syst\u00e8me et une nouvelle t\u00eate d'impression. Par exemple, ce kit peut mettre \u00e0 niveau une imprimante \u00e0 jet d'encre \u00e0 \u00e9co-solvant de witcolor, micolor, gongzheng, allwin, galaxy (sid triton) qui est d'origine avec une t\u00eate d'impression DX5 vers une nouvelle imprimante avec une t\u00eate d'impression 4 XP600, ou ce kit peut mettre \u00e0 niveau une imprimante \u00e0 jet d'encre \u00e0 solvant comme infiniti avec seiko spt510 vers un nouveau syst\u00e8me avec une t\u00eate d'impression 4 XP600. Peu importe qu'il s'agisse d'une imprimante \u00e0 \u00e9co-solvant ou \u00e0 solvant, ce kit peut fonctionner pour autant qu'il s'agisse d'un syst\u00e8me rouleau \u00e0 rouleau dans la manipulation du m\u00e9dia.<\/li>\n<\/ul>","protected":false},"excerpt":{"rendered":"<p>Pour obtenir des d\u00e9tails sur les produits et les prix les plus r\u00e9cents, veuillez contacter notre service des ventes.<\/p>","protected":false},"featured_media":30021,"comment_status":"open","ping_status":"closed","template":"","meta":[],"product_brand":[],"product_cat":[86],"product_tag":[],"class_list":{"0":"post-29410","1":"product","2":"type-product","3":"status-publish","4":"has-post-thumbnail","6":"product_cat-inkjet-printer-boards-kit","8":"first","9":"instock","10":"shipping-taxable","11":"purchasable","12":"product-type-simple"},"yoast_head":"<!-- This site is optimized with the Yoast SEO plugin v26.9 - https:\/\/yoast.com\/product\/yoast-seo-wordpress\/ -->\n<title>Hoson XP600 boards kit with cable work for 4 pieces XP600 Printheads - Amo<\/title>\n<meta name=\"robots\" content=\"index, follow, max-snippet:-1, max-image-preview:large, max-video-preview:-1\" \/>\n<link rel=\"canonical\" href=\"https:\/\/superprintpro.com\/fr\/produit\/hoson-xp600-boards-kit-with-cable-work-for-4-pieces-xp600-printheads\/\" \/>\n<meta property=\"og:locale\" content=\"fr_FR\" \/>\n<meta property=\"og:type\" content=\"article\" \/>\n<meta property=\"og:title\" content=\"Hoson XP600 boards kit with cable work for 4 pieces XP600 Printheads - Amo\" \/>\n<meta property=\"og:description\" content=\"For product details and the latest prices please contact our sales manage\" \/>\n<meta property=\"og:url\" content=\"https:\/\/superprintpro.com\/fr\/produit\/hoson-xp600-boards-kit-with-cable-work-for-4-pieces-xp600-printheads\/\" \/>\n<meta property=\"og:site_name\" content=\"Amo\" \/>\n<meta property=\"article:modified_time\" content=\"2025-08-16T07:26:46+00:00\" \/>\n<meta property=\"og:image\" content=\"https:\/\/superprintpro.com\/wp-content\/uploads\/2025\/08\/hoson-xp600-boards-kit-with-cable-work-for-4-pieces-xp600-printheads.jpg\" \/>\n\t<meta property=\"og:image:width\" content=\"800\" \/>\n\t<meta property=\"og:image:height\" content=\"800\" \/>\n\t<meta property=\"og:image:type\" content=\"image\/jpeg\" \/>\n<meta name=\"twitter:card\" content=\"summary_large_image\" \/>\n<meta name=\"twitter:label1\" content=\"Dur\u00e9e de lecture estim\u00e9e\" \/>\n\t<meta name=\"twitter:data1\" content=\"1 minute\" \/>\n<script type=\"application\/ld+json\" class=\"yoast-schema-graph\">{\"@context\":\"https:\/\/schema.org\",\"@graph\":[{\"@type\":\"WebPage\",\"@id\":\"https:\/\/superprintpro.com\/product\/hoson-xp600-boards-kit-with-cable-work-for-4-pieces-xp600-printheads\/\",\"url\":\"https:\/\/superprintpro.com\/product\/hoson-xp600-boards-kit-with-cable-work-for-4-pieces-xp600-printheads\/\",\"name\":\"Hoson XP600 boards kit with cable work for 4 pieces XP600 Printheads - Amo\",\"isPartOf\":{\"@id\":\"https:\/\/superprintpro.com\/#website\"},\"primaryImageOfPage\":{\"@id\":\"https:\/\/superprintpro.com\/product\/hoson-xp600-boards-kit-with-cable-work-for-4-pieces-xp600-printheads\/#primaryimage\"},\"image\":{\"@id\":\"https:\/\/superprintpro.com\/product\/hoson-xp600-boards-kit-with-cable-work-for-4-pieces-xp600-printheads\/#primaryimage\"},\"thumbnailUrl\":\"https:\/\/superprintpro.com\/wp-content\/uploads\/2025\/08\/hoson-xp600-boards-kit-with-cable-work-for-4-pieces-xp600-printheads.jpg\",\"datePublished\":\"2025-08-09T08:41:07+00:00\",\"dateModified\":\"2025-08-16T07:26:46+00:00\",\"breadcrumb\":{\"@id\":\"https:\/\/superprintpro.com\/product\/hoson-xp600-boards-kit-with-cable-work-for-4-pieces-xp600-printheads\/#breadcrumb\"},\"inLanguage\":\"fr-FR\",\"potentialAction\":[{\"@type\":\"ReadAction\",\"target\":[\"https:\/\/superprintpro.com\/product\/hoson-xp600-boards-kit-with-cable-work-for-4-pieces-xp600-printheads\/\"]}]},{\"@type\":\"ImageObject\",\"inLanguage\":\"fr-FR\",\"@id\":\"https:\/\/superprintpro.com\/product\/hoson-xp600-boards-kit-with-cable-work-for-4-pieces-xp600-printheads\/#primaryimage\",\"url\":\"https:\/\/superprintpro.com\/wp-content\/uploads\/2025\/08\/hoson-xp600-boards-kit-with-cable-work-for-4-pieces-xp600-printheads.jpg\",\"contentUrl\":\"https:\/\/superprintpro.com\/wp-content\/uploads\/2025\/08\/hoson-xp600-boards-kit-with-cable-work-for-4-pieces-xp600-printheads.jpg\",\"width\":800,\"height\":800,\"caption\":\"Hoson XP600 boards kit with cable work for 4 pieces XP600 Printheads\"},{\"@type\":\"BreadcrumbList\",\"@id\":\"https:\/\/superprintpro.com\/product\/hoson-xp600-boards-kit-with-cable-work-for-4-pieces-xp600-printheads\/#breadcrumb\",\"itemListElement\":[{\"@type\":\"ListItem\",\"position\":1,\"name\":\"\u9996\u9875\",\"item\":\"https:\/\/superprintpro.com\/\"},{\"@type\":\"ListItem\",\"position\":2,\"name\":\"Shop\",\"item\":\"https:\/\/superprintpro.com\/shop\/\"},{\"@type\":\"ListItem\",\"position\":3,\"name\":\"Hoson XP600 boards kit with cable work for 4 pieces XP600 Printheads\"}]},{\"@type\":\"WebSite\",\"@id\":\"https:\/\/superprintpro.com\/#website\",\"url\":\"https:\/\/superprintpro.com\/\",\"name\":\"Amo\",\"description\":\"\",\"potentialAction\":[{\"@type\":\"SearchAction\",\"target\":{\"@type\":\"EntryPoint\",\"urlTemplate\":\"https:\/\/superprintpro.com\/?s={search_term_string}\"},\"query-input\":{\"@type\":\"PropertyValueSpecification\",\"valueRequired\":true,\"valueName\":\"search_term_string\"}}],\"inLanguage\":\"fr-FR\"}]}<\/script>\n<!-- \/ Yoast SEO plugin. -->","yoast_head_json":{"title":"Hoson XP600 boards kit with cable work for 4 pieces XP600 Printheads - Amo","robots":{"index":"index","follow":"follow","max-snippet":"max-snippet:-1","max-image-preview":"max-image-preview:large","max-video-preview":"max-video-preview:-1"},"canonical":"https:\/\/superprintpro.com\/fr\/produit\/hoson-xp600-boards-kit-with-cable-work-for-4-pieces-xp600-printheads\/","og_locale":"fr_FR","og_type":"article","og_title":"Hoson XP600 boards kit with cable work for 4 pieces XP600 Printheads - Amo","og_description":"For product details and the latest prices please contact our sales manage","og_url":"https:\/\/superprintpro.com\/fr\/produit\/hoson-xp600-boards-kit-with-cable-work-for-4-pieces-xp600-printheads\/","og_site_name":"Amo","article_modified_time":"2025-08-16T07:26:46+00:00","og_image":[{"width":800,"height":800,"url":"https:\/\/superprintpro.com\/wp-content\/uploads\/2025\/08\/hoson-xp600-boards-kit-with-cable-work-for-4-pieces-xp600-printheads.jpg","type":"image\/jpeg"}],"twitter_card":"summary_large_image","twitter_misc":{"Dur\u00e9e de lecture estim\u00e9e":"1 minute"},"schema":{"@context":"https:\/\/schema.org","@graph":[{"@type":"WebPage","@id":"https:\/\/superprintpro.com\/product\/hoson-xp600-boards-kit-with-cable-work-for-4-pieces-xp600-printheads\/","url":"https:\/\/superprintpro.com\/product\/hoson-xp600-boards-kit-with-cable-work-for-4-pieces-xp600-printheads\/","name":"Hoson XP600 boards kit with cable work for 4 pieces XP600 Printheads - Amo","isPartOf":{"@id":"https:\/\/superprintpro.com\/#website"},"primaryImageOfPage":{"@id":"https:\/\/superprintpro.com\/product\/hoson-xp600-boards-kit-with-cable-work-for-4-pieces-xp600-printheads\/#primaryimage"},"image":{"@id":"https:\/\/superprintpro.com\/product\/hoson-xp600-boards-kit-with-cable-work-for-4-pieces-xp600-printheads\/#primaryimage"},"thumbnailUrl":"https:\/\/superprintpro.com\/wp-content\/uploads\/2025\/08\/hoson-xp600-boards-kit-with-cable-work-for-4-pieces-xp600-printheads.jpg","datePublished":"2025-08-09T08:41:07+00:00","dateModified":"2025-08-16T07:26:46+00:00","breadcrumb":{"@id":"https:\/\/superprintpro.com\/product\/hoson-xp600-boards-kit-with-cable-work-for-4-pieces-xp600-printheads\/#breadcrumb"},"inLanguage":"fr-FR","potentialAction":[{"@type":"ReadAction","target":["https:\/\/superprintpro.com\/product\/hoson-xp600-boards-kit-with-cable-work-for-4-pieces-xp600-printheads\/"]}]},{"@type":"ImageObject","inLanguage":"fr-FR","@id":"https:\/\/superprintpro.com\/product\/hoson-xp600-boards-kit-with-cable-work-for-4-pieces-xp600-printheads\/#primaryimage","url":"https:\/\/superprintpro.com\/wp-content\/uploads\/2025\/08\/hoson-xp600-boards-kit-with-cable-work-for-4-pieces-xp600-printheads.jpg","contentUrl":"https:\/\/superprintpro.com\/wp-content\/uploads\/2025\/08\/hoson-xp600-boards-kit-with-cable-work-for-4-pieces-xp600-printheads.jpg","width":800,"height":800,"caption":"Hoson XP600 boards kit with cable work for 4 pieces XP600 Printheads"},{"@type":"BreadcrumbList","@id":"https:\/\/superprintpro.com\/product\/hoson-xp600-boards-kit-with-cable-work-for-4-pieces-xp600-printheads\/#breadcrumb","itemListElement":[{"@type":"ListItem","position":1,"name":"\u9996\u9875","item":"https:\/\/superprintpro.com\/"},{"@type":"ListItem","position":2,"name":"Shop","item":"https:\/\/superprintpro.com\/shop\/"},{"@type":"ListItem","position":3,"name":"Hoson XP600 boards kit with cable work for 4 pieces XP600 Printheads"}]},{"@type":"WebSite","@id":"https:\/\/superprintpro.com\/#website","url":"https:\/\/superprintpro.com\/","name":"Amo","description":"","potentialAction":[{"@type":"SearchAction","target":{"@type":"EntryPoint","urlTemplate":"https:\/\/superprintpro.com\/?s={search_term_string}"},"query-input":{"@type":"PropertyValueSpecification","valueRequired":true,"valueName":"search_term_string"}}],"inLanguage":"fr-FR"}]}},"_links":{"self":[{"href":"https:\/\/superprintpro.com\/fr\/wp-json\/wp\/v2\/product\/29410","targetHints":{"allow":["GET"]}}],"collection":[{"href":"https:\/\/superprintpro.com\/fr\/wp-json\/wp\/v2\/product"}],"about":[{"href":"https:\/\/superprintpro.com\/fr\/wp-json\/wp\/v2\/types\/product"}],"replies":[{"embeddable":true,"href":"https:\/\/superprintpro.com\/fr\/wp-json\/wp\/v2\/comments?post=29410"}],"version-history":[{"count":1,"href":"https:\/\/superprintpro.com\/fr\/wp-json\/wp\/v2\/product\/29410\/revisions"}],"predecessor-version":[{"id":29412,"href":"https:\/\/superprintpro.com\/fr\/wp-json\/wp\/v2\/product\/29410\/revisions\/29412"}],"wp:featuredmedia":[{"embeddable":true,"href":"https:\/\/superprintpro.com\/fr\/wp-json\/wp\/v2\/media\/30021"}],"wp:attachment":[{"href":"https:\/\/superprintpro.com\/fr\/wp-json\/wp\/v2\/media?parent=29410"}],"wp:term":[{"taxonomy":"product_brand","embeddable":true,"href":"https:\/\/superprintpro.com\/fr\/wp-json\/wp\/v2\/product_brand?post=29410"},{"taxonomy":"product_cat","embeddable":true,"href":"https:\/\/superprintpro.com\/fr\/wp-json\/wp\/v2\/product_cat?post=29410"},{"taxonomy":"product_tag","embeddable":true,"href":"https:\/\/superprintpro.com\/fr\/wp-json\/wp\/v2\/product_tag?post=29410"}],"curies":[{"name":"wp","href":"https:\/\/api.w.org\/{rel}","templated":true}]}}