{"id":29392,"date":"2025-08-09T08:16:59","date_gmt":"2025-08-09T08:16:59","guid":{"rendered":"https:\/\/superprintpro.com\/?post_type=product&#038;p=29392"},"modified":"2025-08-16T15:40:52","modified_gmt":"2025-08-16T07:40:52","slug":"hoson-r800-boards-kit-with-cable-work-for-2-piece-r800-flatbed-version","status":"publish","type":"product","link":"https:\/\/superprintpro.com\/fr\/produit\/hoson-r800-boards-kit-with-cable-work-for-2-piece-r800-flatbed-version\/","title":{"rendered":"Kit de planches Hoson R800 avec c\u00e2bles pour 2 pi\u00e8ces R800 Flatbed Version"},"content":{"rendered":"<ul>\n<li><b><strong>Kit de cartes pour imprimantes \u00e0 jet d'encre Nom\uff1a<\/strong><\/b>Kit de planches Hoson R800 avec c\u00e2bles pour 2 pi\u00e8ces R800 Flatbed Version<\/li>\n<li><b><strong>Logiciel :<\/strong><\/b>Hoson PrintExp<\/li>\n<li><b><strong>Application :<\/strong><\/b>Pour la mise \u00e0 niveau d'une imprimante \u00e0 jet d'encre avec 2 t\u00eates d'impression R800<\/li>\n<li><b><strong>S\u00e9ries d'imprimantes \u00e0 jet d'encre prises en charge : <\/strong><\/b>Pour toutes les imprimantes \u00e0 jet d'encre \u00e0 plat (normalement, il s'agit d'une imprimante UV \u00e0 plat avec des t\u00eates seiko\/konica\/ricoh\/dx5 \/spectra \/starfire).<\/li>\n<li><b><strong>Encre support\u00e9e\uff1a<\/strong><\/b>Eco-Solvant, \u00e0 base d'eau (sublimation), UV<\/li>\n<li><b><strong>Couleur d'encre prise en charge<\/strong><\/b><b><strong>\uff1a<\/strong><\/b>CMYK W V<\/li>\n<li><b><strong>Commentaire :<\/strong><\/b>Il s'agit d'un kit de cartes et de c\u00e2bles typiquement destin\u00e9 \u00e0 la mise \u00e0 niveau d'une ancienne imprimante chinoise \u00e0 jet d'encre avec un nouveau syst\u00e8me et une nouvelle t\u00eate d'impression. Ce kit est typiquement destin\u00e9 \u00e0 la mise \u00e0 niveau d'une ancienne imprimante chinoise \u00e0 plat uv, quelle que soit la t\u00eate dont elle \u00e9tait \u00e9quip\u00e9e \u00e0 l'origine, en une nouvelle imprimante \u00e0 plat uv avec une t\u00eate d'impression 2 R800. Il permet \u00e9galement de transformer n'importe laquelle de ces imprimantes \u00e0 plat en une imprimante \u00e0 plat normale \u00e0 \u00e9co-solvant (pas de style uv).<\/li>\n<\/ul>","protected":false},"excerpt":{"rendered":"<p>Pour obtenir des d\u00e9tails sur les produits et les prix les plus r\u00e9cents, veuillez contacter notre service des ventes.<\/p>","protected":false},"featured_media":30027,"comment_status":"open","ping_status":"closed","template":"","meta":[],"product_brand":[],"product_cat":[86],"product_tag":[],"class_list":{"0":"post-29392","1":"product","2":"type-product","3":"status-publish","4":"has-post-thumbnail","6":"product_cat-inkjet-printer-boards-kit","8":"first","9":"instock","10":"shipping-taxable","11":"purchasable","12":"product-type-simple"},"yoast_head":"<!-- This site is optimized with the Yoast SEO plugin v26.9 - https:\/\/yoast.com\/product\/yoast-seo-wordpress\/ -->\n<title>Hoson R800 boards kit with cable work for 2 piece R800 Flatbed Version - Amo<\/title>\n<meta name=\"robots\" content=\"index, follow, max-snippet:-1, max-image-preview:large, max-video-preview:-1\" \/>\n<link rel=\"canonical\" href=\"https:\/\/superprintpro.com\/fr\/produit\/hoson-r800-boards-kit-with-cable-work-for-2-piece-r800-flatbed-version\/\" \/>\n<meta property=\"og:locale\" content=\"fr_FR\" \/>\n<meta property=\"og:type\" content=\"article\" \/>\n<meta property=\"og:title\" content=\"Hoson R800 boards kit with cable work for 2 piece R800 Flatbed Version - Amo\" \/>\n<meta property=\"og:description\" content=\"For product details and the latest prices please contact our sales manage\" \/>\n<meta property=\"og:url\" content=\"https:\/\/superprintpro.com\/fr\/produit\/hoson-r800-boards-kit-with-cable-work-for-2-piece-r800-flatbed-version\/\" \/>\n<meta property=\"og:site_name\" content=\"Amo\" \/>\n<meta property=\"article:modified_time\" content=\"2025-08-16T07:40:52+00:00\" \/>\n<meta property=\"og:image\" content=\"https:\/\/superprintpro.com\/wp-content\/uploads\/2025\/08\/hoson-r800-boards-kit-with-cable-work-for-2-piece-r800-flatbed-version.jpg\" \/>\n\t<meta property=\"og:image:width\" content=\"800\" \/>\n\t<meta property=\"og:image:height\" content=\"800\" \/>\n\t<meta property=\"og:image:type\" content=\"image\/jpeg\" \/>\n<meta name=\"twitter:card\" content=\"summary_large_image\" \/>\n<meta name=\"twitter:label1\" content=\"Dur\u00e9e de lecture estim\u00e9e\" \/>\n\t<meta name=\"twitter:data1\" content=\"1 minute\" \/>\n<script type=\"application\/ld+json\" class=\"yoast-schema-graph\">{\"@context\":\"https:\/\/schema.org\",\"@graph\":[{\"@type\":\"WebPage\",\"@id\":\"https:\/\/superprintpro.com\/product\/hoson-r800-boards-kit-with-cable-work-for-2-piece-r800-flatbed-version\/\",\"url\":\"https:\/\/superprintpro.com\/product\/hoson-r800-boards-kit-with-cable-work-for-2-piece-r800-flatbed-version\/\",\"name\":\"Hoson R800 boards kit with cable work for 2 piece R800 Flatbed Version - Amo\",\"isPartOf\":{\"@id\":\"https:\/\/superprintpro.com\/#website\"},\"primaryImageOfPage\":{\"@id\":\"https:\/\/superprintpro.com\/product\/hoson-r800-boards-kit-with-cable-work-for-2-piece-r800-flatbed-version\/#primaryimage\"},\"image\":{\"@id\":\"https:\/\/superprintpro.com\/product\/hoson-r800-boards-kit-with-cable-work-for-2-piece-r800-flatbed-version\/#primaryimage\"},\"thumbnailUrl\":\"https:\/\/superprintpro.com\/wp-content\/uploads\/2025\/08\/hoson-r800-boards-kit-with-cable-work-for-2-piece-r800-flatbed-version.jpg\",\"datePublished\":\"2025-08-09T08:16:59+00:00\",\"dateModified\":\"2025-08-16T07:40:52+00:00\",\"breadcrumb\":{\"@id\":\"https:\/\/superprintpro.com\/product\/hoson-r800-boards-kit-with-cable-work-for-2-piece-r800-flatbed-version\/#breadcrumb\"},\"inLanguage\":\"fr-FR\",\"potentialAction\":[{\"@type\":\"ReadAction\",\"target\":[\"https:\/\/superprintpro.com\/product\/hoson-r800-boards-kit-with-cable-work-for-2-piece-r800-flatbed-version\/\"]}]},{\"@type\":\"ImageObject\",\"inLanguage\":\"fr-FR\",\"@id\":\"https:\/\/superprintpro.com\/product\/hoson-r800-boards-kit-with-cable-work-for-2-piece-r800-flatbed-version\/#primaryimage\",\"url\":\"https:\/\/superprintpro.com\/wp-content\/uploads\/2025\/08\/hoson-r800-boards-kit-with-cable-work-for-2-piece-r800-flatbed-version.jpg\",\"contentUrl\":\"https:\/\/superprintpro.com\/wp-content\/uploads\/2025\/08\/hoson-r800-boards-kit-with-cable-work-for-2-piece-r800-flatbed-version.jpg\",\"width\":800,\"height\":800,\"caption\":\"Hoson R800 boards kit with cable work for 2 piece R800 Flatbed Version\"},{\"@type\":\"BreadcrumbList\",\"@id\":\"https:\/\/superprintpro.com\/product\/hoson-r800-boards-kit-with-cable-work-for-2-piece-r800-flatbed-version\/#breadcrumb\",\"itemListElement\":[{\"@type\":\"ListItem\",\"position\":1,\"name\":\"\u9996\u9875\",\"item\":\"https:\/\/superprintpro.com\/\"},{\"@type\":\"ListItem\",\"position\":2,\"name\":\"Shop\",\"item\":\"https:\/\/superprintpro.com\/shop\/\"},{\"@type\":\"ListItem\",\"position\":3,\"name\":\"Hoson R800 boards kit with cable work for 2 piece R800 Flatbed Version\"}]},{\"@type\":\"WebSite\",\"@id\":\"https:\/\/superprintpro.com\/#website\",\"url\":\"https:\/\/superprintpro.com\/\",\"name\":\"Amo\",\"description\":\"\",\"potentialAction\":[{\"@type\":\"SearchAction\",\"target\":{\"@type\":\"EntryPoint\",\"urlTemplate\":\"https:\/\/superprintpro.com\/?s={search_term_string}\"},\"query-input\":{\"@type\":\"PropertyValueSpecification\",\"valueRequired\":true,\"valueName\":\"search_term_string\"}}],\"inLanguage\":\"fr-FR\"}]}<\/script>\n<!-- \/ Yoast SEO plugin. -->","yoast_head_json":{"title":"Hoson R800 boards kit with cable work for 2 piece R800 Flatbed Version - Amo","robots":{"index":"index","follow":"follow","max-snippet":"max-snippet:-1","max-image-preview":"max-image-preview:large","max-video-preview":"max-video-preview:-1"},"canonical":"https:\/\/superprintpro.com\/fr\/produit\/hoson-r800-boards-kit-with-cable-work-for-2-piece-r800-flatbed-version\/","og_locale":"fr_FR","og_type":"article","og_title":"Hoson R800 boards kit with cable work for 2 piece R800 Flatbed Version - Amo","og_description":"For product details and the latest prices please contact our sales manage","og_url":"https:\/\/superprintpro.com\/fr\/produit\/hoson-r800-boards-kit-with-cable-work-for-2-piece-r800-flatbed-version\/","og_site_name":"Amo","article_modified_time":"2025-08-16T07:40:52+00:00","og_image":[{"width":800,"height":800,"url":"https:\/\/superprintpro.com\/wp-content\/uploads\/2025\/08\/hoson-r800-boards-kit-with-cable-work-for-2-piece-r800-flatbed-version.jpg","type":"image\/jpeg"}],"twitter_card":"summary_large_image","twitter_misc":{"Dur\u00e9e de lecture estim\u00e9e":"1 minute"},"schema":{"@context":"https:\/\/schema.org","@graph":[{"@type":"WebPage","@id":"https:\/\/superprintpro.com\/product\/hoson-r800-boards-kit-with-cable-work-for-2-piece-r800-flatbed-version\/","url":"https:\/\/superprintpro.com\/product\/hoson-r800-boards-kit-with-cable-work-for-2-piece-r800-flatbed-version\/","name":"Hoson R800 boards kit with cable work for 2 piece R800 Flatbed Version - Amo","isPartOf":{"@id":"https:\/\/superprintpro.com\/#website"},"primaryImageOfPage":{"@id":"https:\/\/superprintpro.com\/product\/hoson-r800-boards-kit-with-cable-work-for-2-piece-r800-flatbed-version\/#primaryimage"},"image":{"@id":"https:\/\/superprintpro.com\/product\/hoson-r800-boards-kit-with-cable-work-for-2-piece-r800-flatbed-version\/#primaryimage"},"thumbnailUrl":"https:\/\/superprintpro.com\/wp-content\/uploads\/2025\/08\/hoson-r800-boards-kit-with-cable-work-for-2-piece-r800-flatbed-version.jpg","datePublished":"2025-08-09T08:16:59+00:00","dateModified":"2025-08-16T07:40:52+00:00","breadcrumb":{"@id":"https:\/\/superprintpro.com\/product\/hoson-r800-boards-kit-with-cable-work-for-2-piece-r800-flatbed-version\/#breadcrumb"},"inLanguage":"fr-FR","potentialAction":[{"@type":"ReadAction","target":["https:\/\/superprintpro.com\/product\/hoson-r800-boards-kit-with-cable-work-for-2-piece-r800-flatbed-version\/"]}]},{"@type":"ImageObject","inLanguage":"fr-FR","@id":"https:\/\/superprintpro.com\/product\/hoson-r800-boards-kit-with-cable-work-for-2-piece-r800-flatbed-version\/#primaryimage","url":"https:\/\/superprintpro.com\/wp-content\/uploads\/2025\/08\/hoson-r800-boards-kit-with-cable-work-for-2-piece-r800-flatbed-version.jpg","contentUrl":"https:\/\/superprintpro.com\/wp-content\/uploads\/2025\/08\/hoson-r800-boards-kit-with-cable-work-for-2-piece-r800-flatbed-version.jpg","width":800,"height":800,"caption":"Hoson R800 boards kit with cable work for 2 piece R800 Flatbed Version"},{"@type":"BreadcrumbList","@id":"https:\/\/superprintpro.com\/product\/hoson-r800-boards-kit-with-cable-work-for-2-piece-r800-flatbed-version\/#breadcrumb","itemListElement":[{"@type":"ListItem","position":1,"name":"\u9996\u9875","item":"https:\/\/superprintpro.com\/"},{"@type":"ListItem","position":2,"name":"Shop","item":"https:\/\/superprintpro.com\/shop\/"},{"@type":"ListItem","position":3,"name":"Hoson R800 boards kit with cable work for 2 piece R800 Flatbed Version"}]},{"@type":"WebSite","@id":"https:\/\/superprintpro.com\/#website","url":"https:\/\/superprintpro.com\/","name":"Amo","description":"","potentialAction":[{"@type":"SearchAction","target":{"@type":"EntryPoint","urlTemplate":"https:\/\/superprintpro.com\/?s={search_term_string}"},"query-input":{"@type":"PropertyValueSpecification","valueRequired":true,"valueName":"search_term_string"}}],"inLanguage":"fr-FR"}]}},"_links":{"self":[{"href":"https:\/\/superprintpro.com\/fr\/wp-json\/wp\/v2\/product\/29392","targetHints":{"allow":["GET"]}}],"collection":[{"href":"https:\/\/superprintpro.com\/fr\/wp-json\/wp\/v2\/product"}],"about":[{"href":"https:\/\/superprintpro.com\/fr\/wp-json\/wp\/v2\/types\/product"}],"replies":[{"embeddable":true,"href":"https:\/\/superprintpro.com\/fr\/wp-json\/wp\/v2\/comments?post=29392"}],"version-history":[{"count":1,"href":"https:\/\/superprintpro.com\/fr\/wp-json\/wp\/v2\/product\/29392\/revisions"}],"predecessor-version":[{"id":29394,"href":"https:\/\/superprintpro.com\/fr\/wp-json\/wp\/v2\/product\/29392\/revisions\/29394"}],"wp:featuredmedia":[{"embeddable":true,"href":"https:\/\/superprintpro.com\/fr\/wp-json\/wp\/v2\/media\/30027"}],"wp:attachment":[{"href":"https:\/\/superprintpro.com\/fr\/wp-json\/wp\/v2\/media?parent=29392"}],"wp:term":[{"taxonomy":"product_brand","embeddable":true,"href":"https:\/\/superprintpro.com\/fr\/wp-json\/wp\/v2\/product_brand?post=29392"},{"taxonomy":"product_cat","embeddable":true,"href":"https:\/\/superprintpro.com\/fr\/wp-json\/wp\/v2\/product_cat?post=29392"},{"taxonomy":"product_tag","embeddable":true,"href":"https:\/\/superprintpro.com\/fr\/wp-json\/wp\/v2\/product_tag?post=29392"}],"curies":[{"name":"wp","href":"https:\/\/api.w.org\/{rel}","templated":true}]}}