{"id":29385,"date":"2025-08-09T08:08:00","date_gmt":"2025-08-09T08:08:00","guid":{"rendered":"https:\/\/superprintpro.com\/?post_type=product&#038;p=29385"},"modified":"2025-08-16T15:55:21","modified_gmt":"2025-08-16T07:55:21","slug":"hoson-i3200-boards-kit-with-cable-work-for-2-pieces-i3200","status":"publish","type":"product","link":"https:\/\/superprintpro.com\/fr\/produit\/hoson-i3200-boards-kit-with-cable-work-for-2-pieces-i3200\/","title":{"rendered":"Kit de cartes Hoson i3200 avec c\u00e2ble pour 2 pi\u00e8ces i3200"},"content":{"rendered":"<p>Kit de cartes pour imprimantes \u00e0 jet d'encre Nom\uff1a<br \/>\nKit de cartes Hoson i3200 avec c\u00e2ble pour 2 pi\u00e8ces i3200<br \/>\nLogiciel :<br \/>\nHoson PrintExp<br \/>\nApplication :<br \/>\nPour la mise \u00e0 niveau d'une imprimante \u00e0 jet d'encre avec 2 t\u00eates d'impression i3200<br \/>\nS\u00e9ries d'imprimantes \u00e0 jet d'encre prises en charge :<br \/>\nPour toutes les imprimantes \u00e0 jet d'encre Roll to Roll<br \/>\nEncre support\u00e9e\uff1a<br \/>\nEco-Solvant, \u00e0 base d'eau (sublimation), UV<br \/>\nCouleur d'encre prise en charge\uff1a<br \/>\nCMYK W<br \/>\nCommentaire :<br \/>\nIl s'agit d'un kit de cartes et de c\u00e2bles typiquement destin\u00e9 \u00e0 la mise \u00e0 niveau d'une ancienne imprimante chinoise \u00e0 jet d'encre avec un nouveau syst\u00e8me et une nouvelle t\u00eate d'impression. Par exemple, ce kit peut mettre \u00e0 niveau une imprimante \u00e0 jet d'encre \u00e0 \u00e9co-solvant de witcolor, micolor, gongzheng, allwin, galaxy (sid triton) qui est d'origine avec une t\u00eate d'impression DX5 vers une nouvelle imprimante avec 2 t\u00eates d'impression i3200, ou ce kit peut mettre \u00e0 niveau une imprimante \u00e0 jet d'encre \u00e0 solvant comme infiniti avec seiko spt510 vers un nouveau syst\u00e8me avec 2 t\u00eates d'impression i3200. Peu importe qu'il s'agisse d'une imprimante \u00e0 \u00e9co-solvant ou \u00e0 solvant, ce kit peut fonctionner pour autant qu'il s'agisse d'un syst\u00e8me rouleau \u00e0 rouleau dans la manipulation du m\u00e9dia.<\/p>","protected":false},"excerpt":{"rendered":"<p>Pour obtenir des d\u00e9tails sur les produits et les derniers devis, veuillez contacter notre responsable des ventes.<\/p>","protected":false},"featured_media":30030,"comment_status":"open","ping_status":"closed","template":"","meta":[],"product_brand":[],"product_cat":[86],"product_tag":[],"class_list":{"0":"post-29385","1":"product","2":"type-product","3":"status-publish","4":"has-post-thumbnail","6":"product_cat-inkjet-printer-boards-kit","8":"first","9":"instock","10":"shipping-taxable","11":"purchasable","12":"product-type-simple"},"yoast_head":"<!-- This site is optimized with the Yoast SEO plugin v26.9 - https:\/\/yoast.com\/product\/yoast-seo-wordpress\/ -->\n<title>Hoson i3200 boards kit with cable work for 2 pieces i3200 - Amo<\/title>\n<meta name=\"robots\" content=\"index, follow, max-snippet:-1, max-image-preview:large, max-video-preview:-1\" \/>\n<link rel=\"canonical\" href=\"https:\/\/superprintpro.com\/fr\/produit\/hoson-i3200-boards-kit-with-cable-work-for-2-pieces-i3200\/\" \/>\n<meta property=\"og:locale\" content=\"fr_FR\" \/>\n<meta property=\"og:type\" content=\"article\" \/>\n<meta property=\"og:title\" content=\"Hoson i3200 boards kit with cable work for 2 pieces i3200 - Amo\" \/>\n<meta property=\"og:description\" content=\"For product details and the latest quotes, please contact our sales manager\" \/>\n<meta property=\"og:url\" content=\"https:\/\/superprintpro.com\/fr\/produit\/hoson-i3200-boards-kit-with-cable-work-for-2-pieces-i3200\/\" \/>\n<meta property=\"og:site_name\" content=\"Amo\" \/>\n<meta property=\"article:modified_time\" content=\"2025-08-16T07:55:21+00:00\" \/>\n<meta property=\"og:image\" content=\"https:\/\/superprintpro.com\/wp-content\/uploads\/2025\/08\/hoson-i3200-boards-kit-with-cable-work-for-2-pieces-i3200.jpg\" \/>\n\t<meta property=\"og:image:width\" content=\"800\" \/>\n\t<meta property=\"og:image:height\" content=\"800\" \/>\n\t<meta property=\"og:image:type\" content=\"image\/jpeg\" \/>\n<meta name=\"twitter:card\" content=\"summary_large_image\" \/>\n<meta name=\"twitter:label1\" content=\"Dur\u00e9e de lecture estim\u00e9e\" \/>\n\t<meta name=\"twitter:data1\" content=\"1 minute\" \/>\n<script type=\"application\/ld+json\" class=\"yoast-schema-graph\">{\"@context\":\"https:\/\/schema.org\",\"@graph\":[{\"@type\":\"WebPage\",\"@id\":\"https:\/\/superprintpro.com\/product\/hoson-i3200-boards-kit-with-cable-work-for-2-pieces-i3200\/\",\"url\":\"https:\/\/superprintpro.com\/product\/hoson-i3200-boards-kit-with-cable-work-for-2-pieces-i3200\/\",\"name\":\"Hoson i3200 boards kit with cable work for 2 pieces i3200 - Amo\",\"isPartOf\":{\"@id\":\"https:\/\/superprintpro.com\/#website\"},\"primaryImageOfPage\":{\"@id\":\"https:\/\/superprintpro.com\/product\/hoson-i3200-boards-kit-with-cable-work-for-2-pieces-i3200\/#primaryimage\"},\"image\":{\"@id\":\"https:\/\/superprintpro.com\/product\/hoson-i3200-boards-kit-with-cable-work-for-2-pieces-i3200\/#primaryimage\"},\"thumbnailUrl\":\"https:\/\/superprintpro.com\/wp-content\/uploads\/2025\/08\/hoson-i3200-boards-kit-with-cable-work-for-2-pieces-i3200.jpg\",\"datePublished\":\"2025-08-09T08:08:00+00:00\",\"dateModified\":\"2025-08-16T07:55:21+00:00\",\"breadcrumb\":{\"@id\":\"https:\/\/superprintpro.com\/product\/hoson-i3200-boards-kit-with-cable-work-for-2-pieces-i3200\/#breadcrumb\"},\"inLanguage\":\"fr-FR\",\"potentialAction\":[{\"@type\":\"ReadAction\",\"target\":[\"https:\/\/superprintpro.com\/product\/hoson-i3200-boards-kit-with-cable-work-for-2-pieces-i3200\/\"]}]},{\"@type\":\"ImageObject\",\"inLanguage\":\"fr-FR\",\"@id\":\"https:\/\/superprintpro.com\/product\/hoson-i3200-boards-kit-with-cable-work-for-2-pieces-i3200\/#primaryimage\",\"url\":\"https:\/\/superprintpro.com\/wp-content\/uploads\/2025\/08\/hoson-i3200-boards-kit-with-cable-work-for-2-pieces-i3200.jpg\",\"contentUrl\":\"https:\/\/superprintpro.com\/wp-content\/uploads\/2025\/08\/hoson-i3200-boards-kit-with-cable-work-for-2-pieces-i3200.jpg\",\"width\":800,\"height\":800,\"caption\":\"Hoson i3200 boards kit with cable work for 2 pieces i3200\"},{\"@type\":\"BreadcrumbList\",\"@id\":\"https:\/\/superprintpro.com\/product\/hoson-i3200-boards-kit-with-cable-work-for-2-pieces-i3200\/#breadcrumb\",\"itemListElement\":[{\"@type\":\"ListItem\",\"position\":1,\"name\":\"\u9996\u9875\",\"item\":\"https:\/\/superprintpro.com\/\"},{\"@type\":\"ListItem\",\"position\":2,\"name\":\"Shop\",\"item\":\"https:\/\/superprintpro.com\/shop\/\"},{\"@type\":\"ListItem\",\"position\":3,\"name\":\"Hoson i3200 boards kit with cable work for 2 pieces i3200\"}]},{\"@type\":\"WebSite\",\"@id\":\"https:\/\/superprintpro.com\/#website\",\"url\":\"https:\/\/superprintpro.com\/\",\"name\":\"Amo\",\"description\":\"\",\"potentialAction\":[{\"@type\":\"SearchAction\",\"target\":{\"@type\":\"EntryPoint\",\"urlTemplate\":\"https:\/\/superprintpro.com\/?s={search_term_string}\"},\"query-input\":{\"@type\":\"PropertyValueSpecification\",\"valueRequired\":true,\"valueName\":\"search_term_string\"}}],\"inLanguage\":\"fr-FR\"}]}<\/script>\n<!-- \/ Yoast SEO plugin. -->","yoast_head_json":{"title":"Hoson i3200 boards kit with cable work for 2 pieces i3200 - Amo","robots":{"index":"index","follow":"follow","max-snippet":"max-snippet:-1","max-image-preview":"max-image-preview:large","max-video-preview":"max-video-preview:-1"},"canonical":"https:\/\/superprintpro.com\/fr\/produit\/hoson-i3200-boards-kit-with-cable-work-for-2-pieces-i3200\/","og_locale":"fr_FR","og_type":"article","og_title":"Hoson i3200 boards kit with cable work for 2 pieces i3200 - Amo","og_description":"For product details and the latest quotes, please contact our sales manager","og_url":"https:\/\/superprintpro.com\/fr\/produit\/hoson-i3200-boards-kit-with-cable-work-for-2-pieces-i3200\/","og_site_name":"Amo","article_modified_time":"2025-08-16T07:55:21+00:00","og_image":[{"width":800,"height":800,"url":"https:\/\/superprintpro.com\/wp-content\/uploads\/2025\/08\/hoson-i3200-boards-kit-with-cable-work-for-2-pieces-i3200.jpg","type":"image\/jpeg"}],"twitter_card":"summary_large_image","twitter_misc":{"Dur\u00e9e de lecture estim\u00e9e":"1 minute"},"schema":{"@context":"https:\/\/schema.org","@graph":[{"@type":"WebPage","@id":"https:\/\/superprintpro.com\/product\/hoson-i3200-boards-kit-with-cable-work-for-2-pieces-i3200\/","url":"https:\/\/superprintpro.com\/product\/hoson-i3200-boards-kit-with-cable-work-for-2-pieces-i3200\/","name":"Hoson i3200 boards kit with cable work for 2 pieces i3200 - Amo","isPartOf":{"@id":"https:\/\/superprintpro.com\/#website"},"primaryImageOfPage":{"@id":"https:\/\/superprintpro.com\/product\/hoson-i3200-boards-kit-with-cable-work-for-2-pieces-i3200\/#primaryimage"},"image":{"@id":"https:\/\/superprintpro.com\/product\/hoson-i3200-boards-kit-with-cable-work-for-2-pieces-i3200\/#primaryimage"},"thumbnailUrl":"https:\/\/superprintpro.com\/wp-content\/uploads\/2025\/08\/hoson-i3200-boards-kit-with-cable-work-for-2-pieces-i3200.jpg","datePublished":"2025-08-09T08:08:00+00:00","dateModified":"2025-08-16T07:55:21+00:00","breadcrumb":{"@id":"https:\/\/superprintpro.com\/product\/hoson-i3200-boards-kit-with-cable-work-for-2-pieces-i3200\/#breadcrumb"},"inLanguage":"fr-FR","potentialAction":[{"@type":"ReadAction","target":["https:\/\/superprintpro.com\/product\/hoson-i3200-boards-kit-with-cable-work-for-2-pieces-i3200\/"]}]},{"@type":"ImageObject","inLanguage":"fr-FR","@id":"https:\/\/superprintpro.com\/product\/hoson-i3200-boards-kit-with-cable-work-for-2-pieces-i3200\/#primaryimage","url":"https:\/\/superprintpro.com\/wp-content\/uploads\/2025\/08\/hoson-i3200-boards-kit-with-cable-work-for-2-pieces-i3200.jpg","contentUrl":"https:\/\/superprintpro.com\/wp-content\/uploads\/2025\/08\/hoson-i3200-boards-kit-with-cable-work-for-2-pieces-i3200.jpg","width":800,"height":800,"caption":"Hoson i3200 boards kit with cable work for 2 pieces i3200"},{"@type":"BreadcrumbList","@id":"https:\/\/superprintpro.com\/product\/hoson-i3200-boards-kit-with-cable-work-for-2-pieces-i3200\/#breadcrumb","itemListElement":[{"@type":"ListItem","position":1,"name":"\u9996\u9875","item":"https:\/\/superprintpro.com\/"},{"@type":"ListItem","position":2,"name":"Shop","item":"https:\/\/superprintpro.com\/shop\/"},{"@type":"ListItem","position":3,"name":"Hoson i3200 boards kit with cable work for 2 pieces i3200"}]},{"@type":"WebSite","@id":"https:\/\/superprintpro.com\/#website","url":"https:\/\/superprintpro.com\/","name":"Amo","description":"","potentialAction":[{"@type":"SearchAction","target":{"@type":"EntryPoint","urlTemplate":"https:\/\/superprintpro.com\/?s={search_term_string}"},"query-input":{"@type":"PropertyValueSpecification","valueRequired":true,"valueName":"search_term_string"}}],"inLanguage":"fr-FR"}]}},"_links":{"self":[{"href":"https:\/\/superprintpro.com\/fr\/wp-json\/wp\/v2\/product\/29385","targetHints":{"allow":["GET"]}}],"collection":[{"href":"https:\/\/superprintpro.com\/fr\/wp-json\/wp\/v2\/product"}],"about":[{"href":"https:\/\/superprintpro.com\/fr\/wp-json\/wp\/v2\/types\/product"}],"replies":[{"embeddable":true,"href":"https:\/\/superprintpro.com\/fr\/wp-json\/wp\/v2\/comments?post=29385"}],"version-history":[{"count":3,"href":"https:\/\/superprintpro.com\/fr\/wp-json\/wp\/v2\/product\/29385\/revisions"}],"predecessor-version":[{"id":30031,"href":"https:\/\/superprintpro.com\/fr\/wp-json\/wp\/v2\/product\/29385\/revisions\/30031"}],"wp:featuredmedia":[{"embeddable":true,"href":"https:\/\/superprintpro.com\/fr\/wp-json\/wp\/v2\/media\/30030"}],"wp:attachment":[{"href":"https:\/\/superprintpro.com\/fr\/wp-json\/wp\/v2\/media?parent=29385"}],"wp:term":[{"taxonomy":"product_brand","embeddable":true,"href":"https:\/\/superprintpro.com\/fr\/wp-json\/wp\/v2\/product_brand?post=29385"},{"taxonomy":"product_cat","embeddable":true,"href":"https:\/\/superprintpro.com\/fr\/wp-json\/wp\/v2\/product_cat?post=29385"},{"taxonomy":"product_tag","embeddable":true,"href":"https:\/\/superprintpro.com\/fr\/wp-json\/wp\/v2\/product_tag?post=29385"}],"curies":[{"name":"wp","href":"https:\/\/api.w.org\/{rel}","templated":true}]}}