{"id":29370,"date":"2025-08-09T07:41:19","date_gmt":"2025-08-09T07:41:19","guid":{"rendered":"https:\/\/superprintpro.com\/?post_type=product&#038;p=29370"},"modified":"2025-08-16T16:01:50","modified_gmt":"2025-08-16T08:01:50","slug":"hoson-i3200-4720-boards-kit-with-cable-work-for-4-pieces-i3200-or-4720-heads","status":"publish","type":"product","link":"https:\/\/superprintpro.com\/fr\/produit\/hoson-i3200-4720-boards-kit-with-cable-work-for-4-pieces-i3200-or-4720-heads\/","title":{"rendered":"Kit de cartes Hoson i3200 4720 avec c\u00e2ble pour 4 t\u00eates i3200 ou 4720"},"content":{"rendered":"<ul>\n<li><b><strong>Kit de cartes pour imprimantes \u00e0 jet d'encre Nom\uff1a<\/strong><\/b>Kit de cartes Hoson i3200 4720 avec c\u00e2ble pour 4 t\u00eates i3200 ou 4720<\/li>\n<li><b><strong>Logiciel :<\/strong><\/b>Hoson PrintExp<\/li>\n<li><b><strong>Application :<\/strong><\/b>Pour la mise \u00e0 niveau des imprimantes \u00e0 jet d'encre avec 4 t\u00eates d'impression i3200 ou 4 t\u00eates d'impression 4720<\/li>\n<li><b><strong>S\u00e9ries d'imprimantes \u00e0 jet d'encre prises en charge :<\/strong><\/b>Pour toutes les imprimantes \u00e0 jet d'encre Roll to Roll<\/li>\n<li><b><strong>Encre support\u00e9e\uff1a<\/strong><\/b>Eco-Solvant, \u00e0 base d'eau (sublimation), UV<\/li>\n<li><b><strong>Couleur d'encre prise en charge<\/strong><\/b><b><strong>\uff1a<\/strong><\/b>CMYK W<\/li>\n<li><b><strong>Commentaire :<\/strong><\/b>Il s'agit d'un kit de cartes et de c\u00e2bles typiquement destin\u00e9 \u00e0 la mise \u00e0 niveau d'une ancienne imprimante chinoise \u00e0 jet d'encre avec un nouveau syst\u00e8me et une nouvelle t\u00eate d'impression. Par exemple, ce kit peut mettre \u00e0 niveau une imprimante \u00e0 jet d'encre \u00e0 \u00e9co-solvant de witcolor, micolor, gongzheng, allwin, galaxy (sid triton) qui est d'origine avec une t\u00eate d'impression DX5 vers une nouvelle imprimante avec 4 t\u00eates d'impression i3200 ou 4 t\u00eates 4720, ou ce kit peut mettre \u00e0 niveau une imprimante \u00e0 jet d'encre \u00e0 solvant comme infiniti avec seiko spt510 vers un nouveau syst\u00e8me avec 4 t\u00eates d'impression i3200 ou 4720n. Peu importe qu'il s'agisse d'une imprimante \u00e9co-solvant ou solvant, ce kit peut fonctionner pour autant qu'il s'agisse d'un syst\u00e8me rouleau \u00e0 rouleau dans la manipulation du m\u00e9dia.<\/li>\n<\/ul>","protected":false},"excerpt":{"rendered":"<p>Pour obtenir des d\u00e9tails sur les produits et les prix les plus r\u00e9cents, veuillez contacter notre service des ventes.<\/p>","protected":false},"featured_media":30034,"comment_status":"open","ping_status":"closed","template":"","meta":[],"product_brand":[],"product_cat":[86],"product_tag":[],"class_list":{"0":"post-29370","1":"product","2":"type-product","3":"status-publish","4":"has-post-thumbnail","6":"product_cat-inkjet-printer-boards-kit","8":"first","9":"instock","10":"shipping-taxable","11":"purchasable","12":"product-type-simple"},"yoast_head":"<!-- This site is optimized with the Yoast SEO plugin v26.9 - https:\/\/yoast.com\/product\/yoast-seo-wordpress\/ -->\n<title>Hoson i3200 4720 boards kit with cable work for 4 pieces i3200 or 4720 heads - Amo<\/title>\n<meta name=\"robots\" content=\"index, follow, max-snippet:-1, max-image-preview:large, max-video-preview:-1\" \/>\n<link rel=\"canonical\" href=\"https:\/\/superprintpro.com\/fr\/produit\/hoson-i3200-4720-boards-kit-with-cable-work-for-4-pieces-i3200-or-4720-heads\/\" \/>\n<meta property=\"og:locale\" content=\"fr_FR\" \/>\n<meta property=\"og:type\" content=\"article\" \/>\n<meta property=\"og:title\" content=\"Hoson i3200 4720 boards kit with cable work for 4 pieces i3200 or 4720 heads - Amo\" \/>\n<meta property=\"og:description\" content=\"For product details and the latest prices please contact our sales manage\" \/>\n<meta property=\"og:url\" content=\"https:\/\/superprintpro.com\/fr\/produit\/hoson-i3200-4720-boards-kit-with-cable-work-for-4-pieces-i3200-or-4720-heads\/\" \/>\n<meta property=\"og:site_name\" content=\"Amo\" \/>\n<meta property=\"article:modified_time\" content=\"2025-08-16T08:01:50+00:00\" \/>\n<meta property=\"og:image\" content=\"https:\/\/superprintpro.com\/wp-content\/uploads\/2025\/08\/hoson-i3200-4720-boards-kit-with-cable-work-for-4-pieces-i3200-or-4720-heads.jpg\" \/>\n\t<meta property=\"og:image:width\" content=\"800\" \/>\n\t<meta property=\"og:image:height\" content=\"800\" \/>\n\t<meta property=\"og:image:type\" content=\"image\/jpeg\" \/>\n<meta name=\"twitter:card\" content=\"summary_large_image\" \/>\n<meta name=\"twitter:label1\" content=\"Dur\u00e9e de lecture estim\u00e9e\" \/>\n\t<meta name=\"twitter:data1\" content=\"1 minute\" \/>\n<script type=\"application\/ld+json\" class=\"yoast-schema-graph\">{\"@context\":\"https:\/\/schema.org\",\"@graph\":[{\"@type\":\"WebPage\",\"@id\":\"https:\/\/superprintpro.com\/product\/hoson-i3200-4720-boards-kit-with-cable-work-for-4-pieces-i3200-or-4720-heads\/\",\"url\":\"https:\/\/superprintpro.com\/product\/hoson-i3200-4720-boards-kit-with-cable-work-for-4-pieces-i3200-or-4720-heads\/\",\"name\":\"Hoson i3200 4720 boards kit with cable work for 4 pieces i3200 or 4720 heads - Amo\",\"isPartOf\":{\"@id\":\"https:\/\/superprintpro.com\/#website\"},\"primaryImageOfPage\":{\"@id\":\"https:\/\/superprintpro.com\/product\/hoson-i3200-4720-boards-kit-with-cable-work-for-4-pieces-i3200-or-4720-heads\/#primaryimage\"},\"image\":{\"@id\":\"https:\/\/superprintpro.com\/product\/hoson-i3200-4720-boards-kit-with-cable-work-for-4-pieces-i3200-or-4720-heads\/#primaryimage\"},\"thumbnailUrl\":\"https:\/\/superprintpro.com\/wp-content\/uploads\/2025\/08\/hoson-i3200-4720-boards-kit-with-cable-work-for-4-pieces-i3200-or-4720-heads.jpg\",\"datePublished\":\"2025-08-09T07:41:19+00:00\",\"dateModified\":\"2025-08-16T08:01:50+00:00\",\"breadcrumb\":{\"@id\":\"https:\/\/superprintpro.com\/product\/hoson-i3200-4720-boards-kit-with-cable-work-for-4-pieces-i3200-or-4720-heads\/#breadcrumb\"},\"inLanguage\":\"fr-FR\",\"potentialAction\":[{\"@type\":\"ReadAction\",\"target\":[\"https:\/\/superprintpro.com\/product\/hoson-i3200-4720-boards-kit-with-cable-work-for-4-pieces-i3200-or-4720-heads\/\"]}]},{\"@type\":\"ImageObject\",\"inLanguage\":\"fr-FR\",\"@id\":\"https:\/\/superprintpro.com\/product\/hoson-i3200-4720-boards-kit-with-cable-work-for-4-pieces-i3200-or-4720-heads\/#primaryimage\",\"url\":\"https:\/\/superprintpro.com\/wp-content\/uploads\/2025\/08\/hoson-i3200-4720-boards-kit-with-cable-work-for-4-pieces-i3200-or-4720-heads.jpg\",\"contentUrl\":\"https:\/\/superprintpro.com\/wp-content\/uploads\/2025\/08\/hoson-i3200-4720-boards-kit-with-cable-work-for-4-pieces-i3200-or-4720-heads.jpg\",\"width\":800,\"height\":800,\"caption\":\"Hoson i3200 4720 boards kit with cable work for 4 pieces i3200 or 4720 heads\"},{\"@type\":\"BreadcrumbList\",\"@id\":\"https:\/\/superprintpro.com\/product\/hoson-i3200-4720-boards-kit-with-cable-work-for-4-pieces-i3200-or-4720-heads\/#breadcrumb\",\"itemListElement\":[{\"@type\":\"ListItem\",\"position\":1,\"name\":\"\u9996\u9875\",\"item\":\"https:\/\/superprintpro.com\/\"},{\"@type\":\"ListItem\",\"position\":2,\"name\":\"Shop\",\"item\":\"https:\/\/superprintpro.com\/shop\/\"},{\"@type\":\"ListItem\",\"position\":3,\"name\":\"Hoson i3200 4720 boards kit with cable work for 4 pieces i3200 or 4720 heads\"}]},{\"@type\":\"WebSite\",\"@id\":\"https:\/\/superprintpro.com\/#website\",\"url\":\"https:\/\/superprintpro.com\/\",\"name\":\"Amo\",\"description\":\"\",\"potentialAction\":[{\"@type\":\"SearchAction\",\"target\":{\"@type\":\"EntryPoint\",\"urlTemplate\":\"https:\/\/superprintpro.com\/?s={search_term_string}\"},\"query-input\":{\"@type\":\"PropertyValueSpecification\",\"valueRequired\":true,\"valueName\":\"search_term_string\"}}],\"inLanguage\":\"fr-FR\"}]}<\/script>\n<!-- \/ Yoast SEO plugin. -->","yoast_head_json":{"title":"Hoson i3200 4720 boards kit with cable work for 4 pieces i3200 or 4720 heads - Amo","robots":{"index":"index","follow":"follow","max-snippet":"max-snippet:-1","max-image-preview":"max-image-preview:large","max-video-preview":"max-video-preview:-1"},"canonical":"https:\/\/superprintpro.com\/fr\/produit\/hoson-i3200-4720-boards-kit-with-cable-work-for-4-pieces-i3200-or-4720-heads\/","og_locale":"fr_FR","og_type":"article","og_title":"Hoson i3200 4720 boards kit with cable work for 4 pieces i3200 or 4720 heads - Amo","og_description":"For product details and the latest prices please contact our sales manage","og_url":"https:\/\/superprintpro.com\/fr\/produit\/hoson-i3200-4720-boards-kit-with-cable-work-for-4-pieces-i3200-or-4720-heads\/","og_site_name":"Amo","article_modified_time":"2025-08-16T08:01:50+00:00","og_image":[{"width":800,"height":800,"url":"https:\/\/superprintpro.com\/wp-content\/uploads\/2025\/08\/hoson-i3200-4720-boards-kit-with-cable-work-for-4-pieces-i3200-or-4720-heads.jpg","type":"image\/jpeg"}],"twitter_card":"summary_large_image","twitter_misc":{"Dur\u00e9e de lecture estim\u00e9e":"1 minute"},"schema":{"@context":"https:\/\/schema.org","@graph":[{"@type":"WebPage","@id":"https:\/\/superprintpro.com\/product\/hoson-i3200-4720-boards-kit-with-cable-work-for-4-pieces-i3200-or-4720-heads\/","url":"https:\/\/superprintpro.com\/product\/hoson-i3200-4720-boards-kit-with-cable-work-for-4-pieces-i3200-or-4720-heads\/","name":"Hoson i3200 4720 boards kit with cable work for 4 pieces i3200 or 4720 heads - Amo","isPartOf":{"@id":"https:\/\/superprintpro.com\/#website"},"primaryImageOfPage":{"@id":"https:\/\/superprintpro.com\/product\/hoson-i3200-4720-boards-kit-with-cable-work-for-4-pieces-i3200-or-4720-heads\/#primaryimage"},"image":{"@id":"https:\/\/superprintpro.com\/product\/hoson-i3200-4720-boards-kit-with-cable-work-for-4-pieces-i3200-or-4720-heads\/#primaryimage"},"thumbnailUrl":"https:\/\/superprintpro.com\/wp-content\/uploads\/2025\/08\/hoson-i3200-4720-boards-kit-with-cable-work-for-4-pieces-i3200-or-4720-heads.jpg","datePublished":"2025-08-09T07:41:19+00:00","dateModified":"2025-08-16T08:01:50+00:00","breadcrumb":{"@id":"https:\/\/superprintpro.com\/product\/hoson-i3200-4720-boards-kit-with-cable-work-for-4-pieces-i3200-or-4720-heads\/#breadcrumb"},"inLanguage":"fr-FR","potentialAction":[{"@type":"ReadAction","target":["https:\/\/superprintpro.com\/product\/hoson-i3200-4720-boards-kit-with-cable-work-for-4-pieces-i3200-or-4720-heads\/"]}]},{"@type":"ImageObject","inLanguage":"fr-FR","@id":"https:\/\/superprintpro.com\/product\/hoson-i3200-4720-boards-kit-with-cable-work-for-4-pieces-i3200-or-4720-heads\/#primaryimage","url":"https:\/\/superprintpro.com\/wp-content\/uploads\/2025\/08\/hoson-i3200-4720-boards-kit-with-cable-work-for-4-pieces-i3200-or-4720-heads.jpg","contentUrl":"https:\/\/superprintpro.com\/wp-content\/uploads\/2025\/08\/hoson-i3200-4720-boards-kit-with-cable-work-for-4-pieces-i3200-or-4720-heads.jpg","width":800,"height":800,"caption":"Hoson i3200 4720 boards kit with cable work for 4 pieces i3200 or 4720 heads"},{"@type":"BreadcrumbList","@id":"https:\/\/superprintpro.com\/product\/hoson-i3200-4720-boards-kit-with-cable-work-for-4-pieces-i3200-or-4720-heads\/#breadcrumb","itemListElement":[{"@type":"ListItem","position":1,"name":"\u9996\u9875","item":"https:\/\/superprintpro.com\/"},{"@type":"ListItem","position":2,"name":"Shop","item":"https:\/\/superprintpro.com\/shop\/"},{"@type":"ListItem","position":3,"name":"Hoson i3200 4720 boards kit with cable work for 4 pieces i3200 or 4720 heads"}]},{"@type":"WebSite","@id":"https:\/\/superprintpro.com\/#website","url":"https:\/\/superprintpro.com\/","name":"Amo","description":"","potentialAction":[{"@type":"SearchAction","target":{"@type":"EntryPoint","urlTemplate":"https:\/\/superprintpro.com\/?s={search_term_string}"},"query-input":{"@type":"PropertyValueSpecification","valueRequired":true,"valueName":"search_term_string"}}],"inLanguage":"fr-FR"}]}},"_links":{"self":[{"href":"https:\/\/superprintpro.com\/fr\/wp-json\/wp\/v2\/product\/29370","targetHints":{"allow":["GET"]}}],"collection":[{"href":"https:\/\/superprintpro.com\/fr\/wp-json\/wp\/v2\/product"}],"about":[{"href":"https:\/\/superprintpro.com\/fr\/wp-json\/wp\/v2\/types\/product"}],"replies":[{"embeddable":true,"href":"https:\/\/superprintpro.com\/fr\/wp-json\/wp\/v2\/comments?post=29370"}],"version-history":[{"count":1,"href":"https:\/\/superprintpro.com\/fr\/wp-json\/wp\/v2\/product\/29370\/revisions"}],"predecessor-version":[{"id":29372,"href":"https:\/\/superprintpro.com\/fr\/wp-json\/wp\/v2\/product\/29370\/revisions\/29372"}],"wp:featuredmedia":[{"embeddable":true,"href":"https:\/\/superprintpro.com\/fr\/wp-json\/wp\/v2\/media\/30034"}],"wp:attachment":[{"href":"https:\/\/superprintpro.com\/fr\/wp-json\/wp\/v2\/media?parent=29370"}],"wp:term":[{"taxonomy":"product_brand","embeddable":true,"href":"https:\/\/superprintpro.com\/fr\/wp-json\/wp\/v2\/product_brand?post=29370"},{"taxonomy":"product_cat","embeddable":true,"href":"https:\/\/superprintpro.com\/fr\/wp-json\/wp\/v2\/product_cat?post=29370"},{"taxonomy":"product_tag","embeddable":true,"href":"https:\/\/superprintpro.com\/fr\/wp-json\/wp\/v2\/product_tag?post=29370"}],"curies":[{"name":"wp","href":"https:\/\/api.w.org\/{rel}","templated":true}]}}