{"id":29360,"date":"2025-08-09T06:45:00","date_gmt":"2025-08-09T06:45:00","guid":{"rendered":"https:\/\/superprintpro.com\/?post_type=product&#038;p=29360"},"modified":"2025-08-16T14:52:51","modified_gmt":"2025-08-16T06:52:51","slug":"kit-i3200-for-upgrading-chinese-inkjet-printer-with-8-i3200-printheads-roll-to-roll-style","status":"publish","type":"product","link":"https:\/\/superprintpro.com\/fr\/produit\/kit-i3200-for-upgrading-chinese-inkjet-printer-with-8-i3200-printheads-roll-to-roll-style\/","title":{"rendered":"Kit i3200 pour la mise \u00e0 niveau d'une imprimante chinoise \u00e0 jet d'encre avec 8 t\u00eates d'impression i3200 (style rouleau \u00e0 rouleau)"},"content":{"rendered":"<ul>\n<li>Kit i3200 pour la mise \u00e0 niveau d'une imprimante chinoise \u00e0 jet d'encre avec 8 t\u00eates d'impression i3200 (style rouleau \u00e0 rouleau)<\/li>\n<li>Ce kit peut mettre \u00e0 jour votre imprimante \u00e0 jet d'encre avec 8 pi\u00e8ces i3200, mais il vous permet d'installer seulement 1 t\u00eate i3200, donc ce kit peut aussi mettre \u00e0 jour votre imprimante \u00e0 jet d'encre avec 1 t\u00eate i3200, et vous permet d'ajouter 2 \u00e0 7 pi\u00e8ces i3200 \u00e0 l'avenir.<\/li>\n<li>Ce kit ne fonctionne pas pour les imprimantes \u00e0 jet d'encre de mutoh, mimaki, roland, epson\uff0cseulement pour les imprimantes \u00e0 jet d'encre chinoises comme witcolor, galaxy sid triton, allwin, myjet, zhongye, Human ejet kjet, gongzheng flora, micolor, xenons, skycolor, locor etc.<\/li>\n<li>Ce kit permet de changer toutes les pi\u00e8ces d\u00e9tach\u00e9es de votre ancienne imprimante \u00e0 jet d'encre. Cela signifie que vous pouvez vous d\u00e9barrasser de toutes les vieilles pi\u00e8ces d\u00e9tach\u00e9es de votre ancienne machine et ne conserver que la partie m\u00e9canique de cette machine et enfin obtenir une nouvelle imprimante.<br \/>\nCe kit comprend les pi\u00e8ces d\u00e9tach\u00e9es suivantes, livr\u00e9es par DHL :<br \/>\nT\u00eate d'impression,<br \/>\nCarte m\u00e8re<br \/>\nT\u00eate de lit,<br \/>\nAlimentation \u00e9lectrique<br \/>\nSupport de la base de la t\u00eate d'impression<br \/>\nStation de nettoyage de la t\u00eate d'impression<br \/>\nTous les c\u00e2bles d'alimentation et de donn\u00e9es<br \/>\nTous les amortisseurs<br \/>\nTous les bouchons<br \/>\nToutes les pompes<br \/>\nTous les moteurs avec chauffeurs<br \/>\nToutes les poulies<br \/>\nToutes les courroies des poulies<br \/>\nTous les tuyaux d'encre<br \/>\nToutes les cartouches<br \/>\nTous les logiciels.<br \/>\nBande de codage de trame<br \/>\nCapteur encodeur de trame<\/li>\n<\/ul>","protected":false},"excerpt":{"rendered":"<p>Pour obtenir des d\u00e9tails sur les produits et les prix les plus r\u00e9cents, veuillez contacter notre service des ventes.<\/p>","protected":false},"featured_media":30007,"comment_status":"open","ping_status":"closed","template":"","meta":[],"product_brand":[],"product_cat":[85],"product_tag":[],"class_list":{"0":"post-29360","1":"product","2":"type-product","3":"status-publish","4":"has-post-thumbnail","6":"product_cat-eco-solvent-roll-to-roll-upagrading-kit","8":"first","9":"instock","10":"shipping-taxable","11":"purchasable","12":"product-type-simple"},"yoast_head":"<!-- This site is optimized with the Yoast SEO plugin v26.9 - https:\/\/yoast.com\/product\/yoast-seo-wordpress\/ -->\n<title>Kit i3200 for Upgrading Chinese Inkjet Printer with 8 i3200 printheads (roll to roll style) - Amo<\/title>\n<meta name=\"robots\" content=\"index, follow, max-snippet:-1, max-image-preview:large, max-video-preview:-1\" \/>\n<link rel=\"canonical\" href=\"https:\/\/superprintpro.com\/fr\/produit\/kit-i3200-for-upgrading-chinese-inkjet-printer-with-8-i3200-printheads-roll-to-roll-style\/\" \/>\n<meta property=\"og:locale\" content=\"fr_FR\" \/>\n<meta property=\"og:type\" content=\"article\" \/>\n<meta property=\"og:title\" content=\"Kit i3200 for Upgrading Chinese Inkjet Printer with 8 i3200 printheads (roll to roll style) - Amo\" \/>\n<meta property=\"og:description\" content=\"For product details and the latest prices please contact our sales manage\" \/>\n<meta property=\"og:url\" content=\"https:\/\/superprintpro.com\/fr\/produit\/kit-i3200-for-upgrading-chinese-inkjet-printer-with-8-i3200-printheads-roll-to-roll-style\/\" \/>\n<meta property=\"og:site_name\" content=\"Amo\" \/>\n<meta property=\"article:modified_time\" content=\"2025-08-16T06:52:51+00:00\" \/>\n<meta property=\"og:image\" content=\"https:\/\/superprintpro.com\/wp-content\/uploads\/2025\/08\/kit-i3200-for-upgrading-chinese-inkjet-printer-with-8-i3200-printheads.jpg\" \/>\n\t<meta property=\"og:image:width\" content=\"800\" \/>\n\t<meta property=\"og:image:height\" content=\"800\" \/>\n\t<meta property=\"og:image:type\" content=\"image\/jpeg\" \/>\n<meta name=\"twitter:card\" content=\"summary_large_image\" \/>\n<meta name=\"twitter:label1\" content=\"Dur\u00e9e de lecture estim\u00e9e\" \/>\n\t<meta name=\"twitter:data1\" content=\"1 minute\" \/>\n<script type=\"application\/ld+json\" class=\"yoast-schema-graph\">{\"@context\":\"https:\/\/schema.org\",\"@graph\":[{\"@type\":\"WebPage\",\"@id\":\"https:\/\/superprintpro.com\/product\/kit-i3200-for-upgrading-chinese-inkjet-printer-with-8-i3200-printheads-roll-to-roll-style\/\",\"url\":\"https:\/\/superprintpro.com\/product\/kit-i3200-for-upgrading-chinese-inkjet-printer-with-8-i3200-printheads-roll-to-roll-style\/\",\"name\":\"Kit i3200 for Upgrading Chinese Inkjet Printer with 8 i3200 printheads (roll to roll style) - Amo\",\"isPartOf\":{\"@id\":\"https:\/\/superprintpro.com\/#website\"},\"primaryImageOfPage\":{\"@id\":\"https:\/\/superprintpro.com\/product\/kit-i3200-for-upgrading-chinese-inkjet-printer-with-8-i3200-printheads-roll-to-roll-style\/#primaryimage\"},\"image\":{\"@id\":\"https:\/\/superprintpro.com\/product\/kit-i3200-for-upgrading-chinese-inkjet-printer-with-8-i3200-printheads-roll-to-roll-style\/#primaryimage\"},\"thumbnailUrl\":\"https:\/\/superprintpro.com\/wp-content\/uploads\/2025\/08\/kit-i3200-for-upgrading-chinese-inkjet-printer-with-8-i3200-printheads.jpg\",\"datePublished\":\"2025-08-09T06:45:00+00:00\",\"dateModified\":\"2025-08-16T06:52:51+00:00\",\"breadcrumb\":{\"@id\":\"https:\/\/superprintpro.com\/product\/kit-i3200-for-upgrading-chinese-inkjet-printer-with-8-i3200-printheads-roll-to-roll-style\/#breadcrumb\"},\"inLanguage\":\"fr-FR\",\"potentialAction\":[{\"@type\":\"ReadAction\",\"target\":[\"https:\/\/superprintpro.com\/product\/kit-i3200-for-upgrading-chinese-inkjet-printer-with-8-i3200-printheads-roll-to-roll-style\/\"]}]},{\"@type\":\"ImageObject\",\"inLanguage\":\"fr-FR\",\"@id\":\"https:\/\/superprintpro.com\/product\/kit-i3200-for-upgrading-chinese-inkjet-printer-with-8-i3200-printheads-roll-to-roll-style\/#primaryimage\",\"url\":\"https:\/\/superprintpro.com\/wp-content\/uploads\/2025\/08\/kit-i3200-for-upgrading-chinese-inkjet-printer-with-8-i3200-printheads.jpg\",\"contentUrl\":\"https:\/\/superprintpro.com\/wp-content\/uploads\/2025\/08\/kit-i3200-for-upgrading-chinese-inkjet-printer-with-8-i3200-printheads.jpg\",\"width\":800,\"height\":800,\"caption\":\"Kit i3200 for Upgrading Chinese Inkjet Printer with 8 i3200 printheads (roll to roll style)\"},{\"@type\":\"BreadcrumbList\",\"@id\":\"https:\/\/superprintpro.com\/product\/kit-i3200-for-upgrading-chinese-inkjet-printer-with-8-i3200-printheads-roll-to-roll-style\/#breadcrumb\",\"itemListElement\":[{\"@type\":\"ListItem\",\"position\":1,\"name\":\"\u9996\u9875\",\"item\":\"https:\/\/superprintpro.com\/\"},{\"@type\":\"ListItem\",\"position\":2,\"name\":\"Shop\",\"item\":\"https:\/\/superprintpro.com\/shop\/\"},{\"@type\":\"ListItem\",\"position\":3,\"name\":\"Kit i3200 for Upgrading Chinese Inkjet Printer with 8 i3200 printheads (roll to roll style)\"}]},{\"@type\":\"WebSite\",\"@id\":\"https:\/\/superprintpro.com\/#website\",\"url\":\"https:\/\/superprintpro.com\/\",\"name\":\"Amo\",\"description\":\"\",\"potentialAction\":[{\"@type\":\"SearchAction\",\"target\":{\"@type\":\"EntryPoint\",\"urlTemplate\":\"https:\/\/superprintpro.com\/?s={search_term_string}\"},\"query-input\":{\"@type\":\"PropertyValueSpecification\",\"valueRequired\":true,\"valueName\":\"search_term_string\"}}],\"inLanguage\":\"fr-FR\"}]}<\/script>\n<!-- \/ Yoast SEO plugin. -->","yoast_head_json":{"title":"Kit i3200 for Upgrading Chinese Inkjet Printer with 8 i3200 printheads (roll to roll style) - Amo","robots":{"index":"index","follow":"follow","max-snippet":"max-snippet:-1","max-image-preview":"max-image-preview:large","max-video-preview":"max-video-preview:-1"},"canonical":"https:\/\/superprintpro.com\/fr\/produit\/kit-i3200-for-upgrading-chinese-inkjet-printer-with-8-i3200-printheads-roll-to-roll-style\/","og_locale":"fr_FR","og_type":"article","og_title":"Kit i3200 for Upgrading Chinese Inkjet Printer with 8 i3200 printheads (roll to roll style) - Amo","og_description":"For product details and the latest prices please contact our sales manage","og_url":"https:\/\/superprintpro.com\/fr\/produit\/kit-i3200-for-upgrading-chinese-inkjet-printer-with-8-i3200-printheads-roll-to-roll-style\/","og_site_name":"Amo","article_modified_time":"2025-08-16T06:52:51+00:00","og_image":[{"width":800,"height":800,"url":"https:\/\/superprintpro.com\/wp-content\/uploads\/2025\/08\/kit-i3200-for-upgrading-chinese-inkjet-printer-with-8-i3200-printheads.jpg","type":"image\/jpeg"}],"twitter_card":"summary_large_image","twitter_misc":{"Dur\u00e9e de lecture estim\u00e9e":"1 minute"},"schema":{"@context":"https:\/\/schema.org","@graph":[{"@type":"WebPage","@id":"https:\/\/superprintpro.com\/product\/kit-i3200-for-upgrading-chinese-inkjet-printer-with-8-i3200-printheads-roll-to-roll-style\/","url":"https:\/\/superprintpro.com\/product\/kit-i3200-for-upgrading-chinese-inkjet-printer-with-8-i3200-printheads-roll-to-roll-style\/","name":"Kit i3200 for Upgrading Chinese Inkjet Printer with 8 i3200 printheads (roll to roll style) - Amo","isPartOf":{"@id":"https:\/\/superprintpro.com\/#website"},"primaryImageOfPage":{"@id":"https:\/\/superprintpro.com\/product\/kit-i3200-for-upgrading-chinese-inkjet-printer-with-8-i3200-printheads-roll-to-roll-style\/#primaryimage"},"image":{"@id":"https:\/\/superprintpro.com\/product\/kit-i3200-for-upgrading-chinese-inkjet-printer-with-8-i3200-printheads-roll-to-roll-style\/#primaryimage"},"thumbnailUrl":"https:\/\/superprintpro.com\/wp-content\/uploads\/2025\/08\/kit-i3200-for-upgrading-chinese-inkjet-printer-with-8-i3200-printheads.jpg","datePublished":"2025-08-09T06:45:00+00:00","dateModified":"2025-08-16T06:52:51+00:00","breadcrumb":{"@id":"https:\/\/superprintpro.com\/product\/kit-i3200-for-upgrading-chinese-inkjet-printer-with-8-i3200-printheads-roll-to-roll-style\/#breadcrumb"},"inLanguage":"fr-FR","potentialAction":[{"@type":"ReadAction","target":["https:\/\/superprintpro.com\/product\/kit-i3200-for-upgrading-chinese-inkjet-printer-with-8-i3200-printheads-roll-to-roll-style\/"]}]},{"@type":"ImageObject","inLanguage":"fr-FR","@id":"https:\/\/superprintpro.com\/product\/kit-i3200-for-upgrading-chinese-inkjet-printer-with-8-i3200-printheads-roll-to-roll-style\/#primaryimage","url":"https:\/\/superprintpro.com\/wp-content\/uploads\/2025\/08\/kit-i3200-for-upgrading-chinese-inkjet-printer-with-8-i3200-printheads.jpg","contentUrl":"https:\/\/superprintpro.com\/wp-content\/uploads\/2025\/08\/kit-i3200-for-upgrading-chinese-inkjet-printer-with-8-i3200-printheads.jpg","width":800,"height":800,"caption":"Kit i3200 for Upgrading Chinese Inkjet Printer with 8 i3200 printheads (roll to roll style)"},{"@type":"BreadcrumbList","@id":"https:\/\/superprintpro.com\/product\/kit-i3200-for-upgrading-chinese-inkjet-printer-with-8-i3200-printheads-roll-to-roll-style\/#breadcrumb","itemListElement":[{"@type":"ListItem","position":1,"name":"\u9996\u9875","item":"https:\/\/superprintpro.com\/"},{"@type":"ListItem","position":2,"name":"Shop","item":"https:\/\/superprintpro.com\/shop\/"},{"@type":"ListItem","position":3,"name":"Kit i3200 for Upgrading Chinese Inkjet Printer with 8 i3200 printheads (roll to roll style)"}]},{"@type":"WebSite","@id":"https:\/\/superprintpro.com\/#website","url":"https:\/\/superprintpro.com\/","name":"Amo","description":"","potentialAction":[{"@type":"SearchAction","target":{"@type":"EntryPoint","urlTemplate":"https:\/\/superprintpro.com\/?s={search_term_string}"},"query-input":{"@type":"PropertyValueSpecification","valueRequired":true,"valueName":"search_term_string"}}],"inLanguage":"fr-FR"}]}},"_links":{"self":[{"href":"https:\/\/superprintpro.com\/fr\/wp-json\/wp\/v2\/product\/29360","targetHints":{"allow":["GET"]}}],"collection":[{"href":"https:\/\/superprintpro.com\/fr\/wp-json\/wp\/v2\/product"}],"about":[{"href":"https:\/\/superprintpro.com\/fr\/wp-json\/wp\/v2\/types\/product"}],"replies":[{"embeddable":true,"href":"https:\/\/superprintpro.com\/fr\/wp-json\/wp\/v2\/comments?post=29360"}],"version-history":[{"count":1,"href":"https:\/\/superprintpro.com\/fr\/wp-json\/wp\/v2\/product\/29360\/revisions"}],"predecessor-version":[{"id":29362,"href":"https:\/\/superprintpro.com\/fr\/wp-json\/wp\/v2\/product\/29360\/revisions\/29362"}],"wp:featuredmedia":[{"embeddable":true,"href":"https:\/\/superprintpro.com\/fr\/wp-json\/wp\/v2\/media\/30007"}],"wp:attachment":[{"href":"https:\/\/superprintpro.com\/fr\/wp-json\/wp\/v2\/media?parent=29360"}],"wp:term":[{"taxonomy":"product_brand","embeddable":true,"href":"https:\/\/superprintpro.com\/fr\/wp-json\/wp\/v2\/product_brand?post=29360"},{"taxonomy":"product_cat","embeddable":true,"href":"https:\/\/superprintpro.com\/fr\/wp-json\/wp\/v2\/product_cat?post=29360"},{"taxonomy":"product_tag","embeddable":true,"href":"https:\/\/superprintpro.com\/fr\/wp-json\/wp\/v2\/product_tag?post=29360"}],"curies":[{"name":"wp","href":"https:\/\/api.w.org\/{rel}","templated":true}]}}