{"id":30300,"date":"2025-08-18T17:54:54","date_gmt":"2025-08-18T09:54:54","guid":{"rendered":"https:\/\/superprintpro.com\/?post_type=product&#038;p=30300"},"modified":"2025-08-21T15:39:42","modified_gmt":"2025-08-21T07:39:42","slug":"double-side-print-inkjet-printer-am208i32dp-for-textile-flag-material-with-8-heads-i3200","status":"publish","type":"product","link":"https:\/\/superprintpro.com\/es\/producto\/double-side-print-inkjet-printer-am208i32dp-for-textile-flag-material-with-8-heads-i3200\/","title":{"rendered":"Impresora de inyecci\u00f3n de tinta de doble cara AM208I32DP para material textil de bandera con 8 cabezales i3200"},"content":{"rendered":"<p>Impresora de inyecci\u00f3n de tinta de doble cara AM208I32DP para material textil de bandera con 8 cabezales i3200<\/p>\n<p>La cotizaci\u00f3n de esta impresora ya con el color setter(horno grande).<\/p>\n<p>Impresi\u00f3n a doble cara sin\u00f3nimo.<br \/>\nModelo: AM208I32DP<br \/>\nAnchura de impresi\u00f3n 2200 mm<br \/>\nCabezal de impresi\u00f3n I3200A ,8piezas\uff084 colores O 8 colores\uff09<\/p>\n<p>Imprimir resoluci\u00f3n\uff08pluma d\u00e9bil)<br \/>\nImpresi\u00f3n a doble cara<br \/>\n2pass\uff08720\u00d7600\uff09    90m2\/h<br \/>\n3pass\uff08360\u00d71800\uff09   70m2\/h<br \/>\n4pass\uff08720\u00d71200\uff09   50m2\/h<br \/>\nImpresi\u00f3n a una cara\uff1a<br \/>\n2pass\uff08720\u00d7600\uff09    106m2\/h<br \/>\n3pass\uff08360\u00d71800\uff09   82m2\/h<br \/>\n4pass\uff08720\u00d71200\uff09   60m2\/h<br \/>\nTipo de tinta Tinta dispersa<br \/>\nColor de tinta C\u3001M\u3001Y\u3001K\uff08MAX 8 colores Opcional\uff09<br \/>\nSoftware RIP Print Factory<br \/>\nEntorno de trabajo Temp20-28\u2103 Humedad40-70%<br \/>\nAlimentaci\u00f3n AC380V\uff0c50\/60Hz\uff0cFuente de alimentaci\u00f3n 15KW<br \/>\nDimensi\u00f3n 4680mm\u00d7 1495mm\u00d7 1870mm\uff08 Altura 2250mm incluye cubo de tinta\uff09<br \/>\nPeso 2000 kg<\/p>\n<p>Caracter\u00edsticas de las impresoras<br \/>\nPlataforma de impresi\u00f3n\uff1a<br \/>\nPlataforma de guiado del tejido, peque\u00f1a resistencia y gran precisi\u00f3n al pisar el material.<br \/>\nModo de transmisi\u00f3n\uff1a<br \/>\nEl servomotor controla el rodillo de goma de transmisi\u00f3n, y el material se pisa con precisi\u00f3n, plano y sin arrugas.<br \/>\nDispositivo retr\u00e1ctil\uff1a<br \/>\nEl mecanismo retr\u00e1ctil de rodillos por gravedad mantiene el material bajo tensi\u00f3n constante.<br \/>\nProtecci\u00f3n contra la contaminaci\u00f3n\uff1a<br \/>\nDisponer de dispositivos voladores de reciclaje de tinta y humo.<br \/>\nMantenimiento de boquillas\uff1a<br \/>\nDispositivo autom\u00e1tico de humectaci\u00f3n, limpieza y raspado para evitar la obstrucci\u00f3n de las boquillas.<br \/>\nSecado por infrarrojos\uff1a<br \/>\nSistema de secado por aire caliente de alta eficacia para garantizar la impresi\u00f3n a alta velocidad y el rebobinado al mismo tiempo.<br \/>\nProtecci\u00f3n del papel de forro\uff1a<br \/>\nAl recoger el material, se puede a\u00f1adir papel de forro para evitar la contaminaci\u00f3n mutua entre la parte delantera y la trasera.<br \/>\nSistema de control\uff1a<br \/>\nSistema de control PLC para mejorar la estabilidad del funcionamiento del sistema.<br \/>\nEstad\u00edsticas de empleo\uff1a<br \/>\nLa funci\u00f3n de registro de impresi\u00f3n registra y contabiliza autom\u00e1ticamente la eficacia de la impresi\u00f3n.<br \/>\nEstad\u00edsticas de volumen de tinta\uff1a<\/p>\n<p>Cuenta autom\u00e1ticamente el consumo de tinta y calcula el coste de impresi\u00f3n.<\/p>","protected":false},"excerpt":{"rendered":"<p>Si desea conocer los detalles de los productos y las \u00faltimas ofertas, p\u00f3ngase en contacto con nuestro jefe de ventas<\/p>","protected":false},"featured_media":30301,"comment_status":"open","ping_status":"closed","template":"","meta":[],"product_brand":[],"product_cat":[128],"product_tag":[],"class_list":{"0":"post-30300","1":"product","2":"type-product","3":"status-publish","4":"has-post-thumbnail","6":"product_cat-direct-printing","8":"first","9":"instock","10":"shipping-taxable","11":"purchasable","12":"product-type-simple"},"yoast_head":"<!-- This site is optimized with the Yoast SEO plugin v27.4 - https:\/\/yoast.com\/product\/yoast-seo-wordpress\/ -->\n<title>Double Side Print Inkjet Printer AM208I32DP for Textile Flag Material with 8 heads i3200 - Amo<\/title>\n<meta name=\"robots\" content=\"index, follow, max-snippet:-1, max-image-preview:large, max-video-preview:-1\" \/>\n<link rel=\"canonical\" href=\"https:\/\/superprintpro.com\/es\/producto\/double-side-print-inkjet-printer-am208i32dp-for-textile-flag-material-with-8-heads-i3200\/\" \/>\n<meta property=\"og:locale\" content=\"es_ES\" \/>\n<meta property=\"og:type\" content=\"article\" \/>\n<meta property=\"og:title\" content=\"Double Side Print Inkjet Printer AM208I32DP for Textile Flag Material with 8 heads i3200 - Amo\" \/>\n<meta property=\"og:description\" content=\"For product details and the latest quotes, please contact our sales manager\" \/>\n<meta property=\"og:url\" content=\"https:\/\/superprintpro.com\/es\/producto\/double-side-print-inkjet-printer-am208i32dp-for-textile-flag-material-with-8-heads-i3200\/\" \/>\n<meta property=\"og:site_name\" content=\"Amo\" \/>\n<meta property=\"article:modified_time\" content=\"2025-08-21T07:39:42+00:00\" \/>\n<meta property=\"og:image\" content=\"https:\/\/superprintpro.com\/wp-content\/uploads\/2025\/08\/double-side-print-inkjet-printer-am208i32dp-for-textile-flag-material-with-8-heads-i3200.jpg\" \/>\n\t<meta property=\"og:image:width\" content=\"604\" \/>\n\t<meta property=\"og:image:height\" content=\"340\" \/>\n\t<meta property=\"og:image:type\" content=\"image\/jpeg\" \/>\n<meta name=\"twitter:card\" content=\"summary_large_image\" \/>\n<meta name=\"twitter:label1\" content=\"Tiempo de lectura\" \/>\n\t<meta name=\"twitter:data1\" content=\"1 minuto\" \/>\n<script type=\"application\/ld+json\" class=\"yoast-schema-graph\">{\"@context\":\"https:\\\/\\\/schema.org\",\"@graph\":[{\"@type\":\"WebPage\",\"@id\":\"https:\\\/\\\/superprintpro.com\\\/product\\\/double-side-print-inkjet-printer-am208i32dp-for-textile-flag-material-with-8-heads-i3200\\\/\",\"url\":\"https:\\\/\\\/superprintpro.com\\\/product\\\/double-side-print-inkjet-printer-am208i32dp-for-textile-flag-material-with-8-heads-i3200\\\/\",\"name\":\"Double Side Print Inkjet Printer AM208I32DP for Textile Flag Material with 8 heads i3200 - Amo\",\"isPartOf\":{\"@id\":\"https:\\\/\\\/superprintpro.com\\\/#website\"},\"primaryImageOfPage\":{\"@id\":\"https:\\\/\\\/superprintpro.com\\\/product\\\/double-side-print-inkjet-printer-am208i32dp-for-textile-flag-material-with-8-heads-i3200\\\/#primaryimage\"},\"image\":{\"@id\":\"https:\\\/\\\/superprintpro.com\\\/product\\\/double-side-print-inkjet-printer-am208i32dp-for-textile-flag-material-with-8-heads-i3200\\\/#primaryimage\"},\"thumbnailUrl\":\"https:\\\/\\\/superprintpro.com\\\/wp-content\\\/uploads\\\/2025\\\/08\\\/double-side-print-inkjet-printer-am208i32dp-for-textile-flag-material-with-8-heads-i3200.jpg\",\"datePublished\":\"2025-08-18T09:54:54+00:00\",\"dateModified\":\"2025-08-21T07:39:42+00:00\",\"breadcrumb\":{\"@id\":\"https:\\\/\\\/superprintpro.com\\\/product\\\/double-side-print-inkjet-printer-am208i32dp-for-textile-flag-material-with-8-heads-i3200\\\/#breadcrumb\"},\"inLanguage\":\"es\",\"potentialAction\":[{\"@type\":\"ReadAction\",\"target\":[\"https:\\\/\\\/superprintpro.com\\\/product\\\/double-side-print-inkjet-printer-am208i32dp-for-textile-flag-material-with-8-heads-i3200\\\/\"]}]},{\"@type\":\"ImageObject\",\"inLanguage\":\"es\",\"@id\":\"https:\\\/\\\/superprintpro.com\\\/product\\\/double-side-print-inkjet-printer-am208i32dp-for-textile-flag-material-with-8-heads-i3200\\\/#primaryimage\",\"url\":\"https:\\\/\\\/superprintpro.com\\\/wp-content\\\/uploads\\\/2025\\\/08\\\/double-side-print-inkjet-printer-am208i32dp-for-textile-flag-material-with-8-heads-i3200.jpg\",\"contentUrl\":\"https:\\\/\\\/superprintpro.com\\\/wp-content\\\/uploads\\\/2025\\\/08\\\/double-side-print-inkjet-printer-am208i32dp-for-textile-flag-material-with-8-heads-i3200.jpg\",\"width\":604,\"height\":340,\"caption\":\"Double Side Print Inkjet Printer AM208I32DP for Textile Flag Material with 8 heads i3200\"},{\"@type\":\"BreadcrumbList\",\"@id\":\"https:\\\/\\\/superprintpro.com\\\/product\\\/double-side-print-inkjet-printer-am208i32dp-for-textile-flag-material-with-8-heads-i3200\\\/#breadcrumb\",\"itemListElement\":[{\"@type\":\"ListItem\",\"position\":1,\"name\":\"\u9996\u9875\",\"item\":\"https:\\\/\\\/superprintpro.com\\\/\"},{\"@type\":\"ListItem\",\"position\":2,\"name\":\"Shop\",\"item\":\"https:\\\/\\\/superprintpro.com\\\/shop\\\/\"},{\"@type\":\"ListItem\",\"position\":3,\"name\":\"Double Side Print Inkjet Printer AM208I32DP for Textile Flag Material with 8 heads i3200\"}]},{\"@type\":\"WebSite\",\"@id\":\"https:\\\/\\\/superprintpro.com\\\/#website\",\"url\":\"https:\\\/\\\/superprintpro.com\\\/\",\"name\":\"Amo\",\"description\":\"\",\"potentialAction\":[{\"@type\":\"SearchAction\",\"target\":{\"@type\":\"EntryPoint\",\"urlTemplate\":\"https:\\\/\\\/superprintpro.com\\\/?s={search_term_string}\"},\"query-input\":{\"@type\":\"PropertyValueSpecification\",\"valueRequired\":true,\"valueName\":\"search_term_string\"}}],\"inLanguage\":\"es\"}]}<\/script>\n<!-- \/ Yoast SEO plugin. -->","yoast_head_json":{"title":"Double Side Print Inkjet Printer AM208I32DP for Textile Flag Material with 8 heads i3200 - Amo","robots":{"index":"index","follow":"follow","max-snippet":"max-snippet:-1","max-image-preview":"max-image-preview:large","max-video-preview":"max-video-preview:-1"},"canonical":"https:\/\/superprintpro.com\/es\/producto\/double-side-print-inkjet-printer-am208i32dp-for-textile-flag-material-with-8-heads-i3200\/","og_locale":"es_ES","og_type":"article","og_title":"Double Side Print Inkjet Printer AM208I32DP for Textile Flag Material with 8 heads i3200 - Amo","og_description":"For product details and the latest quotes, please contact our sales manager","og_url":"https:\/\/superprintpro.com\/es\/producto\/double-side-print-inkjet-printer-am208i32dp-for-textile-flag-material-with-8-heads-i3200\/","og_site_name":"Amo","article_modified_time":"2025-08-21T07:39:42+00:00","og_image":[{"width":604,"height":340,"url":"https:\/\/superprintpro.com\/wp-content\/uploads\/2025\/08\/double-side-print-inkjet-printer-am208i32dp-for-textile-flag-material-with-8-heads-i3200.jpg","type":"image\/jpeg"}],"twitter_card":"summary_large_image","twitter_misc":{"Tiempo de lectura":"1 minuto"},"schema":{"@context":"https:\/\/schema.org","@graph":[{"@type":"WebPage","@id":"https:\/\/superprintpro.com\/product\/double-side-print-inkjet-printer-am208i32dp-for-textile-flag-material-with-8-heads-i3200\/","url":"https:\/\/superprintpro.com\/product\/double-side-print-inkjet-printer-am208i32dp-for-textile-flag-material-with-8-heads-i3200\/","name":"Double Side Print Inkjet Printer AM208I32DP for Textile Flag Material with 8 heads i3200 - Amo","isPartOf":{"@id":"https:\/\/superprintpro.com\/#website"},"primaryImageOfPage":{"@id":"https:\/\/superprintpro.com\/product\/double-side-print-inkjet-printer-am208i32dp-for-textile-flag-material-with-8-heads-i3200\/#primaryimage"},"image":{"@id":"https:\/\/superprintpro.com\/product\/double-side-print-inkjet-printer-am208i32dp-for-textile-flag-material-with-8-heads-i3200\/#primaryimage"},"thumbnailUrl":"https:\/\/superprintpro.com\/wp-content\/uploads\/2025\/08\/double-side-print-inkjet-printer-am208i32dp-for-textile-flag-material-with-8-heads-i3200.jpg","datePublished":"2025-08-18T09:54:54+00:00","dateModified":"2025-08-21T07:39:42+00:00","breadcrumb":{"@id":"https:\/\/superprintpro.com\/product\/double-side-print-inkjet-printer-am208i32dp-for-textile-flag-material-with-8-heads-i3200\/#breadcrumb"},"inLanguage":"es","potentialAction":[{"@type":"ReadAction","target":["https:\/\/superprintpro.com\/product\/double-side-print-inkjet-printer-am208i32dp-for-textile-flag-material-with-8-heads-i3200\/"]}]},{"@type":"ImageObject","inLanguage":"es","@id":"https:\/\/superprintpro.com\/product\/double-side-print-inkjet-printer-am208i32dp-for-textile-flag-material-with-8-heads-i3200\/#primaryimage","url":"https:\/\/superprintpro.com\/wp-content\/uploads\/2025\/08\/double-side-print-inkjet-printer-am208i32dp-for-textile-flag-material-with-8-heads-i3200.jpg","contentUrl":"https:\/\/superprintpro.com\/wp-content\/uploads\/2025\/08\/double-side-print-inkjet-printer-am208i32dp-for-textile-flag-material-with-8-heads-i3200.jpg","width":604,"height":340,"caption":"Double Side Print Inkjet Printer AM208I32DP for Textile Flag Material with 8 heads i3200"},{"@type":"BreadcrumbList","@id":"https:\/\/superprintpro.com\/product\/double-side-print-inkjet-printer-am208i32dp-for-textile-flag-material-with-8-heads-i3200\/#breadcrumb","itemListElement":[{"@type":"ListItem","position":1,"name":"\u9996\u9875","item":"https:\/\/superprintpro.com\/"},{"@type":"ListItem","position":2,"name":"Shop","item":"https:\/\/superprintpro.com\/shop\/"},{"@type":"ListItem","position":3,"name":"Double Side Print Inkjet Printer AM208I32DP for Textile Flag Material with 8 heads i3200"}]},{"@type":"WebSite","@id":"https:\/\/superprintpro.com\/#website","url":"https:\/\/superprintpro.com\/","name":"Amo","description":"","potentialAction":[{"@type":"SearchAction","target":{"@type":"EntryPoint","urlTemplate":"https:\/\/superprintpro.com\/?s={search_term_string}"},"query-input":{"@type":"PropertyValueSpecification","valueRequired":true,"valueName":"search_term_string"}}],"inLanguage":"es"}]}},"_links":{"self":[{"href":"https:\/\/superprintpro.com\/es\/wp-json\/wp\/v2\/product\/30300","targetHints":{"allow":["GET"]}}],"collection":[{"href":"https:\/\/superprintpro.com\/es\/wp-json\/wp\/v2\/product"}],"about":[{"href":"https:\/\/superprintpro.com\/es\/wp-json\/wp\/v2\/types\/product"}],"replies":[{"embeddable":true,"href":"https:\/\/superprintpro.com\/es\/wp-json\/wp\/v2\/comments?post=30300"}],"version-history":[{"count":1,"href":"https:\/\/superprintpro.com\/es\/wp-json\/wp\/v2\/product\/30300\/revisions"}],"predecessor-version":[{"id":30302,"href":"https:\/\/superprintpro.com\/es\/wp-json\/wp\/v2\/product\/30300\/revisions\/30302"}],"wp:featuredmedia":[{"embeddable":true,"href":"https:\/\/superprintpro.com\/es\/wp-json\/wp\/v2\/media\/30301"}],"wp:attachment":[{"href":"https:\/\/superprintpro.com\/es\/wp-json\/wp\/v2\/media?parent=30300"}],"wp:term":[{"taxonomy":"product_brand","embeddable":true,"href":"https:\/\/superprintpro.com\/es\/wp-json\/wp\/v2\/product_brand?post=30300"},{"taxonomy":"product_cat","embeddable":true,"href":"https:\/\/superprintpro.com\/es\/wp-json\/wp\/v2\/product_cat?post=30300"},{"taxonomy":"product_tag","embeddable":true,"href":"https:\/\/superprintpro.com\/es\/wp-json\/wp\/v2\/product_tag?post=30300"}],"curies":[{"name":"wp","href":"https:\/\/api.w.org\/{rel}","templated":true}]}}