{"id":30247,"date":"2025-08-18T16:12:33","date_gmt":"2025-08-18T08:12:33","guid":{"rendered":"https:\/\/superprintpro.com\/?post_type=product&#038;p=30247"},"modified":"2025-08-18T16:12:34","modified_gmt":"2025-08-18T08:12:34","slug":"amo-hybrid-uv-inkjet-printer-am3200uvh12k24i-with-12-pieces-konica-km1024i-printhead","status":"publish","type":"product","link":"https:\/\/superprintpro.com\/es\/producto\/amo-hybrid-uv-inkjet-printer-am3200uvh12k24i-with-12-pieces-konica-km1024i-printhead\/","title":{"rendered":"Impresora de inyecci\u00f3n de tinta UV h\u00edbrida AMO AM3200UVH12k24i con 12 cabezales Konica km1024i"},"content":{"rendered":"<p>Impresora de inyecci\u00f3n de tinta UV h\u00edbrida AMO AM3200UVH12k24i con cabezal de impresi\u00f3n Konica km1024i de 12 piezas.<\/p>\n<p>La impresora h\u00edbrida combina la impresora plana UV con la impresora rollo a rollo UV en una sola m\u00e1quina, lo que significa que puede imprimir en material blando rollo a rollo y tambi\u00e9n en material duro de cart\u00f3n plano.<\/p>\n<p>1. Ancho de impresi\u00f3n de 3,2 metros; con cabezal de impresi\u00f3n de inyecci\u00f3n de tinta de alta velocidad KONICA1024i, tecnolog\u00eda de gota de tinta variable;<br \/>\n2. Doble gu\u00eda lineal de alta precisi\u00f3n y deslizador + doble servomotor AC;<br \/>\n3. Software profesional de gesti\u00f3n del color, con funci\u00f3n de envejecimiento del color del cabezal de impresi\u00f3n, ahorro de tinta\/funci\u00f3n de composici\u00f3n tipogr\u00e1fica inteligente, restauraci\u00f3n del color superior (cuatro colores pueden restaurar altamente el color \"oro\/plata\");<br \/>\n4.Dise\u00f1o patentado del sistema anticolisi\u00f3n del cabezal rociador de alta sensibilidad; l\u00e1mpara de curado UV con refrigeraci\u00f3n por agua LED;<br \/>\n5.Doble expansi\u00f3n de aire Eje de rodillos + doble tensi\u00f3n flotante medios de varilla arriba y abajo sistema de rodadura, sin desviaci\u00f3n y arrugas con alta velocidad de movimiento, mayor precisi\u00f3n de paso;<br \/>\n6.El eliminador electrost\u00e1tico de alta potencia puede eliminar eficazmente problemas como la tinta voladora y el desenfoque causados por la electricidad est\u00e1tica de los materiales;<br \/>\n7. La plataforma de impresi\u00f3n tiene la funci\u00f3n de adsorci\u00f3n independiente segmentada y ajuste independiente del tama\u00f1o de adsorci\u00f3n. Con el fuerte soplador de turbina silencioso, puede adaptarse a la adsorci\u00f3n de diversos materiales con diferentes espesores y trabajar para diferentes materiales complejos.<\/p>\n<p>Anchura m\u00e1xima de impresi\u00f3n: 3200 mm<br \/>\nCabezal de impresi\u00f3n: 12 piezas konica1024i Cabezales de impresi\u00f3n<br \/>\nVelocidad de impresi\u00f3n del cabezal de cuatro filas<br \/>\nLuz exterior:35-260m\u00b2\/h<br \/>\nLuz interior:190-135m\u00b2\/h<br \/>\nC+W+C:33-66m\u00b2\/h<\/p>\n<p>Soluci\u00f3n de aplicaci\u00f3n Film flexible\/pancarta flexible\/pancarta flexible recubierta\/pieza de l\u00e1mpara\/electroest\u00e1tica transparente<br \/>\nPel\u00edcula\/lienzo\/cuero\/material textil (casi cualquier material blando), y material plano como tablero de PVC, tablero acr\u00edlico, etc.<br \/>\nPotencia AC220V\/50\/60HZ\/6500W<br \/>\nTama\u00f1o de la impresora: L7520mm*W1960mm*H1780mm<br \/>\nTama\u00f1o del embalaje: L7580mm*W2050mm*H1820mm<br \/>\nPeso neto de brillo:1500 kg\/1800 k<\/p>","protected":false},"excerpt":{"rendered":"<p>Si desea conocer los detalles de los productos y las \u00faltimas ofertas, p\u00f3ngase en contacto con nuestro jefe de ventas<\/p>","protected":false},"featured_media":30248,"comment_status":"open","ping_status":"closed","template":"","meta":[],"product_brand":[],"product_cat":[118],"product_tag":[],"class_list":{"0":"post-30247","1":"product","2":"type-product","3":"status-publish","4":"has-post-thumbnail","6":"product_cat-with-konica-km1024i-printheads-uv-hybrid-inkjet-printer","8":"first","9":"instock","10":"shipping-taxable","11":"purchasable","12":"product-type-simple"},"yoast_head":"<!-- This site is optimized with the Yoast SEO plugin v26.9 - https:\/\/yoast.com\/product\/yoast-seo-wordpress\/ -->\n<title>AMO Hybrid UV Inkjet Printer AM3200UVH12k24i with 12 pieces Konica km1024i printhead - Amo<\/title>\n<meta name=\"robots\" content=\"index, follow, max-snippet:-1, max-image-preview:large, max-video-preview:-1\" \/>\n<link rel=\"canonical\" href=\"https:\/\/superprintpro.com\/es\/producto\/amo-hybrid-uv-inkjet-printer-am3200uvh12k24i-with-12-pieces-konica-km1024i-printhead\/\" \/>\n<meta property=\"og:locale\" content=\"es_ES\" \/>\n<meta property=\"og:type\" content=\"article\" \/>\n<meta property=\"og:title\" content=\"AMO Hybrid UV Inkjet Printer AM3200UVH12k24i with 12 pieces Konica km1024i printhead - Amo\" \/>\n<meta property=\"og:description\" content=\"For product details and the latest quotes, please contact our sales manager\" \/>\n<meta property=\"og:url\" content=\"https:\/\/superprintpro.com\/es\/producto\/amo-hybrid-uv-inkjet-printer-am3200uvh12k24i-with-12-pieces-konica-km1024i-printhead\/\" \/>\n<meta property=\"og:site_name\" content=\"Amo\" \/>\n<meta property=\"article:modified_time\" content=\"2025-08-18T08:12:34+00:00\" \/>\n<meta property=\"og:image\" content=\"https:\/\/superprintpro.com\/wp-content\/uploads\/2025\/08\/amo-hybrid-uv-inkjet-printer-am3200uvh12k24i-with-12-pieces-konica-km1024i-printhead.jpg\" \/>\n\t<meta property=\"og:image:width\" content=\"610\" \/>\n\t<meta property=\"og:image:height\" content=\"343\" \/>\n\t<meta property=\"og:image:type\" content=\"image\/jpeg\" \/>\n<meta name=\"twitter:card\" content=\"summary_large_image\" \/>\n<meta name=\"twitter:label1\" content=\"Tiempo de lectura\" \/>\n\t<meta name=\"twitter:data1\" content=\"1 minuto\" \/>\n<script type=\"application\/ld+json\" class=\"yoast-schema-graph\">{\"@context\":\"https:\/\/schema.org\",\"@graph\":[{\"@type\":\"WebPage\",\"@id\":\"https:\/\/superprintpro.com\/product\/amo-hybrid-uv-inkjet-printer-am3200uvh12k24i-with-12-pieces-konica-km1024i-printhead\/\",\"url\":\"https:\/\/superprintpro.com\/product\/amo-hybrid-uv-inkjet-printer-am3200uvh12k24i-with-12-pieces-konica-km1024i-printhead\/\",\"name\":\"AMO Hybrid UV Inkjet Printer AM3200UVH12k24i with 12 pieces Konica km1024i printhead - Amo\",\"isPartOf\":{\"@id\":\"https:\/\/superprintpro.com\/#website\"},\"primaryImageOfPage\":{\"@id\":\"https:\/\/superprintpro.com\/product\/amo-hybrid-uv-inkjet-printer-am3200uvh12k24i-with-12-pieces-konica-km1024i-printhead\/#primaryimage\"},\"image\":{\"@id\":\"https:\/\/superprintpro.com\/product\/amo-hybrid-uv-inkjet-printer-am3200uvh12k24i-with-12-pieces-konica-km1024i-printhead\/#primaryimage\"},\"thumbnailUrl\":\"https:\/\/superprintpro.com\/wp-content\/uploads\/2025\/08\/amo-hybrid-uv-inkjet-printer-am3200uvh12k24i-with-12-pieces-konica-km1024i-printhead.jpg\",\"datePublished\":\"2025-08-18T08:12:33+00:00\",\"dateModified\":\"2025-08-18T08:12:34+00:00\",\"breadcrumb\":{\"@id\":\"https:\/\/superprintpro.com\/product\/amo-hybrid-uv-inkjet-printer-am3200uvh12k24i-with-12-pieces-konica-km1024i-printhead\/#breadcrumb\"},\"inLanguage\":\"es\",\"potentialAction\":[{\"@type\":\"ReadAction\",\"target\":[\"https:\/\/superprintpro.com\/product\/amo-hybrid-uv-inkjet-printer-am3200uvh12k24i-with-12-pieces-konica-km1024i-printhead\/\"]}]},{\"@type\":\"ImageObject\",\"inLanguage\":\"es\",\"@id\":\"https:\/\/superprintpro.com\/product\/amo-hybrid-uv-inkjet-printer-am3200uvh12k24i-with-12-pieces-konica-km1024i-printhead\/#primaryimage\",\"url\":\"https:\/\/superprintpro.com\/wp-content\/uploads\/2025\/08\/amo-hybrid-uv-inkjet-printer-am3200uvh12k24i-with-12-pieces-konica-km1024i-printhead.jpg\",\"contentUrl\":\"https:\/\/superprintpro.com\/wp-content\/uploads\/2025\/08\/amo-hybrid-uv-inkjet-printer-am3200uvh12k24i-with-12-pieces-konica-km1024i-printhead.jpg\",\"width\":610,\"height\":343,\"caption\":\"AMO Hybrid UV Inkjet Printer AM3200UVH12k24i with 12 pieces Konica km1024i printhead\"},{\"@type\":\"BreadcrumbList\",\"@id\":\"https:\/\/superprintpro.com\/product\/amo-hybrid-uv-inkjet-printer-am3200uvh12k24i-with-12-pieces-konica-km1024i-printhead\/#breadcrumb\",\"itemListElement\":[{\"@type\":\"ListItem\",\"position\":1,\"name\":\"\u9996\u9875\",\"item\":\"https:\/\/superprintpro.com\/\"},{\"@type\":\"ListItem\",\"position\":2,\"name\":\"Shop\",\"item\":\"https:\/\/superprintpro.com\/shop\/\"},{\"@type\":\"ListItem\",\"position\":3,\"name\":\"AMO Hybrid UV Inkjet Printer AM3200UVH12k24i with 12 pieces Konica km1024i printhead\"}]},{\"@type\":\"WebSite\",\"@id\":\"https:\/\/superprintpro.com\/#website\",\"url\":\"https:\/\/superprintpro.com\/\",\"name\":\"Amo\",\"description\":\"\",\"potentialAction\":[{\"@type\":\"SearchAction\",\"target\":{\"@type\":\"EntryPoint\",\"urlTemplate\":\"https:\/\/superprintpro.com\/?s={search_term_string}\"},\"query-input\":{\"@type\":\"PropertyValueSpecification\",\"valueRequired\":true,\"valueName\":\"search_term_string\"}}],\"inLanguage\":\"es\"}]}<\/script>\n<!-- \/ Yoast SEO plugin. -->","yoast_head_json":{"title":"AMO Hybrid UV Inkjet Printer AM3200UVH12k24i with 12 pieces Konica km1024i printhead - Amo","robots":{"index":"index","follow":"follow","max-snippet":"max-snippet:-1","max-image-preview":"max-image-preview:large","max-video-preview":"max-video-preview:-1"},"canonical":"https:\/\/superprintpro.com\/es\/producto\/amo-hybrid-uv-inkjet-printer-am3200uvh12k24i-with-12-pieces-konica-km1024i-printhead\/","og_locale":"es_ES","og_type":"article","og_title":"AMO Hybrid UV Inkjet Printer AM3200UVH12k24i with 12 pieces Konica km1024i printhead - Amo","og_description":"For product details and the latest quotes, please contact our sales manager","og_url":"https:\/\/superprintpro.com\/es\/producto\/amo-hybrid-uv-inkjet-printer-am3200uvh12k24i-with-12-pieces-konica-km1024i-printhead\/","og_site_name":"Amo","article_modified_time":"2025-08-18T08:12:34+00:00","og_image":[{"width":610,"height":343,"url":"https:\/\/superprintpro.com\/wp-content\/uploads\/2025\/08\/amo-hybrid-uv-inkjet-printer-am3200uvh12k24i-with-12-pieces-konica-km1024i-printhead.jpg","type":"image\/jpeg"}],"twitter_card":"summary_large_image","twitter_misc":{"Tiempo de lectura":"1 minuto"},"schema":{"@context":"https:\/\/schema.org","@graph":[{"@type":"WebPage","@id":"https:\/\/superprintpro.com\/product\/amo-hybrid-uv-inkjet-printer-am3200uvh12k24i-with-12-pieces-konica-km1024i-printhead\/","url":"https:\/\/superprintpro.com\/product\/amo-hybrid-uv-inkjet-printer-am3200uvh12k24i-with-12-pieces-konica-km1024i-printhead\/","name":"AMO Hybrid UV Inkjet Printer AM3200UVH12k24i with 12 pieces Konica km1024i printhead - Amo","isPartOf":{"@id":"https:\/\/superprintpro.com\/#website"},"primaryImageOfPage":{"@id":"https:\/\/superprintpro.com\/product\/amo-hybrid-uv-inkjet-printer-am3200uvh12k24i-with-12-pieces-konica-km1024i-printhead\/#primaryimage"},"image":{"@id":"https:\/\/superprintpro.com\/product\/amo-hybrid-uv-inkjet-printer-am3200uvh12k24i-with-12-pieces-konica-km1024i-printhead\/#primaryimage"},"thumbnailUrl":"https:\/\/superprintpro.com\/wp-content\/uploads\/2025\/08\/amo-hybrid-uv-inkjet-printer-am3200uvh12k24i-with-12-pieces-konica-km1024i-printhead.jpg","datePublished":"2025-08-18T08:12:33+00:00","dateModified":"2025-08-18T08:12:34+00:00","breadcrumb":{"@id":"https:\/\/superprintpro.com\/product\/amo-hybrid-uv-inkjet-printer-am3200uvh12k24i-with-12-pieces-konica-km1024i-printhead\/#breadcrumb"},"inLanguage":"es","potentialAction":[{"@type":"ReadAction","target":["https:\/\/superprintpro.com\/product\/amo-hybrid-uv-inkjet-printer-am3200uvh12k24i-with-12-pieces-konica-km1024i-printhead\/"]}]},{"@type":"ImageObject","inLanguage":"es","@id":"https:\/\/superprintpro.com\/product\/amo-hybrid-uv-inkjet-printer-am3200uvh12k24i-with-12-pieces-konica-km1024i-printhead\/#primaryimage","url":"https:\/\/superprintpro.com\/wp-content\/uploads\/2025\/08\/amo-hybrid-uv-inkjet-printer-am3200uvh12k24i-with-12-pieces-konica-km1024i-printhead.jpg","contentUrl":"https:\/\/superprintpro.com\/wp-content\/uploads\/2025\/08\/amo-hybrid-uv-inkjet-printer-am3200uvh12k24i-with-12-pieces-konica-km1024i-printhead.jpg","width":610,"height":343,"caption":"AMO Hybrid UV Inkjet Printer AM3200UVH12k24i with 12 pieces Konica km1024i printhead"},{"@type":"BreadcrumbList","@id":"https:\/\/superprintpro.com\/product\/amo-hybrid-uv-inkjet-printer-am3200uvh12k24i-with-12-pieces-konica-km1024i-printhead\/#breadcrumb","itemListElement":[{"@type":"ListItem","position":1,"name":"\u9996\u9875","item":"https:\/\/superprintpro.com\/"},{"@type":"ListItem","position":2,"name":"Shop","item":"https:\/\/superprintpro.com\/shop\/"},{"@type":"ListItem","position":3,"name":"AMO Hybrid UV Inkjet Printer AM3200UVH12k24i with 12 pieces Konica km1024i printhead"}]},{"@type":"WebSite","@id":"https:\/\/superprintpro.com\/#website","url":"https:\/\/superprintpro.com\/","name":"Amo","description":"","potentialAction":[{"@type":"SearchAction","target":{"@type":"EntryPoint","urlTemplate":"https:\/\/superprintpro.com\/?s={search_term_string}"},"query-input":{"@type":"PropertyValueSpecification","valueRequired":true,"valueName":"search_term_string"}}],"inLanguage":"es"}]}},"_links":{"self":[{"href":"https:\/\/superprintpro.com\/es\/wp-json\/wp\/v2\/product\/30247","targetHints":{"allow":["GET"]}}],"collection":[{"href":"https:\/\/superprintpro.com\/es\/wp-json\/wp\/v2\/product"}],"about":[{"href":"https:\/\/superprintpro.com\/es\/wp-json\/wp\/v2\/types\/product"}],"replies":[{"embeddable":true,"href":"https:\/\/superprintpro.com\/es\/wp-json\/wp\/v2\/comments?post=30247"}],"version-history":[{"count":1,"href":"https:\/\/superprintpro.com\/es\/wp-json\/wp\/v2\/product\/30247\/revisions"}],"predecessor-version":[{"id":30249,"href":"https:\/\/superprintpro.com\/es\/wp-json\/wp\/v2\/product\/30247\/revisions\/30249"}],"wp:featuredmedia":[{"embeddable":true,"href":"https:\/\/superprintpro.com\/es\/wp-json\/wp\/v2\/media\/30248"}],"wp:attachment":[{"href":"https:\/\/superprintpro.com\/es\/wp-json\/wp\/v2\/media?parent=30247"}],"wp:term":[{"taxonomy":"product_brand","embeddable":true,"href":"https:\/\/superprintpro.com\/es\/wp-json\/wp\/v2\/product_brand?post=30247"},{"taxonomy":"product_cat","embeddable":true,"href":"https:\/\/superprintpro.com\/es\/wp-json\/wp\/v2\/product_cat?post=30247"},{"taxonomy":"product_tag","embeddable":true,"href":"https:\/\/superprintpro.com\/es\/wp-json\/wp\/v2\/product_tag?post=30247"}],"curies":[{"name":"wp","href":"https:\/\/api.w.org\/{rel}","templated":true}]}}