{"id":30221,"date":"2025-08-18T15:44:38","date_gmt":"2025-08-18T07:44:38","guid":{"rendered":"https:\/\/superprintpro.com\/?post_type=product&#038;p=30221"},"modified":"2025-08-18T15:44:38","modified_gmt":"2025-08-18T07:44:38","slug":"amo-uv-flatbed-inkjet-printer-am2412uvb8g6-with-8-pieces-ricoh-gen6-printheads","status":"publish","type":"product","link":"https:\/\/superprintpro.com\/es\/producto\/amo-uv-flatbed-inkjet-printer-am2412uvb8g6-with-8-pieces-ricoh-gen6-printheads\/","title":{"rendered":"Impresora de inyecci\u00f3n de tinta UV AMO AM2412UVB8G6 con 8 cabezales Ricoh Gen6"},"content":{"rendered":"<p>Impresora de inyecci\u00f3n de tinta UV AMO AM2412UVB8G6 con 8 cabezales Ricoh Gen6<\/p>\n<p>1. Equipado con 8 unidades Ricoh G6<br \/>\n2.Equipado con gu\u00eda lineal y deslizador silenciosos y motor de alta precisi\u00f3n<br \/>\n3. Dispositivo autom\u00e1tico de medici\u00f3n de altura de alta precisi\u00f3n. Equipado con dispositivo anticolisi\u00f3n para el cabezal de impresi\u00f3n en 2 lados;<br \/>\n4. 4. Funci\u00f3n de posicionamiento autom\u00e1tico con un solo bot\u00f3n para facilitar la impresi\u00f3n en tableros de mayor tama\u00f1o, m\u00e1s c\u00f3moda y f\u00e1cil de manejar por una sola persona;<br \/>\n5. Eliminador electrost\u00e1tico de alta potencia, elimina eficazmente la electricidad est\u00e1tica en los materiales de impresi\u00f3n, elimina la electricidad est\u00e1tica causada por la tinta que vuela, o la falta de claridad en la impresi\u00f3n.<br \/>\n6. Funci\u00f3n de pulverizaci\u00f3n flash autom\u00e1tica del cabezal de impresi\u00f3n, en estado de espera, las boquillas del cabezal de impresi\u00f3n se pulverizar\u00e1n cada 2 horas autom\u00e1ticamente, para evitar que las boquillas se sequen;<br \/>\n7.Funci\u00f3n de calentamiento a temperatura constante del cartucho secundario, funci\u00f3n de circulaci\u00f3n interna de la tinta blanca, previene la precipitaci\u00f3n de la tinta blanca, mejora la fluidez de la tinta, reduce la posibilidad de obstrucci\u00f3n;<br \/>\n8.Un interruptor de v\u00e1lvula mec\u00e1nico manual evita que la tinta refluya cuando el aparato est\u00e1 apagado, con lo que se ahorra m\u00e1s tinta;<br \/>\n9.3-4.5Kw ventilador de succi\u00f3n de turbina de alta potencia, equipado con silenciador, ofrece una fuerte potencia de succi\u00f3n y un ambiente silencioso.<\/p>\n<p>Par\u00e1metros de la m\u00e1quina<br \/>\nAnchura m\u00e1xima de impresi\u00f3n: 240 cm*120 cm<br \/>\nAltura de impresi\u00f3n: de 150 mm a 300 mm Personalizable<br \/>\nCabezal de impresi\u00f3n: 8 cabezales Ricoh Gen6<br \/>\nVelocidad de impresi\u00f3n: 12-45 m\u00b2\/h<br \/>\nMaterial: Puede imprimir casi todos los materiales planos, tridimensionales, c\u00f3ncavos y convexos materiales blandos y duros, por ejemplo:<br \/>\ncart\u00f3n acr\u00edlico, chapa met\u00e1lica, vidrio, chapa de madera, cart\u00f3n cer\u00e1mico, cuero pl\u00e1stico, tela textil, etc.<br \/>\npapel pintado,PC\/PE\/PVC<br \/>\nPotencia: AC220\/110\u00b110.50HZ~60HZ,4500W\/6000W<br \/>\nTama\u00f1o de la m\u00e1quina \/ Tama\u00f1o del embalaje:L4100mm*W2060mm*H1400mmL \/ 4360mm*W2120mm*H1610mm<br \/>\nPeso neto\/bruto 1550kg\/1670kg<\/p>","protected":false},"excerpt":{"rendered":"<p>Si desea conocer los detalles de los productos y las \u00faltimas ofertas, p\u00f3ngase en contacto con nuestro jefe de ventas<\/p>","protected":false},"featured_media":30222,"comment_status":"open","ping_status":"closed","template":"","meta":[],"product_brand":[],"product_cat":[111],"product_tag":[],"class_list":{"0":"post-30221","1":"product","2":"type-product","3":"status-publish","4":"has-post-thumbnail","6":"product_cat-with-ricoh-gen6-printhead","8":"first","9":"instock","10":"shipping-taxable","11":"purchasable","12":"product-type-simple"},"yoast_head":"<!-- This site is optimized with the Yoast SEO plugin v26.9 - https:\/\/yoast.com\/product\/yoast-seo-wordpress\/ -->\n<title>AMO UV Flatbed Inkjet Printer AM2412UVB8G6 with 8 pieces Ricoh Gen6 Printheads - Amo<\/title>\n<meta name=\"robots\" content=\"index, follow, max-snippet:-1, max-image-preview:large, max-video-preview:-1\" \/>\n<link rel=\"canonical\" href=\"https:\/\/superprintpro.com\/es\/producto\/amo-uv-flatbed-inkjet-printer-am2412uvb8g6-with-8-pieces-ricoh-gen6-printheads\/\" \/>\n<meta property=\"og:locale\" content=\"es_ES\" \/>\n<meta property=\"og:type\" content=\"article\" \/>\n<meta property=\"og:title\" content=\"AMO UV Flatbed Inkjet Printer AM2412UVB8G6 with 8 pieces Ricoh Gen6 Printheads - Amo\" \/>\n<meta property=\"og:description\" content=\"For product details and the latest quotes, please contact our sales manager\" \/>\n<meta property=\"og:url\" content=\"https:\/\/superprintpro.com\/es\/producto\/amo-uv-flatbed-inkjet-printer-am2412uvb8g6-with-8-pieces-ricoh-gen6-printheads\/\" \/>\n<meta property=\"og:site_name\" content=\"Amo\" \/>\n<meta property=\"og:image\" content=\"https:\/\/superprintpro.com\/wp-content\/uploads\/2025\/08\/amo-uv-flatbed-inkjet-printer-am2412uvb8g6-with-8-pieces-ricoh-gen6-printheads.jpg\" \/>\n\t<meta property=\"og:image:width\" content=\"800\" \/>\n\t<meta property=\"og:image:height\" content=\"548\" \/>\n\t<meta property=\"og:image:type\" content=\"image\/jpeg\" \/>\n<meta name=\"twitter:card\" content=\"summary_large_image\" \/>\n<meta name=\"twitter:label1\" content=\"Tiempo de lectura\" \/>\n\t<meta name=\"twitter:data1\" content=\"1 minuto\" \/>\n<script type=\"application\/ld+json\" class=\"yoast-schema-graph\">{\"@context\":\"https:\/\/schema.org\",\"@graph\":[{\"@type\":\"WebPage\",\"@id\":\"https:\/\/superprintpro.com\/product\/amo-uv-flatbed-inkjet-printer-am2412uvb8g6-with-8-pieces-ricoh-gen6-printheads\/\",\"url\":\"https:\/\/superprintpro.com\/product\/amo-uv-flatbed-inkjet-printer-am2412uvb8g6-with-8-pieces-ricoh-gen6-printheads\/\",\"name\":\"AMO UV Flatbed Inkjet Printer AM2412UVB8G6 with 8 pieces Ricoh Gen6 Printheads - Amo\",\"isPartOf\":{\"@id\":\"https:\/\/superprintpro.com\/#website\"},\"primaryImageOfPage\":{\"@id\":\"https:\/\/superprintpro.com\/product\/amo-uv-flatbed-inkjet-printer-am2412uvb8g6-with-8-pieces-ricoh-gen6-printheads\/#primaryimage\"},\"image\":{\"@id\":\"https:\/\/superprintpro.com\/product\/amo-uv-flatbed-inkjet-printer-am2412uvb8g6-with-8-pieces-ricoh-gen6-printheads\/#primaryimage\"},\"thumbnailUrl\":\"https:\/\/superprintpro.com\/wp-content\/uploads\/2025\/08\/amo-uv-flatbed-inkjet-printer-am2412uvb8g6-with-8-pieces-ricoh-gen6-printheads.jpg\",\"datePublished\":\"2025-08-18T07:44:38+00:00\",\"breadcrumb\":{\"@id\":\"https:\/\/superprintpro.com\/product\/amo-uv-flatbed-inkjet-printer-am2412uvb8g6-with-8-pieces-ricoh-gen6-printheads\/#breadcrumb\"},\"inLanguage\":\"es\",\"potentialAction\":[{\"@type\":\"ReadAction\",\"target\":[\"https:\/\/superprintpro.com\/product\/amo-uv-flatbed-inkjet-printer-am2412uvb8g6-with-8-pieces-ricoh-gen6-printheads\/\"]}]},{\"@type\":\"ImageObject\",\"inLanguage\":\"es\",\"@id\":\"https:\/\/superprintpro.com\/product\/amo-uv-flatbed-inkjet-printer-am2412uvb8g6-with-8-pieces-ricoh-gen6-printheads\/#primaryimage\",\"url\":\"https:\/\/superprintpro.com\/wp-content\/uploads\/2025\/08\/amo-uv-flatbed-inkjet-printer-am2412uvb8g6-with-8-pieces-ricoh-gen6-printheads.jpg\",\"contentUrl\":\"https:\/\/superprintpro.com\/wp-content\/uploads\/2025\/08\/amo-uv-flatbed-inkjet-printer-am2412uvb8g6-with-8-pieces-ricoh-gen6-printheads.jpg\",\"width\":800,\"height\":548,\"caption\":\"AMO UV Flatbed Inkjet Printer AM2412UVB8G6 with 8 pieces Ricoh Gen6 Printheads\"},{\"@type\":\"BreadcrumbList\",\"@id\":\"https:\/\/superprintpro.com\/product\/amo-uv-flatbed-inkjet-printer-am2412uvb8g6-with-8-pieces-ricoh-gen6-printheads\/#breadcrumb\",\"itemListElement\":[{\"@type\":\"ListItem\",\"position\":1,\"name\":\"\u9996\u9875\",\"item\":\"https:\/\/superprintpro.com\/\"},{\"@type\":\"ListItem\",\"position\":2,\"name\":\"Shop\",\"item\":\"https:\/\/superprintpro.com\/shop\/\"},{\"@type\":\"ListItem\",\"position\":3,\"name\":\"AMO UV Flatbed Inkjet Printer AM2412UVB8G6 with 8 pieces Ricoh Gen6 Printheads\"}]},{\"@type\":\"WebSite\",\"@id\":\"https:\/\/superprintpro.com\/#website\",\"url\":\"https:\/\/superprintpro.com\/\",\"name\":\"Amo\",\"description\":\"\",\"potentialAction\":[{\"@type\":\"SearchAction\",\"target\":{\"@type\":\"EntryPoint\",\"urlTemplate\":\"https:\/\/superprintpro.com\/?s={search_term_string}\"},\"query-input\":{\"@type\":\"PropertyValueSpecification\",\"valueRequired\":true,\"valueName\":\"search_term_string\"}}],\"inLanguage\":\"es\"}]}<\/script>\n<!-- \/ Yoast SEO plugin. -->","yoast_head_json":{"title":"AMO UV Flatbed Inkjet Printer AM2412UVB8G6 with 8 pieces Ricoh Gen6 Printheads - Amo","robots":{"index":"index","follow":"follow","max-snippet":"max-snippet:-1","max-image-preview":"max-image-preview:large","max-video-preview":"max-video-preview:-1"},"canonical":"https:\/\/superprintpro.com\/es\/producto\/amo-uv-flatbed-inkjet-printer-am2412uvb8g6-with-8-pieces-ricoh-gen6-printheads\/","og_locale":"es_ES","og_type":"article","og_title":"AMO UV Flatbed Inkjet Printer AM2412UVB8G6 with 8 pieces Ricoh Gen6 Printheads - Amo","og_description":"For product details and the latest quotes, please contact our sales manager","og_url":"https:\/\/superprintpro.com\/es\/producto\/amo-uv-flatbed-inkjet-printer-am2412uvb8g6-with-8-pieces-ricoh-gen6-printheads\/","og_site_name":"Amo","og_image":[{"width":800,"height":548,"url":"https:\/\/superprintpro.com\/wp-content\/uploads\/2025\/08\/amo-uv-flatbed-inkjet-printer-am2412uvb8g6-with-8-pieces-ricoh-gen6-printheads.jpg","type":"image\/jpeg"}],"twitter_card":"summary_large_image","twitter_misc":{"Tiempo de lectura":"1 minuto"},"schema":{"@context":"https:\/\/schema.org","@graph":[{"@type":"WebPage","@id":"https:\/\/superprintpro.com\/product\/amo-uv-flatbed-inkjet-printer-am2412uvb8g6-with-8-pieces-ricoh-gen6-printheads\/","url":"https:\/\/superprintpro.com\/product\/amo-uv-flatbed-inkjet-printer-am2412uvb8g6-with-8-pieces-ricoh-gen6-printheads\/","name":"AMO UV Flatbed Inkjet Printer AM2412UVB8G6 with 8 pieces Ricoh Gen6 Printheads - Amo","isPartOf":{"@id":"https:\/\/superprintpro.com\/#website"},"primaryImageOfPage":{"@id":"https:\/\/superprintpro.com\/product\/amo-uv-flatbed-inkjet-printer-am2412uvb8g6-with-8-pieces-ricoh-gen6-printheads\/#primaryimage"},"image":{"@id":"https:\/\/superprintpro.com\/product\/amo-uv-flatbed-inkjet-printer-am2412uvb8g6-with-8-pieces-ricoh-gen6-printheads\/#primaryimage"},"thumbnailUrl":"https:\/\/superprintpro.com\/wp-content\/uploads\/2025\/08\/amo-uv-flatbed-inkjet-printer-am2412uvb8g6-with-8-pieces-ricoh-gen6-printheads.jpg","datePublished":"2025-08-18T07:44:38+00:00","breadcrumb":{"@id":"https:\/\/superprintpro.com\/product\/amo-uv-flatbed-inkjet-printer-am2412uvb8g6-with-8-pieces-ricoh-gen6-printheads\/#breadcrumb"},"inLanguage":"es","potentialAction":[{"@type":"ReadAction","target":["https:\/\/superprintpro.com\/product\/amo-uv-flatbed-inkjet-printer-am2412uvb8g6-with-8-pieces-ricoh-gen6-printheads\/"]}]},{"@type":"ImageObject","inLanguage":"es","@id":"https:\/\/superprintpro.com\/product\/amo-uv-flatbed-inkjet-printer-am2412uvb8g6-with-8-pieces-ricoh-gen6-printheads\/#primaryimage","url":"https:\/\/superprintpro.com\/wp-content\/uploads\/2025\/08\/amo-uv-flatbed-inkjet-printer-am2412uvb8g6-with-8-pieces-ricoh-gen6-printheads.jpg","contentUrl":"https:\/\/superprintpro.com\/wp-content\/uploads\/2025\/08\/amo-uv-flatbed-inkjet-printer-am2412uvb8g6-with-8-pieces-ricoh-gen6-printheads.jpg","width":800,"height":548,"caption":"AMO UV Flatbed Inkjet Printer AM2412UVB8G6 with 8 pieces Ricoh Gen6 Printheads"},{"@type":"BreadcrumbList","@id":"https:\/\/superprintpro.com\/product\/amo-uv-flatbed-inkjet-printer-am2412uvb8g6-with-8-pieces-ricoh-gen6-printheads\/#breadcrumb","itemListElement":[{"@type":"ListItem","position":1,"name":"\u9996\u9875","item":"https:\/\/superprintpro.com\/"},{"@type":"ListItem","position":2,"name":"Shop","item":"https:\/\/superprintpro.com\/shop\/"},{"@type":"ListItem","position":3,"name":"AMO UV Flatbed Inkjet Printer AM2412UVB8G6 with 8 pieces Ricoh Gen6 Printheads"}]},{"@type":"WebSite","@id":"https:\/\/superprintpro.com\/#website","url":"https:\/\/superprintpro.com\/","name":"Amo","description":"","potentialAction":[{"@type":"SearchAction","target":{"@type":"EntryPoint","urlTemplate":"https:\/\/superprintpro.com\/?s={search_term_string}"},"query-input":{"@type":"PropertyValueSpecification","valueRequired":true,"valueName":"search_term_string"}}],"inLanguage":"es"}]}},"_links":{"self":[{"href":"https:\/\/superprintpro.com\/es\/wp-json\/wp\/v2\/product\/30221","targetHints":{"allow":["GET"]}}],"collection":[{"href":"https:\/\/superprintpro.com\/es\/wp-json\/wp\/v2\/product"}],"about":[{"href":"https:\/\/superprintpro.com\/es\/wp-json\/wp\/v2\/types\/product"}],"replies":[{"embeddable":true,"href":"https:\/\/superprintpro.com\/es\/wp-json\/wp\/v2\/comments?post=30221"}],"version-history":[{"count":1,"href":"https:\/\/superprintpro.com\/es\/wp-json\/wp\/v2\/product\/30221\/revisions"}],"predecessor-version":[{"id":30223,"href":"https:\/\/superprintpro.com\/es\/wp-json\/wp\/v2\/product\/30221\/revisions\/30223"}],"wp:featuredmedia":[{"embeddable":true,"href":"https:\/\/superprintpro.com\/es\/wp-json\/wp\/v2\/media\/30222"}],"wp:attachment":[{"href":"https:\/\/superprintpro.com\/es\/wp-json\/wp\/v2\/media?parent=30221"}],"wp:term":[{"taxonomy":"product_brand","embeddable":true,"href":"https:\/\/superprintpro.com\/es\/wp-json\/wp\/v2\/product_brand?post=30221"},{"taxonomy":"product_cat","embeddable":true,"href":"https:\/\/superprintpro.com\/es\/wp-json\/wp\/v2\/product_cat?post=30221"},{"taxonomy":"product_tag","embeddable":true,"href":"https:\/\/superprintpro.com\/es\/wp-json\/wp\/v2\/product_tag?post=30221"}],"curies":[{"name":"wp","href":"https:\/\/api.w.org\/{rel}","templated":true}]}}