{"id":30182,"date":"2025-08-18T15:00:33","date_gmt":"2025-08-18T07:00:33","guid":{"rendered":"https:\/\/superprintpro.com\/?post_type=product&#038;p=30182"},"modified":"2025-08-18T15:00:33","modified_gmt":"2025-08-18T07:00:33","slug":"amo-uv-flatbed-printer-am9060uvb4i32-ai-with-4-heads-i3200-heads-and-ai-visual-system","status":"publish","type":"product","link":"https:\/\/superprintpro.com\/es\/producto\/amo-uv-flatbed-printer-am9060uvb4i32-ai-with-4-heads-i3200-heads-and-ai-visual-system\/","title":{"rendered":"Impresora UV plana AMO AM9060UVB4i32-AI con 4 cabezales i3200 y sistema AI Visual"},"content":{"rendered":"<p>Impresora UV plana AMO AM9060UVB4i32-AI con 4 cabezales i3200 y sistema AI Visual<\/p>\n<p>La impresora plana 9060UV es un dispositivo de impresi\u00f3n muy popular en el mercado, con m\u00faltiples ventajas y potentes funciones. Equipada con el cabezal de impresi\u00f3n piezoel\u00e9ctrico Epson I3200, puede lograr una impresi\u00f3n de alta precisi\u00f3n y alta velocidad al tiempo que garantiza la estabilidad y la consistencia de la calidad. Utilizando un dispositivo de curado UV, se seca instant\u00e1neamente bajo luz ultravioleta, eliminando la necesidad de procesos de secado adicionales. La impresora plana 9060 se utiliza ampliamente en diversos sectores como la publicidad, la decoraci\u00f3n, el embalaje y la electr\u00f3nica. Puede imprimir productos de diversos materiales, como azulejos, vidrio, acr\u00edlico, tableros de madera, metal y cuero. Adem\u00e1s, puede ofrecer servicios personalizados para satisfacer las necesidades \u00fanicas de los clientes.<\/p>\n<p>Par\u00e1metros de la m\u00e1quina<br \/>\nCabezal de impresi\u00f3n: Epson I3200 4H<br \/>\nSistema de impresi\u00f3n : Hoson<br \/>\nTama\u00f1o de impresi\u00f3n: 900 mm x 600 mm<br \/>\nVelocidad de impresi\u00f3n:<br \/>\nModo 20 m\/h<br \/>\nModo de producci\u00f3n 15m\/h<br \/>\nModo est\u00e1ndar 9 m\u00b2\/h<br \/>\nModo calidad 5 m\u00b2\/h<br \/>\nTipo de tinta: Tinta UV<br \/>\nColor: CMYK WV<br \/>\nTipo de soporte: cart\u00f3n plano, materiales cil\u00edndricos<br \/>\nSuministro de tinta: Suministro de tinta por sif\u00f3n<br \/>\nMantenimiento del cabezal de impresi\u00f3n :Sistema de limpieza autom\u00e1tica de los inyectores del cabezal de impresi\u00f3n mediante un bot\u00f3n<br \/>\nSoftware de Rip: Maintop PP RIIN<br \/>\nInterfaz de datos : transmisi\u00f3n Gigabit con puertos de red dobles<br \/>\nModo de impresi\u00f3n de tres estaciones:<br \/>\n1: Estaci\u00f3n de placas<br \/>\n2: Estaci\u00f3n de rodillos<br \/>\n3: Estaci\u00f3n Cvlinder<\/p>\n<p>Altura del cabezal de impresi\u00f3n Z : Medici\u00f3n autom\u00e1tica de la altura del eje Z<br \/>\nOtras funciones: Al sistema de posicionamiento de escaneo visual<\/p>\n<p>Informaci\u00f3n de la impresora<br \/>\nTensi\u00f3n de trabajo: 220 V CA<br \/>\nPotencia 4500W<br \/>\nentorno de trabajo :<br \/>\nTemperatura normal de trabajo:22-28\u2103\/humedad:40%-60%<br \/>\nTama\u00f1o de la m\u00e1quina 2000MM*1420MM*1045MM<br \/>\nPacking dimensions2140MM*1660MM*1160MM<\/p>","protected":false},"excerpt":{"rendered":"<p>Si desea conocer los detalles de los productos y las \u00faltimas ofertas, p\u00f3ngase en contacto con nuestro jefe de ventas<\/p>","protected":false},"featured_media":30183,"comment_status":"open","ping_status":"closed","template":"","meta":[],"product_brand":[],"product_cat":[107],"product_tag":[],"class_list":{"0":"post-30182","1":"product","2":"type-product","3":"status-publish","4":"has-post-thumbnail","6":"product_cat-with-i3200-printhead-uv-flatbed-printers","8":"first","9":"instock","10":"shipping-taxable","11":"purchasable","12":"product-type-simple"},"yoast_head":"<!-- This site is optimized with the Yoast SEO plugin v26.9 - https:\/\/yoast.com\/product\/yoast-seo-wordpress\/ -->\n<title>AMO UV Flatbed Printer AM9060UVB4i32-AI with 4 heads i3200 heads and AI Visual system - Amo<\/title>\n<meta name=\"robots\" content=\"index, follow, max-snippet:-1, max-image-preview:large, max-video-preview:-1\" \/>\n<link rel=\"canonical\" href=\"https:\/\/superprintpro.com\/es\/producto\/amo-uv-flatbed-printer-am9060uvb4i32-ai-with-4-heads-i3200-heads-and-ai-visual-system\/\" \/>\n<meta property=\"og:locale\" content=\"es_ES\" \/>\n<meta property=\"og:type\" content=\"article\" \/>\n<meta property=\"og:title\" content=\"AMO UV Flatbed Printer AM9060UVB4i32-AI with 4 heads i3200 heads and AI Visual system - Amo\" \/>\n<meta property=\"og:description\" content=\"For product details and the latest quotes, please contact our sales manager\" \/>\n<meta property=\"og:url\" content=\"https:\/\/superprintpro.com\/es\/producto\/amo-uv-flatbed-printer-am9060uvb4i32-ai-with-4-heads-i3200-heads-and-ai-visual-system\/\" \/>\n<meta property=\"og:site_name\" content=\"Amo\" \/>\n<meta property=\"og:image\" content=\"https:\/\/superprintpro.com\/wp-content\/uploads\/2025\/08\/amo-uv-flatbed-printer-am9060uvb4i32-ai-with-4-heads-i3200-heads-and-ai-visual-system.jpg\" \/>\n\t<meta property=\"og:image:width\" content=\"630\" \/>\n\t<meta property=\"og:image:height\" content=\"354\" \/>\n\t<meta property=\"og:image:type\" content=\"image\/jpeg\" \/>\n<meta name=\"twitter:card\" content=\"summary_large_image\" \/>\n<meta name=\"twitter:label1\" content=\"Tiempo de lectura\" \/>\n\t<meta name=\"twitter:data1\" content=\"1 minuto\" \/>\n<script type=\"application\/ld+json\" class=\"yoast-schema-graph\">{\"@context\":\"https:\/\/schema.org\",\"@graph\":[{\"@type\":\"WebPage\",\"@id\":\"https:\/\/superprintpro.com\/product\/amo-uv-flatbed-printer-am9060uvb4i32-ai-with-4-heads-i3200-heads-and-ai-visual-system\/\",\"url\":\"https:\/\/superprintpro.com\/product\/amo-uv-flatbed-printer-am9060uvb4i32-ai-with-4-heads-i3200-heads-and-ai-visual-system\/\",\"name\":\"AMO UV Flatbed Printer AM9060UVB4i32-AI with 4 heads i3200 heads and AI Visual system - Amo\",\"isPartOf\":{\"@id\":\"https:\/\/superprintpro.com\/#website\"},\"primaryImageOfPage\":{\"@id\":\"https:\/\/superprintpro.com\/product\/amo-uv-flatbed-printer-am9060uvb4i32-ai-with-4-heads-i3200-heads-and-ai-visual-system\/#primaryimage\"},\"image\":{\"@id\":\"https:\/\/superprintpro.com\/product\/amo-uv-flatbed-printer-am9060uvb4i32-ai-with-4-heads-i3200-heads-and-ai-visual-system\/#primaryimage\"},\"thumbnailUrl\":\"https:\/\/superprintpro.com\/wp-content\/uploads\/2025\/08\/amo-uv-flatbed-printer-am9060uvb4i32-ai-with-4-heads-i3200-heads-and-ai-visual-system.jpg\",\"datePublished\":\"2025-08-18T07:00:33+00:00\",\"breadcrumb\":{\"@id\":\"https:\/\/superprintpro.com\/product\/amo-uv-flatbed-printer-am9060uvb4i32-ai-with-4-heads-i3200-heads-and-ai-visual-system\/#breadcrumb\"},\"inLanguage\":\"es\",\"potentialAction\":[{\"@type\":\"ReadAction\",\"target\":[\"https:\/\/superprintpro.com\/product\/amo-uv-flatbed-printer-am9060uvb4i32-ai-with-4-heads-i3200-heads-and-ai-visual-system\/\"]}]},{\"@type\":\"ImageObject\",\"inLanguage\":\"es\",\"@id\":\"https:\/\/superprintpro.com\/product\/amo-uv-flatbed-printer-am9060uvb4i32-ai-with-4-heads-i3200-heads-and-ai-visual-system\/#primaryimage\",\"url\":\"https:\/\/superprintpro.com\/wp-content\/uploads\/2025\/08\/amo-uv-flatbed-printer-am9060uvb4i32-ai-with-4-heads-i3200-heads-and-ai-visual-system.jpg\",\"contentUrl\":\"https:\/\/superprintpro.com\/wp-content\/uploads\/2025\/08\/amo-uv-flatbed-printer-am9060uvb4i32-ai-with-4-heads-i3200-heads-and-ai-visual-system.jpg\",\"width\":630,\"height\":354,\"caption\":\"AMO UV Flatbed Printer AM9060UVB4i32-AI with 4 heads i3200 heads and AI Visual system\"},{\"@type\":\"BreadcrumbList\",\"@id\":\"https:\/\/superprintpro.com\/product\/amo-uv-flatbed-printer-am9060uvb4i32-ai-with-4-heads-i3200-heads-and-ai-visual-system\/#breadcrumb\",\"itemListElement\":[{\"@type\":\"ListItem\",\"position\":1,\"name\":\"\u9996\u9875\",\"item\":\"https:\/\/superprintpro.com\/\"},{\"@type\":\"ListItem\",\"position\":2,\"name\":\"Shop\",\"item\":\"https:\/\/superprintpro.com\/shop\/\"},{\"@type\":\"ListItem\",\"position\":3,\"name\":\"AMO UV Flatbed Printer AM9060UVB4i32-AI with 4 heads i3200 heads and AI Visual system\"}]},{\"@type\":\"WebSite\",\"@id\":\"https:\/\/superprintpro.com\/#website\",\"url\":\"https:\/\/superprintpro.com\/\",\"name\":\"Amo\",\"description\":\"\",\"potentialAction\":[{\"@type\":\"SearchAction\",\"target\":{\"@type\":\"EntryPoint\",\"urlTemplate\":\"https:\/\/superprintpro.com\/?s={search_term_string}\"},\"query-input\":{\"@type\":\"PropertyValueSpecification\",\"valueRequired\":true,\"valueName\":\"search_term_string\"}}],\"inLanguage\":\"es\"}]}<\/script>\n<!-- \/ Yoast SEO plugin. -->","yoast_head_json":{"title":"AMO UV Flatbed Printer AM9060UVB4i32-AI with 4 heads i3200 heads and AI Visual system - Amo","robots":{"index":"index","follow":"follow","max-snippet":"max-snippet:-1","max-image-preview":"max-image-preview:large","max-video-preview":"max-video-preview:-1"},"canonical":"https:\/\/superprintpro.com\/es\/producto\/amo-uv-flatbed-printer-am9060uvb4i32-ai-with-4-heads-i3200-heads-and-ai-visual-system\/","og_locale":"es_ES","og_type":"article","og_title":"AMO UV Flatbed Printer AM9060UVB4i32-AI with 4 heads i3200 heads and AI Visual system - Amo","og_description":"For product details and the latest quotes, please contact our sales manager","og_url":"https:\/\/superprintpro.com\/es\/producto\/amo-uv-flatbed-printer-am9060uvb4i32-ai-with-4-heads-i3200-heads-and-ai-visual-system\/","og_site_name":"Amo","og_image":[{"width":630,"height":354,"url":"https:\/\/superprintpro.com\/wp-content\/uploads\/2025\/08\/amo-uv-flatbed-printer-am9060uvb4i32-ai-with-4-heads-i3200-heads-and-ai-visual-system.jpg","type":"image\/jpeg"}],"twitter_card":"summary_large_image","twitter_misc":{"Tiempo de lectura":"1 minuto"},"schema":{"@context":"https:\/\/schema.org","@graph":[{"@type":"WebPage","@id":"https:\/\/superprintpro.com\/product\/amo-uv-flatbed-printer-am9060uvb4i32-ai-with-4-heads-i3200-heads-and-ai-visual-system\/","url":"https:\/\/superprintpro.com\/product\/amo-uv-flatbed-printer-am9060uvb4i32-ai-with-4-heads-i3200-heads-and-ai-visual-system\/","name":"AMO UV Flatbed Printer AM9060UVB4i32-AI with 4 heads i3200 heads and AI Visual system - Amo","isPartOf":{"@id":"https:\/\/superprintpro.com\/#website"},"primaryImageOfPage":{"@id":"https:\/\/superprintpro.com\/product\/amo-uv-flatbed-printer-am9060uvb4i32-ai-with-4-heads-i3200-heads-and-ai-visual-system\/#primaryimage"},"image":{"@id":"https:\/\/superprintpro.com\/product\/amo-uv-flatbed-printer-am9060uvb4i32-ai-with-4-heads-i3200-heads-and-ai-visual-system\/#primaryimage"},"thumbnailUrl":"https:\/\/superprintpro.com\/wp-content\/uploads\/2025\/08\/amo-uv-flatbed-printer-am9060uvb4i32-ai-with-4-heads-i3200-heads-and-ai-visual-system.jpg","datePublished":"2025-08-18T07:00:33+00:00","breadcrumb":{"@id":"https:\/\/superprintpro.com\/product\/amo-uv-flatbed-printer-am9060uvb4i32-ai-with-4-heads-i3200-heads-and-ai-visual-system\/#breadcrumb"},"inLanguage":"es","potentialAction":[{"@type":"ReadAction","target":["https:\/\/superprintpro.com\/product\/amo-uv-flatbed-printer-am9060uvb4i32-ai-with-4-heads-i3200-heads-and-ai-visual-system\/"]}]},{"@type":"ImageObject","inLanguage":"es","@id":"https:\/\/superprintpro.com\/product\/amo-uv-flatbed-printer-am9060uvb4i32-ai-with-4-heads-i3200-heads-and-ai-visual-system\/#primaryimage","url":"https:\/\/superprintpro.com\/wp-content\/uploads\/2025\/08\/amo-uv-flatbed-printer-am9060uvb4i32-ai-with-4-heads-i3200-heads-and-ai-visual-system.jpg","contentUrl":"https:\/\/superprintpro.com\/wp-content\/uploads\/2025\/08\/amo-uv-flatbed-printer-am9060uvb4i32-ai-with-4-heads-i3200-heads-and-ai-visual-system.jpg","width":630,"height":354,"caption":"AMO UV Flatbed Printer AM9060UVB4i32-AI with 4 heads i3200 heads and AI Visual system"},{"@type":"BreadcrumbList","@id":"https:\/\/superprintpro.com\/product\/amo-uv-flatbed-printer-am9060uvb4i32-ai-with-4-heads-i3200-heads-and-ai-visual-system\/#breadcrumb","itemListElement":[{"@type":"ListItem","position":1,"name":"\u9996\u9875","item":"https:\/\/superprintpro.com\/"},{"@type":"ListItem","position":2,"name":"Shop","item":"https:\/\/superprintpro.com\/shop\/"},{"@type":"ListItem","position":3,"name":"AMO UV Flatbed Printer AM9060UVB4i32-AI with 4 heads i3200 heads and AI Visual system"}]},{"@type":"WebSite","@id":"https:\/\/superprintpro.com\/#website","url":"https:\/\/superprintpro.com\/","name":"Amo","description":"","potentialAction":[{"@type":"SearchAction","target":{"@type":"EntryPoint","urlTemplate":"https:\/\/superprintpro.com\/?s={search_term_string}"},"query-input":{"@type":"PropertyValueSpecification","valueRequired":true,"valueName":"search_term_string"}}],"inLanguage":"es"}]}},"_links":{"self":[{"href":"https:\/\/superprintpro.com\/es\/wp-json\/wp\/v2\/product\/30182","targetHints":{"allow":["GET"]}}],"collection":[{"href":"https:\/\/superprintpro.com\/es\/wp-json\/wp\/v2\/product"}],"about":[{"href":"https:\/\/superprintpro.com\/es\/wp-json\/wp\/v2\/types\/product"}],"replies":[{"embeddable":true,"href":"https:\/\/superprintpro.com\/es\/wp-json\/wp\/v2\/comments?post=30182"}],"version-history":[{"count":1,"href":"https:\/\/superprintpro.com\/es\/wp-json\/wp\/v2\/product\/30182\/revisions"}],"predecessor-version":[{"id":30184,"href":"https:\/\/superprintpro.com\/es\/wp-json\/wp\/v2\/product\/30182\/revisions\/30184"}],"wp:featuredmedia":[{"embeddable":true,"href":"https:\/\/superprintpro.com\/es\/wp-json\/wp\/v2\/media\/30183"}],"wp:attachment":[{"href":"https:\/\/superprintpro.com\/es\/wp-json\/wp\/v2\/media?parent=30182"}],"wp:term":[{"taxonomy":"product_brand","embeddable":true,"href":"https:\/\/superprintpro.com\/es\/wp-json\/wp\/v2\/product_brand?post=30182"},{"taxonomy":"product_cat","embeddable":true,"href":"https:\/\/superprintpro.com\/es\/wp-json\/wp\/v2\/product_cat?post=30182"},{"taxonomy":"product_tag","embeddable":true,"href":"https:\/\/superprintpro.com\/es\/wp-json\/wp\/v2\/product_tag?post=30182"}],"curies":[{"name":"wp","href":"https:\/\/api.w.org\/{rel}","templated":true}]}}