{"id":30157,"date":"2025-08-18T14:34:04","date_gmt":"2025-08-18T06:34:04","guid":{"rendered":"https:\/\/superprintpro.com\/?post_type=product&#038;p=30157"},"modified":"2025-08-18T14:34:05","modified_gmt":"2025-08-18T06:34:05","slug":"amo-uv-inkjet-printer-am3200uv4k24i-el-for-3-2meters-soft-and-elastic-film-with-4-konica-1024i-printheads","status":"publish","type":"product","link":"https:\/\/superprintpro.com\/es\/producto\/amo-uv-inkjet-printer-am3200uv4k24i-el-for-3-2meters-soft-and-elastic-film-with-4-konica-1024i-printheads\/","title":{"rendered":"Impresora de inyecci\u00f3n de tinta UV AMO AM3200UV4k24i-EL para pel\u00edcula blanda y el\u00e1stica de 3,2 metros con 4 cabezales Konica 1024i"},"content":{"rendered":"<p>Impresora de inyecci\u00f3n de tinta UV AMO AM3200UV4k24i-EL para pel\u00edcula blanda y el\u00e1stica de 3,2 metros con 4 cabezales Konica 1024i<br \/>\nImpresora de inyecci\u00f3n de tinta UV para pel\u00edculas blandas y el\u00e1sticas Amo AM3200UV4k24i-EL con 4 cabezales Konica KM1024i<\/p>\n<p>Esta serie de impresoras de inyecci\u00f3n de tinta UV con el sufijo EL en el nombre del modelo est\u00e1n equipadas con un sistema especial de laminaci\u00f3n especialmente para materiales muy blandos y el\u00e1sticos como el film blando. Si usted apenas necesita imprimir en la bandera normal de la flexi\u00f3n, bandera revestida de la flexi\u00f3n, vinilo, mes, visi\u00f3n unidireccional, lona, despu\u00e9s ninguna necesidad de comprar esta impresora de chorro de tinta, ve por favor esos modelos con el sufijo ES en nombre de modelo.<\/p>\n<p>1.Sistema de calentamiento de la boquilla del cabezal de impresi\u00f3n y circulaci\u00f3n de la tinta: La placa de boquillas del cabezal de impresi\u00f3n integra una funci\u00f3n de calentamiento para garantizar una estabilidad \u00f3ptima del flujo de tinta en entornos de temperatura variable. La tinta incorporada<br \/>\nevita la sedimentaci\u00f3n de pigmentos en las boquillas, reduciendo eficazmente el riesgo de obstrucci\u00f3n de las mismas.<br \/>\n2.Dise\u00f1o totalmente transparente del dep\u00f3sito de tinta secundario y control independiente de la presi\u00f3n del color:(1) La construcci\u00f3n transparente facilita la resoluci\u00f3n de problemas y reduce el tiempo de mantenimiento.(2)<br \/>\nLos mecanismos independientes de ajuste de la presi\u00f3n optimizan la eficacia del consumo de tinta.<br \/>\n3. (1) Permite el ajuste en tiempo real de los rodillos de presi\u00f3n individuales durante las operaciones de impresi\u00f3n para eliminar las arrugas del material sin interrumpir la producci\u00f3n, minimizando el desperdicio de material. (2) Los ra\u00edles gu\u00eda silenciosos de alta velocidad garantizan un movimiento m\u00e1s suave del cabezal de impresi\u00f3n, mejorando la precisi\u00f3n de impresi\u00f3n y reduciendo el ruido de funcionamiento. Este dise\u00f1o minimiza el desgaste mec\u00e1nico y prolonga la vida \u00fatil de los ra\u00edles gu\u00eda.<br \/>\n4.Plataforma de vac\u00edo ajustable y modulaci\u00f3n de la velocidad de los rodillos:(1) Permite el ajuste manual del flujo de aire durante la impresi\u00f3n para resolver los problemas de alimentaci\u00f3n de material causados por un vac\u00edo excesivo, garantizando una alimentaci\u00f3n suave de materiales con distintos grosores. (2) El sistema de regulaci\u00f3n de la potencia de los rodillos mejora la compatibilidad con diversos tipos de material, tanto para las operaciones de alimentaci\u00f3n como de recogida.<br \/>\n5.Sistema de calentamiento\/secado de alta potencia: Presenta zonas de calentamiento segmentadas para mejorar la absorci\u00f3n de la tinta del material y la solidez del color. Incorpora un sistema patentado de aire t\u00e9rmico<br \/>\nc\u00e1mara de circulaci\u00f3n acoplada a un sistema de desviaci\u00f3n de aire fr\u00edo, que permite un enfriamiento r\u00e1pido tras el secado para garantizar detalles m\u00e1s finos y acabados m\u00e1s brillantes.<\/p>\n<p>Par\u00e1metros de la m\u00e1quina<br \/>\nAnchura m\u00e1xima de impresi\u00f3n 3200MM<br \/>\nCabezales de impresi\u00f3n:   4 Konica1024i<br \/>\nVelocidad de impresi\u00f3n:<br \/>\nModo de luz exterior 45 m\u00b2\/h<br \/>\nModo de iluminaci\u00f3n interior 22 m\u00b2\/h<\/p>\n<p>Medios: cualquier material suave y el\u00e1stico: pel\u00edcula suave techo, y el material normal como Flex banner, vinilo, visi\u00f3n unidireccional, malla, papel pintado \/ colth, tela de poli\u00e9ster, pel\u00edcula retroiluminada, papel fotogr\u00e1fico, Canva etc.<br \/>\nSoftware RIP: software de gesti\u00f3n del color<br \/>\nPotencia: AC220\u00b110.50HZ60HZP4500W<br \/>\nEmbalaje de la impresoraTama\u00f1o: L5300*W1180*H1700\/L5600*W1250*H2100<br \/>\nPeso neto\/gloss: 2500kg\/2800kg<\/p>","protected":false},"excerpt":{"rendered":"<p>Si desea conocer los detalles de los productos y las \u00faltimas ofertas, p\u00f3ngase en contacto con nuestro jefe de ventas<\/p>","protected":false},"featured_media":30158,"comment_status":"open","ping_status":"closed","template":"","meta":[],"product_brand":[],"product_cat":[113],"product_tag":[],"class_list":{"0":"post-30157","1":"product","2":"type-product","3":"status-publish","4":"has-post-thumbnail","6":"product_cat-with-konica-km1024i-printhead-uv-inkjet-printers-roll-to-roll","8":"first","9":"instock","10":"shipping-taxable","11":"purchasable","12":"product-type-simple"},"yoast_head":"<!-- This site is optimized with the Yoast SEO plugin v26.9 - https:\/\/yoast.com\/product\/yoast-seo-wordpress\/ -->\n<title>AMO UV Inkjet Printer AM3200UV4k24i-EL for 3.2meters Soft and Elastic Film with 4 Konica 1024i Printheads - Amo<\/title>\n<meta name=\"robots\" content=\"index, follow, max-snippet:-1, max-image-preview:large, max-video-preview:-1\" \/>\n<link rel=\"canonical\" href=\"https:\/\/superprintpro.com\/es\/producto\/amo-uv-inkjet-printer-am3200uv4k24i-el-for-3-2meters-soft-and-elastic-film-with-4-konica-1024i-printheads\/\" \/>\n<meta property=\"og:locale\" content=\"es_ES\" \/>\n<meta property=\"og:type\" content=\"article\" \/>\n<meta property=\"og:title\" content=\"AMO UV Inkjet Printer AM3200UV4k24i-EL for 3.2meters Soft and Elastic Film with 4 Konica 1024i Printheads - Amo\" \/>\n<meta property=\"og:description\" content=\"For product details and the latest quotes, please contact our sales manager\" \/>\n<meta property=\"og:url\" content=\"https:\/\/superprintpro.com\/es\/producto\/amo-uv-inkjet-printer-am3200uv4k24i-el-for-3-2meters-soft-and-elastic-film-with-4-konica-1024i-printheads\/\" \/>\n<meta property=\"og:site_name\" content=\"Amo\" \/>\n<meta property=\"article:modified_time\" content=\"2025-08-18T06:34:05+00:00\" \/>\n<meta property=\"og:image\" content=\"https:\/\/superprintpro.com\/wp-content\/uploads\/2025\/08\/amo-uv-inkjet-printer-am3200uv4k24i-el-for-32meters-soft-and-elastic-film-with-4-konica-1024i-printheads.jpg\" \/>\n\t<meta property=\"og:image:width\" content=\"828\" \/>\n\t<meta property=\"og:image:height\" content=\"466\" \/>\n\t<meta property=\"og:image:type\" content=\"image\/jpeg\" \/>\n<meta name=\"twitter:card\" content=\"summary_large_image\" \/>\n<meta name=\"twitter:label1\" content=\"Tiempo de lectura\" \/>\n\t<meta name=\"twitter:data1\" content=\"2 minutos\" \/>\n<script type=\"application\/ld+json\" class=\"yoast-schema-graph\">{\"@context\":\"https:\/\/schema.org\",\"@graph\":[{\"@type\":\"WebPage\",\"@id\":\"https:\/\/superprintpro.com\/product\/amo-uv-inkjet-printer-am3200uv4k24i-el-for-3-2meters-soft-and-elastic-film-with-4-konica-1024i-printheads\/\",\"url\":\"https:\/\/superprintpro.com\/product\/amo-uv-inkjet-printer-am3200uv4k24i-el-for-3-2meters-soft-and-elastic-film-with-4-konica-1024i-printheads\/\",\"name\":\"AMO UV Inkjet Printer AM3200UV4k24i-EL for 3.2meters Soft and Elastic Film with 4 Konica 1024i Printheads - Amo\",\"isPartOf\":{\"@id\":\"https:\/\/superprintpro.com\/#website\"},\"primaryImageOfPage\":{\"@id\":\"https:\/\/superprintpro.com\/product\/amo-uv-inkjet-printer-am3200uv4k24i-el-for-3-2meters-soft-and-elastic-film-with-4-konica-1024i-printheads\/#primaryimage\"},\"image\":{\"@id\":\"https:\/\/superprintpro.com\/product\/amo-uv-inkjet-printer-am3200uv4k24i-el-for-3-2meters-soft-and-elastic-film-with-4-konica-1024i-printheads\/#primaryimage\"},\"thumbnailUrl\":\"https:\/\/superprintpro.com\/wp-content\/uploads\/2025\/08\/amo-uv-inkjet-printer-am3200uv4k24i-el-for-32meters-soft-and-elastic-film-with-4-konica-1024i-printheads.jpg\",\"datePublished\":\"2025-08-18T06:34:04+00:00\",\"dateModified\":\"2025-08-18T06:34:05+00:00\",\"breadcrumb\":{\"@id\":\"https:\/\/superprintpro.com\/product\/amo-uv-inkjet-printer-am3200uv4k24i-el-for-3-2meters-soft-and-elastic-film-with-4-konica-1024i-printheads\/#breadcrumb\"},\"inLanguage\":\"es\",\"potentialAction\":[{\"@type\":\"ReadAction\",\"target\":[\"https:\/\/superprintpro.com\/product\/amo-uv-inkjet-printer-am3200uv4k24i-el-for-3-2meters-soft-and-elastic-film-with-4-konica-1024i-printheads\/\"]}]},{\"@type\":\"ImageObject\",\"inLanguage\":\"es\",\"@id\":\"https:\/\/superprintpro.com\/product\/amo-uv-inkjet-printer-am3200uv4k24i-el-for-3-2meters-soft-and-elastic-film-with-4-konica-1024i-printheads\/#primaryimage\",\"url\":\"https:\/\/superprintpro.com\/wp-content\/uploads\/2025\/08\/amo-uv-inkjet-printer-am3200uv4k24i-el-for-32meters-soft-and-elastic-film-with-4-konica-1024i-printheads.jpg\",\"contentUrl\":\"https:\/\/superprintpro.com\/wp-content\/uploads\/2025\/08\/amo-uv-inkjet-printer-am3200uv4k24i-el-for-32meters-soft-and-elastic-film-with-4-konica-1024i-printheads.jpg\",\"width\":828,\"height\":466,\"caption\":\"AMO UV Inkjet Printer AM3200UV4k24i-EL for 3.2meters Soft and Elastic Film with 4 Konica 1024i Printheads\"},{\"@type\":\"BreadcrumbList\",\"@id\":\"https:\/\/superprintpro.com\/product\/amo-uv-inkjet-printer-am3200uv4k24i-el-for-3-2meters-soft-and-elastic-film-with-4-konica-1024i-printheads\/#breadcrumb\",\"itemListElement\":[{\"@type\":\"ListItem\",\"position\":1,\"name\":\"\u9996\u9875\",\"item\":\"https:\/\/superprintpro.com\/\"},{\"@type\":\"ListItem\",\"position\":2,\"name\":\"Shop\",\"item\":\"https:\/\/superprintpro.com\/shop\/\"},{\"@type\":\"ListItem\",\"position\":3,\"name\":\"AMO UV Inkjet Printer AM3200UV4k24i-EL for 3.2meters Soft and Elastic Film with 4 Konica 1024i Printheads\"}]},{\"@type\":\"WebSite\",\"@id\":\"https:\/\/superprintpro.com\/#website\",\"url\":\"https:\/\/superprintpro.com\/\",\"name\":\"Amo\",\"description\":\"\",\"potentialAction\":[{\"@type\":\"SearchAction\",\"target\":{\"@type\":\"EntryPoint\",\"urlTemplate\":\"https:\/\/superprintpro.com\/?s={search_term_string}\"},\"query-input\":{\"@type\":\"PropertyValueSpecification\",\"valueRequired\":true,\"valueName\":\"search_term_string\"}}],\"inLanguage\":\"es\"}]}<\/script>\n<!-- \/ Yoast SEO plugin. -->","yoast_head_json":{"title":"AMO UV Inkjet Printer AM3200UV4k24i-EL for 3.2meters Soft and Elastic Film with 4 Konica 1024i Printheads - Amo","robots":{"index":"index","follow":"follow","max-snippet":"max-snippet:-1","max-image-preview":"max-image-preview:large","max-video-preview":"max-video-preview:-1"},"canonical":"https:\/\/superprintpro.com\/es\/producto\/amo-uv-inkjet-printer-am3200uv4k24i-el-for-3-2meters-soft-and-elastic-film-with-4-konica-1024i-printheads\/","og_locale":"es_ES","og_type":"article","og_title":"AMO UV Inkjet Printer AM3200UV4k24i-EL for 3.2meters Soft and Elastic Film with 4 Konica 1024i Printheads - Amo","og_description":"For product details and the latest quotes, please contact our sales manager","og_url":"https:\/\/superprintpro.com\/es\/producto\/amo-uv-inkjet-printer-am3200uv4k24i-el-for-3-2meters-soft-and-elastic-film-with-4-konica-1024i-printheads\/","og_site_name":"Amo","article_modified_time":"2025-08-18T06:34:05+00:00","og_image":[{"width":828,"height":466,"url":"https:\/\/superprintpro.com\/wp-content\/uploads\/2025\/08\/amo-uv-inkjet-printer-am3200uv4k24i-el-for-32meters-soft-and-elastic-film-with-4-konica-1024i-printheads.jpg","type":"image\/jpeg"}],"twitter_card":"summary_large_image","twitter_misc":{"Tiempo de lectura":"2 minutos"},"schema":{"@context":"https:\/\/schema.org","@graph":[{"@type":"WebPage","@id":"https:\/\/superprintpro.com\/product\/amo-uv-inkjet-printer-am3200uv4k24i-el-for-3-2meters-soft-and-elastic-film-with-4-konica-1024i-printheads\/","url":"https:\/\/superprintpro.com\/product\/amo-uv-inkjet-printer-am3200uv4k24i-el-for-3-2meters-soft-and-elastic-film-with-4-konica-1024i-printheads\/","name":"AMO UV Inkjet Printer AM3200UV4k24i-EL for 3.2meters Soft and Elastic Film with 4 Konica 1024i Printheads - Amo","isPartOf":{"@id":"https:\/\/superprintpro.com\/#website"},"primaryImageOfPage":{"@id":"https:\/\/superprintpro.com\/product\/amo-uv-inkjet-printer-am3200uv4k24i-el-for-3-2meters-soft-and-elastic-film-with-4-konica-1024i-printheads\/#primaryimage"},"image":{"@id":"https:\/\/superprintpro.com\/product\/amo-uv-inkjet-printer-am3200uv4k24i-el-for-3-2meters-soft-and-elastic-film-with-4-konica-1024i-printheads\/#primaryimage"},"thumbnailUrl":"https:\/\/superprintpro.com\/wp-content\/uploads\/2025\/08\/amo-uv-inkjet-printer-am3200uv4k24i-el-for-32meters-soft-and-elastic-film-with-4-konica-1024i-printheads.jpg","datePublished":"2025-08-18T06:34:04+00:00","dateModified":"2025-08-18T06:34:05+00:00","breadcrumb":{"@id":"https:\/\/superprintpro.com\/product\/amo-uv-inkjet-printer-am3200uv4k24i-el-for-3-2meters-soft-and-elastic-film-with-4-konica-1024i-printheads\/#breadcrumb"},"inLanguage":"es","potentialAction":[{"@type":"ReadAction","target":["https:\/\/superprintpro.com\/product\/amo-uv-inkjet-printer-am3200uv4k24i-el-for-3-2meters-soft-and-elastic-film-with-4-konica-1024i-printheads\/"]}]},{"@type":"ImageObject","inLanguage":"es","@id":"https:\/\/superprintpro.com\/product\/amo-uv-inkjet-printer-am3200uv4k24i-el-for-3-2meters-soft-and-elastic-film-with-4-konica-1024i-printheads\/#primaryimage","url":"https:\/\/superprintpro.com\/wp-content\/uploads\/2025\/08\/amo-uv-inkjet-printer-am3200uv4k24i-el-for-32meters-soft-and-elastic-film-with-4-konica-1024i-printheads.jpg","contentUrl":"https:\/\/superprintpro.com\/wp-content\/uploads\/2025\/08\/amo-uv-inkjet-printer-am3200uv4k24i-el-for-32meters-soft-and-elastic-film-with-4-konica-1024i-printheads.jpg","width":828,"height":466,"caption":"AMO UV Inkjet Printer AM3200UV4k24i-EL for 3.2meters Soft and Elastic Film with 4 Konica 1024i Printheads"},{"@type":"BreadcrumbList","@id":"https:\/\/superprintpro.com\/product\/amo-uv-inkjet-printer-am3200uv4k24i-el-for-3-2meters-soft-and-elastic-film-with-4-konica-1024i-printheads\/#breadcrumb","itemListElement":[{"@type":"ListItem","position":1,"name":"\u9996\u9875","item":"https:\/\/superprintpro.com\/"},{"@type":"ListItem","position":2,"name":"Shop","item":"https:\/\/superprintpro.com\/shop\/"},{"@type":"ListItem","position":3,"name":"AMO UV Inkjet Printer AM3200UV4k24i-EL for 3.2meters Soft and Elastic Film with 4 Konica 1024i Printheads"}]},{"@type":"WebSite","@id":"https:\/\/superprintpro.com\/#website","url":"https:\/\/superprintpro.com\/","name":"Amo","description":"","potentialAction":[{"@type":"SearchAction","target":{"@type":"EntryPoint","urlTemplate":"https:\/\/superprintpro.com\/?s={search_term_string}"},"query-input":{"@type":"PropertyValueSpecification","valueRequired":true,"valueName":"search_term_string"}}],"inLanguage":"es"}]}},"_links":{"self":[{"href":"https:\/\/superprintpro.com\/es\/wp-json\/wp\/v2\/product\/30157","targetHints":{"allow":["GET"]}}],"collection":[{"href":"https:\/\/superprintpro.com\/es\/wp-json\/wp\/v2\/product"}],"about":[{"href":"https:\/\/superprintpro.com\/es\/wp-json\/wp\/v2\/types\/product"}],"replies":[{"embeddable":true,"href":"https:\/\/superprintpro.com\/es\/wp-json\/wp\/v2\/comments?post=30157"}],"version-history":[{"count":1,"href":"https:\/\/superprintpro.com\/es\/wp-json\/wp\/v2\/product\/30157\/revisions"}],"predecessor-version":[{"id":30159,"href":"https:\/\/superprintpro.com\/es\/wp-json\/wp\/v2\/product\/30157\/revisions\/30159"}],"wp:featuredmedia":[{"embeddable":true,"href":"https:\/\/superprintpro.com\/es\/wp-json\/wp\/v2\/media\/30158"}],"wp:attachment":[{"href":"https:\/\/superprintpro.com\/es\/wp-json\/wp\/v2\/media?parent=30157"}],"wp:term":[{"taxonomy":"product_brand","embeddable":true,"href":"https:\/\/superprintpro.com\/es\/wp-json\/wp\/v2\/product_brand?post=30157"},{"taxonomy":"product_cat","embeddable":true,"href":"https:\/\/superprintpro.com\/es\/wp-json\/wp\/v2\/product_cat?post=30157"},{"taxonomy":"product_tag","embeddable":true,"href":"https:\/\/superprintpro.com\/es\/wp-json\/wp\/v2\/product_tag?post=30157"}],"curies":[{"name":"wp","href":"https:\/\/api.w.org\/{rel}","templated":true}]}}