{"id":30148,"date":"2025-08-18T11:37:04","date_gmt":"2025-08-18T03:37:04","guid":{"rendered":"https:\/\/superprintpro.com\/?post_type=product&#038;p=30148"},"modified":"2025-08-18T11:37:04","modified_gmt":"2025-08-18T03:37:04","slug":"amo-solvent-inkjet-printer-am3208k24i-3-2meters-with-8-konica-1024i-printhead","status":"publish","type":"product","link":"https:\/\/superprintpro.com\/es\/producto\/amo-solvent-inkjet-printer-am3208k24i-3-2meters-with-8-konica-1024i-printhead\/","title":{"rendered":"Impresora de inyecci\u00f3n de tinta solvente AMO AM3208K24i de 3,2 metros con 8 cabezales Konica 1024i"},"content":{"rendered":"<p>Impresora de inyecci\u00f3n de tinta solvente AMO AM3208K24i de 3,2 metros con 8 cabezales Konica 1024i<br \/>\n1. Sistema de calentamiento del cabezal de impresi\u00f3n y circulaci\u00f3n de la tinta: La placa del cabezal de impresi\u00f3n integra una funci\u00f3n de calentamiento para garantizar una estabilidad \u00f3ptima del flujo de tinta en entornos de temperatura variable. La tinta incorporada<br \/>\nevita la sedimentaci\u00f3n de pigmentos en el cabezal de impresi\u00f3n, lo que reduce eficazmente los riesgos de obstrucci\u00f3n de las boquillas.<br \/>\n2. (1) La construcci\u00f3n transparente facilita la resoluci\u00f3n de problemas y reduce el tiempo de mantenimiento. (2) Los mecanismos independientes de ajuste de la presi\u00f3n optimizan la eficiencia del consumo de tinta.<br \/>\n3.Sistema de rodillo de presi\u00f3n motorizado \u00fanico y ra\u00edles gu\u00eda\/deslizadores silenciosos:(1) Permite el ajuste en tiempo real de los rodillos de presi\u00f3n individuales durante las operaciones de impresi\u00f3n para eliminar las arrugas del material sin interrumpir la producci\u00f3n, minimizando el desperdicio de material. (2)Los ra\u00edles gu\u00eda silenciosos de alta velocidad garantizan un movimiento m\u00e1s suave del cabezal de impresi\u00f3n, mejorando la precisi\u00f3n de impresi\u00f3n y reduciendo el ruido de funcionamiento. Este dise\u00f1o minimiza el desgaste mec\u00e1nico y prolonga la vida \u00fatil de los ra\u00edles gu\u00eda.<br \/>\n4. Plataforma de vac\u00edo ajustable y modulaci\u00f3n de la velocidad de los rodillos:(1) Permite el ajuste manual del flujo de aire durante la impresi\u00f3n para resolver los problemas de alimentaci\u00f3n de material causados por un vac\u00edo excesivo, lo que garantiza una alimentaci\u00f3n suave de materiales con distintos grosores.(2) El sistema de regulaci\u00f3n de la potencia de los rodillos mejora la compatibilidad con diversos tipos de material, tanto para las operaciones de alimentaci\u00f3n como de recogida.<br \/>\n5.Sistema de calentamiento\/secado de alta potencia: Presenta zonas de calentamiento segmentadas para mejorar la absorci\u00f3n de la tinta del material y la solidez del color. Incorpora una c\u00e1mara de circulaci\u00f3n de aire t\u00e9rmico patentada junto con un sistema de desviaci\u00f3n de aire fr\u00edo, lo que permite un enfriamiento r\u00e1pido despu\u00e9s del secado para garantizar detalles m\u00e1s finos y acabados m\u00e1s brillantes.<\/p>\n<p>Par\u00e1metros de la m\u00e1quina<br \/>\nAnchura m\u00e1xima de impresi\u00f3n 3200MM<br \/>\nN\u00famero de cabezales de impresi\u00f3n: KM1024i(8cabezales)<br \/>\nVelocidad de impresi\u00f3n:<br \/>\n1 pasada 600 m\u00b2\/h (360*360 ppp)<br \/>\n1 paso 480m\u00b2\/h( 480*360dpi)<br \/>\n2 pasadas 280 m\u00b2\/h (360*720 ppp)<br \/>\n2 pasadas 240 m\u00b2\/h (480*720 ppp)<\/p>\n<p>Tipo de soporte:<br \/>\nPuede imprimir cualquier material blando: pel\u00edcula suave techo, papel pintado \/ colth, tela de poli\u00e9ster, pel\u00edcula retroiluminada, papel fotogr\u00e1fico, Canva, bandera de la flexi\u00f3n, vinly, malla, de una manera de visi\u00f3n, bandera de la flexi\u00f3n recubierto, etc<br \/>\nRIP Softvare pf color managenent softvare<br \/>\nRequisitos de alimentaci\u00f3n AC220\u00b110.50HZ~60HZP4500W<br \/>\nTama\u00f1o del embalaje de la impresora L5300*W1180*H1700\/L5600*W1250*H2100<br \/>\nPeso neto de brillo1500kg\/1750kg<\/p>","protected":false},"excerpt":{"rendered":"<p>Si desea conocer los detalles de los productos y las \u00faltimas ofertas, p\u00f3ngase en contacto con nuestro jefe de ventas<\/p>","protected":false},"featured_media":30149,"comment_status":"open","ping_status":"closed","template":"","meta":[],"product_brand":[],"product_cat":[105],"product_tag":[],"class_list":{"0":"post-30148","1":"product","2":"type-product","3":"status-publish","4":"has-post-thumbnail","6":"product_cat-with-konica-km1024i-printhead","8":"first","9":"instock","10":"shipping-taxable","11":"purchasable","12":"product-type-simple"},"yoast_head":"<!-- This site is optimized with the Yoast SEO plugin v26.9 - https:\/\/yoast.com\/product\/yoast-seo-wordpress\/ -->\n<title>AMO Solvent Inkjet Printer AM3208K24i 3.2meters with 8 Konica 1024i Printhead - Amo<\/title>\n<meta name=\"robots\" content=\"index, follow, max-snippet:-1, max-image-preview:large, max-video-preview:-1\" \/>\n<link rel=\"canonical\" href=\"https:\/\/superprintpro.com\/es\/producto\/amo-solvent-inkjet-printer-am3208k24i-3-2meters-with-8-konica-1024i-printhead\/\" \/>\n<meta property=\"og:locale\" content=\"es_ES\" \/>\n<meta property=\"og:type\" content=\"article\" \/>\n<meta property=\"og:title\" content=\"AMO Solvent Inkjet Printer AM3208K24i 3.2meters with 8 Konica 1024i Printhead - Amo\" \/>\n<meta property=\"og:description\" content=\"For product details and the latest quotes, please contact our sales manager\" \/>\n<meta property=\"og:url\" content=\"https:\/\/superprintpro.com\/es\/producto\/amo-solvent-inkjet-printer-am3208k24i-3-2meters-with-8-konica-1024i-printhead\/\" \/>\n<meta property=\"og:site_name\" content=\"Amo\" \/>\n<meta property=\"og:image\" content=\"https:\/\/superprintpro.com\/wp-content\/uploads\/2025\/08\/amo-solvent-inkjet-printer-am3208k24i-32meters-with-8-konica-1024i-printhead.jpg\" \/>\n\t<meta property=\"og:image:width\" content=\"828\" \/>\n\t<meta property=\"og:image:height\" content=\"466\" \/>\n\t<meta property=\"og:image:type\" content=\"image\/jpeg\" \/>\n<meta name=\"twitter:card\" content=\"summary_large_image\" \/>\n<meta name=\"twitter:label1\" content=\"Tiempo de lectura\" \/>\n\t<meta name=\"twitter:data1\" content=\"2 minutos\" \/>\n<script type=\"application\/ld+json\" class=\"yoast-schema-graph\">{\"@context\":\"https:\/\/schema.org\",\"@graph\":[{\"@type\":\"WebPage\",\"@id\":\"https:\/\/superprintpro.com\/product\/amo-solvent-inkjet-printer-am3208k24i-3-2meters-with-8-konica-1024i-printhead\/\",\"url\":\"https:\/\/superprintpro.com\/product\/amo-solvent-inkjet-printer-am3208k24i-3-2meters-with-8-konica-1024i-printhead\/\",\"name\":\"AMO Solvent Inkjet Printer AM3208K24i 3.2meters with 8 Konica 1024i Printhead - Amo\",\"isPartOf\":{\"@id\":\"https:\/\/superprintpro.com\/#website\"},\"primaryImageOfPage\":{\"@id\":\"https:\/\/superprintpro.com\/product\/amo-solvent-inkjet-printer-am3208k24i-3-2meters-with-8-konica-1024i-printhead\/#primaryimage\"},\"image\":{\"@id\":\"https:\/\/superprintpro.com\/product\/amo-solvent-inkjet-printer-am3208k24i-3-2meters-with-8-konica-1024i-printhead\/#primaryimage\"},\"thumbnailUrl\":\"https:\/\/superprintpro.com\/wp-content\/uploads\/2025\/08\/amo-solvent-inkjet-printer-am3208k24i-32meters-with-8-konica-1024i-printhead.jpg\",\"datePublished\":\"2025-08-18T03:37:04+00:00\",\"breadcrumb\":{\"@id\":\"https:\/\/superprintpro.com\/product\/amo-solvent-inkjet-printer-am3208k24i-3-2meters-with-8-konica-1024i-printhead\/#breadcrumb\"},\"inLanguage\":\"es\",\"potentialAction\":[{\"@type\":\"ReadAction\",\"target\":[\"https:\/\/superprintpro.com\/product\/amo-solvent-inkjet-printer-am3208k24i-3-2meters-with-8-konica-1024i-printhead\/\"]}]},{\"@type\":\"ImageObject\",\"inLanguage\":\"es\",\"@id\":\"https:\/\/superprintpro.com\/product\/amo-solvent-inkjet-printer-am3208k24i-3-2meters-with-8-konica-1024i-printhead\/#primaryimage\",\"url\":\"https:\/\/superprintpro.com\/wp-content\/uploads\/2025\/08\/amo-solvent-inkjet-printer-am3208k24i-32meters-with-8-konica-1024i-printhead.jpg\",\"contentUrl\":\"https:\/\/superprintpro.com\/wp-content\/uploads\/2025\/08\/amo-solvent-inkjet-printer-am3208k24i-32meters-with-8-konica-1024i-printhead.jpg\",\"width\":828,\"height\":466,\"caption\":\"AMO Solvent Inkjet Printer AM3208K24i 3.2meters with 8 Konica 1024i Printhead\"},{\"@type\":\"BreadcrumbList\",\"@id\":\"https:\/\/superprintpro.com\/product\/amo-solvent-inkjet-printer-am3208k24i-3-2meters-with-8-konica-1024i-printhead\/#breadcrumb\",\"itemListElement\":[{\"@type\":\"ListItem\",\"position\":1,\"name\":\"\u9996\u9875\",\"item\":\"https:\/\/superprintpro.com\/\"},{\"@type\":\"ListItem\",\"position\":2,\"name\":\"Shop\",\"item\":\"https:\/\/superprintpro.com\/shop\/\"},{\"@type\":\"ListItem\",\"position\":3,\"name\":\"AMO Solvent Inkjet Printer AM3208K24i 3.2meters with 8 Konica 1024i Printhead\"}]},{\"@type\":\"WebSite\",\"@id\":\"https:\/\/superprintpro.com\/#website\",\"url\":\"https:\/\/superprintpro.com\/\",\"name\":\"Amo\",\"description\":\"\",\"potentialAction\":[{\"@type\":\"SearchAction\",\"target\":{\"@type\":\"EntryPoint\",\"urlTemplate\":\"https:\/\/superprintpro.com\/?s={search_term_string}\"},\"query-input\":{\"@type\":\"PropertyValueSpecification\",\"valueRequired\":true,\"valueName\":\"search_term_string\"}}],\"inLanguage\":\"es\"}]}<\/script>\n<!-- \/ Yoast SEO plugin. -->","yoast_head_json":{"title":"AMO Solvent Inkjet Printer AM3208K24i 3.2meters with 8 Konica 1024i Printhead - Amo","robots":{"index":"index","follow":"follow","max-snippet":"max-snippet:-1","max-image-preview":"max-image-preview:large","max-video-preview":"max-video-preview:-1"},"canonical":"https:\/\/superprintpro.com\/es\/producto\/amo-solvent-inkjet-printer-am3208k24i-3-2meters-with-8-konica-1024i-printhead\/","og_locale":"es_ES","og_type":"article","og_title":"AMO Solvent Inkjet Printer AM3208K24i 3.2meters with 8 Konica 1024i Printhead - Amo","og_description":"For product details and the latest quotes, please contact our sales manager","og_url":"https:\/\/superprintpro.com\/es\/producto\/amo-solvent-inkjet-printer-am3208k24i-3-2meters-with-8-konica-1024i-printhead\/","og_site_name":"Amo","og_image":[{"width":828,"height":466,"url":"https:\/\/superprintpro.com\/wp-content\/uploads\/2025\/08\/amo-solvent-inkjet-printer-am3208k24i-32meters-with-8-konica-1024i-printhead.jpg","type":"image\/jpeg"}],"twitter_card":"summary_large_image","twitter_misc":{"Tiempo de lectura":"2 minutos"},"schema":{"@context":"https:\/\/schema.org","@graph":[{"@type":"WebPage","@id":"https:\/\/superprintpro.com\/product\/amo-solvent-inkjet-printer-am3208k24i-3-2meters-with-8-konica-1024i-printhead\/","url":"https:\/\/superprintpro.com\/product\/amo-solvent-inkjet-printer-am3208k24i-3-2meters-with-8-konica-1024i-printhead\/","name":"AMO Solvent Inkjet Printer AM3208K24i 3.2meters with 8 Konica 1024i Printhead - Amo","isPartOf":{"@id":"https:\/\/superprintpro.com\/#website"},"primaryImageOfPage":{"@id":"https:\/\/superprintpro.com\/product\/amo-solvent-inkjet-printer-am3208k24i-3-2meters-with-8-konica-1024i-printhead\/#primaryimage"},"image":{"@id":"https:\/\/superprintpro.com\/product\/amo-solvent-inkjet-printer-am3208k24i-3-2meters-with-8-konica-1024i-printhead\/#primaryimage"},"thumbnailUrl":"https:\/\/superprintpro.com\/wp-content\/uploads\/2025\/08\/amo-solvent-inkjet-printer-am3208k24i-32meters-with-8-konica-1024i-printhead.jpg","datePublished":"2025-08-18T03:37:04+00:00","breadcrumb":{"@id":"https:\/\/superprintpro.com\/product\/amo-solvent-inkjet-printer-am3208k24i-3-2meters-with-8-konica-1024i-printhead\/#breadcrumb"},"inLanguage":"es","potentialAction":[{"@type":"ReadAction","target":["https:\/\/superprintpro.com\/product\/amo-solvent-inkjet-printer-am3208k24i-3-2meters-with-8-konica-1024i-printhead\/"]}]},{"@type":"ImageObject","inLanguage":"es","@id":"https:\/\/superprintpro.com\/product\/amo-solvent-inkjet-printer-am3208k24i-3-2meters-with-8-konica-1024i-printhead\/#primaryimage","url":"https:\/\/superprintpro.com\/wp-content\/uploads\/2025\/08\/amo-solvent-inkjet-printer-am3208k24i-32meters-with-8-konica-1024i-printhead.jpg","contentUrl":"https:\/\/superprintpro.com\/wp-content\/uploads\/2025\/08\/amo-solvent-inkjet-printer-am3208k24i-32meters-with-8-konica-1024i-printhead.jpg","width":828,"height":466,"caption":"AMO Solvent Inkjet Printer AM3208K24i 3.2meters with 8 Konica 1024i Printhead"},{"@type":"BreadcrumbList","@id":"https:\/\/superprintpro.com\/product\/amo-solvent-inkjet-printer-am3208k24i-3-2meters-with-8-konica-1024i-printhead\/#breadcrumb","itemListElement":[{"@type":"ListItem","position":1,"name":"\u9996\u9875","item":"https:\/\/superprintpro.com\/"},{"@type":"ListItem","position":2,"name":"Shop","item":"https:\/\/superprintpro.com\/shop\/"},{"@type":"ListItem","position":3,"name":"AMO Solvent Inkjet Printer AM3208K24i 3.2meters with 8 Konica 1024i Printhead"}]},{"@type":"WebSite","@id":"https:\/\/superprintpro.com\/#website","url":"https:\/\/superprintpro.com\/","name":"Amo","description":"","potentialAction":[{"@type":"SearchAction","target":{"@type":"EntryPoint","urlTemplate":"https:\/\/superprintpro.com\/?s={search_term_string}"},"query-input":{"@type":"PropertyValueSpecification","valueRequired":true,"valueName":"search_term_string"}}],"inLanguage":"es"}]}},"_links":{"self":[{"href":"https:\/\/superprintpro.com\/es\/wp-json\/wp\/v2\/product\/30148","targetHints":{"allow":["GET"]}}],"collection":[{"href":"https:\/\/superprintpro.com\/es\/wp-json\/wp\/v2\/product"}],"about":[{"href":"https:\/\/superprintpro.com\/es\/wp-json\/wp\/v2\/types\/product"}],"replies":[{"embeddable":true,"href":"https:\/\/superprintpro.com\/es\/wp-json\/wp\/v2\/comments?post=30148"}],"version-history":[{"count":1,"href":"https:\/\/superprintpro.com\/es\/wp-json\/wp\/v2\/product\/30148\/revisions"}],"predecessor-version":[{"id":30150,"href":"https:\/\/superprintpro.com\/es\/wp-json\/wp\/v2\/product\/30148\/revisions\/30150"}],"wp:featuredmedia":[{"embeddable":true,"href":"https:\/\/superprintpro.com\/es\/wp-json\/wp\/v2\/media\/30149"}],"wp:attachment":[{"href":"https:\/\/superprintpro.com\/es\/wp-json\/wp\/v2\/media?parent=30148"}],"wp:term":[{"taxonomy":"product_brand","embeddable":true,"href":"https:\/\/superprintpro.com\/es\/wp-json\/wp\/v2\/product_brand?post=30148"},{"taxonomy":"product_cat","embeddable":true,"href":"https:\/\/superprintpro.com\/es\/wp-json\/wp\/v2\/product_cat?post=30148"},{"taxonomy":"product_tag","embeddable":true,"href":"https:\/\/superprintpro.com\/es\/wp-json\/wp\/v2\/product_tag?post=30148"}],"curies":[{"name":"wp","href":"https:\/\/api.w.org\/{rel}","templated":true}]}}