{"id":30116,"date":"2025-08-18T10:03:05","date_gmt":"2025-08-18T02:03:05","guid":{"rendered":"https:\/\/superprintpro.com\/?post_type=product&#038;p=30116"},"modified":"2025-08-18T10:03:05","modified_gmt":"2025-08-18T02:03:05","slug":"am1601i16-1-6meter-inkjet-printer-with-1-i1600-printhead-the-economic-version","status":"publish","type":"product","link":"https:\/\/superprintpro.com\/es\/producto\/am1601i16-1-6meter-inkjet-printer-with-1-i1600-printhead-the-economic-version\/","title":{"rendered":"AM1601i16 Impresora de inyecci\u00f3n de tinta de 1,6 metros con 1 cabezal i1600 (la versi\u00f3n econ\u00f3mica)"},"content":{"rendered":"<p>Nombre del modelo:AM1601i16<\/p>\n<p>Anchura de impresi\u00f3n: 1,6 metros<\/p>\n<p>Anchura m\u00e1xima del soporte: 1,6 metros<\/p>\n<p>Cabezal de impresi\u00f3n\uff1a Cabezal de impresi\u00f3n Epson i1600<\/p>\n<p>N\u00famero de cabezal de impresi\u00f3n\uff1a1 pieza<\/p>\n<p>Resoluci\u00f3n: 1440 ppp<\/p>\n<p>Velocidad de impresi\u00f3n: 4Pass Mode 12 metros cuadrados por hora<\/p>\n<p>Soportes de impresi\u00f3n: Papel PP, papel fotogr\u00e1fico, vinilo, papel transfer, papel reverso azul, etc.<\/p>\n<p>Color : CMYK<\/p>\n<p>Tinta: tinta eco-solvente, tinta de sublimaci\u00f3n (u otra tinta a base de agua)<\/p>\n<p>Capacidad de tinta : 1 litro por color<\/p>\n<p>Puerto de conexi\u00f3n al ordenador : USB\/NET<\/p>\n<p>Distancia del cabezal de impresi\u00f3n al soporte: de 2 mm a 3 mm<\/p>\n<p>Sistema de localizaci\u00f3n de impresi\u00f3n: Sistema Raster y Servo<\/p>\n<p>Sistema de secado de tinta: Ventilador y calentador<\/p>\n<p>Sistema de motor y excitador: Motor y driver combinados de alta precisi\u00f3n para carro y escal\u00f3n.<\/p>\n<p>Sistema de impresi\u00f3n: Sengyang<\/p>\n<p>Estaci\u00f3n de tinta: Aluminio de alta precisi\u00f3n Estaci\u00f3n de mantenimiento del cabezal de impresi\u00f3n.<\/p>\n<p>Rip Software : Maintop, RIIN, Photoprint<\/p>\n<p>Formato de las fotos: JPG,TIFF,BMP,PDF<\/p>\n<p>Sistema de calefacci\u00f3n: Equipamiento del sistema de control autom\u00e1tico de la temperatura.<\/p>\n<p>Sistema de suministro de medios: Sistema autom\u00e1tico de enrollado de soportes<\/p>\n<p>Peso m\u00e1ximo del soporte: 80 kg<\/p>\n<p>Demanda de potencia: 50\/60HZ 220V AC<\/p>\n<p>Temperatura de trabajo: 20-25 CESUS<\/p>\n<p>Humedad de trabajo: 40-70%<\/p>\n<p>Tama\u00f1o de la m\u00e1quina: L2,680mm X W750mm X H1250mm<\/p>\n<p>Peso neto:200 KGS<\/p>\n<p>Tama\u00f1o del embalaje: L2,600mm X W600mm X H400mm<\/p>\n<p>Peso bruto: 240 KGS<\/p>\n<p>(La m\u00e1quina real puede ser un poco diferente a la impresora se muestra en este cat\u00e1logo, especialmente algunos detalles pueden ser diferentes)<\/p>","protected":false},"excerpt":{"rendered":"<p>Si desea conocer los detalles de los productos y las \u00faltimas ofertas, p\u00f3ngase en contacto con nuestro jefe de ventas<\/p>","protected":false},"featured_media":30117,"comment_status":"open","ping_status":"closed","template":"","meta":[],"product_brand":[],"product_cat":[101],"product_tag":[],"class_list":{"0":"post-30116","1":"product","2":"type-product","3":"status-publish","4":"has-post-thumbnail","6":"product_cat-with-i1600-printhead","8":"first","9":"instock","10":"shipping-taxable","11":"purchasable","12":"product-type-simple"},"yoast_head":"<!-- This site is optimized with the Yoast SEO plugin v26.9 - https:\/\/yoast.com\/product\/yoast-seo-wordpress\/ -->\n<title>AM1601i16 1.6meter Inkjet printer with 1 i1600 Printhead (the economic version) - Amo<\/title>\n<meta name=\"robots\" content=\"index, follow, max-snippet:-1, max-image-preview:large, max-video-preview:-1\" \/>\n<link rel=\"canonical\" href=\"https:\/\/superprintpro.com\/es\/producto\/am1601i16-1-6meter-inkjet-printer-with-1-i1600-printhead-the-economic-version\/\" \/>\n<meta property=\"og:locale\" content=\"es_ES\" \/>\n<meta property=\"og:type\" content=\"article\" \/>\n<meta property=\"og:title\" content=\"AM1601i16 1.6meter Inkjet printer with 1 i1600 Printhead (the economic version) - Amo\" \/>\n<meta property=\"og:description\" content=\"For product details and the latest quotes, please contact our sales manager\" \/>\n<meta property=\"og:url\" content=\"https:\/\/superprintpro.com\/es\/producto\/am1601i16-1-6meter-inkjet-printer-with-1-i1600-printhead-the-economic-version\/\" \/>\n<meta property=\"og:site_name\" content=\"Amo\" \/>\n<meta property=\"og:image\" content=\"https:\/\/superprintpro.com\/wp-content\/uploads\/2025\/08\/am1601i16-16meter-inkjet-printer-with-1-i1600-printhead.jpg\" \/>\n\t<meta property=\"og:image:width\" content=\"1204\" \/>\n\t<meta property=\"og:image:height\" content=\"677\" \/>\n\t<meta property=\"og:image:type\" content=\"image\/jpeg\" \/>\n<meta name=\"twitter:card\" content=\"summary_large_image\" \/>\n<meta name=\"twitter:label1\" content=\"Tiempo de lectura\" \/>\n\t<meta name=\"twitter:data1\" content=\"1 minuto\" \/>\n<script type=\"application\/ld+json\" class=\"yoast-schema-graph\">{\"@context\":\"https:\/\/schema.org\",\"@graph\":[{\"@type\":\"WebPage\",\"@id\":\"https:\/\/superprintpro.com\/product\/am1601i16-1-6meter-inkjet-printer-with-1-i1600-printhead-the-economic-version\/\",\"url\":\"https:\/\/superprintpro.com\/product\/am1601i16-1-6meter-inkjet-printer-with-1-i1600-printhead-the-economic-version\/\",\"name\":\"AM1601i16 1.6meter Inkjet printer with 1 i1600 Printhead (the economic version) - Amo\",\"isPartOf\":{\"@id\":\"https:\/\/superprintpro.com\/#website\"},\"primaryImageOfPage\":{\"@id\":\"https:\/\/superprintpro.com\/product\/am1601i16-1-6meter-inkjet-printer-with-1-i1600-printhead-the-economic-version\/#primaryimage\"},\"image\":{\"@id\":\"https:\/\/superprintpro.com\/product\/am1601i16-1-6meter-inkjet-printer-with-1-i1600-printhead-the-economic-version\/#primaryimage\"},\"thumbnailUrl\":\"https:\/\/superprintpro.com\/wp-content\/uploads\/2025\/08\/am1601i16-16meter-inkjet-printer-with-1-i1600-printhead.jpg\",\"datePublished\":\"2025-08-18T02:03:05+00:00\",\"breadcrumb\":{\"@id\":\"https:\/\/superprintpro.com\/product\/am1601i16-1-6meter-inkjet-printer-with-1-i1600-printhead-the-economic-version\/#breadcrumb\"},\"inLanguage\":\"es\",\"potentialAction\":[{\"@type\":\"ReadAction\",\"target\":[\"https:\/\/superprintpro.com\/product\/am1601i16-1-6meter-inkjet-printer-with-1-i1600-printhead-the-economic-version\/\"]}]},{\"@type\":\"ImageObject\",\"inLanguage\":\"es\",\"@id\":\"https:\/\/superprintpro.com\/product\/am1601i16-1-6meter-inkjet-printer-with-1-i1600-printhead-the-economic-version\/#primaryimage\",\"url\":\"https:\/\/superprintpro.com\/wp-content\/uploads\/2025\/08\/am1601i16-16meter-inkjet-printer-with-1-i1600-printhead.jpg\",\"contentUrl\":\"https:\/\/superprintpro.com\/wp-content\/uploads\/2025\/08\/am1601i16-16meter-inkjet-printer-with-1-i1600-printhead.jpg\",\"width\":1204,\"height\":677,\"caption\":\"AM1601i16 1.6meter Inkjet printer with 1 i1600 Printhead (the economic version)\"},{\"@type\":\"BreadcrumbList\",\"@id\":\"https:\/\/superprintpro.com\/product\/am1601i16-1-6meter-inkjet-printer-with-1-i1600-printhead-the-economic-version\/#breadcrumb\",\"itemListElement\":[{\"@type\":\"ListItem\",\"position\":1,\"name\":\"\u9996\u9875\",\"item\":\"https:\/\/superprintpro.com\/\"},{\"@type\":\"ListItem\",\"position\":2,\"name\":\"Shop\",\"item\":\"https:\/\/superprintpro.com\/shop\/\"},{\"@type\":\"ListItem\",\"position\":3,\"name\":\"AM1601i16 1.6meter Inkjet printer with 1 i1600 Printhead (the economic version)\"}]},{\"@type\":\"WebSite\",\"@id\":\"https:\/\/superprintpro.com\/#website\",\"url\":\"https:\/\/superprintpro.com\/\",\"name\":\"Amo\",\"description\":\"\",\"potentialAction\":[{\"@type\":\"SearchAction\",\"target\":{\"@type\":\"EntryPoint\",\"urlTemplate\":\"https:\/\/superprintpro.com\/?s={search_term_string}\"},\"query-input\":{\"@type\":\"PropertyValueSpecification\",\"valueRequired\":true,\"valueName\":\"search_term_string\"}}],\"inLanguage\":\"es\"}]}<\/script>\n<!-- \/ Yoast SEO plugin. -->","yoast_head_json":{"title":"AM1601i16 Impresora de inyecci\u00f3n de tinta de 1,6 metros con 1 cabezal i1600 (la versi\u00f3n econ\u00f3mica) - Amo","robots":{"index":"index","follow":"follow","max-snippet":"max-snippet:-1","max-image-preview":"max-image-preview:large","max-video-preview":"max-video-preview:-1"},"canonical":"https:\/\/superprintpro.com\/es\/producto\/am1601i16-1-6meter-inkjet-printer-with-1-i1600-printhead-the-economic-version\/","og_locale":"es_ES","og_type":"article","og_title":"AM1601i16 1.6meter Inkjet printer with 1 i1600 Printhead (the economic version) - Amo","og_description":"For product details and the latest quotes, please contact our sales manager","og_url":"https:\/\/superprintpro.com\/es\/producto\/am1601i16-1-6meter-inkjet-printer-with-1-i1600-printhead-the-economic-version\/","og_site_name":"Amo","og_image":[{"width":1204,"height":677,"url":"https:\/\/superprintpro.com\/wp-content\/uploads\/2025\/08\/am1601i16-16meter-inkjet-printer-with-1-i1600-printhead.jpg","type":"image\/jpeg"}],"twitter_card":"summary_large_image","twitter_misc":{"Tiempo de lectura":"1 minuto"},"schema":{"@context":"https:\/\/schema.org","@graph":[{"@type":"WebPage","@id":"https:\/\/superprintpro.com\/product\/am1601i16-1-6meter-inkjet-printer-with-1-i1600-printhead-the-economic-version\/","url":"https:\/\/superprintpro.com\/product\/am1601i16-1-6meter-inkjet-printer-with-1-i1600-printhead-the-economic-version\/","name":"AM1601i16 Impresora de inyecci\u00f3n de tinta de 1,6 metros con 1 cabezal i1600 (la versi\u00f3n econ\u00f3mica) - Amo","isPartOf":{"@id":"https:\/\/superprintpro.com\/#website"},"primaryImageOfPage":{"@id":"https:\/\/superprintpro.com\/product\/am1601i16-1-6meter-inkjet-printer-with-1-i1600-printhead-the-economic-version\/#primaryimage"},"image":{"@id":"https:\/\/superprintpro.com\/product\/am1601i16-1-6meter-inkjet-printer-with-1-i1600-printhead-the-economic-version\/#primaryimage"},"thumbnailUrl":"https:\/\/superprintpro.com\/wp-content\/uploads\/2025\/08\/am1601i16-16meter-inkjet-printer-with-1-i1600-printhead.jpg","datePublished":"2025-08-18T02:03:05+00:00","breadcrumb":{"@id":"https:\/\/superprintpro.com\/product\/am1601i16-1-6meter-inkjet-printer-with-1-i1600-printhead-the-economic-version\/#breadcrumb"},"inLanguage":"es","potentialAction":[{"@type":"ReadAction","target":["https:\/\/superprintpro.com\/product\/am1601i16-1-6meter-inkjet-printer-with-1-i1600-printhead-the-economic-version\/"]}]},{"@type":"ImageObject","inLanguage":"es","@id":"https:\/\/superprintpro.com\/product\/am1601i16-1-6meter-inkjet-printer-with-1-i1600-printhead-the-economic-version\/#primaryimage","url":"https:\/\/superprintpro.com\/wp-content\/uploads\/2025\/08\/am1601i16-16meter-inkjet-printer-with-1-i1600-printhead.jpg","contentUrl":"https:\/\/superprintpro.com\/wp-content\/uploads\/2025\/08\/am1601i16-16meter-inkjet-printer-with-1-i1600-printhead.jpg","width":1204,"height":677,"caption":"AM1601i16 1.6meter Inkjet printer with 1 i1600 Printhead (the economic version)"},{"@type":"BreadcrumbList","@id":"https:\/\/superprintpro.com\/product\/am1601i16-1-6meter-inkjet-printer-with-1-i1600-printhead-the-economic-version\/#breadcrumb","itemListElement":[{"@type":"ListItem","position":1,"name":"\u9996\u9875","item":"https:\/\/superprintpro.com\/"},{"@type":"ListItem","position":2,"name":"Shop","item":"https:\/\/superprintpro.com\/shop\/"},{"@type":"ListItem","position":3,"name":"AM1601i16 1.6meter Inkjet printer with 1 i1600 Printhead (the economic version)"}]},{"@type":"WebSite","@id":"https:\/\/superprintpro.com\/#website","url":"https:\/\/superprintpro.com\/","name":"Amo","description":"","potentialAction":[{"@type":"SearchAction","target":{"@type":"EntryPoint","urlTemplate":"https:\/\/superprintpro.com\/?s={search_term_string}"},"query-input":{"@type":"PropertyValueSpecification","valueRequired":true,"valueName":"search_term_string"}}],"inLanguage":"es"}]}},"_links":{"self":[{"href":"https:\/\/superprintpro.com\/es\/wp-json\/wp\/v2\/product\/30116","targetHints":{"allow":["GET"]}}],"collection":[{"href":"https:\/\/superprintpro.com\/es\/wp-json\/wp\/v2\/product"}],"about":[{"href":"https:\/\/superprintpro.com\/es\/wp-json\/wp\/v2\/types\/product"}],"replies":[{"embeddable":true,"href":"https:\/\/superprintpro.com\/es\/wp-json\/wp\/v2\/comments?post=30116"}],"version-history":[{"count":1,"href":"https:\/\/superprintpro.com\/es\/wp-json\/wp\/v2\/product\/30116\/revisions"}],"predecessor-version":[{"id":30118,"href":"https:\/\/superprintpro.com\/es\/wp-json\/wp\/v2\/product\/30116\/revisions\/30118"}],"wp:featuredmedia":[{"embeddable":true,"href":"https:\/\/superprintpro.com\/es\/wp-json\/wp\/v2\/media\/30117"}],"wp:attachment":[{"href":"https:\/\/superprintpro.com\/es\/wp-json\/wp\/v2\/media?parent=30116"}],"wp:term":[{"taxonomy":"product_brand","embeddable":true,"href":"https:\/\/superprintpro.com\/es\/wp-json\/wp\/v2\/product_brand?post=30116"},{"taxonomy":"product_cat","embeddable":true,"href":"https:\/\/superprintpro.com\/es\/wp-json\/wp\/v2\/product_cat?post=30116"},{"taxonomy":"product_tag","embeddable":true,"href":"https:\/\/superprintpro.com\/es\/wp-json\/wp\/v2\/product_tag?post=30116"}],"curies":[{"name":"wp","href":"https:\/\/api.w.org\/{rel}","templated":true}]}}