{"id":30080,"date":"2025-08-18T09:17:51","date_gmt":"2025-08-18T01:17:51","guid":{"rendered":"https:\/\/superprintpro.com\/?post_type=product&#038;p=30080"},"modified":"2025-08-18T09:26:59","modified_gmt":"2025-08-18T01:26:59","slug":"amo-uv-dtf-inkjet-printer-am603xp-uvdtf-with-3-heads-xp600","status":"publish","type":"product","link":"https:\/\/superprintpro.com\/es\/producto\/amo-uv-dtf-inkjet-printer-am603xp-uvdtf-with-3-heads-xp600\/","title":{"rendered":"Impresora de inyecci\u00f3n de tinta AMO UV-DTF AM603XP-UVDTF con 3 cabezales xp600"},"content":{"rendered":"<p>Impresora de inyecci\u00f3n de tinta AMO UV-DTF Nombre de modelo AM603XP-UVDTF<br \/>\nLa impresora UV-DTF puede imprimir con tinta UV sobre la l\u00e1mina adhesiva A, que est\u00e1 recubierta de cola. Durante el proceso de impresi\u00f3n, esta pel\u00edcula A se laminar\u00eda con una pel\u00edcula B, que es la pel\u00edcula de transferencia. Por \u00faltimo, esta pel\u00edcula de transferencia B podr\u00eda transferir la imagen a cualquier superficie dura directamente sin proceso de calentamiento. Este proceso es bastante r\u00e1pido, f\u00e1cil y simple, por lo que es tan popular en el negocio de la se\u00f1alizaci\u00f3n y la publicidad. Como se puede aplicar a casi cualquier superficie dura y lisa como botellas de vidrio, vasos, material acr\u00edlico, material cer\u00e1mico, pl\u00e1stico, papel, madera, piedra, etc cualquier superficie lisa no importa si es plana o redonda que funciona bien con la transferencia de imagen r\u00e1pida sin ning\u00fan proceso de transferencia de calor. La imagen de UV-DTF es de alta claridad y durabilidad.  Har\u00e1 que su negocio de rotulaci\u00f3n crezca r\u00e1pidamente en las \u00e1reas que sus clientes necesiten.<\/p>\n<p>Par\u00e1metros de la m\u00e1quina<\/p>\n<p>Informaci\u00f3n del cabezal: XP600-3H (3 cabezales xp600)<br \/>\nAnchura de impresi\u00f3n: 600MM (La anchura de impresi\u00f3n puede alcanzar un m\u00e1ximo de 700mm en caso de que no se utilice la gu\u00eda de deslizamiento del papel)<br \/>\nSistema de circuitos impresos: Hoson<br \/>\nModo de conexi\u00f3n: Conexi\u00f3n Gigabit a Internet<br \/>\nConfiguraci\u00f3n de tinta :<br \/>\nW+C+V (4 colores:Blanco+Colores+Barniz)<br \/>\nVelocidad de impresi\u00f3n:<br \/>\n4pass 4 m\u00b2\/h<br \/>\n6pass 3 m\u00b2\/h<br \/>\n8pass 1 m\u00b2\/h<br \/>\nTipo de soporte:<br \/>\nPel\u00edcula de transferencia A y B<br \/>\nCaracter\u00edsticas del equipo:<br \/>\nDispositivo antigolpes<br \/>\nCaja de refrigeraci\u00f3n por agua del sistema de curado UV +L\u00e1mpara UV LED<br \/>\nCalefacci\u00f3n de rodillos de goma+barra de presi\u00f3n neum\u00e1tica ajustable<br \/>\nSistema autom\u00e1tico de alimentaci\u00f3n y descarga<br \/>\nInformaci\u00f3n de la impresora:<br \/>\nTensi\u00f3n de trabajo: AC220V 50\/60HZ<br \/>\nPotencia: 2500W<br \/>\nentorno de trabajo:<br \/>\nTemperatura normal de trabajo: 22-28\u2103humedad:40%-60%<br \/>\nTama\u00f1o de la m\u00e1quina L1780MM W900MM H1320MM<\/p>\n<p>Dimensiones del embalaje 2300MM(L)880MM(W)960MM(H)<\/p>","protected":false},"excerpt":{"rendered":"<p>Si desea conocer los detalles de los productos y las \u00faltimas ofertas, p\u00f3ngase en contacto con nuestro jefe de ventas<\/p>","protected":false},"featured_media":30081,"comment_status":"open","ping_status":"closed","template":"","meta":[],"product_brand":[],"product_cat":[123],"product_tag":[],"class_list":{"0":"post-30080","1":"product","2":"type-product","3":"status-publish","4":"has-post-thumbnail","6":"product_cat-uv-dtf-printer","8":"first","9":"instock","10":"shipping-taxable","11":"purchasable","12":"product-type-simple"},"yoast_head":"<!-- This site is optimized with the Yoast SEO plugin v26.9 - https:\/\/yoast.com\/product\/yoast-seo-wordpress\/ -->\n<title>AMO UV-DTF Inkjet Printer AM603XP-UVDTF with 3 heads xp600 - Amo<\/title>\n<meta name=\"robots\" content=\"index, follow, max-snippet:-1, max-image-preview:large, max-video-preview:-1\" \/>\n<link rel=\"canonical\" href=\"https:\/\/superprintpro.com\/es\/producto\/amo-uv-dtf-inkjet-printer-am603xp-uvdtf-with-3-heads-xp600\/\" \/>\n<meta property=\"og:locale\" content=\"es_ES\" \/>\n<meta property=\"og:type\" content=\"article\" \/>\n<meta property=\"og:title\" content=\"AMO UV-DTF Inkjet Printer AM603XP-UVDTF with 3 heads xp600 - Amo\" \/>\n<meta property=\"og:description\" content=\"For product details and the latest quotes, please contact our sales manager\" \/>\n<meta property=\"og:url\" content=\"https:\/\/superprintpro.com\/es\/producto\/amo-uv-dtf-inkjet-printer-am603xp-uvdtf-with-3-heads-xp600\/\" \/>\n<meta property=\"og:site_name\" content=\"Amo\" \/>\n<meta property=\"article:modified_time\" content=\"2025-08-18T01:26:59+00:00\" \/>\n<meta property=\"og:image\" content=\"https:\/\/superprintpro.com\/wp-content\/uploads\/2025\/08\/amo-uv-dtf-inkjet-printer-am603xp-uvdtf-with-3-heads-xp600.jpg\" \/>\n\t<meta property=\"og:image:width\" content=\"500\" \/>\n\t<meta property=\"og:image:height\" content=\"281\" \/>\n\t<meta property=\"og:image:type\" content=\"image\/jpeg\" \/>\n<meta name=\"twitter:card\" content=\"summary_large_image\" \/>\n<meta name=\"twitter:label1\" content=\"Tiempo de lectura\" \/>\n\t<meta name=\"twitter:data1\" content=\"1 minuto\" \/>\n<script type=\"application\/ld+json\" class=\"yoast-schema-graph\">{\"@context\":\"https:\/\/schema.org\",\"@graph\":[{\"@type\":\"WebPage\",\"@id\":\"https:\/\/superprintpro.com\/product\/amo-uv-dtf-inkjet-printer-am603xp-uvdtf-with-3-heads-xp600\/\",\"url\":\"https:\/\/superprintpro.com\/product\/amo-uv-dtf-inkjet-printer-am603xp-uvdtf-with-3-heads-xp600\/\",\"name\":\"AMO UV-DTF Inkjet Printer AM603XP-UVDTF with 3 heads xp600 - Amo\",\"isPartOf\":{\"@id\":\"https:\/\/superprintpro.com\/#website\"},\"primaryImageOfPage\":{\"@id\":\"https:\/\/superprintpro.com\/product\/amo-uv-dtf-inkjet-printer-am603xp-uvdtf-with-3-heads-xp600\/#primaryimage\"},\"image\":{\"@id\":\"https:\/\/superprintpro.com\/product\/amo-uv-dtf-inkjet-printer-am603xp-uvdtf-with-3-heads-xp600\/#primaryimage\"},\"thumbnailUrl\":\"https:\/\/superprintpro.com\/wp-content\/uploads\/2025\/08\/amo-uv-dtf-inkjet-printer-am603xp-uvdtf-with-3-heads-xp600.jpg\",\"datePublished\":\"2025-08-18T01:17:51+00:00\",\"dateModified\":\"2025-08-18T01:26:59+00:00\",\"breadcrumb\":{\"@id\":\"https:\/\/superprintpro.com\/product\/amo-uv-dtf-inkjet-printer-am603xp-uvdtf-with-3-heads-xp600\/#breadcrumb\"},\"inLanguage\":\"es\",\"potentialAction\":[{\"@type\":\"ReadAction\",\"target\":[\"https:\/\/superprintpro.com\/product\/amo-uv-dtf-inkjet-printer-am603xp-uvdtf-with-3-heads-xp600\/\"]}]},{\"@type\":\"ImageObject\",\"inLanguage\":\"es\",\"@id\":\"https:\/\/superprintpro.com\/product\/amo-uv-dtf-inkjet-printer-am603xp-uvdtf-with-3-heads-xp600\/#primaryimage\",\"url\":\"https:\/\/superprintpro.com\/wp-content\/uploads\/2025\/08\/amo-uv-dtf-inkjet-printer-am603xp-uvdtf-with-3-heads-xp600.jpg\",\"contentUrl\":\"https:\/\/superprintpro.com\/wp-content\/uploads\/2025\/08\/amo-uv-dtf-inkjet-printer-am603xp-uvdtf-with-3-heads-xp600.jpg\",\"width\":500,\"height\":281,\"caption\":\"AMO UV-DTF Inkjet Printer AM603XP-UVDTF with 3 heads xp600\"},{\"@type\":\"BreadcrumbList\",\"@id\":\"https:\/\/superprintpro.com\/product\/amo-uv-dtf-inkjet-printer-am603xp-uvdtf-with-3-heads-xp600\/#breadcrumb\",\"itemListElement\":[{\"@type\":\"ListItem\",\"position\":1,\"name\":\"\u9996\u9875\",\"item\":\"https:\/\/superprintpro.com\/\"},{\"@type\":\"ListItem\",\"position\":2,\"name\":\"Shop\",\"item\":\"https:\/\/superprintpro.com\/shop\/\"},{\"@type\":\"ListItem\",\"position\":3,\"name\":\"AMO UV-DTF Inkjet Printer AM603XP-UVDTF with 3 heads xp600\"}]},{\"@type\":\"WebSite\",\"@id\":\"https:\/\/superprintpro.com\/#website\",\"url\":\"https:\/\/superprintpro.com\/\",\"name\":\"Amo\",\"description\":\"\",\"potentialAction\":[{\"@type\":\"SearchAction\",\"target\":{\"@type\":\"EntryPoint\",\"urlTemplate\":\"https:\/\/superprintpro.com\/?s={search_term_string}\"},\"query-input\":{\"@type\":\"PropertyValueSpecification\",\"valueRequired\":true,\"valueName\":\"search_term_string\"}}],\"inLanguage\":\"es\"}]}<\/script>\n<!-- \/ Yoast SEO plugin. -->","yoast_head_json":{"title":"AMO UV-DTF Inkjet Printer AM603XP-UVDTF with 3 heads xp600 - Amo","robots":{"index":"index","follow":"follow","max-snippet":"max-snippet:-1","max-image-preview":"max-image-preview:large","max-video-preview":"max-video-preview:-1"},"canonical":"https:\/\/superprintpro.com\/es\/producto\/amo-uv-dtf-inkjet-printer-am603xp-uvdtf-with-3-heads-xp600\/","og_locale":"es_ES","og_type":"article","og_title":"AMO UV-DTF Inkjet Printer AM603XP-UVDTF with 3 heads xp600 - Amo","og_description":"For product details and the latest quotes, please contact our sales manager","og_url":"https:\/\/superprintpro.com\/es\/producto\/amo-uv-dtf-inkjet-printer-am603xp-uvdtf-with-3-heads-xp600\/","og_site_name":"Amo","article_modified_time":"2025-08-18T01:26:59+00:00","og_image":[{"width":500,"height":281,"url":"https:\/\/superprintpro.com\/wp-content\/uploads\/2025\/08\/amo-uv-dtf-inkjet-printer-am603xp-uvdtf-with-3-heads-xp600.jpg","type":"image\/jpeg"}],"twitter_card":"summary_large_image","twitter_misc":{"Tiempo de lectura":"1 minuto"},"schema":{"@context":"https:\/\/schema.org","@graph":[{"@type":"WebPage","@id":"https:\/\/superprintpro.com\/product\/amo-uv-dtf-inkjet-printer-am603xp-uvdtf-with-3-heads-xp600\/","url":"https:\/\/superprintpro.com\/product\/amo-uv-dtf-inkjet-printer-am603xp-uvdtf-with-3-heads-xp600\/","name":"AMO UV-DTF Inkjet Printer AM603XP-UVDTF with 3 heads xp600 - Amo","isPartOf":{"@id":"https:\/\/superprintpro.com\/#website"},"primaryImageOfPage":{"@id":"https:\/\/superprintpro.com\/product\/amo-uv-dtf-inkjet-printer-am603xp-uvdtf-with-3-heads-xp600\/#primaryimage"},"image":{"@id":"https:\/\/superprintpro.com\/product\/amo-uv-dtf-inkjet-printer-am603xp-uvdtf-with-3-heads-xp600\/#primaryimage"},"thumbnailUrl":"https:\/\/superprintpro.com\/wp-content\/uploads\/2025\/08\/amo-uv-dtf-inkjet-printer-am603xp-uvdtf-with-3-heads-xp600.jpg","datePublished":"2025-08-18T01:17:51+00:00","dateModified":"2025-08-18T01:26:59+00:00","breadcrumb":{"@id":"https:\/\/superprintpro.com\/product\/amo-uv-dtf-inkjet-printer-am603xp-uvdtf-with-3-heads-xp600\/#breadcrumb"},"inLanguage":"es","potentialAction":[{"@type":"ReadAction","target":["https:\/\/superprintpro.com\/product\/amo-uv-dtf-inkjet-printer-am603xp-uvdtf-with-3-heads-xp600\/"]}]},{"@type":"ImageObject","inLanguage":"es","@id":"https:\/\/superprintpro.com\/product\/amo-uv-dtf-inkjet-printer-am603xp-uvdtf-with-3-heads-xp600\/#primaryimage","url":"https:\/\/superprintpro.com\/wp-content\/uploads\/2025\/08\/amo-uv-dtf-inkjet-printer-am603xp-uvdtf-with-3-heads-xp600.jpg","contentUrl":"https:\/\/superprintpro.com\/wp-content\/uploads\/2025\/08\/amo-uv-dtf-inkjet-printer-am603xp-uvdtf-with-3-heads-xp600.jpg","width":500,"height":281,"caption":"AMO UV-DTF Inkjet Printer AM603XP-UVDTF with 3 heads xp600"},{"@type":"BreadcrumbList","@id":"https:\/\/superprintpro.com\/product\/amo-uv-dtf-inkjet-printer-am603xp-uvdtf-with-3-heads-xp600\/#breadcrumb","itemListElement":[{"@type":"ListItem","position":1,"name":"\u9996\u9875","item":"https:\/\/superprintpro.com\/"},{"@type":"ListItem","position":2,"name":"Shop","item":"https:\/\/superprintpro.com\/shop\/"},{"@type":"ListItem","position":3,"name":"AMO UV-DTF Inkjet Printer AM603XP-UVDTF with 3 heads xp600"}]},{"@type":"WebSite","@id":"https:\/\/superprintpro.com\/#website","url":"https:\/\/superprintpro.com\/","name":"Amo","description":"","potentialAction":[{"@type":"SearchAction","target":{"@type":"EntryPoint","urlTemplate":"https:\/\/superprintpro.com\/?s={search_term_string}"},"query-input":{"@type":"PropertyValueSpecification","valueRequired":true,"valueName":"search_term_string"}}],"inLanguage":"es"}]}},"_links":{"self":[{"href":"https:\/\/superprintpro.com\/es\/wp-json\/wp\/v2\/product\/30080","targetHints":{"allow":["GET"]}}],"collection":[{"href":"https:\/\/superprintpro.com\/es\/wp-json\/wp\/v2\/product"}],"about":[{"href":"https:\/\/superprintpro.com\/es\/wp-json\/wp\/v2\/types\/product"}],"replies":[{"embeddable":true,"href":"https:\/\/superprintpro.com\/es\/wp-json\/wp\/v2\/comments?post=30080"}],"version-history":[{"count":1,"href":"https:\/\/superprintpro.com\/es\/wp-json\/wp\/v2\/product\/30080\/revisions"}],"predecessor-version":[{"id":30082,"href":"https:\/\/superprintpro.com\/es\/wp-json\/wp\/v2\/product\/30080\/revisions\/30082"}],"wp:featuredmedia":[{"embeddable":true,"href":"https:\/\/superprintpro.com\/es\/wp-json\/wp\/v2\/media\/30081"}],"wp:attachment":[{"href":"https:\/\/superprintpro.com\/es\/wp-json\/wp\/v2\/media?parent=30080"}],"wp:term":[{"taxonomy":"product_brand","embeddable":true,"href":"https:\/\/superprintpro.com\/es\/wp-json\/wp\/v2\/product_brand?post=30080"},{"taxonomy":"product_cat","embeddable":true,"href":"https:\/\/superprintpro.com\/es\/wp-json\/wp\/v2\/product_cat?post=30080"},{"taxonomy":"product_tag","embeddable":true,"href":"https:\/\/superprintpro.com\/es\/wp-json\/wp\/v2\/product_tag?post=30080"}],"curies":[{"name":"wp","href":"https:\/\/api.w.org\/{rel}","templated":true}]}}