{"id":30068,"date":"2025-08-17T20:05:19","date_gmt":"2025-08-17T12:05:19","guid":{"rendered":"https:\/\/superprintpro.com\/?post_type=product&#038;p=30068"},"modified":"2025-08-17T20:05:19","modified_gmt":"2025-08-17T12:05:19","slug":"amo-a3-size-uv-dtf-amo-3003-with-3-pieces-of-xp600-printheads","status":"publish","type":"product","link":"https:\/\/superprintpro.com\/es\/producto\/amo-a3-size-uv-dtf-amo-3003-with-3-pieces-of-xp600-printheads\/","title":{"rendered":"AMO A3 Tama\u00f1o UV DTF AMO 3003 con 3 piezas de XP600 cabezales de impresi\u00f3n"},"content":{"rendered":"<p>AMO A3 Tama\u00f1o UV DTF AMO 3003 con 3 piezas de XP600 cabezales de impresi\u00f3n<\/p>\n<p>Anchura de impresi\u00f3n: 300 mm<\/p>\n<p>Especificaci\u00f3n:<br \/>\nAuriculares: Epson XP600<br \/>\nCantidad de cabezas: 3 piezas<br \/>\nModelo de alta calidad: 1,4 metros cuadrados\/hora<br \/>\nModo de producci\u00f3n r\u00e1pida: 3 metros cuadrados\/hora<br \/>\nAnchura de alimentaci\u00f3n: 300 mm<br \/>\nTransmisi\u00f3n de soportes:Sistema de colocaci\u00f3n del papel ajustable bilateralmente por resistencia<br \/>\nColor:Seis colores (c\/M\/y\/K\/V\/w)<br \/>\nTipo de tinta :Tinta ultravioleta especial para etiquetas de vidrio<br \/>\nInterfaz de comunicaci\u00f3n: puerto de red<br \/>\nIdioma de funcionamiento: chino\/ingl\u00e9s<br \/>\nSoftware de impresi\u00f3n :Maintop6.1 \/ photoprint (opcional)<br \/>\nSistema operativo :Win10\/Win7<br \/>\nSoportes de impresi\u00f3n :Pel\u00edcula A\/B<\/p>\n<p>Limpieza del cabezal: sistema autom\u00e1tico de limpieza de la bater\u00eda de tinta<\/p>\n<p>Configuraci\u00f3n:<\/p>\n<p>Carrera del eje X con servomotor de alta calidad<br \/>\nEje de motor de gran par chuchen de alta calidad y + reductor de alta precisi\u00f3n<br \/>\nSistema de desconexi\u00f3n ajustable de resistencia bilateral<br \/>\nGu\u00eda lineal silenciosa de alta velocidad Hiwin<br \/>\nSistema de mezcla autom\u00e1tico para tinta blanca. Ajuste de solidificaci\u00f3n de tinta: L\u00e1mpara ultravioleta de alta potencia refrigerada por aire<br \/>\nEl recorrido de la tinta aumenta el filtro, el sistema de filtraci\u00f3n de alta calidad<br \/>\nSistema autom\u00e1tico de elevaci\u00f3n de rodillos de caucho<br \/>\nFilm de recogida de residuos: la barra oscilante aprieta el film de recogida de residuos Smart Energy<br \/>\nAjuste de la alarma de falta de tinta: sistema autom\u00e1tico de alarma de falta de tinta<br \/>\nConfiguraci\u00f3n de recubrimiento de papel: rodillo de alta precisi\u00f3n, rodillo de control de temperatura calentamiento inteligente<br \/>\nAlarma de falta de papel: equipada con funci\u00f3n de inducci\u00f3n de alarma de falta de papel<br \/>\nTipo de tinta: Tinta ultravioleta especial respetuosa con el medio ambiente, bonito color y alta durabilidad.<br \/>\nControl de color: Control de color ICC est\u00e1ndar internacional, curvas y densidad ajustables por el usuario y otras funciones.Entorno de trabajo:15 - 30\u00b0C\/40% - 60%<br \/>\nPotencia del equipo:1200w<br \/>\nPeso del paquete: 100 kg<br \/>\nTama\u00f1o de toda la m\u00e1quina:1525*725*755mm (tama\u00f1o del embalaje) 1200*500*1166mm (tama\u00f1o del equipo)<br \/>\nConfiguraci\u00f3n inform\u00e1tica recomendada:<br \/>\nSistema operativo Win7\/win10 Tarjeta de red Gigabit Tarjeta gr\u00e1fica independiente 8g - Memoria 500g Disco duro tnel(r)CORE(tm)i5\/i7cpu<\/p>","protected":false},"excerpt":{"rendered":"<p>Si desea conocer los detalles de los productos y las \u00faltimas ofertas, p\u00f3ngase en contacto con nuestro jefe de ventas<\/p>","protected":false},"featured_media":30069,"comment_status":"open","ping_status":"closed","template":"","meta":[],"product_brand":[],"product_cat":[123],"product_tag":[],"class_list":{"0":"post-30068","1":"product","2":"type-product","3":"status-publish","4":"has-post-thumbnail","6":"product_cat-uv-dtf-printer","8":"first","9":"instock","10":"shipping-taxable","11":"purchasable","12":"product-type-simple"},"yoast_head":"<!-- This site is optimized with the Yoast SEO plugin v26.9 - https:\/\/yoast.com\/product\/yoast-seo-wordpress\/ -->\n<title>AMO A3 Size UV DTF AMO 3003 with 3 pieces of XP600 Printheads - Amo<\/title>\n<meta name=\"robots\" content=\"index, follow, max-snippet:-1, max-image-preview:large, max-video-preview:-1\" \/>\n<link rel=\"canonical\" href=\"https:\/\/superprintpro.com\/es\/producto\/amo-a3-size-uv-dtf-amo-3003-with-3-pieces-of-xp600-printheads\/\" \/>\n<meta property=\"og:locale\" content=\"es_ES\" \/>\n<meta property=\"og:type\" content=\"article\" \/>\n<meta property=\"og:title\" content=\"AMO A3 Size UV DTF AMO 3003 with 3 pieces of XP600 Printheads - Amo\" \/>\n<meta property=\"og:description\" content=\"For product details and the latest quotes, please contact our sales manager\" \/>\n<meta property=\"og:url\" content=\"https:\/\/superprintpro.com\/es\/producto\/amo-a3-size-uv-dtf-amo-3003-with-3-pieces-of-xp600-printheads\/\" \/>\n<meta property=\"og:site_name\" content=\"Amo\" \/>\n<meta property=\"og:image\" content=\"https:\/\/superprintpro.com\/wp-content\/uploads\/2025\/08\/amo-a3-size-uv-dtf-printer-amo-3003-with-3-pieces-of-xp600-printheads.jpg\" \/>\n\t<meta property=\"og:image:width\" content=\"553\" \/>\n\t<meta property=\"og:image:height\" content=\"311\" \/>\n\t<meta property=\"og:image:type\" content=\"image\/jpeg\" \/>\n<meta name=\"twitter:card\" content=\"summary_large_image\" \/>\n<meta name=\"twitter:label1\" content=\"Tiempo de lectura\" \/>\n\t<meta name=\"twitter:data1\" content=\"1 minuto\" \/>\n<script type=\"application\/ld+json\" class=\"yoast-schema-graph\">{\"@context\":\"https:\/\/schema.org\",\"@graph\":[{\"@type\":\"WebPage\",\"@id\":\"https:\/\/superprintpro.com\/product\/amo-a3-size-uv-dtf-amo-3003-with-3-pieces-of-xp600-printheads\/\",\"url\":\"https:\/\/superprintpro.com\/product\/amo-a3-size-uv-dtf-amo-3003-with-3-pieces-of-xp600-printheads\/\",\"name\":\"AMO A3 Size UV DTF AMO 3003 with 3 pieces of XP600 Printheads - Amo\",\"isPartOf\":{\"@id\":\"https:\/\/superprintpro.com\/#website\"},\"primaryImageOfPage\":{\"@id\":\"https:\/\/superprintpro.com\/product\/amo-a3-size-uv-dtf-amo-3003-with-3-pieces-of-xp600-printheads\/#primaryimage\"},\"image\":{\"@id\":\"https:\/\/superprintpro.com\/product\/amo-a3-size-uv-dtf-amo-3003-with-3-pieces-of-xp600-printheads\/#primaryimage\"},\"thumbnailUrl\":\"https:\/\/superprintpro.com\/wp-content\/uploads\/2025\/08\/amo-a3-size-uv-dtf-printer-amo-3003-with-3-pieces-of-xp600-printheads.jpg\",\"datePublished\":\"2025-08-17T12:05:19+00:00\",\"breadcrumb\":{\"@id\":\"https:\/\/superprintpro.com\/product\/amo-a3-size-uv-dtf-amo-3003-with-3-pieces-of-xp600-printheads\/#breadcrumb\"},\"inLanguage\":\"es\",\"potentialAction\":[{\"@type\":\"ReadAction\",\"target\":[\"https:\/\/superprintpro.com\/product\/amo-a3-size-uv-dtf-amo-3003-with-3-pieces-of-xp600-printheads\/\"]}]},{\"@type\":\"ImageObject\",\"inLanguage\":\"es\",\"@id\":\"https:\/\/superprintpro.com\/product\/amo-a3-size-uv-dtf-amo-3003-with-3-pieces-of-xp600-printheads\/#primaryimage\",\"url\":\"https:\/\/superprintpro.com\/wp-content\/uploads\/2025\/08\/amo-a3-size-uv-dtf-printer-amo-3003-with-3-pieces-of-xp600-printheads.jpg\",\"contentUrl\":\"https:\/\/superprintpro.com\/wp-content\/uploads\/2025\/08\/amo-a3-size-uv-dtf-printer-amo-3003-with-3-pieces-of-xp600-printheads.jpg\",\"width\":553,\"height\":311,\"caption\":\"AMO A3 Size UV DTF AMO 3003 with 3 pieces of XP600 Printheads\"},{\"@type\":\"BreadcrumbList\",\"@id\":\"https:\/\/superprintpro.com\/product\/amo-a3-size-uv-dtf-amo-3003-with-3-pieces-of-xp600-printheads\/#breadcrumb\",\"itemListElement\":[{\"@type\":\"ListItem\",\"position\":1,\"name\":\"\u9996\u9875\",\"item\":\"https:\/\/superprintpro.com\/\"},{\"@type\":\"ListItem\",\"position\":2,\"name\":\"Shop\",\"item\":\"https:\/\/superprintpro.com\/shop\/\"},{\"@type\":\"ListItem\",\"position\":3,\"name\":\"AMO A3 Size UV DTF AMO 3003 with 3 pieces of XP600 Printheads\"}]},{\"@type\":\"WebSite\",\"@id\":\"https:\/\/superprintpro.com\/#website\",\"url\":\"https:\/\/superprintpro.com\/\",\"name\":\"Amo\",\"description\":\"\",\"potentialAction\":[{\"@type\":\"SearchAction\",\"target\":{\"@type\":\"EntryPoint\",\"urlTemplate\":\"https:\/\/superprintpro.com\/?s={search_term_string}\"},\"query-input\":{\"@type\":\"PropertyValueSpecification\",\"valueRequired\":true,\"valueName\":\"search_term_string\"}}],\"inLanguage\":\"es\"}]}<\/script>\n<!-- \/ Yoast SEO plugin. -->","yoast_head_json":{"title":"AMO A3 Size UV DTF AMO 3003 with 3 pieces of XP600 Printheads - Amo","robots":{"index":"index","follow":"follow","max-snippet":"max-snippet:-1","max-image-preview":"max-image-preview:large","max-video-preview":"max-video-preview:-1"},"canonical":"https:\/\/superprintpro.com\/es\/producto\/amo-a3-size-uv-dtf-amo-3003-with-3-pieces-of-xp600-printheads\/","og_locale":"es_ES","og_type":"article","og_title":"AMO A3 Size UV DTF AMO 3003 with 3 pieces of XP600 Printheads - Amo","og_description":"For product details and the latest quotes, please contact our sales manager","og_url":"https:\/\/superprintpro.com\/es\/producto\/amo-a3-size-uv-dtf-amo-3003-with-3-pieces-of-xp600-printheads\/","og_site_name":"Amo","og_image":[{"width":553,"height":311,"url":"https:\/\/superprintpro.com\/wp-content\/uploads\/2025\/08\/amo-a3-size-uv-dtf-printer-amo-3003-with-3-pieces-of-xp600-printheads.jpg","type":"image\/jpeg"}],"twitter_card":"summary_large_image","twitter_misc":{"Tiempo de lectura":"1 minuto"},"schema":{"@context":"https:\/\/schema.org","@graph":[{"@type":"WebPage","@id":"https:\/\/superprintpro.com\/product\/amo-a3-size-uv-dtf-amo-3003-with-3-pieces-of-xp600-printheads\/","url":"https:\/\/superprintpro.com\/product\/amo-a3-size-uv-dtf-amo-3003-with-3-pieces-of-xp600-printheads\/","name":"AMO A3 Size UV DTF AMO 3003 with 3 pieces of XP600 Printheads - Amo","isPartOf":{"@id":"https:\/\/superprintpro.com\/#website"},"primaryImageOfPage":{"@id":"https:\/\/superprintpro.com\/product\/amo-a3-size-uv-dtf-amo-3003-with-3-pieces-of-xp600-printheads\/#primaryimage"},"image":{"@id":"https:\/\/superprintpro.com\/product\/amo-a3-size-uv-dtf-amo-3003-with-3-pieces-of-xp600-printheads\/#primaryimage"},"thumbnailUrl":"https:\/\/superprintpro.com\/wp-content\/uploads\/2025\/08\/amo-a3-size-uv-dtf-printer-amo-3003-with-3-pieces-of-xp600-printheads.jpg","datePublished":"2025-08-17T12:05:19+00:00","breadcrumb":{"@id":"https:\/\/superprintpro.com\/product\/amo-a3-size-uv-dtf-amo-3003-with-3-pieces-of-xp600-printheads\/#breadcrumb"},"inLanguage":"es","potentialAction":[{"@type":"ReadAction","target":["https:\/\/superprintpro.com\/product\/amo-a3-size-uv-dtf-amo-3003-with-3-pieces-of-xp600-printheads\/"]}]},{"@type":"ImageObject","inLanguage":"es","@id":"https:\/\/superprintpro.com\/product\/amo-a3-size-uv-dtf-amo-3003-with-3-pieces-of-xp600-printheads\/#primaryimage","url":"https:\/\/superprintpro.com\/wp-content\/uploads\/2025\/08\/amo-a3-size-uv-dtf-printer-amo-3003-with-3-pieces-of-xp600-printheads.jpg","contentUrl":"https:\/\/superprintpro.com\/wp-content\/uploads\/2025\/08\/amo-a3-size-uv-dtf-printer-amo-3003-with-3-pieces-of-xp600-printheads.jpg","width":553,"height":311,"caption":"AMO A3 Size UV DTF AMO 3003 with 3 pieces of XP600 Printheads"},{"@type":"BreadcrumbList","@id":"https:\/\/superprintpro.com\/product\/amo-a3-size-uv-dtf-amo-3003-with-3-pieces-of-xp600-printheads\/#breadcrumb","itemListElement":[{"@type":"ListItem","position":1,"name":"\u9996\u9875","item":"https:\/\/superprintpro.com\/"},{"@type":"ListItem","position":2,"name":"Shop","item":"https:\/\/superprintpro.com\/shop\/"},{"@type":"ListItem","position":3,"name":"AMO A3 Size UV DTF AMO 3003 with 3 pieces of XP600 Printheads"}]},{"@type":"WebSite","@id":"https:\/\/superprintpro.com\/#website","url":"https:\/\/superprintpro.com\/","name":"Amo","description":"","potentialAction":[{"@type":"SearchAction","target":{"@type":"EntryPoint","urlTemplate":"https:\/\/superprintpro.com\/?s={search_term_string}"},"query-input":{"@type":"PropertyValueSpecification","valueRequired":true,"valueName":"search_term_string"}}],"inLanguage":"es"}]}},"_links":{"self":[{"href":"https:\/\/superprintpro.com\/es\/wp-json\/wp\/v2\/product\/30068","targetHints":{"allow":["GET"]}}],"collection":[{"href":"https:\/\/superprintpro.com\/es\/wp-json\/wp\/v2\/product"}],"about":[{"href":"https:\/\/superprintpro.com\/es\/wp-json\/wp\/v2\/types\/product"}],"replies":[{"embeddable":true,"href":"https:\/\/superprintpro.com\/es\/wp-json\/wp\/v2\/comments?post=30068"}],"version-history":[{"count":1,"href":"https:\/\/superprintpro.com\/es\/wp-json\/wp\/v2\/product\/30068\/revisions"}],"predecessor-version":[{"id":30070,"href":"https:\/\/superprintpro.com\/es\/wp-json\/wp\/v2\/product\/30068\/revisions\/30070"}],"wp:featuredmedia":[{"embeddable":true,"href":"https:\/\/superprintpro.com\/es\/wp-json\/wp\/v2\/media\/30069"}],"wp:attachment":[{"href":"https:\/\/superprintpro.com\/es\/wp-json\/wp\/v2\/media?parent=30068"}],"wp:term":[{"taxonomy":"product_brand","embeddable":true,"href":"https:\/\/superprintpro.com\/es\/wp-json\/wp\/v2\/product_brand?post=30068"},{"taxonomy":"product_cat","embeddable":true,"href":"https:\/\/superprintpro.com\/es\/wp-json\/wp\/v2\/product_cat?post=30068"},{"taxonomy":"product_tag","embeddable":true,"href":"https:\/\/superprintpro.com\/es\/wp-json\/wp\/v2\/product_tag?post=30068"}],"curies":[{"name":"wp","href":"https:\/\/api.w.org\/{rel}","templated":true}]}}