{"id":30062,"date":"2025-08-17T19:59:50","date_gmt":"2025-08-17T11:59:50","guid":{"rendered":"https:\/\/superprintpro.com\/?post_type=product&#038;p=30062"},"modified":"2025-08-17T20:12:27","modified_gmt":"2025-08-17T12:12:27","slug":"dtf-printer-am604i16dtf-with-4-epson-i1600-printhead","status":"publish","type":"product","link":"https:\/\/superprintpro.com\/es\/producto\/dtf-printer-am604i16dtf-with-4-epson-i1600-printhead\/","title":{"rendered":"Impresora DTF AM604i16DTF con 4 cabezales de impresi\u00f3n epson i1600"},"content":{"rendered":"<p>Impresora de inyecci\u00f3n de tinta AMO DTF con sistema de polvo<\/p>\n<p>Impresora DTF AM604i16DTF con 4 cabezales de impresi\u00f3n epson i1600<\/p>\n<p>La impresora DTF se utiliza ampliamente en la producci\u00f3n de camisetas de impresi\u00f3n, bolsas de lona, sudaderas y almohadas. Mientras tanto, es adecuada para el comercio electr\u00f3nico y los campos culturales y creativos personalizados, as\u00ed como para las ventas de empresas de ropa, capaz de responder r\u00e1pidamente a peque\u00f1os pedidos y satisfacer la demanda de personalizaci\u00f3n y respuesta r\u00e1pida del mercado. Se trata de un dispositivo de impresi\u00f3n eficiente, c\u00f3modo y personalizado con una amplia gama de perspectivas de aplicaci\u00f3n y potencial de mercado.<\/p>\n<p>Par\u00e1metros de la m\u00e1quina<br \/>\nInformaci\u00f3n del cabezal i1600-4H(2W+2C)\uff08 4 cabezales i1600,2 cabezales para tinta blanca,2 cabezales para colores cmyk)<br \/>\nAnchura de impresi\u00f3n 600MM<br \/>\nSistema de placa de circuito HOSON(LAN)<br \/>\nVelocidad de impresi\u00f3n:<br \/>\n3 pasos 24 m\u00b2\/h<br \/>\n4pass 21 m\u00b2\/h<br \/>\n6pass 14 m\u00b2\/h<br \/>\n8pass 11 m\u00b2\/h<br \/>\nInformaci\u00f3n de la impresora:<br \/>\nTensi\u00f3n de trabajo AC220V 50\/60HZ<br \/>\nPotencia 2500W<br \/>\nentorno de trabajo<br \/>\nTemperatura normal de trabajo:22-28\u2103<br \/>\nhumidity:40%-60%<br \/>\nTama\u00f1o de la m\u00e1quina L1720MM W830MM H1600MM<br \/>\nDimensiones del embalaje 2000MM(L)810MM(W)640MM(H)<\/p>","protected":false},"excerpt":{"rendered":"<p>Si desea conocer los detalles de los productos y las \u00faltimas ofertas, p\u00f3ngase en contacto con nuestro jefe de ventas<\/p>","protected":false},"featured_media":30071,"comment_status":"open","ping_status":"closed","template":"","meta":[],"product_brand":[],"product_cat":[122],"product_tag":[],"class_list":{"0":"post-30062","1":"product","2":"type-product","3":"status-publish","4":"has-post-thumbnail","6":"product_cat-dtf-printer-dtf-printer","8":"first","9":"instock","10":"shipping-taxable","11":"purchasable","12":"product-type-simple"},"yoast_head":"<!-- This site is optimized with the Yoast SEO plugin v26.9 - https:\/\/yoast.com\/product\/yoast-seo-wordpress\/ -->\n<title>DTF Printer AM604i16DTF with 4 epson i1600 printhead - Amo<\/title>\n<meta name=\"robots\" content=\"index, follow, max-snippet:-1, max-image-preview:large, max-video-preview:-1\" \/>\n<link rel=\"canonical\" href=\"https:\/\/superprintpro.com\/es\/producto\/dtf-printer-am604i16dtf-with-4-epson-i1600-printhead\/\" \/>\n<meta property=\"og:locale\" content=\"es_ES\" \/>\n<meta property=\"og:type\" content=\"article\" \/>\n<meta property=\"og:title\" content=\"DTF Printer AM604i16DTF with 4 epson i1600 printhead - Amo\" \/>\n<meta property=\"og:description\" content=\"For product details and the latest quotes, please contact our sales manager\" \/>\n<meta property=\"og:url\" content=\"https:\/\/superprintpro.com\/es\/producto\/dtf-printer-am604i16dtf-with-4-epson-i1600-printhead\/\" \/>\n<meta property=\"og:site_name\" content=\"Amo\" \/>\n<meta property=\"article:modified_time\" content=\"2025-08-17T12:12:27+00:00\" \/>\n<meta property=\"og:image\" content=\"https:\/\/superprintpro.com\/wp-content\/uploads\/2025\/08\/dtf-printer-am604i16dtf-with-4-epson-i1600-printhead.jpg\" \/>\n\t<meta property=\"og:image:width\" content=\"818\" \/>\n\t<meta property=\"og:image:height\" content=\"460\" \/>\n\t<meta property=\"og:image:type\" content=\"image\/jpeg\" \/>\n<meta name=\"twitter:card\" content=\"summary_large_image\" \/>\n<meta name=\"twitter:label1\" content=\"Tiempo de lectura\" \/>\n\t<meta name=\"twitter:data1\" content=\"1 minuto\" \/>\n<script type=\"application\/ld+json\" class=\"yoast-schema-graph\">{\"@context\":\"https:\/\/schema.org\",\"@graph\":[{\"@type\":\"WebPage\",\"@id\":\"https:\/\/superprintpro.com\/product\/dtf-printer-am604i16dtf-with-4-epson-i1600-printhead\/\",\"url\":\"https:\/\/superprintpro.com\/product\/dtf-printer-am604i16dtf-with-4-epson-i1600-printhead\/\",\"name\":\"DTF Printer AM604i16DTF with 4 epson i1600 printhead - Amo\",\"isPartOf\":{\"@id\":\"https:\/\/superprintpro.com\/#website\"},\"primaryImageOfPage\":{\"@id\":\"https:\/\/superprintpro.com\/product\/dtf-printer-am604i16dtf-with-4-epson-i1600-printhead\/#primaryimage\"},\"image\":{\"@id\":\"https:\/\/superprintpro.com\/product\/dtf-printer-am604i16dtf-with-4-epson-i1600-printhead\/#primaryimage\"},\"thumbnailUrl\":\"https:\/\/superprintpro.com\/wp-content\/uploads\/2025\/08\/dtf-printer-am604i16dtf-with-4-epson-i1600-printhead.jpg\",\"datePublished\":\"2025-08-17T11:59:50+00:00\",\"dateModified\":\"2025-08-17T12:12:27+00:00\",\"breadcrumb\":{\"@id\":\"https:\/\/superprintpro.com\/product\/dtf-printer-am604i16dtf-with-4-epson-i1600-printhead\/#breadcrumb\"},\"inLanguage\":\"es\",\"potentialAction\":[{\"@type\":\"ReadAction\",\"target\":[\"https:\/\/superprintpro.com\/product\/dtf-printer-am604i16dtf-with-4-epson-i1600-printhead\/\"]}]},{\"@type\":\"ImageObject\",\"inLanguage\":\"es\",\"@id\":\"https:\/\/superprintpro.com\/product\/dtf-printer-am604i16dtf-with-4-epson-i1600-printhead\/#primaryimage\",\"url\":\"https:\/\/superprintpro.com\/wp-content\/uploads\/2025\/08\/dtf-printer-am604i16dtf-with-4-epson-i1600-printhead.jpg\",\"contentUrl\":\"https:\/\/superprintpro.com\/wp-content\/uploads\/2025\/08\/dtf-printer-am604i16dtf-with-4-epson-i1600-printhead.jpg\",\"width\":818,\"height\":460,\"caption\":\"DTF Printer AM604i16DTF with 4 epson i1600 printhead\"},{\"@type\":\"BreadcrumbList\",\"@id\":\"https:\/\/superprintpro.com\/product\/dtf-printer-am604i16dtf-with-4-epson-i1600-printhead\/#breadcrumb\",\"itemListElement\":[{\"@type\":\"ListItem\",\"position\":1,\"name\":\"\u9996\u9875\",\"item\":\"https:\/\/superprintpro.com\/\"},{\"@type\":\"ListItem\",\"position\":2,\"name\":\"Shop\",\"item\":\"https:\/\/superprintpro.com\/shop\/\"},{\"@type\":\"ListItem\",\"position\":3,\"name\":\"DTF Printer AM604i16DTF with 4 epson i1600 printhead\"}]},{\"@type\":\"WebSite\",\"@id\":\"https:\/\/superprintpro.com\/#website\",\"url\":\"https:\/\/superprintpro.com\/\",\"name\":\"Amo\",\"description\":\"\",\"potentialAction\":[{\"@type\":\"SearchAction\",\"target\":{\"@type\":\"EntryPoint\",\"urlTemplate\":\"https:\/\/superprintpro.com\/?s={search_term_string}\"},\"query-input\":{\"@type\":\"PropertyValueSpecification\",\"valueRequired\":true,\"valueName\":\"search_term_string\"}}],\"inLanguage\":\"es\"}]}<\/script>\n<!-- \/ Yoast SEO plugin. -->","yoast_head_json":{"title":"DTF Printer AM604i16DTF with 4 epson i1600 printhead - Amo","robots":{"index":"index","follow":"follow","max-snippet":"max-snippet:-1","max-image-preview":"max-image-preview:large","max-video-preview":"max-video-preview:-1"},"canonical":"https:\/\/superprintpro.com\/es\/producto\/dtf-printer-am604i16dtf-with-4-epson-i1600-printhead\/","og_locale":"es_ES","og_type":"article","og_title":"DTF Printer AM604i16DTF with 4 epson i1600 printhead - Amo","og_description":"For product details and the latest quotes, please contact our sales manager","og_url":"https:\/\/superprintpro.com\/es\/producto\/dtf-printer-am604i16dtf-with-4-epson-i1600-printhead\/","og_site_name":"Amo","article_modified_time":"2025-08-17T12:12:27+00:00","og_image":[{"width":818,"height":460,"url":"https:\/\/superprintpro.com\/wp-content\/uploads\/2025\/08\/dtf-printer-am604i16dtf-with-4-epson-i1600-printhead.jpg","type":"image\/jpeg"}],"twitter_card":"summary_large_image","twitter_misc":{"Tiempo de lectura":"1 minuto"},"schema":{"@context":"https:\/\/schema.org","@graph":[{"@type":"WebPage","@id":"https:\/\/superprintpro.com\/product\/dtf-printer-am604i16dtf-with-4-epson-i1600-printhead\/","url":"https:\/\/superprintpro.com\/product\/dtf-printer-am604i16dtf-with-4-epson-i1600-printhead\/","name":"DTF Printer AM604i16DTF with 4 epson i1600 printhead - Amo","isPartOf":{"@id":"https:\/\/superprintpro.com\/#website"},"primaryImageOfPage":{"@id":"https:\/\/superprintpro.com\/product\/dtf-printer-am604i16dtf-with-4-epson-i1600-printhead\/#primaryimage"},"image":{"@id":"https:\/\/superprintpro.com\/product\/dtf-printer-am604i16dtf-with-4-epson-i1600-printhead\/#primaryimage"},"thumbnailUrl":"https:\/\/superprintpro.com\/wp-content\/uploads\/2025\/08\/dtf-printer-am604i16dtf-with-4-epson-i1600-printhead.jpg","datePublished":"2025-08-17T11:59:50+00:00","dateModified":"2025-08-17T12:12:27+00:00","breadcrumb":{"@id":"https:\/\/superprintpro.com\/product\/dtf-printer-am604i16dtf-with-4-epson-i1600-printhead\/#breadcrumb"},"inLanguage":"es","potentialAction":[{"@type":"ReadAction","target":["https:\/\/superprintpro.com\/product\/dtf-printer-am604i16dtf-with-4-epson-i1600-printhead\/"]}]},{"@type":"ImageObject","inLanguage":"es","@id":"https:\/\/superprintpro.com\/product\/dtf-printer-am604i16dtf-with-4-epson-i1600-printhead\/#primaryimage","url":"https:\/\/superprintpro.com\/wp-content\/uploads\/2025\/08\/dtf-printer-am604i16dtf-with-4-epson-i1600-printhead.jpg","contentUrl":"https:\/\/superprintpro.com\/wp-content\/uploads\/2025\/08\/dtf-printer-am604i16dtf-with-4-epson-i1600-printhead.jpg","width":818,"height":460,"caption":"DTF Printer AM604i16DTF with 4 epson i1600 printhead"},{"@type":"BreadcrumbList","@id":"https:\/\/superprintpro.com\/product\/dtf-printer-am604i16dtf-with-4-epson-i1600-printhead\/#breadcrumb","itemListElement":[{"@type":"ListItem","position":1,"name":"\u9996\u9875","item":"https:\/\/superprintpro.com\/"},{"@type":"ListItem","position":2,"name":"Shop","item":"https:\/\/superprintpro.com\/shop\/"},{"@type":"ListItem","position":3,"name":"DTF Printer AM604i16DTF with 4 epson i1600 printhead"}]},{"@type":"WebSite","@id":"https:\/\/superprintpro.com\/#website","url":"https:\/\/superprintpro.com\/","name":"Amo","description":"","potentialAction":[{"@type":"SearchAction","target":{"@type":"EntryPoint","urlTemplate":"https:\/\/superprintpro.com\/?s={search_term_string}"},"query-input":{"@type":"PropertyValueSpecification","valueRequired":true,"valueName":"search_term_string"}}],"inLanguage":"es"}]}},"_links":{"self":[{"href":"https:\/\/superprintpro.com\/es\/wp-json\/wp\/v2\/product\/30062","targetHints":{"allow":["GET"]}}],"collection":[{"href":"https:\/\/superprintpro.com\/es\/wp-json\/wp\/v2\/product"}],"about":[{"href":"https:\/\/superprintpro.com\/es\/wp-json\/wp\/v2\/types\/product"}],"replies":[{"embeddable":true,"href":"https:\/\/superprintpro.com\/es\/wp-json\/wp\/v2\/comments?post=30062"}],"version-history":[{"count":1,"href":"https:\/\/superprintpro.com\/es\/wp-json\/wp\/v2\/product\/30062\/revisions"}],"predecessor-version":[{"id":30064,"href":"https:\/\/superprintpro.com\/es\/wp-json\/wp\/v2\/product\/30062\/revisions\/30064"}],"wp:featuredmedia":[{"embeddable":true,"href":"https:\/\/superprintpro.com\/es\/wp-json\/wp\/v2\/media\/30071"}],"wp:attachment":[{"href":"https:\/\/superprintpro.com\/es\/wp-json\/wp\/v2\/media?parent=30062"}],"wp:term":[{"taxonomy":"product_brand","embeddable":true,"href":"https:\/\/superprintpro.com\/es\/wp-json\/wp\/v2\/product_brand?post=30062"},{"taxonomy":"product_cat","embeddable":true,"href":"https:\/\/superprintpro.com\/es\/wp-json\/wp\/v2\/product_cat?post=30062"},{"taxonomy":"product_tag","embeddable":true,"href":"https:\/\/superprintpro.com\/es\/wp-json\/wp\/v2\/product_tag?post=30062"}],"curies":[{"name":"wp","href":"https:\/\/api.w.org\/{rel}","templated":true}]}}