{"id":29854,"date":"2025-08-13T14:32:39","date_gmt":"2025-08-13T06:32:39","guid":{"rendered":"https:\/\/superprintpro.com\/?post_type=product&#038;p=29854"},"modified":"2025-08-13T14:32:39","modified_gmt":"2025-08-13T06:32:39","slug":"dx4-golden-printhead-of-roland-sv-lef2-300-part-number-6000005180","status":"publish","type":"product","link":"https:\/\/superprintpro.com\/es\/producto\/dx4-golden-printhead-of-roland-sv-lef2-300-part-number-6000005180\/","title":{"rendered":"Cabezal de impresi\u00f3n dorado DX4 de Roland SV LEF2-300 n\u00famero de pieza 6000005180"},"content":{"rendered":"<ul>\n<li>Nombre del modelo de cabezal de impresi\u00f3n: DX4 Golden Cabezal de impresi\u00f3n de Roland SV LEF2-300 - 6000005180<\/li>\n<li>Impresoras de inyecci\u00f3n de tinta de aplicaci\u00f3n:  Roland LEF-20, LEF-200, LEF2-200, LEF2-300, LEF-300<\/li>\n<li>Tinta compatible para este cabezal: Tinta UV y Eco-Solvente<\/li>\n<li>Descripci\u00f3n:<br \/>\nEste es un Roland DX4 Golden Printhead recubierto, especialmente dise\u00f1ado para las impresoras Roland VersaUV LEF2. Es el cabezal de impresi\u00f3n original de Roland (n\u00famero de pieza 6000005180). Su recubrimiento especial resiste las tintas UV mejor que los cabezales DX4 est\u00e1ndar para una mayor longevidad.<br \/>\nTenga en cuenta que las impresoras Versa UV con firmware 1.4 o superior s\u00f3lo aceptan el cabezal de impresi\u00f3n dorado 6000005180 DX4, no los cabezales de impresi\u00f3n est\u00e1ndar 6000005213 DX4. El cabezal de impresi\u00f3n dorado 6000005180 DX4 puede utilizarse en lugar de los cabezales de impresi\u00f3n est\u00e1ndar 6000005213 DX4 en todas las impresoras Roland si se utiliza el ID de cabezal antiguo.<\/li>\n<\/ul>","protected":false},"excerpt":{"rendered":"<p>Si desea conocer los detalles de los productos y las \u00faltimas ofertas, p\u00f3ngase en contacto con nuestro jefe de ventas<\/p>","protected":false},"featured_media":29857,"comment_status":"open","ping_status":"closed","template":"","meta":[],"product_brand":[],"product_cat":[95],"product_tag":[],"class_list":{"0":"post-29854","1":"product","2":"type-product","3":"status-publish","4":"has-post-thumbnail","6":"product_cat-roland-printheads","8":"first","9":"instock","10":"shipping-taxable","11":"purchasable","12":"product-type-simple"},"yoast_head":"<!-- This site is optimized with the Yoast SEO plugin v26.9 - https:\/\/yoast.com\/product\/yoast-seo-wordpress\/ -->\n<title>DX4 Golden Printhead of Roland SV LEF2-300 part number 6000005180 - Amo<\/title>\n<meta name=\"robots\" content=\"index, follow, max-snippet:-1, max-image-preview:large, max-video-preview:-1\" \/>\n<link rel=\"canonical\" href=\"https:\/\/superprintpro.com\/es\/producto\/dx4-golden-printhead-of-roland-sv-lef2-300-part-number-6000005180\/\" \/>\n<meta property=\"og:locale\" content=\"es_ES\" \/>\n<meta property=\"og:type\" content=\"article\" \/>\n<meta property=\"og:title\" content=\"DX4 Golden Printhead of Roland SV LEF2-300 part number 6000005180 - Amo\" \/>\n<meta property=\"og:description\" content=\"For product details and the latest quotes, please contact our sales manager\" \/>\n<meta property=\"og:url\" content=\"https:\/\/superprintpro.com\/es\/producto\/dx4-golden-printhead-of-roland-sv-lef2-300-part-number-6000005180\/\" \/>\n<meta property=\"og:site_name\" content=\"Amo\" \/>\n<meta property=\"og:image\" content=\"https:\/\/superprintpro.com\/wp-content\/uploads\/2025\/08\/dx4-golden-printhead-of-roland-sv-lef2-300-1.jpg\" \/>\n\t<meta property=\"og:image:width\" content=\"500\" \/>\n\t<meta property=\"og:image:height\" content=\"500\" \/>\n\t<meta property=\"og:image:type\" content=\"image\/jpeg\" \/>\n<meta name=\"twitter:card\" content=\"summary_large_image\" \/>\n<meta name=\"twitter:label1\" content=\"Tiempo de lectura\" \/>\n\t<meta name=\"twitter:data1\" content=\"1 minuto\" \/>\n<script type=\"application\/ld+json\" class=\"yoast-schema-graph\">{\"@context\":\"https:\/\/schema.org\",\"@graph\":[{\"@type\":\"WebPage\",\"@id\":\"https:\/\/superprintpro.com\/product\/dx4-golden-printhead-of-roland-sv-lef2-300-part-number-6000005180\/\",\"url\":\"https:\/\/superprintpro.com\/product\/dx4-golden-printhead-of-roland-sv-lef2-300-part-number-6000005180\/\",\"name\":\"DX4 Golden Printhead of Roland SV LEF2-300 part number 6000005180 - Amo\",\"isPartOf\":{\"@id\":\"https:\/\/superprintpro.com\/#website\"},\"primaryImageOfPage\":{\"@id\":\"https:\/\/superprintpro.com\/product\/dx4-golden-printhead-of-roland-sv-lef2-300-part-number-6000005180\/#primaryimage\"},\"image\":{\"@id\":\"https:\/\/superprintpro.com\/product\/dx4-golden-printhead-of-roland-sv-lef2-300-part-number-6000005180\/#primaryimage\"},\"thumbnailUrl\":\"https:\/\/superprintpro.com\/wp-content\/uploads\/2025\/08\/dx4-golden-printhead-of-roland-sv-lef2-300-1.jpg\",\"datePublished\":\"2025-08-13T06:32:39+00:00\",\"breadcrumb\":{\"@id\":\"https:\/\/superprintpro.com\/product\/dx4-golden-printhead-of-roland-sv-lef2-300-part-number-6000005180\/#breadcrumb\"},\"inLanguage\":\"es\",\"potentialAction\":[{\"@type\":\"ReadAction\",\"target\":[\"https:\/\/superprintpro.com\/product\/dx4-golden-printhead-of-roland-sv-lef2-300-part-number-6000005180\/\"]}]},{\"@type\":\"ImageObject\",\"inLanguage\":\"es\",\"@id\":\"https:\/\/superprintpro.com\/product\/dx4-golden-printhead-of-roland-sv-lef2-300-part-number-6000005180\/#primaryimage\",\"url\":\"https:\/\/superprintpro.com\/wp-content\/uploads\/2025\/08\/dx4-golden-printhead-of-roland-sv-lef2-300-1.jpg\",\"contentUrl\":\"https:\/\/superprintpro.com\/wp-content\/uploads\/2025\/08\/dx4-golden-printhead-of-roland-sv-lef2-300-1.jpg\",\"width\":500,\"height\":500,\"caption\":\"DX4 Golden Printhead of Roland SV LEF2-300 part number 6000005180\"},{\"@type\":\"BreadcrumbList\",\"@id\":\"https:\/\/superprintpro.com\/product\/dx4-golden-printhead-of-roland-sv-lef2-300-part-number-6000005180\/#breadcrumb\",\"itemListElement\":[{\"@type\":\"ListItem\",\"position\":1,\"name\":\"\u9996\u9875\",\"item\":\"https:\/\/superprintpro.com\/\"},{\"@type\":\"ListItem\",\"position\":2,\"name\":\"Shop\",\"item\":\"https:\/\/superprintpro.com\/shop\/\"},{\"@type\":\"ListItem\",\"position\":3,\"name\":\"DX4 Golden Printhead of Roland SV LEF2-300 part number 6000005180\"}]},{\"@type\":\"WebSite\",\"@id\":\"https:\/\/superprintpro.com\/#website\",\"url\":\"https:\/\/superprintpro.com\/\",\"name\":\"Amo\",\"description\":\"\",\"potentialAction\":[{\"@type\":\"SearchAction\",\"target\":{\"@type\":\"EntryPoint\",\"urlTemplate\":\"https:\/\/superprintpro.com\/?s={search_term_string}\"},\"query-input\":{\"@type\":\"PropertyValueSpecification\",\"valueRequired\":true,\"valueName\":\"search_term_string\"}}],\"inLanguage\":\"es\"}]}<\/script>\n<!-- \/ Yoast SEO plugin. -->","yoast_head_json":{"title":"DX4 Golden Printhead of Roland SV LEF2-300 part number 6000005180 - Amo","robots":{"index":"index","follow":"follow","max-snippet":"max-snippet:-1","max-image-preview":"max-image-preview:large","max-video-preview":"max-video-preview:-1"},"canonical":"https:\/\/superprintpro.com\/es\/producto\/dx4-golden-printhead-of-roland-sv-lef2-300-part-number-6000005180\/","og_locale":"es_ES","og_type":"article","og_title":"DX4 Golden Printhead of Roland SV LEF2-300 part number 6000005180 - Amo","og_description":"For product details and the latest quotes, please contact our sales manager","og_url":"https:\/\/superprintpro.com\/es\/producto\/dx4-golden-printhead-of-roland-sv-lef2-300-part-number-6000005180\/","og_site_name":"Amo","og_image":[{"width":500,"height":500,"url":"https:\/\/superprintpro.com\/wp-content\/uploads\/2025\/08\/dx4-golden-printhead-of-roland-sv-lef2-300-1.jpg","type":"image\/jpeg"}],"twitter_card":"summary_large_image","twitter_misc":{"Tiempo de lectura":"1 minuto"},"schema":{"@context":"https:\/\/schema.org","@graph":[{"@type":"WebPage","@id":"https:\/\/superprintpro.com\/product\/dx4-golden-printhead-of-roland-sv-lef2-300-part-number-6000005180\/","url":"https:\/\/superprintpro.com\/product\/dx4-golden-printhead-of-roland-sv-lef2-300-part-number-6000005180\/","name":"DX4 Golden Printhead of Roland SV LEF2-300 part number 6000005180 - Amo","isPartOf":{"@id":"https:\/\/superprintpro.com\/#website"},"primaryImageOfPage":{"@id":"https:\/\/superprintpro.com\/product\/dx4-golden-printhead-of-roland-sv-lef2-300-part-number-6000005180\/#primaryimage"},"image":{"@id":"https:\/\/superprintpro.com\/product\/dx4-golden-printhead-of-roland-sv-lef2-300-part-number-6000005180\/#primaryimage"},"thumbnailUrl":"https:\/\/superprintpro.com\/wp-content\/uploads\/2025\/08\/dx4-golden-printhead-of-roland-sv-lef2-300-1.jpg","datePublished":"2025-08-13T06:32:39+00:00","breadcrumb":{"@id":"https:\/\/superprintpro.com\/product\/dx4-golden-printhead-of-roland-sv-lef2-300-part-number-6000005180\/#breadcrumb"},"inLanguage":"es","potentialAction":[{"@type":"ReadAction","target":["https:\/\/superprintpro.com\/product\/dx4-golden-printhead-of-roland-sv-lef2-300-part-number-6000005180\/"]}]},{"@type":"ImageObject","inLanguage":"es","@id":"https:\/\/superprintpro.com\/product\/dx4-golden-printhead-of-roland-sv-lef2-300-part-number-6000005180\/#primaryimage","url":"https:\/\/superprintpro.com\/wp-content\/uploads\/2025\/08\/dx4-golden-printhead-of-roland-sv-lef2-300-1.jpg","contentUrl":"https:\/\/superprintpro.com\/wp-content\/uploads\/2025\/08\/dx4-golden-printhead-of-roland-sv-lef2-300-1.jpg","width":500,"height":500,"caption":"DX4 Golden Printhead of Roland SV LEF2-300 part number 6000005180"},{"@type":"BreadcrumbList","@id":"https:\/\/superprintpro.com\/product\/dx4-golden-printhead-of-roland-sv-lef2-300-part-number-6000005180\/#breadcrumb","itemListElement":[{"@type":"ListItem","position":1,"name":"\u9996\u9875","item":"https:\/\/superprintpro.com\/"},{"@type":"ListItem","position":2,"name":"Shop","item":"https:\/\/superprintpro.com\/shop\/"},{"@type":"ListItem","position":3,"name":"DX4 Golden Printhead of Roland SV LEF2-300 part number 6000005180"}]},{"@type":"WebSite","@id":"https:\/\/superprintpro.com\/#website","url":"https:\/\/superprintpro.com\/","name":"Amo","description":"","potentialAction":[{"@type":"SearchAction","target":{"@type":"EntryPoint","urlTemplate":"https:\/\/superprintpro.com\/?s={search_term_string}"},"query-input":{"@type":"PropertyValueSpecification","valueRequired":true,"valueName":"search_term_string"}}],"inLanguage":"es"}]}},"_links":{"self":[{"href":"https:\/\/superprintpro.com\/es\/wp-json\/wp\/v2\/product\/29854","targetHints":{"allow":["GET"]}}],"collection":[{"href":"https:\/\/superprintpro.com\/es\/wp-json\/wp\/v2\/product"}],"about":[{"href":"https:\/\/superprintpro.com\/es\/wp-json\/wp\/v2\/types\/product"}],"replies":[{"embeddable":true,"href":"https:\/\/superprintpro.com\/es\/wp-json\/wp\/v2\/comments?post=29854"}],"version-history":[{"count":1,"href":"https:\/\/superprintpro.com\/es\/wp-json\/wp\/v2\/product\/29854\/revisions"}],"predecessor-version":[{"id":29858,"href":"https:\/\/superprintpro.com\/es\/wp-json\/wp\/v2\/product\/29854\/revisions\/29858"}],"wp:featuredmedia":[{"embeddable":true,"href":"https:\/\/superprintpro.com\/es\/wp-json\/wp\/v2\/media\/29857"}],"wp:attachment":[{"href":"https:\/\/superprintpro.com\/es\/wp-json\/wp\/v2\/media?parent=29854"}],"wp:term":[{"taxonomy":"product_brand","embeddable":true,"href":"https:\/\/superprintpro.com\/es\/wp-json\/wp\/v2\/product_brand?post=29854"},{"taxonomy":"product_cat","embeddable":true,"href":"https:\/\/superprintpro.com\/es\/wp-json\/wp\/v2\/product_cat?post=29854"},{"taxonomy":"product_tag","embeddable":true,"href":"https:\/\/superprintpro.com\/es\/wp-json\/wp\/v2\/product_tag?post=29854"}],"curies":[{"name":"wp","href":"https:\/\/api.w.org\/{rel}","templated":true}]}}