{"id":29482,"date":"2025-08-10T02:44:21","date_gmt":"2025-08-10T02:44:21","guid":{"rendered":"https:\/\/superprintpro.com\/?post_type=product&#038;p=29482"},"modified":"2025-08-16T17:18:12","modified_gmt":"2025-08-16T09:18:12","slug":"uv-roll-to-roll-upagrading-kit","status":"publish","type":"product","link":"https:\/\/superprintpro.com\/es\/producto\/uv-roll-to-roll-upagrading-kit\/","title":{"rendered":"Kit i3200 UV para actualizar impresora china de inyecci\u00f3n de tinta con 2 cabezales i3200 (estilo rollo a rollo)"},"content":{"rendered":"<p>Kit i3200 UV para actualizar impresora china de inyecci\u00f3n de tinta con 2 cabezales i3200 (estilo rollo a rollo)<\/p>\n<p>(si usted necesita este kit con m\u00e1s cabezas, como 4 i3200 o 8 i3200, por favor p\u00f3ngase en contacto con nosotros o ver otros productos en nuestro sitio web)<\/p>\n<p>&nbsp;<\/p>\n<p>A continuaci\u00f3n Foto Referencia de este kit que enviamos antes para actualizar cualquier impresora de inyecci\u00f3n de tinta china en la impresora de inyecci\u00f3n de tinta UV, en Roll-to-Roll estilo. (Este kit no funciona para la impresora de inyecci\u00f3n de tinta de Mutoh, Mimaki, Roland, Epson, s\u00f3lo funcionan para cualquier impresora de inyecci\u00f3n de tinta china como Witcolor, Galaxy Sid Triton, Allwin, Myjet, Zhongye, Human Ejet Kjet, Gongzheng flora, Micolor, Xenons, Skycolor, Locor etc.)<\/p>\n<p>Este kit puede cambiar todas las piezas de repuesto de su vieja impresora de inyecci\u00f3n de tinta. Eso significa deshacerse de todas las viejas piezas de repuesto de su vieja m\u00e1quina y s\u00f3lo mantener la parte mecanical de este machine.and finalmente obtener una nueva impresora.<br \/>\nEste kit incluye las siguientes piezas de repuesto con transporte DHL:<br \/>\nCabezal de impresi\u00f3n (versi\u00f3n uv)<br \/>\nPlaca base<br \/>\nCabecera,<br \/>\nAlimentaci\u00f3n<br \/>\nSoporte base del cabezal de impresi\u00f3n<br \/>\nEstaci\u00f3n de limpieza de cabezales<br \/>\nTodos los cables de alimentaci\u00f3n y de datos<br \/>\nTodos los amortiguadores (negros en versi\u00f3n uv)<br \/>\nTodas las tapas<br \/>\nTodas las bombas<br \/>\nTodos los motores con conductor<br \/>\nToda la polea<br \/>\nToda la correa de la polea<br \/>\nTodo el tubo de tinta (negro en versi\u00f3n uv)<br \/>\nTodo el Cartucho(negro en versi\u00f3n uv)<br \/>\nTodos los programas .<br \/>\nBanda codificadora de trama<br \/>\nSensor codificador de trama<br \/>\nL\u00e1mpara UV<\/p>\n<p>Fuente de alimentaci\u00f3n UV con refrigerador<\/p>","protected":false},"excerpt":{"rendered":"<p>Para m\u00e1s informaci\u00f3n sobre los productos y los \u00faltimos precios, p\u00f3ngase en contacto con nuestro equipo de ventas.<\/p>","protected":false},"featured_media":30045,"comment_status":"open","ping_status":"closed","template":"","meta":[],"product_brand":[],"product_cat":[90],"product_tag":[],"class_list":{"0":"post-29482","1":"product","2":"type-product","3":"status-publish","4":"has-post-thumbnail","6":"product_cat-uv-roll-to-roll-upagrading-kit","8":"first","9":"instock","10":"shipping-taxable","11":"purchasable","12":"product-type-simple"},"yoast_head":"<!-- This site is optimized with the Yoast SEO plugin v26.9 - https:\/\/yoast.com\/product\/yoast-seo-wordpress\/ -->\n<title>Kit i3200 UV for Upgrading Chinese Inkjet Printer with 2\u00a0 i3200 printheads (roll to roll style) - Amo<\/title>\n<meta name=\"robots\" content=\"index, follow, max-snippet:-1, max-image-preview:large, max-video-preview:-1\" \/>\n<link rel=\"canonical\" href=\"https:\/\/superprintpro.com\/es\/producto\/uv-roll-to-roll-upagrading-kit\/\" \/>\n<meta property=\"og:locale\" content=\"es_ES\" \/>\n<meta property=\"og:type\" content=\"article\" \/>\n<meta property=\"og:title\" content=\"Kit i3200 UV for Upgrading Chinese Inkjet Printer with 2\u00a0 i3200 printheads (roll to roll style) - Amo\" \/>\n<meta property=\"og:description\" content=\"For product details and the latest prices please contact our sales manage\" \/>\n<meta property=\"og:url\" content=\"https:\/\/superprintpro.com\/es\/producto\/uv-roll-to-roll-upagrading-kit\/\" \/>\n<meta property=\"og:site_name\" content=\"Amo\" \/>\n<meta property=\"article:modified_time\" content=\"2025-08-16T09:18:12+00:00\" \/>\n<meta property=\"og:image\" content=\"https:\/\/superprintpro.com\/wp-content\/uploads\/2025\/08\/kit-i3200-uv-for-upgrading-chinese-inkjet-printer-with-2-i3200-printheads.jpg\" \/>\n\t<meta property=\"og:image:width\" content=\"800\" \/>\n\t<meta property=\"og:image:height\" content=\"800\" \/>\n\t<meta property=\"og:image:type\" content=\"image\/jpeg\" \/>\n<meta name=\"twitter:card\" content=\"summary_large_image\" \/>\n<meta name=\"twitter:label1\" content=\"Tiempo de lectura\" \/>\n\t<meta name=\"twitter:data1\" content=\"1 minuto\" \/>\n<script type=\"application\/ld+json\" class=\"yoast-schema-graph\">{\"@context\":\"https:\/\/schema.org\",\"@graph\":[{\"@type\":\"WebPage\",\"@id\":\"https:\/\/superprintpro.com\/product\/uv-roll-to-roll-upagrading-kit\/\",\"url\":\"https:\/\/superprintpro.com\/product\/uv-roll-to-roll-upagrading-kit\/\",\"name\":\"Kit i3200 UV for Upgrading Chinese Inkjet Printer with 2\u00a0 i3200 printheads (roll to roll style) - Amo\",\"isPartOf\":{\"@id\":\"https:\/\/superprintpro.com\/#website\"},\"primaryImageOfPage\":{\"@id\":\"https:\/\/superprintpro.com\/product\/uv-roll-to-roll-upagrading-kit\/#primaryimage\"},\"image\":{\"@id\":\"https:\/\/superprintpro.com\/product\/uv-roll-to-roll-upagrading-kit\/#primaryimage\"},\"thumbnailUrl\":\"https:\/\/superprintpro.com\/wp-content\/uploads\/2025\/08\/kit-i3200-uv-for-upgrading-chinese-inkjet-printer-with-2-i3200-printheads.jpg\",\"datePublished\":\"2025-08-10T02:44:21+00:00\",\"dateModified\":\"2025-08-16T09:18:12+00:00\",\"breadcrumb\":{\"@id\":\"https:\/\/superprintpro.com\/product\/uv-roll-to-roll-upagrading-kit\/#breadcrumb\"},\"inLanguage\":\"es\",\"potentialAction\":[{\"@type\":\"ReadAction\",\"target\":[\"https:\/\/superprintpro.com\/product\/uv-roll-to-roll-upagrading-kit\/\"]}]},{\"@type\":\"ImageObject\",\"inLanguage\":\"es\",\"@id\":\"https:\/\/superprintpro.com\/product\/uv-roll-to-roll-upagrading-kit\/#primaryimage\",\"url\":\"https:\/\/superprintpro.com\/wp-content\/uploads\/2025\/08\/kit-i3200-uv-for-upgrading-chinese-inkjet-printer-with-2-i3200-printheads.jpg\",\"contentUrl\":\"https:\/\/superprintpro.com\/wp-content\/uploads\/2025\/08\/kit-i3200-uv-for-upgrading-chinese-inkjet-printer-with-2-i3200-printheads.jpg\",\"width\":800,\"height\":800,\"caption\":\"Kit i3200 UV for Upgrading Chinese Inkjet Printer with 2\u00a0 i3200 printheads (roll to roll style)\"},{\"@type\":\"BreadcrumbList\",\"@id\":\"https:\/\/superprintpro.com\/product\/uv-roll-to-roll-upagrading-kit\/#breadcrumb\",\"itemListElement\":[{\"@type\":\"ListItem\",\"position\":1,\"name\":\"\u9996\u9875\",\"item\":\"https:\/\/superprintpro.com\/\"},{\"@type\":\"ListItem\",\"position\":2,\"name\":\"Shop\",\"item\":\"https:\/\/superprintpro.com\/shop\/\"},{\"@type\":\"ListItem\",\"position\":3,\"name\":\"Kit i3200 UV for Upgrading Chinese Inkjet Printer with 2\u00a0 i3200 printheads (roll to roll style)\"}]},{\"@type\":\"WebSite\",\"@id\":\"https:\/\/superprintpro.com\/#website\",\"url\":\"https:\/\/superprintpro.com\/\",\"name\":\"Amo\",\"description\":\"\",\"potentialAction\":[{\"@type\":\"SearchAction\",\"target\":{\"@type\":\"EntryPoint\",\"urlTemplate\":\"https:\/\/superprintpro.com\/?s={search_term_string}\"},\"query-input\":{\"@type\":\"PropertyValueSpecification\",\"valueRequired\":true,\"valueName\":\"search_term_string\"}}],\"inLanguage\":\"es\"}]}<\/script>\n<!-- \/ Yoast SEO plugin. -->","yoast_head_json":{"title":"Kit i3200 UV for Upgrading Chinese Inkjet Printer with 2\u00a0 i3200 printheads (roll to roll style) - Amo","robots":{"index":"index","follow":"follow","max-snippet":"max-snippet:-1","max-image-preview":"max-image-preview:large","max-video-preview":"max-video-preview:-1"},"canonical":"https:\/\/superprintpro.com\/es\/producto\/uv-roll-to-roll-upagrading-kit\/","og_locale":"es_ES","og_type":"article","og_title":"Kit i3200 UV for Upgrading Chinese Inkjet Printer with 2\u00a0 i3200 printheads (roll to roll style) - Amo","og_description":"For product details and the latest prices please contact our sales manage","og_url":"https:\/\/superprintpro.com\/es\/producto\/uv-roll-to-roll-upagrading-kit\/","og_site_name":"Amo","article_modified_time":"2025-08-16T09:18:12+00:00","og_image":[{"width":800,"height":800,"url":"https:\/\/superprintpro.com\/wp-content\/uploads\/2025\/08\/kit-i3200-uv-for-upgrading-chinese-inkjet-printer-with-2-i3200-printheads.jpg","type":"image\/jpeg"}],"twitter_card":"summary_large_image","twitter_misc":{"Tiempo de lectura":"1 minuto"},"schema":{"@context":"https:\/\/schema.org","@graph":[{"@type":"WebPage","@id":"https:\/\/superprintpro.com\/product\/uv-roll-to-roll-upagrading-kit\/","url":"https:\/\/superprintpro.com\/product\/uv-roll-to-roll-upagrading-kit\/","name":"Kit i3200 UV for Upgrading Chinese Inkjet Printer with 2\u00a0 i3200 printheads (roll to roll style) - Amo","isPartOf":{"@id":"https:\/\/superprintpro.com\/#website"},"primaryImageOfPage":{"@id":"https:\/\/superprintpro.com\/product\/uv-roll-to-roll-upagrading-kit\/#primaryimage"},"image":{"@id":"https:\/\/superprintpro.com\/product\/uv-roll-to-roll-upagrading-kit\/#primaryimage"},"thumbnailUrl":"https:\/\/superprintpro.com\/wp-content\/uploads\/2025\/08\/kit-i3200-uv-for-upgrading-chinese-inkjet-printer-with-2-i3200-printheads.jpg","datePublished":"2025-08-10T02:44:21+00:00","dateModified":"2025-08-16T09:18:12+00:00","breadcrumb":{"@id":"https:\/\/superprintpro.com\/product\/uv-roll-to-roll-upagrading-kit\/#breadcrumb"},"inLanguage":"es","potentialAction":[{"@type":"ReadAction","target":["https:\/\/superprintpro.com\/product\/uv-roll-to-roll-upagrading-kit\/"]}]},{"@type":"ImageObject","inLanguage":"es","@id":"https:\/\/superprintpro.com\/product\/uv-roll-to-roll-upagrading-kit\/#primaryimage","url":"https:\/\/superprintpro.com\/wp-content\/uploads\/2025\/08\/kit-i3200-uv-for-upgrading-chinese-inkjet-printer-with-2-i3200-printheads.jpg","contentUrl":"https:\/\/superprintpro.com\/wp-content\/uploads\/2025\/08\/kit-i3200-uv-for-upgrading-chinese-inkjet-printer-with-2-i3200-printheads.jpg","width":800,"height":800,"caption":"Kit i3200 UV for Upgrading Chinese Inkjet Printer with 2\u00a0 i3200 printheads (roll to roll style)"},{"@type":"BreadcrumbList","@id":"https:\/\/superprintpro.com\/product\/uv-roll-to-roll-upagrading-kit\/#breadcrumb","itemListElement":[{"@type":"ListItem","position":1,"name":"\u9996\u9875","item":"https:\/\/superprintpro.com\/"},{"@type":"ListItem","position":2,"name":"Shop","item":"https:\/\/superprintpro.com\/shop\/"},{"@type":"ListItem","position":3,"name":"Kit i3200 UV for Upgrading Chinese Inkjet Printer with 2\u00a0 i3200 printheads (roll to roll style)"}]},{"@type":"WebSite","@id":"https:\/\/superprintpro.com\/#website","url":"https:\/\/superprintpro.com\/","name":"Amo","description":"","potentialAction":[{"@type":"SearchAction","target":{"@type":"EntryPoint","urlTemplate":"https:\/\/superprintpro.com\/?s={search_term_string}"},"query-input":{"@type":"PropertyValueSpecification","valueRequired":true,"valueName":"search_term_string"}}],"inLanguage":"es"}]}},"_links":{"self":[{"href":"https:\/\/superprintpro.com\/es\/wp-json\/wp\/v2\/product\/29482","targetHints":{"allow":["GET"]}}],"collection":[{"href":"https:\/\/superprintpro.com\/es\/wp-json\/wp\/v2\/product"}],"about":[{"href":"https:\/\/superprintpro.com\/es\/wp-json\/wp\/v2\/types\/product"}],"replies":[{"embeddable":true,"href":"https:\/\/superprintpro.com\/es\/wp-json\/wp\/v2\/comments?post=29482"}],"version-history":[{"count":2,"href":"https:\/\/superprintpro.com\/es\/wp-json\/wp\/v2\/product\/29482\/revisions"}],"predecessor-version":[{"id":29488,"href":"https:\/\/superprintpro.com\/es\/wp-json\/wp\/v2\/product\/29482\/revisions\/29488"}],"wp:featuredmedia":[{"embeddable":true,"href":"https:\/\/superprintpro.com\/es\/wp-json\/wp\/v2\/media\/30045"}],"wp:attachment":[{"href":"https:\/\/superprintpro.com\/es\/wp-json\/wp\/v2\/media?parent=29482"}],"wp:term":[{"taxonomy":"product_brand","embeddable":true,"href":"https:\/\/superprintpro.com\/es\/wp-json\/wp\/v2\/product_brand?post=29482"},{"taxonomy":"product_cat","embeddable":true,"href":"https:\/\/superprintpro.com\/es\/wp-json\/wp\/v2\/product_cat?post=29482"},{"taxonomy":"product_tag","embeddable":true,"href":"https:\/\/superprintpro.com\/es\/wp-json\/wp\/v2\/product_tag?post=29482"}],"curies":[{"name":"wp","href":"https:\/\/api.w.org\/{rel}","templated":true}]}}