{"id":29479,"date":"2025-08-10T02:39:11","date_gmt":"2025-08-10T02:39:11","guid":{"rendered":"https:\/\/superprintpro.com\/?post_type=product&#038;p=29479"},"modified":"2025-08-16T17:12:38","modified_gmt":"2025-08-16T09:12:38","slug":"kit-i3200-uv-flatbed-for-upgrading-chinese-flatbed-inkjet-printer-with-4-pieces-i3200-printheads-flatbed-version","status":"publish","type":"product","link":"https:\/\/superprintpro.com\/es\/producto\/kit-i3200-uv-flatbed-for-upgrading-chinese-flatbed-inkjet-printer-with-4-pieces-i3200-printheads-flatbed-version\/","title":{"rendered":"Kit i3200 UV de superficie plana para actualizar la impresora china de inyecci\u00f3n de tinta de superficie plana con 4 cabezales de impresi\u00f3n i3200 (versi\u00f3n de superficie plana)"},"content":{"rendered":"<ul>\n<li>Kit i3200 UV de superficie plana para actualizar la impresora china de inyecci\u00f3n de tinta de superficie plana con 4 cabezales i3200 (versi\u00f3n de superficie plana)<\/li>\n<li>Si usted necesita este kit con m\u00e1s cabezas, como 6 i3200 o 8 i3200, por favor p\u00f3ngase en contacto con nosotros o ver otros productos en nuestro sitio web)<\/li>\n<li>Este kit incluye las siguientes piezas de repuesto con transporte DHL:<br \/>\nCabezal de impresi\u00f3n (versi\u00f3n uv)<br \/>\nPlaca base<br \/>\nCabecera,<br \/>\nAlimentaci\u00f3n<br \/>\nSoporte base del cabezal de impresi\u00f3n<br \/>\nEstaci\u00f3n de limpieza de cabezales<br \/>\nTodos los cables de alimentaci\u00f3n y de datos<br \/>\nTodos los amortiguadores (negros en versi\u00f3n uv)<br \/>\nTodas las tapas<br \/>\nTodas las bombas<br \/>\nTodos los motores con conductor<br \/>\nToda la polea<br \/>\nToda la correa de la polea<br \/>\nTodo el tubo de tinta (negro en versi\u00f3n uv)<br \/>\nTodo el Cartucho(negro en versi\u00f3n uv)<br \/>\nTodos los programas .<br \/>\nBanda codificadora de trama<br \/>\nSensor codificador de trama<br \/>\nL\u00e1mpara UV<\/li>\n<li>Fuente de alimentaci\u00f3n UV con refrigerador<\/li>\n<\/ul>\n<p>&nbsp;<\/p>\n<p>&nbsp;<\/p>\n<p>&nbsp;<\/p>","protected":false},"excerpt":{"rendered":"<p>Kit i3200 UV Flatbed for Upgrading Chinese flatbed Inkjet Printer with 4 pieces i3200 printheads (Flatbed Version) If you need<\/p>","protected":false},"featured_media":30041,"comment_status":"open","ping_status":"closed","template":"","meta":[],"product_brand":[],"product_cat":[89],"product_tag":[],"class_list":{"0":"post-29479","1":"product","2":"type-product","3":"status-publish","4":"has-post-thumbnail","6":"product_cat-uv-flatbed-upagrading-kit","8":"first","9":"instock","10":"shipping-taxable","11":"purchasable","12":"product-type-simple"},"yoast_head":"<!-- This site is optimized with the Yoast SEO plugin v26.9 - https:\/\/yoast.com\/product\/yoast-seo-wordpress\/ -->\n<title>Kit i3200 UV Flatbed for Upgrading Chinese Flatbed Inkjet Printer with 4 pieces i3200 printheads (Flatbed Version) - Amo<\/title>\n<meta name=\"robots\" content=\"index, follow, max-snippet:-1, max-image-preview:large, max-video-preview:-1\" \/>\n<link rel=\"canonical\" href=\"https:\/\/superprintpro.com\/es\/producto\/kit-i3200-uv-flatbed-for-upgrading-chinese-flatbed-inkjet-printer-with-4-pieces-i3200-printheads-flatbed-version\/\" \/>\n<meta property=\"og:locale\" content=\"es_ES\" \/>\n<meta property=\"og:type\" content=\"article\" \/>\n<meta property=\"og:title\" content=\"Kit i3200 UV Flatbed for Upgrading Chinese Flatbed Inkjet Printer with 4 pieces i3200 printheads (Flatbed Version) - Amo\" \/>\n<meta property=\"og:description\" content=\"Kit i3200 UV Flatbed for Upgrading Chinese flatbed Inkjet Printer with 4 pieces i3200 printheads (Flatbed Version) If you need\" \/>\n<meta property=\"og:url\" content=\"https:\/\/superprintpro.com\/es\/producto\/kit-i3200-uv-flatbed-for-upgrading-chinese-flatbed-inkjet-printer-with-4-pieces-i3200-printheads-flatbed-version\/\" \/>\n<meta property=\"og:site_name\" content=\"Amo\" \/>\n<meta property=\"article:modified_time\" content=\"2025-08-16T09:12:38+00:00\" \/>\n<meta property=\"og:image\" content=\"https:\/\/superprintpro.com\/wp-content\/uploads\/2025\/08\/kit-i3200-uv-flatbed-for-upgrading-chinese-flatbed-inkjet-printer-with-4-pieces-i3200-printheads.jpg\" \/>\n\t<meta property=\"og:image:width\" content=\"800\" \/>\n\t<meta property=\"og:image:height\" content=\"800\" \/>\n\t<meta property=\"og:image:type\" content=\"image\/jpeg\" \/>\n<meta name=\"twitter:card\" content=\"summary_large_image\" \/>\n<meta name=\"twitter:label1\" content=\"Tiempo de lectura\" \/>\n\t<meta name=\"twitter:data1\" content=\"1 minuto\" \/>\n<script type=\"application\/ld+json\" class=\"yoast-schema-graph\">{\"@context\":\"https:\/\/schema.org\",\"@graph\":[{\"@type\":\"WebPage\",\"@id\":\"https:\/\/superprintpro.com\/product\/kit-i3200-uv-flatbed-for-upgrading-chinese-flatbed-inkjet-printer-with-4-pieces-i3200-printheads-flatbed-version\/\",\"url\":\"https:\/\/superprintpro.com\/product\/kit-i3200-uv-flatbed-for-upgrading-chinese-flatbed-inkjet-printer-with-4-pieces-i3200-printheads-flatbed-version\/\",\"name\":\"Kit i3200 UV Flatbed for Upgrading Chinese Flatbed Inkjet Printer with 4 pieces i3200 printheads (Flatbed Version) - Amo\",\"isPartOf\":{\"@id\":\"https:\/\/superprintpro.com\/#website\"},\"primaryImageOfPage\":{\"@id\":\"https:\/\/superprintpro.com\/product\/kit-i3200-uv-flatbed-for-upgrading-chinese-flatbed-inkjet-printer-with-4-pieces-i3200-printheads-flatbed-version\/#primaryimage\"},\"image\":{\"@id\":\"https:\/\/superprintpro.com\/product\/kit-i3200-uv-flatbed-for-upgrading-chinese-flatbed-inkjet-printer-with-4-pieces-i3200-printheads-flatbed-version\/#primaryimage\"},\"thumbnailUrl\":\"https:\/\/superprintpro.com\/wp-content\/uploads\/2025\/08\/kit-i3200-uv-flatbed-for-upgrading-chinese-flatbed-inkjet-printer-with-4-pieces-i3200-printheads.jpg\",\"datePublished\":\"2025-08-10T02:39:11+00:00\",\"dateModified\":\"2025-08-16T09:12:38+00:00\",\"breadcrumb\":{\"@id\":\"https:\/\/superprintpro.com\/product\/kit-i3200-uv-flatbed-for-upgrading-chinese-flatbed-inkjet-printer-with-4-pieces-i3200-printheads-flatbed-version\/#breadcrumb\"},\"inLanguage\":\"es\",\"potentialAction\":[{\"@type\":\"ReadAction\",\"target\":[\"https:\/\/superprintpro.com\/product\/kit-i3200-uv-flatbed-for-upgrading-chinese-flatbed-inkjet-printer-with-4-pieces-i3200-printheads-flatbed-version\/\"]}]},{\"@type\":\"ImageObject\",\"inLanguage\":\"es\",\"@id\":\"https:\/\/superprintpro.com\/product\/kit-i3200-uv-flatbed-for-upgrading-chinese-flatbed-inkjet-printer-with-4-pieces-i3200-printheads-flatbed-version\/#primaryimage\",\"url\":\"https:\/\/superprintpro.com\/wp-content\/uploads\/2025\/08\/kit-i3200-uv-flatbed-for-upgrading-chinese-flatbed-inkjet-printer-with-4-pieces-i3200-printheads.jpg\",\"contentUrl\":\"https:\/\/superprintpro.com\/wp-content\/uploads\/2025\/08\/kit-i3200-uv-flatbed-for-upgrading-chinese-flatbed-inkjet-printer-with-4-pieces-i3200-printheads.jpg\",\"width\":800,\"height\":800,\"caption\":\"Kit i3200 UV Flatbed for Upgrading Chinese Flatbed Inkjet Printer with 4 pieces i3200 printheads (Flatbed Version)\"},{\"@type\":\"BreadcrumbList\",\"@id\":\"https:\/\/superprintpro.com\/product\/kit-i3200-uv-flatbed-for-upgrading-chinese-flatbed-inkjet-printer-with-4-pieces-i3200-printheads-flatbed-version\/#breadcrumb\",\"itemListElement\":[{\"@type\":\"ListItem\",\"position\":1,\"name\":\"\u9996\u9875\",\"item\":\"https:\/\/superprintpro.com\/\"},{\"@type\":\"ListItem\",\"position\":2,\"name\":\"Shop\",\"item\":\"https:\/\/superprintpro.com\/shop\/\"},{\"@type\":\"ListItem\",\"position\":3,\"name\":\"Kit i3200 UV Flatbed for Upgrading Chinese Flatbed Inkjet Printer with 4 pieces i3200 printheads (Flatbed Version)\"}]},{\"@type\":\"WebSite\",\"@id\":\"https:\/\/superprintpro.com\/#website\",\"url\":\"https:\/\/superprintpro.com\/\",\"name\":\"Amo\",\"description\":\"\",\"potentialAction\":[{\"@type\":\"SearchAction\",\"target\":{\"@type\":\"EntryPoint\",\"urlTemplate\":\"https:\/\/superprintpro.com\/?s={search_term_string}\"},\"query-input\":{\"@type\":\"PropertyValueSpecification\",\"valueRequired\":true,\"valueName\":\"search_term_string\"}}],\"inLanguage\":\"es\"}]}<\/script>\n<!-- \/ Yoast SEO plugin. -->","yoast_head_json":{"title":"Kit i3200 UV Flatbed for Upgrading Chinese Flatbed Inkjet Printer with 4 pieces i3200 printheads (Flatbed Version) - Amo","robots":{"index":"index","follow":"follow","max-snippet":"max-snippet:-1","max-image-preview":"max-image-preview:large","max-video-preview":"max-video-preview:-1"},"canonical":"https:\/\/superprintpro.com\/es\/producto\/kit-i3200-uv-flatbed-for-upgrading-chinese-flatbed-inkjet-printer-with-4-pieces-i3200-printheads-flatbed-version\/","og_locale":"es_ES","og_type":"article","og_title":"Kit i3200 UV Flatbed for Upgrading Chinese Flatbed Inkjet Printer with 4 pieces i3200 printheads (Flatbed Version) - Amo","og_description":"Kit i3200 UV Flatbed for Upgrading Chinese flatbed Inkjet Printer with 4 pieces i3200 printheads (Flatbed Version) If you need","og_url":"https:\/\/superprintpro.com\/es\/producto\/kit-i3200-uv-flatbed-for-upgrading-chinese-flatbed-inkjet-printer-with-4-pieces-i3200-printheads-flatbed-version\/","og_site_name":"Amo","article_modified_time":"2025-08-16T09:12:38+00:00","og_image":[{"width":800,"height":800,"url":"https:\/\/superprintpro.com\/wp-content\/uploads\/2025\/08\/kit-i3200-uv-flatbed-for-upgrading-chinese-flatbed-inkjet-printer-with-4-pieces-i3200-printheads.jpg","type":"image\/jpeg"}],"twitter_card":"summary_large_image","twitter_misc":{"Tiempo de lectura":"1 minuto"},"schema":{"@context":"https:\/\/schema.org","@graph":[{"@type":"WebPage","@id":"https:\/\/superprintpro.com\/product\/kit-i3200-uv-flatbed-for-upgrading-chinese-flatbed-inkjet-printer-with-4-pieces-i3200-printheads-flatbed-version\/","url":"https:\/\/superprintpro.com\/product\/kit-i3200-uv-flatbed-for-upgrading-chinese-flatbed-inkjet-printer-with-4-pieces-i3200-printheads-flatbed-version\/","name":"Kit i3200 UV Flatbed for Upgrading Chinese Flatbed Inkjet Printer with 4 pieces i3200 printheads (Flatbed Version) - Amo","isPartOf":{"@id":"https:\/\/superprintpro.com\/#website"},"primaryImageOfPage":{"@id":"https:\/\/superprintpro.com\/product\/kit-i3200-uv-flatbed-for-upgrading-chinese-flatbed-inkjet-printer-with-4-pieces-i3200-printheads-flatbed-version\/#primaryimage"},"image":{"@id":"https:\/\/superprintpro.com\/product\/kit-i3200-uv-flatbed-for-upgrading-chinese-flatbed-inkjet-printer-with-4-pieces-i3200-printheads-flatbed-version\/#primaryimage"},"thumbnailUrl":"https:\/\/superprintpro.com\/wp-content\/uploads\/2025\/08\/kit-i3200-uv-flatbed-for-upgrading-chinese-flatbed-inkjet-printer-with-4-pieces-i3200-printheads.jpg","datePublished":"2025-08-10T02:39:11+00:00","dateModified":"2025-08-16T09:12:38+00:00","breadcrumb":{"@id":"https:\/\/superprintpro.com\/product\/kit-i3200-uv-flatbed-for-upgrading-chinese-flatbed-inkjet-printer-with-4-pieces-i3200-printheads-flatbed-version\/#breadcrumb"},"inLanguage":"es","potentialAction":[{"@type":"ReadAction","target":["https:\/\/superprintpro.com\/product\/kit-i3200-uv-flatbed-for-upgrading-chinese-flatbed-inkjet-printer-with-4-pieces-i3200-printheads-flatbed-version\/"]}]},{"@type":"ImageObject","inLanguage":"es","@id":"https:\/\/superprintpro.com\/product\/kit-i3200-uv-flatbed-for-upgrading-chinese-flatbed-inkjet-printer-with-4-pieces-i3200-printheads-flatbed-version\/#primaryimage","url":"https:\/\/superprintpro.com\/wp-content\/uploads\/2025\/08\/kit-i3200-uv-flatbed-for-upgrading-chinese-flatbed-inkjet-printer-with-4-pieces-i3200-printheads.jpg","contentUrl":"https:\/\/superprintpro.com\/wp-content\/uploads\/2025\/08\/kit-i3200-uv-flatbed-for-upgrading-chinese-flatbed-inkjet-printer-with-4-pieces-i3200-printheads.jpg","width":800,"height":800,"caption":"Kit i3200 UV Flatbed for Upgrading Chinese Flatbed Inkjet Printer with 4 pieces i3200 printheads (Flatbed Version)"},{"@type":"BreadcrumbList","@id":"https:\/\/superprintpro.com\/product\/kit-i3200-uv-flatbed-for-upgrading-chinese-flatbed-inkjet-printer-with-4-pieces-i3200-printheads-flatbed-version\/#breadcrumb","itemListElement":[{"@type":"ListItem","position":1,"name":"\u9996\u9875","item":"https:\/\/superprintpro.com\/"},{"@type":"ListItem","position":2,"name":"Shop","item":"https:\/\/superprintpro.com\/shop\/"},{"@type":"ListItem","position":3,"name":"Kit i3200 UV Flatbed for Upgrading Chinese Flatbed Inkjet Printer with 4 pieces i3200 printheads (Flatbed Version)"}]},{"@type":"WebSite","@id":"https:\/\/superprintpro.com\/#website","url":"https:\/\/superprintpro.com\/","name":"Amo","description":"","potentialAction":[{"@type":"SearchAction","target":{"@type":"EntryPoint","urlTemplate":"https:\/\/superprintpro.com\/?s={search_term_string}"},"query-input":{"@type":"PropertyValueSpecification","valueRequired":true,"valueName":"search_term_string"}}],"inLanguage":"es"}]}},"_links":{"self":[{"href":"https:\/\/superprintpro.com\/es\/wp-json\/wp\/v2\/product\/29479","targetHints":{"allow":["GET"]}}],"collection":[{"href":"https:\/\/superprintpro.com\/es\/wp-json\/wp\/v2\/product"}],"about":[{"href":"https:\/\/superprintpro.com\/es\/wp-json\/wp\/v2\/types\/product"}],"replies":[{"embeddable":true,"href":"https:\/\/superprintpro.com\/es\/wp-json\/wp\/v2\/comments?post=29479"}],"version-history":[{"count":3,"href":"https:\/\/superprintpro.com\/es\/wp-json\/wp\/v2\/product\/29479\/revisions"}],"predecessor-version":[{"id":30043,"href":"https:\/\/superprintpro.com\/es\/wp-json\/wp\/v2\/product\/29479\/revisions\/30043"}],"wp:featuredmedia":[{"embeddable":true,"href":"https:\/\/superprintpro.com\/es\/wp-json\/wp\/v2\/media\/30041"}],"wp:attachment":[{"href":"https:\/\/superprintpro.com\/es\/wp-json\/wp\/v2\/media?parent=29479"}],"wp:term":[{"taxonomy":"product_brand","embeddable":true,"href":"https:\/\/superprintpro.com\/es\/wp-json\/wp\/v2\/product_brand?post=29479"},{"taxonomy":"product_cat","embeddable":true,"href":"https:\/\/superprintpro.com\/es\/wp-json\/wp\/v2\/product_cat?post=29479"},{"taxonomy":"product_tag","embeddable":true,"href":"https:\/\/superprintpro.com\/es\/wp-json\/wp\/v2\/product_tag?post=29479"}],"curies":[{"name":"wp","href":"https:\/\/api.w.org\/{rel}","templated":true}]}}