{"id":29395,"date":"2025-08-09T08:20:55","date_gmt":"2025-08-09T08:20:55","guid":{"rendered":"https:\/\/superprintpro.com\/?post_type=product&#038;p=29395"},"modified":"2025-08-16T15:39:09","modified_gmt":"2025-08-16T07:39:09","slug":"hoson-r800-boards-kit-with-cable-work-for-2-pieces-r800-print-head","status":"publish","type":"product","link":"https:\/\/superprintpro.com\/es\/producto\/hoson-r800-boards-kit-with-cable-work-for-2-pieces-r800-print-head\/","title":{"rendered":"Kit de placas Hoson R800 con cable de trabajo para cabezal de impresi\u00f3n R800 de 2 piezas"},"content":{"rendered":"<ul>\n<li><b><strong>Kit de placas para impresoras de inyecci\u00f3n de tinta Nombre\uff1a<\/strong><\/b>Kit de placas Hoson R800 con cableado para 2 unidades de impresora R800<b><strong>ead<\/strong><\/b><\/li>\n<li><b><strong>Software : <\/strong><\/b>Hoson PrintExp<\/li>\n<li><b><strong>Aplicaci\u00f3n: <\/strong><\/b>Para actualizar la impresora de inyecci\u00f3n de tinta con 2 piezas r800 cabezal de impresi\u00f3n<\/li>\n<li><b><strong>Series de inyecci\u00f3n de tinta compatibles: <\/strong><\/b>Para todas las impresoras de inyecci\u00f3n de tinta rollo a rollo<\/li>\n<li><b><strong>Tinta compatible\uff1a<\/strong><\/b>Eco-Solvente,base agua \uff08sublimaci\u00f3n),UV<\/li>\n<li><b><strong>Color de tinta admitido<\/strong><\/b><b><strong>\uff1a<\/strong><\/b>CMYK W<\/li>\n<li><b><strong>Comentario:\u00a0 <\/strong><\/b>Este es un kit de placas con cables t\u00edpicamente para actualizar una impresora de inyecci\u00f3n de tinta china vieja con nuevo sistema y nuevo cabezal de impresi\u00f3n. Por ejemplo este kit puede actualizar una eco-solvente de witcolor, micolor, gongzheng, allwin, galaxy(sid triton) que original con cabezal de impresi\u00f3n DX5 en nueva impresora con 2 cabezal de impresi\u00f3n R800, o este kit puede actualizar una impresoras de inyecci\u00f3n de tinta solvente como infiniti con seiko spt510 a un nuevo sistema con 2 cabezal de impresi\u00f3n R800. No importa si es una impresora eco-solvente o solvente, este kit podr\u00eda trabajar para ella, siempre y cuando se trata de un sistema de rollo a rollo en el manejo de los medios de comunicaci\u00f3n.<\/li>\n<\/ul>","protected":false},"excerpt":{"rendered":"<p>Para m\u00e1s informaci\u00f3n sobre los productos y los \u00faltimos precios, p\u00f3ngase en contacto con nuestro equipo de ventas.<\/p>","protected":false},"featured_media":30026,"comment_status":"open","ping_status":"closed","template":"","meta":[],"product_brand":[],"product_cat":[86],"product_tag":[],"class_list":{"0":"post-29395","1":"product","2":"type-product","3":"status-publish","4":"has-post-thumbnail","6":"product_cat-inkjet-printer-boards-kit","8":"first","9":"instock","10":"shipping-taxable","11":"purchasable","12":"product-type-simple"},"yoast_head":"<!-- This site is optimized with the Yoast SEO plugin v26.9 - https:\/\/yoast.com\/product\/yoast-seo-wordpress\/ -->\n<title>Hoson R800 boards kit with cable work for 2 pieces R800 print head - Amo<\/title>\n<meta name=\"robots\" content=\"index, follow, max-snippet:-1, max-image-preview:large, max-video-preview:-1\" \/>\n<link rel=\"canonical\" href=\"https:\/\/superprintpro.com\/es\/producto\/hoson-r800-boards-kit-with-cable-work-for-2-pieces-r800-print-head\/\" \/>\n<meta property=\"og:locale\" content=\"es_ES\" \/>\n<meta property=\"og:type\" content=\"article\" \/>\n<meta property=\"og:title\" content=\"Hoson R800 boards kit with cable work for 2 pieces R800 print head - Amo\" \/>\n<meta property=\"og:description\" content=\"For product details and the latest prices please contact our sales manage\" \/>\n<meta property=\"og:url\" content=\"https:\/\/superprintpro.com\/es\/producto\/hoson-r800-boards-kit-with-cable-work-for-2-pieces-r800-print-head\/\" \/>\n<meta property=\"og:site_name\" content=\"Amo\" \/>\n<meta property=\"article:modified_time\" content=\"2025-08-16T07:39:09+00:00\" \/>\n<meta property=\"og:image\" content=\"https:\/\/superprintpro.com\/wp-content\/uploads\/2025\/08\/hoson-r800-boards-kit-with-cable-work-for-2-pieces-r800-print-head.jpg\" \/>\n\t<meta property=\"og:image:width\" content=\"800\" \/>\n\t<meta property=\"og:image:height\" content=\"800\" \/>\n\t<meta property=\"og:image:type\" content=\"image\/jpeg\" \/>\n<meta name=\"twitter:card\" content=\"summary_large_image\" \/>\n<meta name=\"twitter:label1\" content=\"Tiempo de lectura\" \/>\n\t<meta name=\"twitter:data1\" content=\"1 minuto\" \/>\n<script type=\"application\/ld+json\" class=\"yoast-schema-graph\">{\"@context\":\"https:\/\/schema.org\",\"@graph\":[{\"@type\":\"WebPage\",\"@id\":\"https:\/\/superprintpro.com\/product\/hoson-r800-boards-kit-with-cable-work-for-2-pieces-r800-print-head\/\",\"url\":\"https:\/\/superprintpro.com\/product\/hoson-r800-boards-kit-with-cable-work-for-2-pieces-r800-print-head\/\",\"name\":\"Hoson R800 boards kit with cable work for 2 pieces R800 print head - Amo\",\"isPartOf\":{\"@id\":\"https:\/\/superprintpro.com\/#website\"},\"primaryImageOfPage\":{\"@id\":\"https:\/\/superprintpro.com\/product\/hoson-r800-boards-kit-with-cable-work-for-2-pieces-r800-print-head\/#primaryimage\"},\"image\":{\"@id\":\"https:\/\/superprintpro.com\/product\/hoson-r800-boards-kit-with-cable-work-for-2-pieces-r800-print-head\/#primaryimage\"},\"thumbnailUrl\":\"https:\/\/superprintpro.com\/wp-content\/uploads\/2025\/08\/hoson-r800-boards-kit-with-cable-work-for-2-pieces-r800-print-head.jpg\",\"datePublished\":\"2025-08-09T08:20:55+00:00\",\"dateModified\":\"2025-08-16T07:39:09+00:00\",\"breadcrumb\":{\"@id\":\"https:\/\/superprintpro.com\/product\/hoson-r800-boards-kit-with-cable-work-for-2-pieces-r800-print-head\/#breadcrumb\"},\"inLanguage\":\"es\",\"potentialAction\":[{\"@type\":\"ReadAction\",\"target\":[\"https:\/\/superprintpro.com\/product\/hoson-r800-boards-kit-with-cable-work-for-2-pieces-r800-print-head\/\"]}]},{\"@type\":\"ImageObject\",\"inLanguage\":\"es\",\"@id\":\"https:\/\/superprintpro.com\/product\/hoson-r800-boards-kit-with-cable-work-for-2-pieces-r800-print-head\/#primaryimage\",\"url\":\"https:\/\/superprintpro.com\/wp-content\/uploads\/2025\/08\/hoson-r800-boards-kit-with-cable-work-for-2-pieces-r800-print-head.jpg\",\"contentUrl\":\"https:\/\/superprintpro.com\/wp-content\/uploads\/2025\/08\/hoson-r800-boards-kit-with-cable-work-for-2-pieces-r800-print-head.jpg\",\"width\":800,\"height\":800,\"caption\":\"Hoson R800 boards kit with cable work for 2 pieces R800 print head\"},{\"@type\":\"BreadcrumbList\",\"@id\":\"https:\/\/superprintpro.com\/product\/hoson-r800-boards-kit-with-cable-work-for-2-pieces-r800-print-head\/#breadcrumb\",\"itemListElement\":[{\"@type\":\"ListItem\",\"position\":1,\"name\":\"\u9996\u9875\",\"item\":\"https:\/\/superprintpro.com\/\"},{\"@type\":\"ListItem\",\"position\":2,\"name\":\"Shop\",\"item\":\"https:\/\/superprintpro.com\/shop\/\"},{\"@type\":\"ListItem\",\"position\":3,\"name\":\"Hoson R800 boards kit with cable work for 2 pieces R800 print head\"}]},{\"@type\":\"WebSite\",\"@id\":\"https:\/\/superprintpro.com\/#website\",\"url\":\"https:\/\/superprintpro.com\/\",\"name\":\"Amo\",\"description\":\"\",\"potentialAction\":[{\"@type\":\"SearchAction\",\"target\":{\"@type\":\"EntryPoint\",\"urlTemplate\":\"https:\/\/superprintpro.com\/?s={search_term_string}\"},\"query-input\":{\"@type\":\"PropertyValueSpecification\",\"valueRequired\":true,\"valueName\":\"search_term_string\"}}],\"inLanguage\":\"es\"}]}<\/script>\n<!-- \/ Yoast SEO plugin. -->","yoast_head_json":{"title":"Hoson R800 boards kit with cable work for 2 pieces R800 print head - Amo","robots":{"index":"index","follow":"follow","max-snippet":"max-snippet:-1","max-image-preview":"max-image-preview:large","max-video-preview":"max-video-preview:-1"},"canonical":"https:\/\/superprintpro.com\/es\/producto\/hoson-r800-boards-kit-with-cable-work-for-2-pieces-r800-print-head\/","og_locale":"es_ES","og_type":"article","og_title":"Hoson R800 boards kit with cable work for 2 pieces R800 print head - Amo","og_description":"For product details and the latest prices please contact our sales manage","og_url":"https:\/\/superprintpro.com\/es\/producto\/hoson-r800-boards-kit-with-cable-work-for-2-pieces-r800-print-head\/","og_site_name":"Amo","article_modified_time":"2025-08-16T07:39:09+00:00","og_image":[{"width":800,"height":800,"url":"https:\/\/superprintpro.com\/wp-content\/uploads\/2025\/08\/hoson-r800-boards-kit-with-cable-work-for-2-pieces-r800-print-head.jpg","type":"image\/jpeg"}],"twitter_card":"summary_large_image","twitter_misc":{"Tiempo de lectura":"1 minuto"},"schema":{"@context":"https:\/\/schema.org","@graph":[{"@type":"WebPage","@id":"https:\/\/superprintpro.com\/product\/hoson-r800-boards-kit-with-cable-work-for-2-pieces-r800-print-head\/","url":"https:\/\/superprintpro.com\/product\/hoson-r800-boards-kit-with-cable-work-for-2-pieces-r800-print-head\/","name":"Hoson R800 boards kit with cable work for 2 pieces R800 print head - Amo","isPartOf":{"@id":"https:\/\/superprintpro.com\/#website"},"primaryImageOfPage":{"@id":"https:\/\/superprintpro.com\/product\/hoson-r800-boards-kit-with-cable-work-for-2-pieces-r800-print-head\/#primaryimage"},"image":{"@id":"https:\/\/superprintpro.com\/product\/hoson-r800-boards-kit-with-cable-work-for-2-pieces-r800-print-head\/#primaryimage"},"thumbnailUrl":"https:\/\/superprintpro.com\/wp-content\/uploads\/2025\/08\/hoson-r800-boards-kit-with-cable-work-for-2-pieces-r800-print-head.jpg","datePublished":"2025-08-09T08:20:55+00:00","dateModified":"2025-08-16T07:39:09+00:00","breadcrumb":{"@id":"https:\/\/superprintpro.com\/product\/hoson-r800-boards-kit-with-cable-work-for-2-pieces-r800-print-head\/#breadcrumb"},"inLanguage":"es","potentialAction":[{"@type":"ReadAction","target":["https:\/\/superprintpro.com\/product\/hoson-r800-boards-kit-with-cable-work-for-2-pieces-r800-print-head\/"]}]},{"@type":"ImageObject","inLanguage":"es","@id":"https:\/\/superprintpro.com\/product\/hoson-r800-boards-kit-with-cable-work-for-2-pieces-r800-print-head\/#primaryimage","url":"https:\/\/superprintpro.com\/wp-content\/uploads\/2025\/08\/hoson-r800-boards-kit-with-cable-work-for-2-pieces-r800-print-head.jpg","contentUrl":"https:\/\/superprintpro.com\/wp-content\/uploads\/2025\/08\/hoson-r800-boards-kit-with-cable-work-for-2-pieces-r800-print-head.jpg","width":800,"height":800,"caption":"Hoson R800 boards kit with cable work for 2 pieces R800 print head"},{"@type":"BreadcrumbList","@id":"https:\/\/superprintpro.com\/product\/hoson-r800-boards-kit-with-cable-work-for-2-pieces-r800-print-head\/#breadcrumb","itemListElement":[{"@type":"ListItem","position":1,"name":"\u9996\u9875","item":"https:\/\/superprintpro.com\/"},{"@type":"ListItem","position":2,"name":"Shop","item":"https:\/\/superprintpro.com\/shop\/"},{"@type":"ListItem","position":3,"name":"Hoson R800 boards kit with cable work for 2 pieces R800 print head"}]},{"@type":"WebSite","@id":"https:\/\/superprintpro.com\/#website","url":"https:\/\/superprintpro.com\/","name":"Amo","description":"","potentialAction":[{"@type":"SearchAction","target":{"@type":"EntryPoint","urlTemplate":"https:\/\/superprintpro.com\/?s={search_term_string}"},"query-input":{"@type":"PropertyValueSpecification","valueRequired":true,"valueName":"search_term_string"}}],"inLanguage":"es"}]}},"_links":{"self":[{"href":"https:\/\/superprintpro.com\/es\/wp-json\/wp\/v2\/product\/29395","targetHints":{"allow":["GET"]}}],"collection":[{"href":"https:\/\/superprintpro.com\/es\/wp-json\/wp\/v2\/product"}],"about":[{"href":"https:\/\/superprintpro.com\/es\/wp-json\/wp\/v2\/types\/product"}],"replies":[{"embeddable":true,"href":"https:\/\/superprintpro.com\/es\/wp-json\/wp\/v2\/comments?post=29395"}],"version-history":[{"count":1,"href":"https:\/\/superprintpro.com\/es\/wp-json\/wp\/v2\/product\/29395\/revisions"}],"predecessor-version":[{"id":29397,"href":"https:\/\/superprintpro.com\/es\/wp-json\/wp\/v2\/product\/29395\/revisions\/29397"}],"wp:featuredmedia":[{"embeddable":true,"href":"https:\/\/superprintpro.com\/es\/wp-json\/wp\/v2\/media\/30026"}],"wp:attachment":[{"href":"https:\/\/superprintpro.com\/es\/wp-json\/wp\/v2\/media?parent=29395"}],"wp:term":[{"taxonomy":"product_brand","embeddable":true,"href":"https:\/\/superprintpro.com\/es\/wp-json\/wp\/v2\/product_brand?post=29395"},{"taxonomy":"product_cat","embeddable":true,"href":"https:\/\/superprintpro.com\/es\/wp-json\/wp\/v2\/product_cat?post=29395"},{"taxonomy":"product_tag","embeddable":true,"href":"https:\/\/superprintpro.com\/es\/wp-json\/wp\/v2\/product_tag?post=29395"}],"curies":[{"name":"wp","href":"https:\/\/api.w.org\/{rel}","templated":true}]}}