{"id":29378,"date":"2025-08-09T07:47:30","date_gmt":"2025-08-09T07:47:30","guid":{"rendered":"https:\/\/superprintpro.com\/?post_type=product&#038;p=29378"},"modified":"2025-08-16T16:00:10","modified_gmt":"2025-08-16T08:00:10","slug":"hoson-i3200-boards-kit-with-cable-work-for-1-piece-i3200","status":"publish","type":"product","link":"https:\/\/superprintpro.com\/es\/producto\/hoson-i3200-boards-kit-with-cable-work-for-1-piece-i3200\/","title":{"rendered":"Hoson i3200 placas kit con cable de trabajo para 1 pieza i3200"},"content":{"rendered":"<ul>\n<li><strong>Kit de placas para impresoras de inyecci\u00f3n de tinta Nombre\uff1a<\/strong>Hoson i3200 placas kit con cable de trabajo para 1 pieza i3200<\/li>\n<li><strong>Software :<\/strong>Hoson PrintExp<\/li>\n<li><strong>Aplicaci\u00f3n:<\/strong><br \/>\nPara actualizar la impresora de inyecci\u00f3n de tinta con cabezal i3200 de 1 pieza<br \/>\nSeries de inyecci\u00f3n de tinta compatibles:<br \/>\nPara todas las impresoras de inyecci\u00f3n de tinta rollo a rollo<\/li>\n<li><strong>Tinta admitida<\/strong>\uff1aEcosolvente, a base de agua \uff08sublimaci\u00f3n)\uff0cUV<\/li>\n<li><strong>Color de tinta admitido<\/strong>\uff1aCMYK W<\/li>\n<li><strong>Comentario:<\/strong><br \/>\nEste es un kit de placas con cables t\u00edpicamente para actualizar una impresora de inyecci\u00f3n de tinta china vieja con un nuevo sistema y un nuevo cabezal de impresi\u00f3n. Por ejemplo este kit podr\u00eda actualizar una eco-solvente de witcolor, micolor, gongzheng, allwin, galaxia (sid triton) que original con cabezal de impresi\u00f3n DX5 en nueva impresora con cabezal de impresi\u00f3n i3200, o este kit podr\u00eda actualizar una impresoras de inyecci\u00f3n de tinta solvente como infiniti con seiko spt510 a un nuevo sistema con cabezal de impresi\u00f3n i3200. No importa si es una impresora eco-solvente o solvente, este kit podr\u00eda trabajar para ella, siempre y cuando se trata de un sistema de rollo a rollo en el manejo de los medios de comunicaci\u00f3n.<\/li>\n<\/ul>","protected":false},"excerpt":{"rendered":"<p>Para m\u00e1s informaci\u00f3n sobre los productos y los \u00faltimos precios, p\u00f3ngase en contacto con nuestro equipo de ventas.<\/p>","protected":false},"featured_media":30033,"comment_status":"open","ping_status":"closed","template":"","meta":[],"product_brand":[],"product_cat":[86],"product_tag":[],"class_list":{"0":"post-29378","1":"product","2":"type-product","3":"status-publish","4":"has-post-thumbnail","6":"product_cat-inkjet-printer-boards-kit","8":"first","9":"instock","10":"shipping-taxable","11":"purchasable","12":"product-type-simple"},"yoast_head":"<!-- This site is optimized with the Yoast SEO plugin v27.4 - https:\/\/yoast.com\/product\/yoast-seo-wordpress\/ -->\n<title>Hoson i3200 boards kit with cable work for 1 piece i3200 - Amo<\/title>\n<meta name=\"robots\" content=\"index, follow, max-snippet:-1, max-image-preview:large, max-video-preview:-1\" \/>\n<link rel=\"canonical\" href=\"https:\/\/superprintpro.com\/es\/producto\/hoson-i3200-boards-kit-with-cable-work-for-1-piece-i3200\/\" \/>\n<meta property=\"og:locale\" content=\"es_ES\" \/>\n<meta property=\"og:type\" content=\"article\" \/>\n<meta property=\"og:title\" content=\"Hoson i3200 boards kit with cable work for 1 piece i3200 - Amo\" \/>\n<meta property=\"og:description\" content=\"For product details and the latest prices please contact our sales manage\" \/>\n<meta property=\"og:url\" content=\"https:\/\/superprintpro.com\/es\/producto\/hoson-i3200-boards-kit-with-cable-work-for-1-piece-i3200\/\" \/>\n<meta property=\"og:site_name\" content=\"Amo\" \/>\n<meta property=\"article:modified_time\" content=\"2025-08-16T08:00:10+00:00\" \/>\n<meta property=\"og:image\" content=\"https:\/\/superprintpro.com\/wp-content\/uploads\/2025\/08\/hoson-i3200-boards-kit-with-cable-work-for-1-piece-i3200.jpg\" \/>\n\t<meta property=\"og:image:width\" content=\"800\" \/>\n\t<meta property=\"og:image:height\" content=\"800\" \/>\n\t<meta property=\"og:image:type\" content=\"image\/jpeg\" \/>\n<meta name=\"twitter:card\" content=\"summary_large_image\" \/>\n<meta name=\"twitter:label1\" content=\"Tiempo de lectura\" \/>\n\t<meta name=\"twitter:data1\" content=\"1 minuto\" \/>\n<script type=\"application\/ld+json\" class=\"yoast-schema-graph\">{\"@context\":\"https:\\\/\\\/schema.org\",\"@graph\":[{\"@type\":\"WebPage\",\"@id\":\"https:\\\/\\\/superprintpro.com\\\/product\\\/hoson-i3200-boards-kit-with-cable-work-for-1-piece-i3200\\\/\",\"url\":\"https:\\\/\\\/superprintpro.com\\\/product\\\/hoson-i3200-boards-kit-with-cable-work-for-1-piece-i3200\\\/\",\"name\":\"Hoson i3200 boards kit with cable work for 1 piece i3200 - Amo\",\"isPartOf\":{\"@id\":\"https:\\\/\\\/superprintpro.com\\\/#website\"},\"primaryImageOfPage\":{\"@id\":\"https:\\\/\\\/superprintpro.com\\\/product\\\/hoson-i3200-boards-kit-with-cable-work-for-1-piece-i3200\\\/#primaryimage\"},\"image\":{\"@id\":\"https:\\\/\\\/superprintpro.com\\\/product\\\/hoson-i3200-boards-kit-with-cable-work-for-1-piece-i3200\\\/#primaryimage\"},\"thumbnailUrl\":\"https:\\\/\\\/superprintpro.com\\\/wp-content\\\/uploads\\\/2025\\\/08\\\/hoson-i3200-boards-kit-with-cable-work-for-1-piece-i3200.jpg\",\"datePublished\":\"2025-08-09T07:47:30+00:00\",\"dateModified\":\"2025-08-16T08:00:10+00:00\",\"breadcrumb\":{\"@id\":\"https:\\\/\\\/superprintpro.com\\\/product\\\/hoson-i3200-boards-kit-with-cable-work-for-1-piece-i3200\\\/#breadcrumb\"},\"inLanguage\":\"es\",\"potentialAction\":[{\"@type\":\"ReadAction\",\"target\":[\"https:\\\/\\\/superprintpro.com\\\/product\\\/hoson-i3200-boards-kit-with-cable-work-for-1-piece-i3200\\\/\"]}]},{\"@type\":\"ImageObject\",\"inLanguage\":\"es\",\"@id\":\"https:\\\/\\\/superprintpro.com\\\/product\\\/hoson-i3200-boards-kit-with-cable-work-for-1-piece-i3200\\\/#primaryimage\",\"url\":\"https:\\\/\\\/superprintpro.com\\\/wp-content\\\/uploads\\\/2025\\\/08\\\/hoson-i3200-boards-kit-with-cable-work-for-1-piece-i3200.jpg\",\"contentUrl\":\"https:\\\/\\\/superprintpro.com\\\/wp-content\\\/uploads\\\/2025\\\/08\\\/hoson-i3200-boards-kit-with-cable-work-for-1-piece-i3200.jpg\",\"width\":800,\"height\":800,\"caption\":\"Hoson i3200 boards kit with cable work for 1 piece i3200\"},{\"@type\":\"BreadcrumbList\",\"@id\":\"https:\\\/\\\/superprintpro.com\\\/product\\\/hoson-i3200-boards-kit-with-cable-work-for-1-piece-i3200\\\/#breadcrumb\",\"itemListElement\":[{\"@type\":\"ListItem\",\"position\":1,\"name\":\"\u9996\u9875\",\"item\":\"https:\\\/\\\/superprintpro.com\\\/\"},{\"@type\":\"ListItem\",\"position\":2,\"name\":\"Shop\",\"item\":\"https:\\\/\\\/superprintpro.com\\\/shop\\\/\"},{\"@type\":\"ListItem\",\"position\":3,\"name\":\"Hoson i3200 boards kit with cable work for 1 piece i3200\"}]},{\"@type\":\"WebSite\",\"@id\":\"https:\\\/\\\/superprintpro.com\\\/#website\",\"url\":\"https:\\\/\\\/superprintpro.com\\\/\",\"name\":\"Amo\",\"description\":\"\",\"potentialAction\":[{\"@type\":\"SearchAction\",\"target\":{\"@type\":\"EntryPoint\",\"urlTemplate\":\"https:\\\/\\\/superprintpro.com\\\/?s={search_term_string}\"},\"query-input\":{\"@type\":\"PropertyValueSpecification\",\"valueRequired\":true,\"valueName\":\"search_term_string\"}}],\"inLanguage\":\"es\"}]}<\/script>\n<!-- \/ Yoast SEO plugin. -->","yoast_head_json":{"title":"Hoson i3200 boards kit with cable work for 1 piece i3200 - Amo","robots":{"index":"index","follow":"follow","max-snippet":"max-snippet:-1","max-image-preview":"max-image-preview:large","max-video-preview":"max-video-preview:-1"},"canonical":"https:\/\/superprintpro.com\/es\/producto\/hoson-i3200-boards-kit-with-cable-work-for-1-piece-i3200\/","og_locale":"es_ES","og_type":"article","og_title":"Hoson i3200 boards kit with cable work for 1 piece i3200 - Amo","og_description":"For product details and the latest prices please contact our sales manage","og_url":"https:\/\/superprintpro.com\/es\/producto\/hoson-i3200-boards-kit-with-cable-work-for-1-piece-i3200\/","og_site_name":"Amo","article_modified_time":"2025-08-16T08:00:10+00:00","og_image":[{"width":800,"height":800,"url":"https:\/\/superprintpro.com\/wp-content\/uploads\/2025\/08\/hoson-i3200-boards-kit-with-cable-work-for-1-piece-i3200.jpg","type":"image\/jpeg"}],"twitter_card":"summary_large_image","twitter_misc":{"Tiempo de lectura":"1 minuto"},"schema":{"@context":"https:\/\/schema.org","@graph":[{"@type":"WebPage","@id":"https:\/\/superprintpro.com\/product\/hoson-i3200-boards-kit-with-cable-work-for-1-piece-i3200\/","url":"https:\/\/superprintpro.com\/product\/hoson-i3200-boards-kit-with-cable-work-for-1-piece-i3200\/","name":"Hoson i3200 boards kit with cable work for 1 piece i3200 - Amo","isPartOf":{"@id":"https:\/\/superprintpro.com\/#website"},"primaryImageOfPage":{"@id":"https:\/\/superprintpro.com\/product\/hoson-i3200-boards-kit-with-cable-work-for-1-piece-i3200\/#primaryimage"},"image":{"@id":"https:\/\/superprintpro.com\/product\/hoson-i3200-boards-kit-with-cable-work-for-1-piece-i3200\/#primaryimage"},"thumbnailUrl":"https:\/\/superprintpro.com\/wp-content\/uploads\/2025\/08\/hoson-i3200-boards-kit-with-cable-work-for-1-piece-i3200.jpg","datePublished":"2025-08-09T07:47:30+00:00","dateModified":"2025-08-16T08:00:10+00:00","breadcrumb":{"@id":"https:\/\/superprintpro.com\/product\/hoson-i3200-boards-kit-with-cable-work-for-1-piece-i3200\/#breadcrumb"},"inLanguage":"es","potentialAction":[{"@type":"ReadAction","target":["https:\/\/superprintpro.com\/product\/hoson-i3200-boards-kit-with-cable-work-for-1-piece-i3200\/"]}]},{"@type":"ImageObject","inLanguage":"es","@id":"https:\/\/superprintpro.com\/product\/hoson-i3200-boards-kit-with-cable-work-for-1-piece-i3200\/#primaryimage","url":"https:\/\/superprintpro.com\/wp-content\/uploads\/2025\/08\/hoson-i3200-boards-kit-with-cable-work-for-1-piece-i3200.jpg","contentUrl":"https:\/\/superprintpro.com\/wp-content\/uploads\/2025\/08\/hoson-i3200-boards-kit-with-cable-work-for-1-piece-i3200.jpg","width":800,"height":800,"caption":"Hoson i3200 boards kit with cable work for 1 piece i3200"},{"@type":"BreadcrumbList","@id":"https:\/\/superprintpro.com\/product\/hoson-i3200-boards-kit-with-cable-work-for-1-piece-i3200\/#breadcrumb","itemListElement":[{"@type":"ListItem","position":1,"name":"\u9996\u9875","item":"https:\/\/superprintpro.com\/"},{"@type":"ListItem","position":2,"name":"Shop","item":"https:\/\/superprintpro.com\/shop\/"},{"@type":"ListItem","position":3,"name":"Hoson i3200 boards kit with cable work for 1 piece i3200"}]},{"@type":"WebSite","@id":"https:\/\/superprintpro.com\/#website","url":"https:\/\/superprintpro.com\/","name":"Amo","description":"","potentialAction":[{"@type":"SearchAction","target":{"@type":"EntryPoint","urlTemplate":"https:\/\/superprintpro.com\/?s={search_term_string}"},"query-input":{"@type":"PropertyValueSpecification","valueRequired":true,"valueName":"search_term_string"}}],"inLanguage":"es"}]}},"_links":{"self":[{"href":"https:\/\/superprintpro.com\/es\/wp-json\/wp\/v2\/product\/29378","targetHints":{"allow":["GET"]}}],"collection":[{"href":"https:\/\/superprintpro.com\/es\/wp-json\/wp\/v2\/product"}],"about":[{"href":"https:\/\/superprintpro.com\/es\/wp-json\/wp\/v2\/types\/product"}],"replies":[{"embeddable":true,"href":"https:\/\/superprintpro.com\/es\/wp-json\/wp\/v2\/comments?post=29378"}],"version-history":[{"count":1,"href":"https:\/\/superprintpro.com\/es\/wp-json\/wp\/v2\/product\/29378\/revisions"}],"predecessor-version":[{"id":29380,"href":"https:\/\/superprintpro.com\/es\/wp-json\/wp\/v2\/product\/29378\/revisions\/29380"}],"wp:featuredmedia":[{"embeddable":true,"href":"https:\/\/superprintpro.com\/es\/wp-json\/wp\/v2\/media\/30033"}],"wp:attachment":[{"href":"https:\/\/superprintpro.com\/es\/wp-json\/wp\/v2\/media?parent=29378"}],"wp:term":[{"taxonomy":"product_brand","embeddable":true,"href":"https:\/\/superprintpro.com\/es\/wp-json\/wp\/v2\/product_brand?post=29378"},{"taxonomy":"product_cat","embeddable":true,"href":"https:\/\/superprintpro.com\/es\/wp-json\/wp\/v2\/product_cat?post=29378"},{"taxonomy":"product_tag","embeddable":true,"href":"https:\/\/superprintpro.com\/es\/wp-json\/wp\/v2\/product_tag?post=29378"}],"curies":[{"name":"wp","href":"https:\/\/api.w.org\/{rel}","templated":true}]}}