{"id":30294,"date":"2025-08-18T17:47:05","date_gmt":"2025-08-18T09:47:05","guid":{"rendered":"https:\/\/superprintpro.com\/?post_type=product&#038;p=30294"},"modified":"2025-08-18T17:48:33","modified_gmt":"2025-08-18T09:48:33","slug":"amo-sublimation-inkjet-printer-am1808i32sh-with-8-i3200-printheads","status":"publish","type":"product","link":"https:\/\/superprintpro.com\/de\/produkt\/amo-sublimation-inkjet-printer-am1808i32sh-with-8-i3200-printheads\/","title":{"rendered":"AMO Sublimationstintenstrahldrucker AM1808i32SH mit 8 i3200 Druckk\u00f6pfen"},"content":{"rendered":"<p>AMO Sublimationstintenstrahldrucker AM1808i32SH mit 8 i3200 Druckk\u00f6pfen<\/p>\n<p>Der Sublimationstintenstrahldrucker kann mit Sublimationstinte auf das Transferpapier drucken, um das Bild f\u00fcr die W\u00e4rme\u00fcbertragung vorzubereiten.<br \/>\nDieses Modell ist mit einer aufblasbaren Welle ausgestattet, um eine gleichm\u00e4\u00dfige Spannung des Transferpapiers zu gew\u00e4hrleisten. So k\u00f6nnte es diese leichte \u00dcbertragung drucken<br \/>\nPapier unter 70 g\/m\u00b2.<\/p>\n<p>Parameter der Maschine<br \/>\nDruckkopf: 8 Druckk\u00f6pfe i3200<br \/>\nDruckbreite: 1800MM<br \/>\nDrucksystem: HOSON<br \/>\nDruckgeschwindigkeit:<br \/>\nHochgeschwindigkeitsmodus 173 m\u00b2\/h<br \/>\nStabiler Modus 132 m\u00b2\/h<br \/>\nHochwertiger Modus 97 m\u00b2\/h<br \/>\nAutomatisches Zuf\u00fchr- und Aufnahmesystem: Mit luftgef\u00fcllter Welle und Ausl\u00f6sevorrichtung ausgestattet<br \/>\nHeizsystem: Unabh\u00e4ngiges Infrarot-Trocknungsger\u00e4t mit intelligenter Temperaturregelung<br \/>\nDruckkopfh\u00f6he : Einstellbarer Abstand von der Druckplattform 2-5mm einstellbar.<br \/>\nDrucker-Infos<br \/>\nBetriebsspannung: AC220V 50\/60HZ<br \/>\nDruckerleistung: 3500W<br \/>\nHeizleistung: 8500W<br \/>\nArbeitsumfeld :<br \/>\nNormale Arbeitstemperatur: 22-28\u2103 Luftfeuchtigkeit:40%-60%<br \/>\nGr\u00f6\u00dfe der Maschine: L3254MM B1140MM H1767MM<br \/>\nAbmessungen der Verpackung: 3400MM(L) 1340MM(B) 1600MM(H)<\/p>","protected":false},"excerpt":{"rendered":"<p>F\u00fcr Einzelheiten zu den Produkten und aktuelle Angebote wenden Sie sich bitte an unseren Verkaufsleiter<\/p>","protected":false},"featured_media":30295,"comment_status":"open","ping_status":"closed","template":"","meta":[],"product_brand":[],"product_cat":[125],"product_tag":[],"class_list":{"0":"post-30294","1":"product","2":"type-product","3":"status-publish","4":"has-post-thumbnail","6":"product_cat-with-i3200-printhead-sublimation-printers","8":"first","9":"instock","10":"shipping-taxable","11":"purchasable","12":"product-type-simple"},"yoast_head":"<!-- This site is optimized with the Yoast SEO plugin v26.9 - https:\/\/yoast.com\/product\/yoast-seo-wordpress\/ -->\n<title>AMO Sublimation Inkjet Printer AM1808i32SH with 8 i3200 Printheads - Amo<\/title>\n<meta name=\"robots\" content=\"index, follow, max-snippet:-1, max-image-preview:large, max-video-preview:-1\" \/>\n<link rel=\"canonical\" href=\"https:\/\/superprintpro.com\/de\/produkt\/amo-sublimation-inkjet-printer-am1808i32sh-with-8-i3200-printheads\/\" \/>\n<meta property=\"og:locale\" content=\"de_DE\" \/>\n<meta property=\"og:type\" content=\"article\" \/>\n<meta property=\"og:title\" content=\"AMO Sublimation Inkjet Printer AM1808i32SH with 8 i3200 Printheads - Amo\" \/>\n<meta property=\"og:description\" content=\"For product details and the latest quotes, please contact our sales manager\" \/>\n<meta property=\"og:url\" content=\"https:\/\/superprintpro.com\/de\/produkt\/amo-sublimation-inkjet-printer-am1808i32sh-with-8-i3200-printheads\/\" \/>\n<meta property=\"og:site_name\" content=\"Amo\" \/>\n<meta property=\"article:modified_time\" content=\"2025-08-18T09:48:33+00:00\" \/>\n<meta property=\"og:image\" content=\"https:\/\/superprintpro.com\/wp-content\/uploads\/2025\/08\/amo-sublimation-inkjet-printer-am1808i32sh-with-8-i3200-printheads.jpg\" \/>\n\t<meta property=\"og:image:width\" content=\"604\" \/>\n\t<meta property=\"og:image:height\" content=\"340\" \/>\n\t<meta property=\"og:image:type\" content=\"image\/jpeg\" \/>\n<meta name=\"twitter:card\" content=\"summary_large_image\" \/>\n<meta name=\"twitter:label1\" content=\"Gesch\u00e4tzte Lesezeit\" \/>\n\t<meta name=\"twitter:data1\" content=\"1\u00a0Minute\" \/>\n<script type=\"application\/ld+json\" class=\"yoast-schema-graph\">{\"@context\":\"https:\/\/schema.org\",\"@graph\":[{\"@type\":\"WebPage\",\"@id\":\"https:\/\/superprintpro.com\/product\/amo-sublimation-inkjet-printer-am1808i32sh-with-8-i3200-printheads\/\",\"url\":\"https:\/\/superprintpro.com\/product\/amo-sublimation-inkjet-printer-am1808i32sh-with-8-i3200-printheads\/\",\"name\":\"AMO Sublimation Inkjet Printer AM1808i32SH with 8 i3200 Printheads - Amo\",\"isPartOf\":{\"@id\":\"https:\/\/superprintpro.com\/#website\"},\"primaryImageOfPage\":{\"@id\":\"https:\/\/superprintpro.com\/product\/amo-sublimation-inkjet-printer-am1808i32sh-with-8-i3200-printheads\/#primaryimage\"},\"image\":{\"@id\":\"https:\/\/superprintpro.com\/product\/amo-sublimation-inkjet-printer-am1808i32sh-with-8-i3200-printheads\/#primaryimage\"},\"thumbnailUrl\":\"https:\/\/superprintpro.com\/wp-content\/uploads\/2025\/08\/amo-sublimation-inkjet-printer-am1808i32sh-with-8-i3200-printheads.jpg\",\"datePublished\":\"2025-08-18T09:47:05+00:00\",\"dateModified\":\"2025-08-18T09:48:33+00:00\",\"breadcrumb\":{\"@id\":\"https:\/\/superprintpro.com\/product\/amo-sublimation-inkjet-printer-am1808i32sh-with-8-i3200-printheads\/#breadcrumb\"},\"inLanguage\":\"de\",\"potentialAction\":[{\"@type\":\"ReadAction\",\"target\":[\"https:\/\/superprintpro.com\/product\/amo-sublimation-inkjet-printer-am1808i32sh-with-8-i3200-printheads\/\"]}]},{\"@type\":\"ImageObject\",\"inLanguage\":\"de\",\"@id\":\"https:\/\/superprintpro.com\/product\/amo-sublimation-inkjet-printer-am1808i32sh-with-8-i3200-printheads\/#primaryimage\",\"url\":\"https:\/\/superprintpro.com\/wp-content\/uploads\/2025\/08\/amo-sublimation-inkjet-printer-am1808i32sh-with-8-i3200-printheads.jpg\",\"contentUrl\":\"https:\/\/superprintpro.com\/wp-content\/uploads\/2025\/08\/amo-sublimation-inkjet-printer-am1808i32sh-with-8-i3200-printheads.jpg\",\"width\":604,\"height\":340,\"caption\":\"AMO Sublimation Inkjet Printer AM1808i32SH with 8 i3200 Printheads\"},{\"@type\":\"BreadcrumbList\",\"@id\":\"https:\/\/superprintpro.com\/product\/amo-sublimation-inkjet-printer-am1808i32sh-with-8-i3200-printheads\/#breadcrumb\",\"itemListElement\":[{\"@type\":\"ListItem\",\"position\":1,\"name\":\"\u9996\u9875\",\"item\":\"https:\/\/superprintpro.com\/\"},{\"@type\":\"ListItem\",\"position\":2,\"name\":\"Shop\",\"item\":\"https:\/\/superprintpro.com\/shop\/\"},{\"@type\":\"ListItem\",\"position\":3,\"name\":\"AMO Sublimation Inkjet Printer AM1808i32SH with 8 i3200 Printheads\"}]},{\"@type\":\"WebSite\",\"@id\":\"https:\/\/superprintpro.com\/#website\",\"url\":\"https:\/\/superprintpro.com\/\",\"name\":\"Amo\",\"description\":\"\",\"potentialAction\":[{\"@type\":\"SearchAction\",\"target\":{\"@type\":\"EntryPoint\",\"urlTemplate\":\"https:\/\/superprintpro.com\/?s={search_term_string}\"},\"query-input\":{\"@type\":\"PropertyValueSpecification\",\"valueRequired\":true,\"valueName\":\"search_term_string\"}}],\"inLanguage\":\"de\"}]}<\/script>\n<!-- \/ Yoast SEO plugin. -->","yoast_head_json":{"title":"AMO Sublimation Inkjet Printer AM1808i32SH with 8 i3200 Printheads - Amo","robots":{"index":"index","follow":"follow","max-snippet":"max-snippet:-1","max-image-preview":"max-image-preview:large","max-video-preview":"max-video-preview:-1"},"canonical":"https:\/\/superprintpro.com\/de\/produkt\/amo-sublimation-inkjet-printer-am1808i32sh-with-8-i3200-printheads\/","og_locale":"de_DE","og_type":"article","og_title":"AMO Sublimation Inkjet Printer AM1808i32SH with 8 i3200 Printheads - Amo","og_description":"For product details and the latest quotes, please contact our sales manager","og_url":"https:\/\/superprintpro.com\/de\/produkt\/amo-sublimation-inkjet-printer-am1808i32sh-with-8-i3200-printheads\/","og_site_name":"Amo","article_modified_time":"2025-08-18T09:48:33+00:00","og_image":[{"width":604,"height":340,"url":"https:\/\/superprintpro.com\/wp-content\/uploads\/2025\/08\/amo-sublimation-inkjet-printer-am1808i32sh-with-8-i3200-printheads.jpg","type":"image\/jpeg"}],"twitter_card":"summary_large_image","twitter_misc":{"Gesch\u00e4tzte Lesezeit":"1\u00a0Minute"},"schema":{"@context":"https:\/\/schema.org","@graph":[{"@type":"WebPage","@id":"https:\/\/superprintpro.com\/product\/amo-sublimation-inkjet-printer-am1808i32sh-with-8-i3200-printheads\/","url":"https:\/\/superprintpro.com\/product\/amo-sublimation-inkjet-printer-am1808i32sh-with-8-i3200-printheads\/","name":"AMO Sublimation Inkjet Printer AM1808i32SH with 8 i3200 Printheads - Amo","isPartOf":{"@id":"https:\/\/superprintpro.com\/#website"},"primaryImageOfPage":{"@id":"https:\/\/superprintpro.com\/product\/amo-sublimation-inkjet-printer-am1808i32sh-with-8-i3200-printheads\/#primaryimage"},"image":{"@id":"https:\/\/superprintpro.com\/product\/amo-sublimation-inkjet-printer-am1808i32sh-with-8-i3200-printheads\/#primaryimage"},"thumbnailUrl":"https:\/\/superprintpro.com\/wp-content\/uploads\/2025\/08\/amo-sublimation-inkjet-printer-am1808i32sh-with-8-i3200-printheads.jpg","datePublished":"2025-08-18T09:47:05+00:00","dateModified":"2025-08-18T09:48:33+00:00","breadcrumb":{"@id":"https:\/\/superprintpro.com\/product\/amo-sublimation-inkjet-printer-am1808i32sh-with-8-i3200-printheads\/#breadcrumb"},"inLanguage":"de","potentialAction":[{"@type":"ReadAction","target":["https:\/\/superprintpro.com\/product\/amo-sublimation-inkjet-printer-am1808i32sh-with-8-i3200-printheads\/"]}]},{"@type":"ImageObject","inLanguage":"de","@id":"https:\/\/superprintpro.com\/product\/amo-sublimation-inkjet-printer-am1808i32sh-with-8-i3200-printheads\/#primaryimage","url":"https:\/\/superprintpro.com\/wp-content\/uploads\/2025\/08\/amo-sublimation-inkjet-printer-am1808i32sh-with-8-i3200-printheads.jpg","contentUrl":"https:\/\/superprintpro.com\/wp-content\/uploads\/2025\/08\/amo-sublimation-inkjet-printer-am1808i32sh-with-8-i3200-printheads.jpg","width":604,"height":340,"caption":"AMO Sublimation Inkjet Printer AM1808i32SH with 8 i3200 Printheads"},{"@type":"BreadcrumbList","@id":"https:\/\/superprintpro.com\/product\/amo-sublimation-inkjet-printer-am1808i32sh-with-8-i3200-printheads\/#breadcrumb","itemListElement":[{"@type":"ListItem","position":1,"name":"\u9996\u9875","item":"https:\/\/superprintpro.com\/"},{"@type":"ListItem","position":2,"name":"Shop","item":"https:\/\/superprintpro.com\/shop\/"},{"@type":"ListItem","position":3,"name":"AMO Sublimation Inkjet Printer AM1808i32SH with 8 i3200 Printheads"}]},{"@type":"WebSite","@id":"https:\/\/superprintpro.com\/#website","url":"https:\/\/superprintpro.com\/","name":"Amo","description":"","potentialAction":[{"@type":"SearchAction","target":{"@type":"EntryPoint","urlTemplate":"https:\/\/superprintpro.com\/?s={search_term_string}"},"query-input":{"@type":"PropertyValueSpecification","valueRequired":true,"valueName":"search_term_string"}}],"inLanguage":"de"}]}},"_links":{"self":[{"href":"https:\/\/superprintpro.com\/de\/wp-json\/wp\/v2\/product\/30294","targetHints":{"allow":["GET"]}}],"collection":[{"href":"https:\/\/superprintpro.com\/de\/wp-json\/wp\/v2\/product"}],"about":[{"href":"https:\/\/superprintpro.com\/de\/wp-json\/wp\/v2\/types\/product"}],"replies":[{"embeddable":true,"href":"https:\/\/superprintpro.com\/de\/wp-json\/wp\/v2\/comments?post=30294"}],"version-history":[{"count":1,"href":"https:\/\/superprintpro.com\/de\/wp-json\/wp\/v2\/product\/30294\/revisions"}],"predecessor-version":[{"id":30296,"href":"https:\/\/superprintpro.com\/de\/wp-json\/wp\/v2\/product\/30294\/revisions\/30296"}],"wp:featuredmedia":[{"embeddable":true,"href":"https:\/\/superprintpro.com\/de\/wp-json\/wp\/v2\/media\/30295"}],"wp:attachment":[{"href":"https:\/\/superprintpro.com\/de\/wp-json\/wp\/v2\/media?parent=30294"}],"wp:term":[{"taxonomy":"product_brand","embeddable":true,"href":"https:\/\/superprintpro.com\/de\/wp-json\/wp\/v2\/product_brand?post=30294"},{"taxonomy":"product_cat","embeddable":true,"href":"https:\/\/superprintpro.com\/de\/wp-json\/wp\/v2\/product_cat?post=30294"},{"taxonomy":"product_tag","embeddable":true,"href":"https:\/\/superprintpro.com\/de\/wp-json\/wp\/v2\/product_tag?post=30294"}],"curies":[{"name":"wp","href":"https:\/\/api.w.org\/{rel}","templated":true}]}}