{"id":30250,"date":"2025-08-18T16:14:02","date_gmt":"2025-08-18T08:14:02","guid":{"rendered":"https:\/\/superprintpro.com\/?post_type=product&#038;p=30250"},"modified":"2025-08-18T16:14:02","modified_gmt":"2025-08-18T08:14:02","slug":"amo-hybrid-uv-inkjet-printer-am3200uvh4k24i-with-4-pieces-konica-km1024i-printhead","status":"publish","type":"product","link":"https:\/\/superprintpro.com\/de\/produkt\/amo-hybrid-uv-inkjet-printer-am3200uvh4k24i-with-4-pieces-konica-km1024i-printhead\/","title":{"rendered":"AMO Hybrid UV Inkjet Drucker AM3200UVH4k24i mit 4 St\u00fcck Konica km1024i Druckkopf"},"content":{"rendered":"<p>AMO Hybrid UV Inkjet Drucker AM3200UVH4k24i mit 4 St\u00fcck Konica km1024i Druckkopf.<\/p>\n<p>Der Hybriddrucker ist eine Kombination aus UV-Flachbett- und UV-Rollendrucker in einem Ger\u00e4t, d.h. er kann sowohl weiches Material von Rolle zu Rolle als auch hartes Flachbettplattenmaterial bedrucken.<\/p>\n<p>1. Druckbreite 3,2 Meter; mit KONICA1024i Hochgeschwindigkeits-Tintenstrahldruckkopf, variable Tintentropfen-Technologie;<br \/>\n2. Doppelte lineare hochpr\u00e4zise F\u00fchrungsschiene &amp; Gleiter + doppelter Servo-AC-Motor;<br \/>\n3. Professionelle Farbmanagement-Software, mit Druckkopf Alterung Farbe Funktion, Tinte sparen\/intelligente Satzfunktion, Farbwiederherstellung h\u00f6her (vier Farben k\u00f6nnen hoch die \"Gold \/ Silber\" Farbe wiederherstellen);<br \/>\n4. patentiertes Design von hochempfindlichen Sprinklerkopf Anti-Kollisions-System; LED-Wasserk\u00fchlung UV-Aush\u00e4rtungslampe;<br \/>\n5. doppelte Luftexpansion Rollenwelle + doppelte Spannung schwimmende Stange Medien auf und ab rollenden System, keine Abweichung &amp; Falten mit hoher Geschwindigkeit bewegen, h\u00f6here Schrittgenauigkeit;<br \/>\n6. leistungsstarke elektrostatische Eliminator kann effektiv beseitigen Probleme wie fliegende Tinte und Unsch\u00e4rfe durch statische Elektrizit\u00e4t von Materialien verursacht;<br \/>\n7. Die Druckplattform hat die Funktion der segmentierten unabh\u00e4ngigen Adsorption und unabh\u00e4ngige Anpassung der Adsorptionsgr\u00f6\u00dfe. Mit der starken leisen Turbine Gebl\u00e4se, kann es auf die Adsorption von verschiedenen Materialien mit unterschiedlicher Dicke anpassen und arbeiten f\u00fcr verschiedene komplexe Materialien.<\/p>\n<p>Maximale Druckbreite: 3200 mm<br \/>\nDruckkopf: 4 St\u00fcck konica1024i Druckk\u00f6pfe<br \/>\nDruckgeschwindigkeit des vierreihigen Druckkopfs<br \/>\nAu\u00dfenbeleuchtung:35-260m\u00b2\/h<br \/>\nInnenbeleuchtung:190-135m\u00b2\/h<br \/>\nC+W+C:33-66m\u00b2\/h<\/p>\n<p>Anwendungsl\u00f6sung Weichfolie\/Flex-Banner\/Beschichtetes Flex-Banner\/Lampenst\u00fcck\/transparente Elektrostatik<br \/>\nFolie\/Leinwand\/Leder\/Textilmaterial (fast jedes weiche Material) und Flachmaterial wie PVC-Platten, Acrylplatten usw. usw.<br \/>\nLeistung AC220V\/50\/60HZ\/6500W<br \/>\nGr\u00f6\u00dfe des Druckers: L7520mm*W1960mm*H1780mm<br \/>\nGr\u00f6\u00dfe der Packung: L7580mm*W2050mm*H1820mm<br \/>\nNetto-Glanzgewicht:1500 kg\/1800 k<\/p>","protected":false},"excerpt":{"rendered":"<p>F\u00fcr Einzelheiten zu den Produkten und aktuelle Angebote wenden Sie sich bitte an unseren Verkaufsleiter<\/p>","protected":false},"featured_media":30251,"comment_status":"open","ping_status":"closed","template":"","meta":[],"product_brand":[],"product_cat":[118],"product_tag":[],"class_list":{"0":"post-30250","1":"product","2":"type-product","3":"status-publish","4":"has-post-thumbnail","6":"product_cat-with-konica-km1024i-printheads-uv-hybrid-inkjet-printer","8":"first","9":"instock","10":"shipping-taxable","11":"purchasable","12":"product-type-simple"},"yoast_head":"<!-- This site is optimized with the Yoast SEO plugin v26.9 - https:\/\/yoast.com\/product\/yoast-seo-wordpress\/ -->\n<title>AMO Hybrid UV Inkjet Printer AM3200UVH4k24i with 4 pieces Konica km1024i printhead - Amo<\/title>\n<meta name=\"robots\" content=\"index, follow, max-snippet:-1, max-image-preview:large, max-video-preview:-1\" \/>\n<link rel=\"canonical\" href=\"https:\/\/superprintpro.com\/de\/produkt\/amo-hybrid-uv-inkjet-printer-am3200uvh4k24i-with-4-pieces-konica-km1024i-printhead\/\" \/>\n<meta property=\"og:locale\" content=\"de_DE\" \/>\n<meta property=\"og:type\" content=\"article\" \/>\n<meta property=\"og:title\" content=\"AMO Hybrid UV Inkjet Printer AM3200UVH4k24i with 4 pieces Konica km1024i printhead - Amo\" \/>\n<meta property=\"og:description\" content=\"For product details and the latest quotes, please contact our sales manager\" \/>\n<meta property=\"og:url\" content=\"https:\/\/superprintpro.com\/de\/produkt\/amo-hybrid-uv-inkjet-printer-am3200uvh4k24i-with-4-pieces-konica-km1024i-printhead\/\" \/>\n<meta property=\"og:site_name\" content=\"Amo\" \/>\n<meta property=\"og:image\" content=\"https:\/\/superprintpro.com\/wp-content\/uploads\/2025\/08\/amo-hybrid-uv-inkjet-printer-am3200uvh4k24i-with-4-pieces-konica-km1024i-printhead.jpg\" \/>\n\t<meta property=\"og:image:width\" content=\"610\" \/>\n\t<meta property=\"og:image:height\" content=\"343\" \/>\n\t<meta property=\"og:image:type\" content=\"image\/jpeg\" \/>\n<meta name=\"twitter:card\" content=\"summary_large_image\" \/>\n<meta name=\"twitter:label1\" content=\"Gesch\u00e4tzte Lesezeit\" \/>\n\t<meta name=\"twitter:data1\" content=\"1\u00a0Minute\" \/>\n<script type=\"application\/ld+json\" class=\"yoast-schema-graph\">{\"@context\":\"https:\/\/schema.org\",\"@graph\":[{\"@type\":\"WebPage\",\"@id\":\"https:\/\/superprintpro.com\/product\/amo-hybrid-uv-inkjet-printer-am3200uvh4k24i-with-4-pieces-konica-km1024i-printhead\/\",\"url\":\"https:\/\/superprintpro.com\/product\/amo-hybrid-uv-inkjet-printer-am3200uvh4k24i-with-4-pieces-konica-km1024i-printhead\/\",\"name\":\"AMO Hybrid UV Inkjet Printer AM3200UVH4k24i with 4 pieces Konica km1024i printhead - Amo\",\"isPartOf\":{\"@id\":\"https:\/\/superprintpro.com\/#website\"},\"primaryImageOfPage\":{\"@id\":\"https:\/\/superprintpro.com\/product\/amo-hybrid-uv-inkjet-printer-am3200uvh4k24i-with-4-pieces-konica-km1024i-printhead\/#primaryimage\"},\"image\":{\"@id\":\"https:\/\/superprintpro.com\/product\/amo-hybrid-uv-inkjet-printer-am3200uvh4k24i-with-4-pieces-konica-km1024i-printhead\/#primaryimage\"},\"thumbnailUrl\":\"https:\/\/superprintpro.com\/wp-content\/uploads\/2025\/08\/amo-hybrid-uv-inkjet-printer-am3200uvh4k24i-with-4-pieces-konica-km1024i-printhead.jpg\",\"datePublished\":\"2025-08-18T08:14:02+00:00\",\"breadcrumb\":{\"@id\":\"https:\/\/superprintpro.com\/product\/amo-hybrid-uv-inkjet-printer-am3200uvh4k24i-with-4-pieces-konica-km1024i-printhead\/#breadcrumb\"},\"inLanguage\":\"de\",\"potentialAction\":[{\"@type\":\"ReadAction\",\"target\":[\"https:\/\/superprintpro.com\/product\/amo-hybrid-uv-inkjet-printer-am3200uvh4k24i-with-4-pieces-konica-km1024i-printhead\/\"]}]},{\"@type\":\"ImageObject\",\"inLanguage\":\"de\",\"@id\":\"https:\/\/superprintpro.com\/product\/amo-hybrid-uv-inkjet-printer-am3200uvh4k24i-with-4-pieces-konica-km1024i-printhead\/#primaryimage\",\"url\":\"https:\/\/superprintpro.com\/wp-content\/uploads\/2025\/08\/amo-hybrid-uv-inkjet-printer-am3200uvh4k24i-with-4-pieces-konica-km1024i-printhead.jpg\",\"contentUrl\":\"https:\/\/superprintpro.com\/wp-content\/uploads\/2025\/08\/amo-hybrid-uv-inkjet-printer-am3200uvh4k24i-with-4-pieces-konica-km1024i-printhead.jpg\",\"width\":610,\"height\":343,\"caption\":\"AMO Hybrid UV Inkjet Printer AM3200UVH4k24i with 4 pieces Konica km1024i printhead\"},{\"@type\":\"BreadcrumbList\",\"@id\":\"https:\/\/superprintpro.com\/product\/amo-hybrid-uv-inkjet-printer-am3200uvh4k24i-with-4-pieces-konica-km1024i-printhead\/#breadcrumb\",\"itemListElement\":[{\"@type\":\"ListItem\",\"position\":1,\"name\":\"\u9996\u9875\",\"item\":\"https:\/\/superprintpro.com\/\"},{\"@type\":\"ListItem\",\"position\":2,\"name\":\"Shop\",\"item\":\"https:\/\/superprintpro.com\/shop\/\"},{\"@type\":\"ListItem\",\"position\":3,\"name\":\"AMO Hybrid UV Inkjet Printer AM3200UVH4k24i with 4 pieces Konica km1024i printhead\"}]},{\"@type\":\"WebSite\",\"@id\":\"https:\/\/superprintpro.com\/#website\",\"url\":\"https:\/\/superprintpro.com\/\",\"name\":\"Amo\",\"description\":\"\",\"potentialAction\":[{\"@type\":\"SearchAction\",\"target\":{\"@type\":\"EntryPoint\",\"urlTemplate\":\"https:\/\/superprintpro.com\/?s={search_term_string}\"},\"query-input\":{\"@type\":\"PropertyValueSpecification\",\"valueRequired\":true,\"valueName\":\"search_term_string\"}}],\"inLanguage\":\"de\"}]}<\/script>\n<!-- \/ Yoast SEO plugin. -->","yoast_head_json":{"title":"AMO Hybrid UV Inkjet Printer AM3200UVH4k24i with 4 pieces Konica km1024i printhead - Amo","robots":{"index":"index","follow":"follow","max-snippet":"max-snippet:-1","max-image-preview":"max-image-preview:large","max-video-preview":"max-video-preview:-1"},"canonical":"https:\/\/superprintpro.com\/de\/produkt\/amo-hybrid-uv-inkjet-printer-am3200uvh4k24i-with-4-pieces-konica-km1024i-printhead\/","og_locale":"de_DE","og_type":"article","og_title":"AMO Hybrid UV Inkjet Printer AM3200UVH4k24i with 4 pieces Konica km1024i printhead - Amo","og_description":"For product details and the latest quotes, please contact our sales manager","og_url":"https:\/\/superprintpro.com\/de\/produkt\/amo-hybrid-uv-inkjet-printer-am3200uvh4k24i-with-4-pieces-konica-km1024i-printhead\/","og_site_name":"Amo","og_image":[{"width":610,"height":343,"url":"https:\/\/superprintpro.com\/wp-content\/uploads\/2025\/08\/amo-hybrid-uv-inkjet-printer-am3200uvh4k24i-with-4-pieces-konica-km1024i-printhead.jpg","type":"image\/jpeg"}],"twitter_card":"summary_large_image","twitter_misc":{"Gesch\u00e4tzte Lesezeit":"1\u00a0Minute"},"schema":{"@context":"https:\/\/schema.org","@graph":[{"@type":"WebPage","@id":"https:\/\/superprintpro.com\/product\/amo-hybrid-uv-inkjet-printer-am3200uvh4k24i-with-4-pieces-konica-km1024i-printhead\/","url":"https:\/\/superprintpro.com\/product\/amo-hybrid-uv-inkjet-printer-am3200uvh4k24i-with-4-pieces-konica-km1024i-printhead\/","name":"AMO Hybrid UV Inkjet Printer AM3200UVH4k24i with 4 pieces Konica km1024i printhead - Amo","isPartOf":{"@id":"https:\/\/superprintpro.com\/#website"},"primaryImageOfPage":{"@id":"https:\/\/superprintpro.com\/product\/amo-hybrid-uv-inkjet-printer-am3200uvh4k24i-with-4-pieces-konica-km1024i-printhead\/#primaryimage"},"image":{"@id":"https:\/\/superprintpro.com\/product\/amo-hybrid-uv-inkjet-printer-am3200uvh4k24i-with-4-pieces-konica-km1024i-printhead\/#primaryimage"},"thumbnailUrl":"https:\/\/superprintpro.com\/wp-content\/uploads\/2025\/08\/amo-hybrid-uv-inkjet-printer-am3200uvh4k24i-with-4-pieces-konica-km1024i-printhead.jpg","datePublished":"2025-08-18T08:14:02+00:00","breadcrumb":{"@id":"https:\/\/superprintpro.com\/product\/amo-hybrid-uv-inkjet-printer-am3200uvh4k24i-with-4-pieces-konica-km1024i-printhead\/#breadcrumb"},"inLanguage":"de","potentialAction":[{"@type":"ReadAction","target":["https:\/\/superprintpro.com\/product\/amo-hybrid-uv-inkjet-printer-am3200uvh4k24i-with-4-pieces-konica-km1024i-printhead\/"]}]},{"@type":"ImageObject","inLanguage":"de","@id":"https:\/\/superprintpro.com\/product\/amo-hybrid-uv-inkjet-printer-am3200uvh4k24i-with-4-pieces-konica-km1024i-printhead\/#primaryimage","url":"https:\/\/superprintpro.com\/wp-content\/uploads\/2025\/08\/amo-hybrid-uv-inkjet-printer-am3200uvh4k24i-with-4-pieces-konica-km1024i-printhead.jpg","contentUrl":"https:\/\/superprintpro.com\/wp-content\/uploads\/2025\/08\/amo-hybrid-uv-inkjet-printer-am3200uvh4k24i-with-4-pieces-konica-km1024i-printhead.jpg","width":610,"height":343,"caption":"AMO Hybrid UV Inkjet Printer AM3200UVH4k24i with 4 pieces Konica km1024i printhead"},{"@type":"BreadcrumbList","@id":"https:\/\/superprintpro.com\/product\/amo-hybrid-uv-inkjet-printer-am3200uvh4k24i-with-4-pieces-konica-km1024i-printhead\/#breadcrumb","itemListElement":[{"@type":"ListItem","position":1,"name":"\u9996\u9875","item":"https:\/\/superprintpro.com\/"},{"@type":"ListItem","position":2,"name":"Shop","item":"https:\/\/superprintpro.com\/shop\/"},{"@type":"ListItem","position":3,"name":"AMO Hybrid UV Inkjet Printer AM3200UVH4k24i with 4 pieces Konica km1024i printhead"}]},{"@type":"WebSite","@id":"https:\/\/superprintpro.com\/#website","url":"https:\/\/superprintpro.com\/","name":"Amo","description":"","potentialAction":[{"@type":"SearchAction","target":{"@type":"EntryPoint","urlTemplate":"https:\/\/superprintpro.com\/?s={search_term_string}"},"query-input":{"@type":"PropertyValueSpecification","valueRequired":true,"valueName":"search_term_string"}}],"inLanguage":"de"}]}},"_links":{"self":[{"href":"https:\/\/superprintpro.com\/de\/wp-json\/wp\/v2\/product\/30250","targetHints":{"allow":["GET"]}}],"collection":[{"href":"https:\/\/superprintpro.com\/de\/wp-json\/wp\/v2\/product"}],"about":[{"href":"https:\/\/superprintpro.com\/de\/wp-json\/wp\/v2\/types\/product"}],"replies":[{"embeddable":true,"href":"https:\/\/superprintpro.com\/de\/wp-json\/wp\/v2\/comments?post=30250"}],"version-history":[{"count":1,"href":"https:\/\/superprintpro.com\/de\/wp-json\/wp\/v2\/product\/30250\/revisions"}],"predecessor-version":[{"id":30252,"href":"https:\/\/superprintpro.com\/de\/wp-json\/wp\/v2\/product\/30250\/revisions\/30252"}],"wp:featuredmedia":[{"embeddable":true,"href":"https:\/\/superprintpro.com\/de\/wp-json\/wp\/v2\/media\/30251"}],"wp:attachment":[{"href":"https:\/\/superprintpro.com\/de\/wp-json\/wp\/v2\/media?parent=30250"}],"wp:term":[{"taxonomy":"product_brand","embeddable":true,"href":"https:\/\/superprintpro.com\/de\/wp-json\/wp\/v2\/product_brand?post=30250"},{"taxonomy":"product_cat","embeddable":true,"href":"https:\/\/superprintpro.com\/de\/wp-json\/wp\/v2\/product_cat?post=30250"},{"taxonomy":"product_tag","embeddable":true,"href":"https:\/\/superprintpro.com\/de\/wp-json\/wp\/v2\/product_tag?post=30250"}],"curies":[{"name":"wp","href":"https:\/\/api.w.org\/{rel}","templated":true}]}}