{"id":30227,"date":"2025-08-18T15:50:24","date_gmt":"2025-08-18T07:50:24","guid":{"rendered":"https:\/\/superprintpro.com\/?post_type=product&#038;p=30227"},"modified":"2025-08-18T15:50:24","modified_gmt":"2025-08-18T07:50:24","slug":"amo-uv-flatbed-inkjet-printer-am3020uvb8g6-with-8-pieces-ricoh-gen6-printheads","status":"publish","type":"product","link":"https:\/\/superprintpro.com\/de\/produkt\/amo-uv-flatbed-inkjet-printer-am3020uvb8g6-with-8-pieces-ricoh-gen6-printheads\/","title":{"rendered":"AMO UV-Flachbett-Tintenstrahldrucker AM3020UVB8G6 mit 8 St\u00fcck Ricoh Gen6 Druckk\u00f6pfen"},"content":{"rendered":"<p>AMO UV-Flachbett-Tintenstrahldrucker AM3020UVB8G6 mit 8 St\u00fcck Ricoh Gen6 Druckk\u00f6pfen<\/p>\n<p>1. Ausgestattet mit 8 St\u00fcck Ricoh G6<br \/>\n2. mit ger\u00e4uscharmer linearer F\u00fchrungsschiene und Schieber und hochpr\u00e4zisem Motor ausgestattet<br \/>\n3. Automatische hochpr\u00e4zise H\u00f6henmessvorrichtung. Ausgestattet mit Anti-Kollision Ger\u00e4t f\u00fcr den Druckkopf in 2 Seiten;<br \/>\n4. Ein-Knopf-Automatik-Positionierung Funktion ausgestattet f\u00fcr leichtere Druck auf Brett von gr\u00f6\u00dferer Gr\u00f6\u00dfe, bequemer und einfach von einer Person zu bedienen;<br \/>\n5. Hohe Leistung elektrostatische Eliminator, effektiv zu beseitigen statische Elektrizit\u00e4t auf den Druckmaterialien, beseitigen statische Elektrizit\u00e4t durch fliegende Tinte oder un-Clearance im Druck verursacht.<br \/>\n6. Druckkopf automatische Flash-Spr\u00fchfunktion, im Standby-Zustand werden die D\u00fcsen des Druckkopfes alle 2 Stunden automatisch gespr\u00fcht, um ein Austrocknen der D\u00fcsen zu vermeiden;<br \/>\n7. sekund\u00e4re Patrone konstante Temperatur Heizfunktion, wei\u00dfe Tinte innere Zirkulation Funktion, verhindern wei\u00dfe Tinte Niederschlag, verbessern Tinte flie\u00dfend, reduzieren die M\u00f6glichkeit der Verstopfung;<br \/>\n8 Ein manueller mechanischer Ventilschalter verhindert, dass Tinte zur\u00fcckflie\u00dft, wenn das Ger\u00e4t ausgeschaltet ist, und spart dadurch mehr Tinte;<br \/>\n9.3-4.5Kw Hochleistungs-Turbinen-Sauggebl\u00e4se, ausgestattet mit Schalld\u00e4mpfer, bietet starke Saugleistung und leise Umgebung<\/p>\n<p>Parameter der Maschine<br \/>\nMaximale Druckbreite: 300cm*200cm<br \/>\nDruckh\u00f6he: 150mm bis 300mm anpassbar<br \/>\nDruckkopf: 8 St\u00fcck Ricoh Gen6 Druckk\u00f6pfe<br \/>\nDruckgeschwindigkeit: 12-45m\u00b2\/h<br \/>\nMaterial: Es k\u00f6nnen fast alle Flachbettmaterialien, dreidimensionale, konkave und konvexe weiche und harte Materialien bedruckt werden, zum Beispiel:<br \/>\nAcrylplatten, Metallplatten, Glas, Holzplatten, keramische Bodenplatten, Kunststoffleder, Textilien, etc.<br \/>\nTapete, PC\/PE\/PVC<br \/>\nLeistung: AC220\/110\u00b110.50HZ~60HZ,4500W\/6000W<br \/>\nMaschinengr\u00f6\u00dfe\/Verpackungsgr\u00f6\u00dfe:L4600mm*W2688mm*H1450mmL \/ 4910mm*W3288mm*H1660mm<br \/>\nNetto-\/Bruttogewicht1760kg\/2050kg<\/p>","protected":false},"excerpt":{"rendered":"<p>F\u00fcr Einzelheiten zu den Produkten und aktuelle Angebote wenden Sie sich bitte an unseren Verkaufsleiter<\/p>","protected":false},"featured_media":30228,"comment_status":"open","ping_status":"closed","template":"","meta":[],"product_brand":[],"product_cat":[111],"product_tag":[],"class_list":{"0":"post-30227","1":"product","2":"type-product","3":"status-publish","4":"has-post-thumbnail","6":"product_cat-with-ricoh-gen6-printhead","8":"first","9":"instock","10":"shipping-taxable","11":"purchasable","12":"product-type-simple"},"yoast_head":"<!-- This site is optimized with the Yoast SEO plugin v26.9 - https:\/\/yoast.com\/product\/yoast-seo-wordpress\/ -->\n<title>AMO UV Flatbed Inkjet Printer AM3020UVB8G6 with 8 pieces Ricoh Gen6 Printheads - Amo<\/title>\n<meta name=\"robots\" content=\"index, follow, max-snippet:-1, max-image-preview:large, max-video-preview:-1\" \/>\n<link rel=\"canonical\" href=\"https:\/\/superprintpro.com\/de\/produkt\/amo-uv-flatbed-inkjet-printer-am3020uvb8g6-with-8-pieces-ricoh-gen6-printheads\/\" \/>\n<meta property=\"og:locale\" content=\"de_DE\" \/>\n<meta property=\"og:type\" content=\"article\" \/>\n<meta property=\"og:title\" content=\"AMO UV Flatbed Inkjet Printer AM3020UVB8G6 with 8 pieces Ricoh Gen6 Printheads - Amo\" \/>\n<meta property=\"og:description\" content=\"For product details and the latest quotes, please contact our sales manager\" \/>\n<meta property=\"og:url\" content=\"https:\/\/superprintpro.com\/de\/produkt\/amo-uv-flatbed-inkjet-printer-am3020uvb8g6-with-8-pieces-ricoh-gen6-printheads\/\" \/>\n<meta property=\"og:site_name\" content=\"Amo\" \/>\n<meta property=\"og:image\" content=\"https:\/\/superprintpro.com\/wp-content\/uploads\/2025\/08\/amo-uv-flatbed-inkjet-printer-am3020uvb8g6-with-8-pieces-ricoh-gen6-printheads.jpg\" \/>\n\t<meta property=\"og:image:width\" content=\"800\" \/>\n\t<meta property=\"og:image:height\" content=\"548\" \/>\n\t<meta property=\"og:image:type\" content=\"image\/jpeg\" \/>\n<meta name=\"twitter:card\" content=\"summary_large_image\" \/>\n<meta name=\"twitter:label1\" content=\"Gesch\u00e4tzte Lesezeit\" \/>\n\t<meta name=\"twitter:data1\" content=\"1\u00a0Minute\" \/>\n<script type=\"application\/ld+json\" class=\"yoast-schema-graph\">{\"@context\":\"https:\/\/schema.org\",\"@graph\":[{\"@type\":\"WebPage\",\"@id\":\"https:\/\/superprintpro.com\/product\/amo-uv-flatbed-inkjet-printer-am3020uvb8g6-with-8-pieces-ricoh-gen6-printheads\/\",\"url\":\"https:\/\/superprintpro.com\/product\/amo-uv-flatbed-inkjet-printer-am3020uvb8g6-with-8-pieces-ricoh-gen6-printheads\/\",\"name\":\"AMO UV Flatbed Inkjet Printer AM3020UVB8G6 with 8 pieces Ricoh Gen6 Printheads - Amo\",\"isPartOf\":{\"@id\":\"https:\/\/superprintpro.com\/#website\"},\"primaryImageOfPage\":{\"@id\":\"https:\/\/superprintpro.com\/product\/amo-uv-flatbed-inkjet-printer-am3020uvb8g6-with-8-pieces-ricoh-gen6-printheads\/#primaryimage\"},\"image\":{\"@id\":\"https:\/\/superprintpro.com\/product\/amo-uv-flatbed-inkjet-printer-am3020uvb8g6-with-8-pieces-ricoh-gen6-printheads\/#primaryimage\"},\"thumbnailUrl\":\"https:\/\/superprintpro.com\/wp-content\/uploads\/2025\/08\/amo-uv-flatbed-inkjet-printer-am3020uvb8g6-with-8-pieces-ricoh-gen6-printheads.jpg\",\"datePublished\":\"2025-08-18T07:50:24+00:00\",\"breadcrumb\":{\"@id\":\"https:\/\/superprintpro.com\/product\/amo-uv-flatbed-inkjet-printer-am3020uvb8g6-with-8-pieces-ricoh-gen6-printheads\/#breadcrumb\"},\"inLanguage\":\"de\",\"potentialAction\":[{\"@type\":\"ReadAction\",\"target\":[\"https:\/\/superprintpro.com\/product\/amo-uv-flatbed-inkjet-printer-am3020uvb8g6-with-8-pieces-ricoh-gen6-printheads\/\"]}]},{\"@type\":\"ImageObject\",\"inLanguage\":\"de\",\"@id\":\"https:\/\/superprintpro.com\/product\/amo-uv-flatbed-inkjet-printer-am3020uvb8g6-with-8-pieces-ricoh-gen6-printheads\/#primaryimage\",\"url\":\"https:\/\/superprintpro.com\/wp-content\/uploads\/2025\/08\/amo-uv-flatbed-inkjet-printer-am3020uvb8g6-with-8-pieces-ricoh-gen6-printheads.jpg\",\"contentUrl\":\"https:\/\/superprintpro.com\/wp-content\/uploads\/2025\/08\/amo-uv-flatbed-inkjet-printer-am3020uvb8g6-with-8-pieces-ricoh-gen6-printheads.jpg\",\"width\":800,\"height\":548,\"caption\":\"AMO UV Flatbed Inkjet Printer AM3020UVB8G6 with 8 pieces Ricoh Gen6 Printheads\"},{\"@type\":\"BreadcrumbList\",\"@id\":\"https:\/\/superprintpro.com\/product\/amo-uv-flatbed-inkjet-printer-am3020uvb8g6-with-8-pieces-ricoh-gen6-printheads\/#breadcrumb\",\"itemListElement\":[{\"@type\":\"ListItem\",\"position\":1,\"name\":\"\u9996\u9875\",\"item\":\"https:\/\/superprintpro.com\/\"},{\"@type\":\"ListItem\",\"position\":2,\"name\":\"Shop\",\"item\":\"https:\/\/superprintpro.com\/shop\/\"},{\"@type\":\"ListItem\",\"position\":3,\"name\":\"AMO UV Flatbed Inkjet Printer AM3020UVB8G6 with 8 pieces Ricoh Gen6 Printheads\"}]},{\"@type\":\"WebSite\",\"@id\":\"https:\/\/superprintpro.com\/#website\",\"url\":\"https:\/\/superprintpro.com\/\",\"name\":\"Amo\",\"description\":\"\",\"potentialAction\":[{\"@type\":\"SearchAction\",\"target\":{\"@type\":\"EntryPoint\",\"urlTemplate\":\"https:\/\/superprintpro.com\/?s={search_term_string}\"},\"query-input\":{\"@type\":\"PropertyValueSpecification\",\"valueRequired\":true,\"valueName\":\"search_term_string\"}}],\"inLanguage\":\"de\"}]}<\/script>\n<!-- \/ Yoast SEO plugin. -->","yoast_head_json":{"title":"AMO UV Flatbed Inkjet Printer AM3020UVB8G6 with 8 pieces Ricoh Gen6 Printheads - Amo","robots":{"index":"index","follow":"follow","max-snippet":"max-snippet:-1","max-image-preview":"max-image-preview:large","max-video-preview":"max-video-preview:-1"},"canonical":"https:\/\/superprintpro.com\/de\/produkt\/amo-uv-flatbed-inkjet-printer-am3020uvb8g6-with-8-pieces-ricoh-gen6-printheads\/","og_locale":"de_DE","og_type":"article","og_title":"AMO UV Flatbed Inkjet Printer AM3020UVB8G6 with 8 pieces Ricoh Gen6 Printheads - Amo","og_description":"For product details and the latest quotes, please contact our sales manager","og_url":"https:\/\/superprintpro.com\/de\/produkt\/amo-uv-flatbed-inkjet-printer-am3020uvb8g6-with-8-pieces-ricoh-gen6-printheads\/","og_site_name":"Amo","og_image":[{"width":800,"height":548,"url":"https:\/\/superprintpro.com\/wp-content\/uploads\/2025\/08\/amo-uv-flatbed-inkjet-printer-am3020uvb8g6-with-8-pieces-ricoh-gen6-printheads.jpg","type":"image\/jpeg"}],"twitter_card":"summary_large_image","twitter_misc":{"Gesch\u00e4tzte Lesezeit":"1\u00a0Minute"},"schema":{"@context":"https:\/\/schema.org","@graph":[{"@type":"WebPage","@id":"https:\/\/superprintpro.com\/product\/amo-uv-flatbed-inkjet-printer-am3020uvb8g6-with-8-pieces-ricoh-gen6-printheads\/","url":"https:\/\/superprintpro.com\/product\/amo-uv-flatbed-inkjet-printer-am3020uvb8g6-with-8-pieces-ricoh-gen6-printheads\/","name":"AMO UV Flatbed Inkjet Printer AM3020UVB8G6 with 8 pieces Ricoh Gen6 Printheads - Amo","isPartOf":{"@id":"https:\/\/superprintpro.com\/#website"},"primaryImageOfPage":{"@id":"https:\/\/superprintpro.com\/product\/amo-uv-flatbed-inkjet-printer-am3020uvb8g6-with-8-pieces-ricoh-gen6-printheads\/#primaryimage"},"image":{"@id":"https:\/\/superprintpro.com\/product\/amo-uv-flatbed-inkjet-printer-am3020uvb8g6-with-8-pieces-ricoh-gen6-printheads\/#primaryimage"},"thumbnailUrl":"https:\/\/superprintpro.com\/wp-content\/uploads\/2025\/08\/amo-uv-flatbed-inkjet-printer-am3020uvb8g6-with-8-pieces-ricoh-gen6-printheads.jpg","datePublished":"2025-08-18T07:50:24+00:00","breadcrumb":{"@id":"https:\/\/superprintpro.com\/product\/amo-uv-flatbed-inkjet-printer-am3020uvb8g6-with-8-pieces-ricoh-gen6-printheads\/#breadcrumb"},"inLanguage":"de","potentialAction":[{"@type":"ReadAction","target":["https:\/\/superprintpro.com\/product\/amo-uv-flatbed-inkjet-printer-am3020uvb8g6-with-8-pieces-ricoh-gen6-printheads\/"]}]},{"@type":"ImageObject","inLanguage":"de","@id":"https:\/\/superprintpro.com\/product\/amo-uv-flatbed-inkjet-printer-am3020uvb8g6-with-8-pieces-ricoh-gen6-printheads\/#primaryimage","url":"https:\/\/superprintpro.com\/wp-content\/uploads\/2025\/08\/amo-uv-flatbed-inkjet-printer-am3020uvb8g6-with-8-pieces-ricoh-gen6-printheads.jpg","contentUrl":"https:\/\/superprintpro.com\/wp-content\/uploads\/2025\/08\/amo-uv-flatbed-inkjet-printer-am3020uvb8g6-with-8-pieces-ricoh-gen6-printheads.jpg","width":800,"height":548,"caption":"AMO UV Flatbed Inkjet Printer AM3020UVB8G6 with 8 pieces Ricoh Gen6 Printheads"},{"@type":"BreadcrumbList","@id":"https:\/\/superprintpro.com\/product\/amo-uv-flatbed-inkjet-printer-am3020uvb8g6-with-8-pieces-ricoh-gen6-printheads\/#breadcrumb","itemListElement":[{"@type":"ListItem","position":1,"name":"\u9996\u9875","item":"https:\/\/superprintpro.com\/"},{"@type":"ListItem","position":2,"name":"Shop","item":"https:\/\/superprintpro.com\/shop\/"},{"@type":"ListItem","position":3,"name":"AMO UV Flatbed Inkjet Printer AM3020UVB8G6 with 8 pieces Ricoh Gen6 Printheads"}]},{"@type":"WebSite","@id":"https:\/\/superprintpro.com\/#website","url":"https:\/\/superprintpro.com\/","name":"Amo","description":"","potentialAction":[{"@type":"SearchAction","target":{"@type":"EntryPoint","urlTemplate":"https:\/\/superprintpro.com\/?s={search_term_string}"},"query-input":{"@type":"PropertyValueSpecification","valueRequired":true,"valueName":"search_term_string"}}],"inLanguage":"de"}]}},"_links":{"self":[{"href":"https:\/\/superprintpro.com\/de\/wp-json\/wp\/v2\/product\/30227","targetHints":{"allow":["GET"]}}],"collection":[{"href":"https:\/\/superprintpro.com\/de\/wp-json\/wp\/v2\/product"}],"about":[{"href":"https:\/\/superprintpro.com\/de\/wp-json\/wp\/v2\/types\/product"}],"replies":[{"embeddable":true,"href":"https:\/\/superprintpro.com\/de\/wp-json\/wp\/v2\/comments?post=30227"}],"version-history":[{"count":1,"href":"https:\/\/superprintpro.com\/de\/wp-json\/wp\/v2\/product\/30227\/revisions"}],"predecessor-version":[{"id":30229,"href":"https:\/\/superprintpro.com\/de\/wp-json\/wp\/v2\/product\/30227\/revisions\/30229"}],"wp:featuredmedia":[{"embeddable":true,"href":"https:\/\/superprintpro.com\/de\/wp-json\/wp\/v2\/media\/30228"}],"wp:attachment":[{"href":"https:\/\/superprintpro.com\/de\/wp-json\/wp\/v2\/media?parent=30227"}],"wp:term":[{"taxonomy":"product_brand","embeddable":true,"href":"https:\/\/superprintpro.com\/de\/wp-json\/wp\/v2\/product_brand?post=30227"},{"taxonomy":"product_cat","embeddable":true,"href":"https:\/\/superprintpro.com\/de\/wp-json\/wp\/v2\/product_cat?post=30227"},{"taxonomy":"product_tag","embeddable":true,"href":"https:\/\/superprintpro.com\/de\/wp-json\/wp\/v2\/product_tag?post=30227"}],"curies":[{"name":"wp","href":"https:\/\/api.w.org\/{rel}","templated":true}]}}