{"id":30185,"date":"2025-08-18T15:11:00","date_gmt":"2025-08-18T07:11:00","guid":{"rendered":"https:\/\/superprintpro.com\/?post_type=product&#038;p=30185"},"modified":"2025-08-18T15:11:00","modified_gmt":"2025-08-18T07:11:00","slug":"amo-uv-flatbed-printer-am9060uvb3xp-with-3-heads-xp600-heads","status":"publish","type":"product","link":"https:\/\/superprintpro.com\/de\/produkt\/amo-uv-flatbed-printer-am9060uvb3xp-with-3-heads-xp600-heads\/","title":{"rendered":"AMO UV-Flachbettdrucker AM9060UVB3XP mit 3 K\u00f6pfen XP600 K\u00f6pfe"},"content":{"rendered":"<p>AMO UV-Flachbettdrucker AM9060UVB3XP mit 3 K\u00f6pfen XP600 K\u00f6pfe<\/p>\n<p>(dieses Modell ohne AI Visual System)<\/p>\n<p>Der Flachbettdrucker 9060UV ist ein beliebtes Druckger\u00e4t auf dem Markt, das sich durch zahlreiche Vorteile und leistungsstarke Funktionen auszeichnet. Ausgestattet mit dem piezoelektrischen Druckkopf XP600 von Epson und einem UV-gesteuerten Aush\u00e4rteger\u00e4t, trocknet er sofort unter ultraviolettem Licht, sodass keine zus\u00e4tzlichen Trocknungsprozesse erforderlich sind. Der Flachbettdrucker 9060 ist in verschiedenen Branchen wie Werbung, Dekoration, Verpackung und Elektronik weit verbreitet. Er kann Produkte aus verschiedenen Materialien bedrucken, z. B. Fliesen, Glas, Acryl, Holzplatten, Metall und Leder. Dar\u00fcber hinaus kann er ma\u00dfgeschneiderte Dienstleistungen anbieten, um die individuellen Bed\u00fcrfnisse der Kunden zu erf\u00fcllen.<\/p>\n<p>Parameter der Maschine<br \/>\nDruckkopf: Epson XP600 3 K\u00f6pfe<br \/>\nDrucksystem : Hoson<br \/>\nDruckgr\u00f6\u00dfe: 900mmx600mm<br \/>\nTintenart: UV-Tinte<br \/>\nFarbe: CMYK WV<br \/>\nMedientyp: Flachkarton, Zylindermaterialien<br \/>\nTintenversorgung: Siphon-Tintenversorgung<br \/>\nWartung des Druckkopfes :Automatisches Reinigungssystem f\u00fcr die D\u00fcsen des Druckkopfes mit einem Knopfdruck<br \/>\nRip-Software: Maintop PP RIIN<br \/>\nDatenschnittstelle: Gigabit-\u00dcbertragung mit zwei Netzwerkanschl\u00fcssen<br \/>\nDrei-Stationen-Druckmodus:<br \/>\n1: Station Teller<br \/>\n2: Rollenstation<br \/>\n3: Zylinderstation<\/p>\n<p>Druckkopfh\u00f6he Z : Automatische H\u00f6henmessung der Z-Achse<br \/>\nDrucker-Infos<br \/>\nBetriebsspannung :220v AC<br \/>\nLeistung 4500W<br \/>\nArbeitsumgebung :<br \/>\nNormale Arbeitstemperatur:22-28\u2103\/Luftfeuchtigkeit:40%-60%<br \/>\nGr\u00f6\u00dfe der Maschine 2000MM*1420MM*1045MM<br \/>\nAbmessungen der Verpackung 2140MM*1660MM*1160MM<\/p>","protected":false},"excerpt":{"rendered":"<p>F\u00fcr Einzelheiten zu den Produkten und aktuelle Angebote wenden Sie sich bitte an unseren Verkaufsleiter<\/p>","protected":false},"featured_media":30186,"comment_status":"open","ping_status":"closed","template":"","meta":[],"product_brand":[],"product_cat":[109],"product_tag":[],"class_list":{"0":"post-30185","1":"product","2":"type-product","3":"status-publish","4":"has-post-thumbnail","6":"product_cat-with-xp600-printhead-uv-flatbed-printers","8":"first","9":"instock","10":"shipping-taxable","11":"purchasable","12":"product-type-simple"},"yoast_head":"<!-- This site is optimized with the Yoast SEO plugin v26.9 - https:\/\/yoast.com\/product\/yoast-seo-wordpress\/ -->\n<title>AMO UV Flatbed Printer AM9060UVB3XP with 3 heads XP600 heads - Amo<\/title>\n<meta name=\"robots\" content=\"index, follow, max-snippet:-1, max-image-preview:large, max-video-preview:-1\" \/>\n<link rel=\"canonical\" href=\"https:\/\/superprintpro.com\/de\/produkt\/amo-uv-flatbed-printer-am9060uvb3xp-with-3-heads-xp600-heads\/\" \/>\n<meta property=\"og:locale\" content=\"de_DE\" \/>\n<meta property=\"og:type\" content=\"article\" \/>\n<meta property=\"og:title\" content=\"AMO UV Flatbed Printer AM9060UVB3XP with 3 heads XP600 heads - Amo\" \/>\n<meta property=\"og:description\" content=\"For product details and the latest quotes, please contact our sales manager\" \/>\n<meta property=\"og:url\" content=\"https:\/\/superprintpro.com\/de\/produkt\/amo-uv-flatbed-printer-am9060uvb3xp-with-3-heads-xp600-heads\/\" \/>\n<meta property=\"og:site_name\" content=\"Amo\" \/>\n<meta property=\"og:image\" content=\"https:\/\/superprintpro.com\/wp-content\/uploads\/2025\/08\/amo-uv-flatbed-printer-am9060uvb3xp-with-3-heads-xp600-heads.jpg\" \/>\n\t<meta property=\"og:image:width\" content=\"630\" \/>\n\t<meta property=\"og:image:height\" content=\"354\" \/>\n\t<meta property=\"og:image:type\" content=\"image\/jpeg\" \/>\n<meta name=\"twitter:card\" content=\"summary_large_image\" \/>\n<meta name=\"twitter:label1\" content=\"Gesch\u00e4tzte Lesezeit\" \/>\n\t<meta name=\"twitter:data1\" content=\"1\u00a0Minute\" \/>\n<script type=\"application\/ld+json\" class=\"yoast-schema-graph\">{\"@context\":\"https:\/\/schema.org\",\"@graph\":[{\"@type\":\"WebPage\",\"@id\":\"https:\/\/superprintpro.com\/product\/amo-uv-flatbed-printer-am9060uvb3xp-with-3-heads-xp600-heads\/\",\"url\":\"https:\/\/superprintpro.com\/product\/amo-uv-flatbed-printer-am9060uvb3xp-with-3-heads-xp600-heads\/\",\"name\":\"AMO UV Flatbed Printer AM9060UVB3XP with 3 heads XP600 heads - Amo\",\"isPartOf\":{\"@id\":\"https:\/\/superprintpro.com\/#website\"},\"primaryImageOfPage\":{\"@id\":\"https:\/\/superprintpro.com\/product\/amo-uv-flatbed-printer-am9060uvb3xp-with-3-heads-xp600-heads\/#primaryimage\"},\"image\":{\"@id\":\"https:\/\/superprintpro.com\/product\/amo-uv-flatbed-printer-am9060uvb3xp-with-3-heads-xp600-heads\/#primaryimage\"},\"thumbnailUrl\":\"https:\/\/superprintpro.com\/wp-content\/uploads\/2025\/08\/amo-uv-flatbed-printer-am9060uvb3xp-with-3-heads-xp600-heads.jpg\",\"datePublished\":\"2025-08-18T07:11:00+00:00\",\"breadcrumb\":{\"@id\":\"https:\/\/superprintpro.com\/product\/amo-uv-flatbed-printer-am9060uvb3xp-with-3-heads-xp600-heads\/#breadcrumb\"},\"inLanguage\":\"de\",\"potentialAction\":[{\"@type\":\"ReadAction\",\"target\":[\"https:\/\/superprintpro.com\/product\/amo-uv-flatbed-printer-am9060uvb3xp-with-3-heads-xp600-heads\/\"]}]},{\"@type\":\"ImageObject\",\"inLanguage\":\"de\",\"@id\":\"https:\/\/superprintpro.com\/product\/amo-uv-flatbed-printer-am9060uvb3xp-with-3-heads-xp600-heads\/#primaryimage\",\"url\":\"https:\/\/superprintpro.com\/wp-content\/uploads\/2025\/08\/amo-uv-flatbed-printer-am9060uvb3xp-with-3-heads-xp600-heads.jpg\",\"contentUrl\":\"https:\/\/superprintpro.com\/wp-content\/uploads\/2025\/08\/amo-uv-flatbed-printer-am9060uvb3xp-with-3-heads-xp600-heads.jpg\",\"width\":630,\"height\":354,\"caption\":\"AMO UV Flatbed Printer AM9060UVB3XP with 3 heads XP600 heads\"},{\"@type\":\"BreadcrumbList\",\"@id\":\"https:\/\/superprintpro.com\/product\/amo-uv-flatbed-printer-am9060uvb3xp-with-3-heads-xp600-heads\/#breadcrumb\",\"itemListElement\":[{\"@type\":\"ListItem\",\"position\":1,\"name\":\"\u9996\u9875\",\"item\":\"https:\/\/superprintpro.com\/\"},{\"@type\":\"ListItem\",\"position\":2,\"name\":\"Shop\",\"item\":\"https:\/\/superprintpro.com\/shop\/\"},{\"@type\":\"ListItem\",\"position\":3,\"name\":\"AMO UV Flatbed Printer AM9060UVB3XP with 3 heads XP600 heads\"}]},{\"@type\":\"WebSite\",\"@id\":\"https:\/\/superprintpro.com\/#website\",\"url\":\"https:\/\/superprintpro.com\/\",\"name\":\"Amo\",\"description\":\"\",\"potentialAction\":[{\"@type\":\"SearchAction\",\"target\":{\"@type\":\"EntryPoint\",\"urlTemplate\":\"https:\/\/superprintpro.com\/?s={search_term_string}\"},\"query-input\":{\"@type\":\"PropertyValueSpecification\",\"valueRequired\":true,\"valueName\":\"search_term_string\"}}],\"inLanguage\":\"de\"}]}<\/script>\n<!-- \/ Yoast SEO plugin. -->","yoast_head_json":{"title":"AMO UV Flatbed Printer AM9060UVB3XP with 3 heads XP600 heads - Amo","robots":{"index":"index","follow":"follow","max-snippet":"max-snippet:-1","max-image-preview":"max-image-preview:large","max-video-preview":"max-video-preview:-1"},"canonical":"https:\/\/superprintpro.com\/de\/produkt\/amo-uv-flatbed-printer-am9060uvb3xp-with-3-heads-xp600-heads\/","og_locale":"de_DE","og_type":"article","og_title":"AMO UV Flatbed Printer AM9060UVB3XP with 3 heads XP600 heads - Amo","og_description":"For product details and the latest quotes, please contact our sales manager","og_url":"https:\/\/superprintpro.com\/de\/produkt\/amo-uv-flatbed-printer-am9060uvb3xp-with-3-heads-xp600-heads\/","og_site_name":"Amo","og_image":[{"width":630,"height":354,"url":"https:\/\/superprintpro.com\/wp-content\/uploads\/2025\/08\/amo-uv-flatbed-printer-am9060uvb3xp-with-3-heads-xp600-heads.jpg","type":"image\/jpeg"}],"twitter_card":"summary_large_image","twitter_misc":{"Gesch\u00e4tzte Lesezeit":"1\u00a0Minute"},"schema":{"@context":"https:\/\/schema.org","@graph":[{"@type":"WebPage","@id":"https:\/\/superprintpro.com\/product\/amo-uv-flatbed-printer-am9060uvb3xp-with-3-heads-xp600-heads\/","url":"https:\/\/superprintpro.com\/product\/amo-uv-flatbed-printer-am9060uvb3xp-with-3-heads-xp600-heads\/","name":"AMO UV Flatbed Printer AM9060UVB3XP with 3 heads XP600 heads - Amo","isPartOf":{"@id":"https:\/\/superprintpro.com\/#website"},"primaryImageOfPage":{"@id":"https:\/\/superprintpro.com\/product\/amo-uv-flatbed-printer-am9060uvb3xp-with-3-heads-xp600-heads\/#primaryimage"},"image":{"@id":"https:\/\/superprintpro.com\/product\/amo-uv-flatbed-printer-am9060uvb3xp-with-3-heads-xp600-heads\/#primaryimage"},"thumbnailUrl":"https:\/\/superprintpro.com\/wp-content\/uploads\/2025\/08\/amo-uv-flatbed-printer-am9060uvb3xp-with-3-heads-xp600-heads.jpg","datePublished":"2025-08-18T07:11:00+00:00","breadcrumb":{"@id":"https:\/\/superprintpro.com\/product\/amo-uv-flatbed-printer-am9060uvb3xp-with-3-heads-xp600-heads\/#breadcrumb"},"inLanguage":"de","potentialAction":[{"@type":"ReadAction","target":["https:\/\/superprintpro.com\/product\/amo-uv-flatbed-printer-am9060uvb3xp-with-3-heads-xp600-heads\/"]}]},{"@type":"ImageObject","inLanguage":"de","@id":"https:\/\/superprintpro.com\/product\/amo-uv-flatbed-printer-am9060uvb3xp-with-3-heads-xp600-heads\/#primaryimage","url":"https:\/\/superprintpro.com\/wp-content\/uploads\/2025\/08\/amo-uv-flatbed-printer-am9060uvb3xp-with-3-heads-xp600-heads.jpg","contentUrl":"https:\/\/superprintpro.com\/wp-content\/uploads\/2025\/08\/amo-uv-flatbed-printer-am9060uvb3xp-with-3-heads-xp600-heads.jpg","width":630,"height":354,"caption":"AMO UV Flatbed Printer AM9060UVB3XP with 3 heads XP600 heads"},{"@type":"BreadcrumbList","@id":"https:\/\/superprintpro.com\/product\/amo-uv-flatbed-printer-am9060uvb3xp-with-3-heads-xp600-heads\/#breadcrumb","itemListElement":[{"@type":"ListItem","position":1,"name":"\u9996\u9875","item":"https:\/\/superprintpro.com\/"},{"@type":"ListItem","position":2,"name":"Shop","item":"https:\/\/superprintpro.com\/shop\/"},{"@type":"ListItem","position":3,"name":"AMO UV Flatbed Printer AM9060UVB3XP with 3 heads XP600 heads"}]},{"@type":"WebSite","@id":"https:\/\/superprintpro.com\/#website","url":"https:\/\/superprintpro.com\/","name":"Amo","description":"","potentialAction":[{"@type":"SearchAction","target":{"@type":"EntryPoint","urlTemplate":"https:\/\/superprintpro.com\/?s={search_term_string}"},"query-input":{"@type":"PropertyValueSpecification","valueRequired":true,"valueName":"search_term_string"}}],"inLanguage":"de"}]}},"_links":{"self":[{"href":"https:\/\/superprintpro.com\/de\/wp-json\/wp\/v2\/product\/30185","targetHints":{"allow":["GET"]}}],"collection":[{"href":"https:\/\/superprintpro.com\/de\/wp-json\/wp\/v2\/product"}],"about":[{"href":"https:\/\/superprintpro.com\/de\/wp-json\/wp\/v2\/types\/product"}],"replies":[{"embeddable":true,"href":"https:\/\/superprintpro.com\/de\/wp-json\/wp\/v2\/comments?post=30185"}],"version-history":[{"count":1,"href":"https:\/\/superprintpro.com\/de\/wp-json\/wp\/v2\/product\/30185\/revisions"}],"predecessor-version":[{"id":30187,"href":"https:\/\/superprintpro.com\/de\/wp-json\/wp\/v2\/product\/30185\/revisions\/30187"}],"wp:featuredmedia":[{"embeddable":true,"href":"https:\/\/superprintpro.com\/de\/wp-json\/wp\/v2\/media\/30186"}],"wp:attachment":[{"href":"https:\/\/superprintpro.com\/de\/wp-json\/wp\/v2\/media?parent=30185"}],"wp:term":[{"taxonomy":"product_brand","embeddable":true,"href":"https:\/\/superprintpro.com\/de\/wp-json\/wp\/v2\/product_brand?post=30185"},{"taxonomy":"product_cat","embeddable":true,"href":"https:\/\/superprintpro.com\/de\/wp-json\/wp\/v2\/product_cat?post=30185"},{"taxonomy":"product_tag","embeddable":true,"href":"https:\/\/superprintpro.com\/de\/wp-json\/wp\/v2\/product_tag?post=30185"}],"curies":[{"name":"wp","href":"https:\/\/api.w.org\/{rel}","templated":true}]}}