{"id":30160,"date":"2025-08-18T14:36:39","date_gmt":"2025-08-18T06:36:39","guid":{"rendered":"https:\/\/superprintpro.com\/?post_type=product&#038;p=30160"},"modified":"2025-08-18T14:36:39","modified_gmt":"2025-08-18T06:36:39","slug":"amo-uv-inkjet-printer-am3200uv4k24i-es-3-2meters-with-4-konica-1024i-printheads","status":"publish","type":"product","link":"https:\/\/superprintpro.com\/de\/produkt\/amo-uv-inkjet-printer-am3200uv4k24i-es-3-2meters-with-4-konica-1024i-printheads\/","title":{"rendered":"AMO UV-Tintenstrahldrucker AM3200UV4k24i-ES 3,2 Meter mit 4 Konica 1024i Druckk\u00f6pfen"},"content":{"rendered":"<p>AMO UV-Tintenstrahldrucker AM3200UV4k24i-ES 3,2 Meter mit 4 Konica 1024i Druckk\u00f6pfen<\/p>\n<p>Amo Soft and Elastic Film UV Inkjet Drucker AM3200UV4k24i-ES mit 4 Konica KM1024i Druckk\u00f6pfen<\/p>\n<p>Diese Serie kann nicht auf sehr weiche und elastische Materialien wie Weichfolien gedruckt werden, aber sie ist sehr wirtschaftlich f\u00fcr den Druck auf Flex-Banner, beschichtete Flex-Banner, Vinyl, Mes, One-Way-Vision, Leinwand<\/p>\n<p>1. das Heizsystem f\u00fcr die Druckkopfd\u00fcsen und die Tintenzirkulation: Die D\u00fcsenplatte des Druckkopfes ist mit einer Heizfunktion ausgestattet, um eine optimale Stabilit\u00e4t des Tintenflusses in unterschiedlichen Temperaturbereichen zu gew\u00e4hrleisten. Die eingebaute Tinte<br \/>\nDas Zirkulationssystem verhindert die Ablagerung von Pigmenten in den D\u00fcsen und verringert so das Risiko einer Verstopfung der D\u00fcsen.<br \/>\n2. vollst\u00e4ndig transparentes Design des sekund\u00e4ren Tintentanks und unabh\u00e4ngige Farbdruckkontrolle:(1) Die transparente Konstruktion erm\u00f6glicht eine einfachere Fehlersuche und reduziert die Wartungszeit.(2)<br \/>\nUnabh\u00e4ngige Druckeinstellmechanismen optimieren die Effizienz des Tintenverbrauchs.<br \/>\n3. hochleistungsf\u00e4higes Heiz-\/Trocknungssystem: Mit segmentierten Heizzonen zur Verbesserung der Farbaufnahme und Farbechtheit des Materials. Enth\u00e4lt eine propriet\u00e4re integrierte thermische Luft<br \/>\nZirkulationskammer in Verbindung mit einem Kaltluftumlenkungssystem, das eine schnelle Abk\u00fchlung nach dem Trocknen erm\u00f6glicht, um feinere Details und gl\u00e4nzendere Oberfl\u00e4chen zu gew\u00e4hrleisten.<\/p>\n<p>Parameter der Maschine<br \/>\nMaximale Druckbreite 3200MM<br \/>\nDruckk\u00f6pfe:   4 Konica1024i<br \/>\nDruckgeschwindigkeit:<br \/>\n\u00c4u\u00dferes Licht Modus 45m\u00b2\/h<br \/>\nInterner Lichtmodus 22m\u00b2\/h<\/p>\n<p>Medien: Flex-Banner, Vinyl, Einweg-Vision, Mesh, Tapete\/Farbe, Polyestertuch, Backlit-Film, Fotopapier, Canva usw.<br \/>\nRIP-Software: Farbmanagement-Software<br \/>\nLeistung: AC220\u00b110.50HZ60HZP4500W<br \/>\nDrucker VerpackungGr\u00f6\u00dfe: L5300*W1180*H1700\/L5600*W1250*H2100<br \/>\nNetto-\/Glattgewicht: 2500kg\/2800kg<\/p>","protected":false},"excerpt":{"rendered":"<p>F\u00fcr Einzelheiten zu den Produkten und aktuelle Angebote wenden Sie sich bitte an unseren Verkaufsleiter<\/p>","protected":false},"featured_media":30161,"comment_status":"open","ping_status":"closed","template":"","meta":[],"product_brand":[],"product_cat":[113],"product_tag":[],"class_list":{"0":"post-30160","1":"product","2":"type-product","3":"status-publish","4":"has-post-thumbnail","6":"product_cat-with-konica-km1024i-printhead-uv-inkjet-printers-roll-to-roll","8":"first","9":"instock","10":"shipping-taxable","11":"purchasable","12":"product-type-simple"},"yoast_head":"<!-- This site is optimized with the Yoast SEO plugin v26.9 - https:\/\/yoast.com\/product\/yoast-seo-wordpress\/ -->\n<title>AMO UV Inkjet Printer AM3200UV4k24i-ES 3.2meters with 4 Konica 1024i Printheads - Amo<\/title>\n<meta name=\"robots\" content=\"index, follow, max-snippet:-1, max-image-preview:large, max-video-preview:-1\" \/>\n<link rel=\"canonical\" href=\"https:\/\/superprintpro.com\/de\/produkt\/amo-uv-inkjet-printer-am3200uv4k24i-es-3-2meters-with-4-konica-1024i-printheads\/\" \/>\n<meta property=\"og:locale\" content=\"de_DE\" \/>\n<meta property=\"og:type\" content=\"article\" \/>\n<meta property=\"og:title\" content=\"AMO UV Inkjet Printer AM3200UV4k24i-ES 3.2meters with 4 Konica 1024i Printheads - Amo\" \/>\n<meta property=\"og:description\" content=\"For product details and the latest quotes, please contact our sales manager\" \/>\n<meta property=\"og:url\" content=\"https:\/\/superprintpro.com\/de\/produkt\/amo-uv-inkjet-printer-am3200uv4k24i-es-3-2meters-with-4-konica-1024i-printheads\/\" \/>\n<meta property=\"og:site_name\" content=\"Amo\" \/>\n<meta property=\"og:image\" content=\"https:\/\/superprintpro.com\/wp-content\/uploads\/2025\/08\/amo-uv-inkjet-printer-am3200uv4k24i-es-32meters-with-4-konica-1024i-printheads.jpg\" \/>\n\t<meta property=\"og:image:width\" content=\"828\" \/>\n\t<meta property=\"og:image:height\" content=\"466\" \/>\n\t<meta property=\"og:image:type\" content=\"image\/jpeg\" \/>\n<meta name=\"twitter:card\" content=\"summary_large_image\" \/>\n<meta name=\"twitter:label1\" content=\"Gesch\u00e4tzte Lesezeit\" \/>\n\t<meta name=\"twitter:data1\" content=\"1\u00a0Minute\" \/>\n<script type=\"application\/ld+json\" class=\"yoast-schema-graph\">{\"@context\":\"https:\/\/schema.org\",\"@graph\":[{\"@type\":\"WebPage\",\"@id\":\"https:\/\/superprintpro.com\/product\/amo-uv-inkjet-printer-am3200uv4k24i-es-3-2meters-with-4-konica-1024i-printheads\/\",\"url\":\"https:\/\/superprintpro.com\/product\/amo-uv-inkjet-printer-am3200uv4k24i-es-3-2meters-with-4-konica-1024i-printheads\/\",\"name\":\"AMO UV Inkjet Printer AM3200UV4k24i-ES 3.2meters with 4 Konica 1024i Printheads - Amo\",\"isPartOf\":{\"@id\":\"https:\/\/superprintpro.com\/#website\"},\"primaryImageOfPage\":{\"@id\":\"https:\/\/superprintpro.com\/product\/amo-uv-inkjet-printer-am3200uv4k24i-es-3-2meters-with-4-konica-1024i-printheads\/#primaryimage\"},\"image\":{\"@id\":\"https:\/\/superprintpro.com\/product\/amo-uv-inkjet-printer-am3200uv4k24i-es-3-2meters-with-4-konica-1024i-printheads\/#primaryimage\"},\"thumbnailUrl\":\"https:\/\/superprintpro.com\/wp-content\/uploads\/2025\/08\/amo-uv-inkjet-printer-am3200uv4k24i-es-32meters-with-4-konica-1024i-printheads.jpg\",\"datePublished\":\"2025-08-18T06:36:39+00:00\",\"breadcrumb\":{\"@id\":\"https:\/\/superprintpro.com\/product\/amo-uv-inkjet-printer-am3200uv4k24i-es-3-2meters-with-4-konica-1024i-printheads\/#breadcrumb\"},\"inLanguage\":\"de\",\"potentialAction\":[{\"@type\":\"ReadAction\",\"target\":[\"https:\/\/superprintpro.com\/product\/amo-uv-inkjet-printer-am3200uv4k24i-es-3-2meters-with-4-konica-1024i-printheads\/\"]}]},{\"@type\":\"ImageObject\",\"inLanguage\":\"de\",\"@id\":\"https:\/\/superprintpro.com\/product\/amo-uv-inkjet-printer-am3200uv4k24i-es-3-2meters-with-4-konica-1024i-printheads\/#primaryimage\",\"url\":\"https:\/\/superprintpro.com\/wp-content\/uploads\/2025\/08\/amo-uv-inkjet-printer-am3200uv4k24i-es-32meters-with-4-konica-1024i-printheads.jpg\",\"contentUrl\":\"https:\/\/superprintpro.com\/wp-content\/uploads\/2025\/08\/amo-uv-inkjet-printer-am3200uv4k24i-es-32meters-with-4-konica-1024i-printheads.jpg\",\"width\":828,\"height\":466,\"caption\":\"AMO UV Inkjet Printer AM3200UV4k24i-ES 3.2meters with 4 Konica 1024i Printheads\"},{\"@type\":\"BreadcrumbList\",\"@id\":\"https:\/\/superprintpro.com\/product\/amo-uv-inkjet-printer-am3200uv4k24i-es-3-2meters-with-4-konica-1024i-printheads\/#breadcrumb\",\"itemListElement\":[{\"@type\":\"ListItem\",\"position\":1,\"name\":\"\u9996\u9875\",\"item\":\"https:\/\/superprintpro.com\/\"},{\"@type\":\"ListItem\",\"position\":2,\"name\":\"Shop\",\"item\":\"https:\/\/superprintpro.com\/shop\/\"},{\"@type\":\"ListItem\",\"position\":3,\"name\":\"AMO UV Inkjet Printer AM3200UV4k24i-ES 3.2meters with 4 Konica 1024i Printheads\"}]},{\"@type\":\"WebSite\",\"@id\":\"https:\/\/superprintpro.com\/#website\",\"url\":\"https:\/\/superprintpro.com\/\",\"name\":\"Amo\",\"description\":\"\",\"potentialAction\":[{\"@type\":\"SearchAction\",\"target\":{\"@type\":\"EntryPoint\",\"urlTemplate\":\"https:\/\/superprintpro.com\/?s={search_term_string}\"},\"query-input\":{\"@type\":\"PropertyValueSpecification\",\"valueRequired\":true,\"valueName\":\"search_term_string\"}}],\"inLanguage\":\"de\"}]}<\/script>\n<!-- \/ Yoast SEO plugin. -->","yoast_head_json":{"title":"AMO UV Inkjet Printer AM3200UV4k24i-ES 3.2meters with 4 Konica 1024i Printheads - Amo","robots":{"index":"index","follow":"follow","max-snippet":"max-snippet:-1","max-image-preview":"max-image-preview:large","max-video-preview":"max-video-preview:-1"},"canonical":"https:\/\/superprintpro.com\/de\/produkt\/amo-uv-inkjet-printer-am3200uv4k24i-es-3-2meters-with-4-konica-1024i-printheads\/","og_locale":"de_DE","og_type":"article","og_title":"AMO UV Inkjet Printer AM3200UV4k24i-ES 3.2meters with 4 Konica 1024i Printheads - Amo","og_description":"For product details and the latest quotes, please contact our sales manager","og_url":"https:\/\/superprintpro.com\/de\/produkt\/amo-uv-inkjet-printer-am3200uv4k24i-es-3-2meters-with-4-konica-1024i-printheads\/","og_site_name":"Amo","og_image":[{"width":828,"height":466,"url":"https:\/\/superprintpro.com\/wp-content\/uploads\/2025\/08\/amo-uv-inkjet-printer-am3200uv4k24i-es-32meters-with-4-konica-1024i-printheads.jpg","type":"image\/jpeg"}],"twitter_card":"summary_large_image","twitter_misc":{"Gesch\u00e4tzte Lesezeit":"1\u00a0Minute"},"schema":{"@context":"https:\/\/schema.org","@graph":[{"@type":"WebPage","@id":"https:\/\/superprintpro.com\/product\/amo-uv-inkjet-printer-am3200uv4k24i-es-3-2meters-with-4-konica-1024i-printheads\/","url":"https:\/\/superprintpro.com\/product\/amo-uv-inkjet-printer-am3200uv4k24i-es-3-2meters-with-4-konica-1024i-printheads\/","name":"AMO UV Inkjet Printer AM3200UV4k24i-ES 3.2meters with 4 Konica 1024i Printheads - Amo","isPartOf":{"@id":"https:\/\/superprintpro.com\/#website"},"primaryImageOfPage":{"@id":"https:\/\/superprintpro.com\/product\/amo-uv-inkjet-printer-am3200uv4k24i-es-3-2meters-with-4-konica-1024i-printheads\/#primaryimage"},"image":{"@id":"https:\/\/superprintpro.com\/product\/amo-uv-inkjet-printer-am3200uv4k24i-es-3-2meters-with-4-konica-1024i-printheads\/#primaryimage"},"thumbnailUrl":"https:\/\/superprintpro.com\/wp-content\/uploads\/2025\/08\/amo-uv-inkjet-printer-am3200uv4k24i-es-32meters-with-4-konica-1024i-printheads.jpg","datePublished":"2025-08-18T06:36:39+00:00","breadcrumb":{"@id":"https:\/\/superprintpro.com\/product\/amo-uv-inkjet-printer-am3200uv4k24i-es-3-2meters-with-4-konica-1024i-printheads\/#breadcrumb"},"inLanguage":"de","potentialAction":[{"@type":"ReadAction","target":["https:\/\/superprintpro.com\/product\/amo-uv-inkjet-printer-am3200uv4k24i-es-3-2meters-with-4-konica-1024i-printheads\/"]}]},{"@type":"ImageObject","inLanguage":"de","@id":"https:\/\/superprintpro.com\/product\/amo-uv-inkjet-printer-am3200uv4k24i-es-3-2meters-with-4-konica-1024i-printheads\/#primaryimage","url":"https:\/\/superprintpro.com\/wp-content\/uploads\/2025\/08\/amo-uv-inkjet-printer-am3200uv4k24i-es-32meters-with-4-konica-1024i-printheads.jpg","contentUrl":"https:\/\/superprintpro.com\/wp-content\/uploads\/2025\/08\/amo-uv-inkjet-printer-am3200uv4k24i-es-32meters-with-4-konica-1024i-printheads.jpg","width":828,"height":466,"caption":"AMO UV Inkjet Printer AM3200UV4k24i-ES 3.2meters with 4 Konica 1024i Printheads"},{"@type":"BreadcrumbList","@id":"https:\/\/superprintpro.com\/product\/amo-uv-inkjet-printer-am3200uv4k24i-es-3-2meters-with-4-konica-1024i-printheads\/#breadcrumb","itemListElement":[{"@type":"ListItem","position":1,"name":"\u9996\u9875","item":"https:\/\/superprintpro.com\/"},{"@type":"ListItem","position":2,"name":"Shop","item":"https:\/\/superprintpro.com\/shop\/"},{"@type":"ListItem","position":3,"name":"AMO UV Inkjet Printer AM3200UV4k24i-ES 3.2meters with 4 Konica 1024i Printheads"}]},{"@type":"WebSite","@id":"https:\/\/superprintpro.com\/#website","url":"https:\/\/superprintpro.com\/","name":"Amo","description":"","potentialAction":[{"@type":"SearchAction","target":{"@type":"EntryPoint","urlTemplate":"https:\/\/superprintpro.com\/?s={search_term_string}"},"query-input":{"@type":"PropertyValueSpecification","valueRequired":true,"valueName":"search_term_string"}}],"inLanguage":"de"}]}},"_links":{"self":[{"href":"https:\/\/superprintpro.com\/de\/wp-json\/wp\/v2\/product\/30160","targetHints":{"allow":["GET"]}}],"collection":[{"href":"https:\/\/superprintpro.com\/de\/wp-json\/wp\/v2\/product"}],"about":[{"href":"https:\/\/superprintpro.com\/de\/wp-json\/wp\/v2\/types\/product"}],"replies":[{"embeddable":true,"href":"https:\/\/superprintpro.com\/de\/wp-json\/wp\/v2\/comments?post=30160"}],"version-history":[{"count":1,"href":"https:\/\/superprintpro.com\/de\/wp-json\/wp\/v2\/product\/30160\/revisions"}],"predecessor-version":[{"id":30162,"href":"https:\/\/superprintpro.com\/de\/wp-json\/wp\/v2\/product\/30160\/revisions\/30162"}],"wp:featuredmedia":[{"embeddable":true,"href":"https:\/\/superprintpro.com\/de\/wp-json\/wp\/v2\/media\/30161"}],"wp:attachment":[{"href":"https:\/\/superprintpro.com\/de\/wp-json\/wp\/v2\/media?parent=30160"}],"wp:term":[{"taxonomy":"product_brand","embeddable":true,"href":"https:\/\/superprintpro.com\/de\/wp-json\/wp\/v2\/product_brand?post=30160"},{"taxonomy":"product_cat","embeddable":true,"href":"https:\/\/superprintpro.com\/de\/wp-json\/wp\/v2\/product_cat?post=30160"},{"taxonomy":"product_tag","embeddable":true,"href":"https:\/\/superprintpro.com\/de\/wp-json\/wp\/v2\/product_tag?post=30160"}],"curies":[{"name":"wp","href":"https:\/\/api.w.org\/{rel}","templated":true}]}}