{"id":30142,"date":"2025-08-18T11:32:37","date_gmt":"2025-08-18T03:32:37","guid":{"rendered":"https:\/\/superprintpro.com\/?post_type=product&#038;p=30142"},"modified":"2025-08-18T11:32:37","modified_gmt":"2025-08-18T03:32:37","slug":"amo-solvent-inkjet-printer-am5208k12i-5meters-with-8-konica-512i-printhead","status":"publish","type":"product","link":"https:\/\/superprintpro.com\/de\/produkt\/amo-solvent-inkjet-printer-am5208k12i-5meters-with-8-konica-512i-printhead\/","title":{"rendered":"AMO L\u00f6sungsmittel-Tintenstrahldrucker AM5208K12i 5 Meter mit 8 Konica 512i Druckk\u00f6pfen"},"content":{"rendered":"<p>AMO L\u00f6sungsmittel-Tintenstrahldrucker AM5208K12i 5 Meter mit 8 Konica 512i Druckk\u00f6pfen<\/p>\n<p>1. Druckkopf-Heizsystem und Tintenzirkulation: In die Druckkopfplatte ist eine Heizfunktion integriert, die eine optimale Stabilit\u00e4t des Tintenflusses in unterschiedlichen Temperaturbereichen gew\u00e4hrleistet. Die eingebaute Tinte<br \/>\nZirkulationssystem verhindert die Ablagerung von Pigmenten im Druckkopf, wodurch das Risiko einer D\u00fcsenverstopfung wirksam verringert wird.<br \/>\n2. V\u00f6llig transparentes Design des sekund\u00e4ren Tintentanks und unabh\u00e4ngige Farbdrucksteuerung: (1) Die transparente Konstruktion erm\u00f6glicht eine einfachere Fehlersuche und reduziert die Wartungszeit. (2) Unabh\u00e4ngige Druckeinstellmechanismen optimieren die Effizienz des Tintenverbrauchs.<br \/>\n3. einzelnes motorisiertes Druckwalzensystem und ger\u00e4uscharme F\u00fchrungsschienen\/Gleiter: (1) Erm\u00f6glicht die Echtzeitanpassung einzelner Druckwalzen w\u00e4hrend des Druckvorgangs, um Materialfalten zu vermeiden, ohne die Produktion zu unterbrechen, und minimiert so den Materialabfall. (2) Ger\u00e4uscharme Hochgeschwindigkeits-F\u00fchrungsschienen sorgen f\u00fcr eine sanftere Bewegung des Druckkopfs, was die Druckpr\u00e4zision erh\u00f6ht und gleichzeitig die Betriebsger\u00e4usche reduziert. Diese Konstruktion minimiert die mechanische Abnutzung und verl\u00e4ngert die Lebensdauer der F\u00fchrungsschienen.<br \/>\n4. Einstellbare Vakuumplattform und Walzengeschwindigkeitsmodulation:(1) Erm\u00f6glicht die manuelle Einstellung des Luftstroms w\u00e4hrend des Drucks, um Probleme bei der Materialzufuhr zu beheben, die durch ein zu hohes Vakuum verursacht werden.(2) Das System zur Regulierung der Walzenleistung verbessert die Kompatibilit\u00e4t mit verschiedenen Materialtypen sowohl beim Zuf\u00fchren als auch beim Auffangen.<br \/>\n5. hochleistungsf\u00e4higes Heiz-\/Trocknungssystem: Mit segmentierten Heizzonen zur Verbesserung der Farbaufnahme und der Farbechtheit des Materials. Enth\u00e4lt eine propriet\u00e4re integrierte thermische Luftzirkulationskammer in Verbindung mit einem Kaltluftumleitungssystem, das eine schnelle Abk\u00fchlung nach dem Trocknen erm\u00f6glicht, um feinere Details und gl\u00e4nzendere Oberfl\u00e4chen zu gew\u00e4hrleisten.<\/p>\n<p>Parameter der Maschine<br \/>\nMaximale Druckbreite 5000MM<br \/>\nAnzahl der Druckk\u00f6pfe: KM512i (8 K\u00f6pfe)<br \/>\nDruckgeschwindigkeit:<br \/>\n2 Durchg\u00e4nge 240m\u00b2\/h(480*360dpi)<br \/>\n3 Durchg\u00e4nge 140m\u00b2\/h(480*540dpi)<br \/>\n4 Durchg\u00e4nge 105 m2\/h(480*720dpi)<\/p>\n<p>Medientyp:<br \/>\nKann beliebige weiche Materialien bedrucken: weiche Deckenfolie, Tapete\/Kolie, Polyestertuch, hinterleuchtete Folie, Fotopapier, Canva, Flexbanner, Vinly, Mesh, One-Way-Vision, beschichtetes Flexbanner, etc.<br \/>\nRIP Softvare pf Farbverwaltungsprogramm softvare<br \/>\nLeistungsanforderungen AC220\u00b110.50HZ~60HZ P4500W<br \/>\nDrucker\/VerpackungGr\u00f6\u00dfe L7430*B1520*H1700\/L7500*B1600*H1750<br \/>\nNetto-\/Glanzgewicht 3200kg\/3500kg<\/p>","protected":false},"excerpt":{"rendered":"<p>F\u00fcr Einzelheiten zu den Produkten und aktuelle Angebote wenden Sie sich bitte an unseren Verkaufsleiter<\/p>","protected":false},"featured_media":30143,"comment_status":"open","ping_status":"closed","template":"","meta":[],"product_brand":[],"product_cat":[116],"product_tag":[],"class_list":{"0":"post-30142","1":"product","2":"type-product","3":"status-publish","4":"has-post-thumbnail","6":"product_cat-with-konica-km512i-printhead","8":"first","9":"instock","10":"shipping-taxable","11":"purchasable","12":"product-type-simple"},"yoast_head":"<!-- This site is optimized with the Yoast SEO plugin v26.9 - https:\/\/yoast.com\/product\/yoast-seo-wordpress\/ -->\n<title>AMO Solvent Inkjet Printer AM5208K12i 5meters with 8 Konica 512i Printhead - Amo<\/title>\n<meta name=\"robots\" content=\"index, follow, max-snippet:-1, max-image-preview:large, max-video-preview:-1\" \/>\n<link rel=\"canonical\" href=\"https:\/\/superprintpro.com\/de\/produkt\/amo-solvent-inkjet-printer-am5208k12i-5meters-with-8-konica-512i-printhead\/\" \/>\n<meta property=\"og:locale\" content=\"de_DE\" \/>\n<meta property=\"og:type\" content=\"article\" \/>\n<meta property=\"og:title\" content=\"AMO Solvent Inkjet Printer AM5208K12i 5meters with 8 Konica 512i Printhead - Amo\" \/>\n<meta property=\"og:description\" content=\"For product details and the latest quotes, please contact our sales manager\" \/>\n<meta property=\"og:url\" content=\"https:\/\/superprintpro.com\/de\/produkt\/amo-solvent-inkjet-printer-am5208k12i-5meters-with-8-konica-512i-printhead\/\" \/>\n<meta property=\"og:site_name\" content=\"Amo\" \/>\n<meta property=\"og:image\" content=\"https:\/\/superprintpro.com\/wp-content\/uploads\/2025\/08\/amo-solvent-inkjet-printer-am5208k12i-5meters-with-8-konica-512i-printhead.jpg\" \/>\n\t<meta property=\"og:image:width\" content=\"613\" \/>\n\t<meta property=\"og:image:height\" content=\"345\" \/>\n\t<meta property=\"og:image:type\" content=\"image\/jpeg\" \/>\n<meta name=\"twitter:card\" content=\"summary_large_image\" \/>\n<meta name=\"twitter:label1\" content=\"Gesch\u00e4tzte Lesezeit\" \/>\n\t<meta name=\"twitter:data1\" content=\"2\u00a0Minuten\" \/>\n<script type=\"application\/ld+json\" class=\"yoast-schema-graph\">{\"@context\":\"https:\/\/schema.org\",\"@graph\":[{\"@type\":\"WebPage\",\"@id\":\"https:\/\/superprintpro.com\/product\/amo-solvent-inkjet-printer-am5208k12i-5meters-with-8-konica-512i-printhead\/\",\"url\":\"https:\/\/superprintpro.com\/product\/amo-solvent-inkjet-printer-am5208k12i-5meters-with-8-konica-512i-printhead\/\",\"name\":\"AMO Solvent Inkjet Printer AM5208K12i 5meters with 8 Konica 512i Printhead - Amo\",\"isPartOf\":{\"@id\":\"https:\/\/superprintpro.com\/#website\"},\"primaryImageOfPage\":{\"@id\":\"https:\/\/superprintpro.com\/product\/amo-solvent-inkjet-printer-am5208k12i-5meters-with-8-konica-512i-printhead\/#primaryimage\"},\"image\":{\"@id\":\"https:\/\/superprintpro.com\/product\/amo-solvent-inkjet-printer-am5208k12i-5meters-with-8-konica-512i-printhead\/#primaryimage\"},\"thumbnailUrl\":\"https:\/\/superprintpro.com\/wp-content\/uploads\/2025\/08\/amo-solvent-inkjet-printer-am5208k12i-5meters-with-8-konica-512i-printhead.jpg\",\"datePublished\":\"2025-08-18T03:32:37+00:00\",\"breadcrumb\":{\"@id\":\"https:\/\/superprintpro.com\/product\/amo-solvent-inkjet-printer-am5208k12i-5meters-with-8-konica-512i-printhead\/#breadcrumb\"},\"inLanguage\":\"de\",\"potentialAction\":[{\"@type\":\"ReadAction\",\"target\":[\"https:\/\/superprintpro.com\/product\/amo-solvent-inkjet-printer-am5208k12i-5meters-with-8-konica-512i-printhead\/\"]}]},{\"@type\":\"ImageObject\",\"inLanguage\":\"de\",\"@id\":\"https:\/\/superprintpro.com\/product\/amo-solvent-inkjet-printer-am5208k12i-5meters-with-8-konica-512i-printhead\/#primaryimage\",\"url\":\"https:\/\/superprintpro.com\/wp-content\/uploads\/2025\/08\/amo-solvent-inkjet-printer-am5208k12i-5meters-with-8-konica-512i-printhead.jpg\",\"contentUrl\":\"https:\/\/superprintpro.com\/wp-content\/uploads\/2025\/08\/amo-solvent-inkjet-printer-am5208k12i-5meters-with-8-konica-512i-printhead.jpg\",\"width\":613,\"height\":345,\"caption\":\"AMO Solvent Inkjet Printer AM5208K12i 5meters with 8 Konica 512i Printhead\"},{\"@type\":\"BreadcrumbList\",\"@id\":\"https:\/\/superprintpro.com\/product\/amo-solvent-inkjet-printer-am5208k12i-5meters-with-8-konica-512i-printhead\/#breadcrumb\",\"itemListElement\":[{\"@type\":\"ListItem\",\"position\":1,\"name\":\"\u9996\u9875\",\"item\":\"https:\/\/superprintpro.com\/\"},{\"@type\":\"ListItem\",\"position\":2,\"name\":\"Shop\",\"item\":\"https:\/\/superprintpro.com\/shop\/\"},{\"@type\":\"ListItem\",\"position\":3,\"name\":\"AMO Solvent Inkjet Printer AM5208K12i 5meters with 8 Konica 512i Printhead\"}]},{\"@type\":\"WebSite\",\"@id\":\"https:\/\/superprintpro.com\/#website\",\"url\":\"https:\/\/superprintpro.com\/\",\"name\":\"Amo\",\"description\":\"\",\"potentialAction\":[{\"@type\":\"SearchAction\",\"target\":{\"@type\":\"EntryPoint\",\"urlTemplate\":\"https:\/\/superprintpro.com\/?s={search_term_string}\"},\"query-input\":{\"@type\":\"PropertyValueSpecification\",\"valueRequired\":true,\"valueName\":\"search_term_string\"}}],\"inLanguage\":\"de\"}]}<\/script>\n<!-- \/ Yoast SEO plugin. -->","yoast_head_json":{"title":"AMO Solvent Inkjet Printer AM5208K12i 5meters with 8 Konica 512i Printhead - Amo","robots":{"index":"index","follow":"follow","max-snippet":"max-snippet:-1","max-image-preview":"max-image-preview:large","max-video-preview":"max-video-preview:-1"},"canonical":"https:\/\/superprintpro.com\/de\/produkt\/amo-solvent-inkjet-printer-am5208k12i-5meters-with-8-konica-512i-printhead\/","og_locale":"de_DE","og_type":"article","og_title":"AMO Solvent Inkjet Printer AM5208K12i 5meters with 8 Konica 512i Printhead - Amo","og_description":"For product details and the latest quotes, please contact our sales manager","og_url":"https:\/\/superprintpro.com\/de\/produkt\/amo-solvent-inkjet-printer-am5208k12i-5meters-with-8-konica-512i-printhead\/","og_site_name":"Amo","og_image":[{"width":613,"height":345,"url":"https:\/\/superprintpro.com\/wp-content\/uploads\/2025\/08\/amo-solvent-inkjet-printer-am5208k12i-5meters-with-8-konica-512i-printhead.jpg","type":"image\/jpeg"}],"twitter_card":"summary_large_image","twitter_misc":{"Gesch\u00e4tzte Lesezeit":"2\u00a0Minuten"},"schema":{"@context":"https:\/\/schema.org","@graph":[{"@type":"WebPage","@id":"https:\/\/superprintpro.com\/product\/amo-solvent-inkjet-printer-am5208k12i-5meters-with-8-konica-512i-printhead\/","url":"https:\/\/superprintpro.com\/product\/amo-solvent-inkjet-printer-am5208k12i-5meters-with-8-konica-512i-printhead\/","name":"AMO Solvent Inkjet Printer AM5208K12i 5meters with 8 Konica 512i Printhead - Amo","isPartOf":{"@id":"https:\/\/superprintpro.com\/#website"},"primaryImageOfPage":{"@id":"https:\/\/superprintpro.com\/product\/amo-solvent-inkjet-printer-am5208k12i-5meters-with-8-konica-512i-printhead\/#primaryimage"},"image":{"@id":"https:\/\/superprintpro.com\/product\/amo-solvent-inkjet-printer-am5208k12i-5meters-with-8-konica-512i-printhead\/#primaryimage"},"thumbnailUrl":"https:\/\/superprintpro.com\/wp-content\/uploads\/2025\/08\/amo-solvent-inkjet-printer-am5208k12i-5meters-with-8-konica-512i-printhead.jpg","datePublished":"2025-08-18T03:32:37+00:00","breadcrumb":{"@id":"https:\/\/superprintpro.com\/product\/amo-solvent-inkjet-printer-am5208k12i-5meters-with-8-konica-512i-printhead\/#breadcrumb"},"inLanguage":"de","potentialAction":[{"@type":"ReadAction","target":["https:\/\/superprintpro.com\/product\/amo-solvent-inkjet-printer-am5208k12i-5meters-with-8-konica-512i-printhead\/"]}]},{"@type":"ImageObject","inLanguage":"de","@id":"https:\/\/superprintpro.com\/product\/amo-solvent-inkjet-printer-am5208k12i-5meters-with-8-konica-512i-printhead\/#primaryimage","url":"https:\/\/superprintpro.com\/wp-content\/uploads\/2025\/08\/amo-solvent-inkjet-printer-am5208k12i-5meters-with-8-konica-512i-printhead.jpg","contentUrl":"https:\/\/superprintpro.com\/wp-content\/uploads\/2025\/08\/amo-solvent-inkjet-printer-am5208k12i-5meters-with-8-konica-512i-printhead.jpg","width":613,"height":345,"caption":"AMO Solvent Inkjet Printer AM5208K12i 5meters with 8 Konica 512i Printhead"},{"@type":"BreadcrumbList","@id":"https:\/\/superprintpro.com\/product\/amo-solvent-inkjet-printer-am5208k12i-5meters-with-8-konica-512i-printhead\/#breadcrumb","itemListElement":[{"@type":"ListItem","position":1,"name":"\u9996\u9875","item":"https:\/\/superprintpro.com\/"},{"@type":"ListItem","position":2,"name":"Shop","item":"https:\/\/superprintpro.com\/shop\/"},{"@type":"ListItem","position":3,"name":"AMO Solvent Inkjet Printer AM5208K12i 5meters with 8 Konica 512i Printhead"}]},{"@type":"WebSite","@id":"https:\/\/superprintpro.com\/#website","url":"https:\/\/superprintpro.com\/","name":"Amo","description":"","potentialAction":[{"@type":"SearchAction","target":{"@type":"EntryPoint","urlTemplate":"https:\/\/superprintpro.com\/?s={search_term_string}"},"query-input":{"@type":"PropertyValueSpecification","valueRequired":true,"valueName":"search_term_string"}}],"inLanguage":"de"}]}},"_links":{"self":[{"href":"https:\/\/superprintpro.com\/de\/wp-json\/wp\/v2\/product\/30142","targetHints":{"allow":["GET"]}}],"collection":[{"href":"https:\/\/superprintpro.com\/de\/wp-json\/wp\/v2\/product"}],"about":[{"href":"https:\/\/superprintpro.com\/de\/wp-json\/wp\/v2\/types\/product"}],"replies":[{"embeddable":true,"href":"https:\/\/superprintpro.com\/de\/wp-json\/wp\/v2\/comments?post=30142"}],"version-history":[{"count":1,"href":"https:\/\/superprintpro.com\/de\/wp-json\/wp\/v2\/product\/30142\/revisions"}],"predecessor-version":[{"id":30144,"href":"https:\/\/superprintpro.com\/de\/wp-json\/wp\/v2\/product\/30142\/revisions\/30144"}],"wp:featuredmedia":[{"embeddable":true,"href":"https:\/\/superprintpro.com\/de\/wp-json\/wp\/v2\/media\/30143"}],"wp:attachment":[{"href":"https:\/\/superprintpro.com\/de\/wp-json\/wp\/v2\/media?parent=30142"}],"wp:term":[{"taxonomy":"product_brand","embeddable":true,"href":"https:\/\/superprintpro.com\/de\/wp-json\/wp\/v2\/product_brand?post=30142"},{"taxonomy":"product_cat","embeddable":true,"href":"https:\/\/superprintpro.com\/de\/wp-json\/wp\/v2\/product_cat?post=30142"},{"taxonomy":"product_tag","embeddable":true,"href":"https:\/\/superprintpro.com\/de\/wp-json\/wp\/v2\/product_tag?post=30142"}],"curies":[{"name":"wp","href":"https:\/\/api.w.org\/{rel}","templated":true}]}}