{"id":30072,"date":"2025-08-18T09:07:35","date_gmt":"2025-08-18T01:07:35","guid":{"rendered":"https:\/\/superprintpro.com\/?post_type=product&#038;p=30072"},"modified":"2025-08-18T09:12:02","modified_gmt":"2025-08-18T01:12:02","slug":"amo-uv-dtf-inkjet-printer-am603i32-uvdtf-with-3-i3200-printheads","status":"publish","type":"product","link":"https:\/\/superprintpro.com\/de\/produkt\/amo-uv-dtf-inkjet-printer-am603i32-uvdtf-with-3-i3200-printheads\/","title":{"rendered":"AMO UV-DTF Tintenstrahldrucker AM603i32-UVDTF mit 3 i3200 Druckk\u00f6pfen"},"content":{"rendered":"<p>AMO UV-DTF Tintenstrahldrucker Modellname AM603i6-UVDTF<br \/>\nUV-DTF-Drucker k\u00f6nnen mit UV-Tinte auf eine mit Klebstoff beschichtete Aufkleberfolie A drucken. W\u00e4hrend des Druckvorgangs wird diese Folie A mit einer Folie B laminiert, die die Transferfolie ist. Diese \u00dcbertragungsfolie B kann das Bild schlie\u00dflich ohne Erhitzung direkt auf eine harte Oberfl\u00e4che \u00fcbertragen. Dieser Prozess ist ziemlich schnell, leicht und einfach, so dass er in der Schilder- und Werbebranche so beliebt ist. Da sie auf fast jeder harten und glatten Oberfl\u00e4che wie Glasflaschen, Tassen, Acrylmaterial, Keramikmaterial, Plastik, Papier, Holz, Stein, etc. angewendet werden kann, funktioniert jede glatte Oberfl\u00e4che, egal ob sie flach oder rund ist, mit einer schnellen Bild\u00fcbertragung ohne W\u00e4rme\u00fcbertragung gut. Das Bild von UV-DTF ist sehr klar und langlebig.  Ihr Schildergesch\u00e4ft w\u00e4chst schnell in den Bereichen, in denen Ihre Kunden es brauchen.<\/p>\n<p>Parameter der Maschine<\/p>\n<p>Informationen zum Kopf: I1600-U1 3H (3 K\u00f6pfe I1600 UV Version)<br \/>\nDruckbreite: 650MM (Die Druckbreite kann bis zu 700mm erreichen, wenn das Papier nicht gleitet)<br \/>\nLeiterplattensystem: Hoson<br \/>\nVerbindungsmodus: Gigabit-Internetverbindung<br \/>\nTintenkonfiguration :<br \/>\nKlassisch: W+C+V (4 Farben: Wei\u00df+Farben+Lack)<br \/>\nDruckgeschwindigkeit:<br \/>\n4 Durchg\u00e4nge 6 m\u00b2\/h<br \/>\n6Pass 4 \u33a1\u00b2\/h<br \/>\n8pass 2 m\u00b2\/h<br \/>\nMedientyp:<br \/>\nA- und B-Transferfolie<br \/>\nMerkmale der Ausr\u00fcstung:<br \/>\nAnti-Schlagvorrichtung<br \/>\nWasserk\u00fchlung des UV-H\u00e4rtungssystems +LED-UV-Lampe<br \/>\nGummiwalzenheizung+einstellbarer pneumatischer Druckbalken<br \/>\nAutomatisches Beschickungs- und Entleerungssystem<br \/>\nInformationen zum Drucker:<br \/>\nBetriebsspannung: AC220V 50\/60HZ<br \/>\nLeistung: 2500W<br \/>\nArbeitsumgebung:<br \/>\nNormale Arbeitstemperatur: 22-28\u2103Luftfeuchtigkeit:40%-60%<br \/>\nMaschinengr\u00f6\u00dfe L1780MM B900MM H1320MM<br \/>\nAbmessungen der Verpackung2300MM(L)880MM(W)960MM(H)<\/p>","protected":false},"excerpt":{"rendered":"<p>F\u00fcr Einzelheiten zu den Produkten und aktuelle Angebote wenden Sie sich bitte an unseren Verkaufsleiter<\/p>","protected":false},"featured_media":30073,"comment_status":"open","ping_status":"closed","template":"","meta":[],"product_brand":[],"product_cat":[123],"product_tag":[],"class_list":{"0":"post-30072","1":"product","2":"type-product","3":"status-publish","4":"has-post-thumbnail","6":"product_cat-uv-dtf-printer","8":"first","9":"instock","10":"shipping-taxable","11":"purchasable","12":"product-type-simple"},"yoast_head":"<!-- This site is optimized with the Yoast SEO plugin v27.4 - https:\/\/yoast.com\/product\/yoast-seo-wordpress\/ -->\n<title>AMO UV-DTF Inkjet Printer AM603i32-UVDTF with 3 i3200 printheads - Amo<\/title>\n<meta name=\"robots\" content=\"index, follow, max-snippet:-1, max-image-preview:large, max-video-preview:-1\" \/>\n<link rel=\"canonical\" href=\"https:\/\/superprintpro.com\/de\/produkt\/amo-uv-dtf-inkjet-printer-am603i32-uvdtf-with-3-i3200-printheads\/\" \/>\n<meta property=\"og:locale\" content=\"de_DE\" \/>\n<meta property=\"og:type\" content=\"article\" \/>\n<meta property=\"og:title\" content=\"AMO UV-DTF Inkjet Printer AM603i32-UVDTF with 3 i3200 printheads - Amo\" \/>\n<meta property=\"og:description\" content=\"For product details and the latest quotes, please contact our sales manager\" \/>\n<meta property=\"og:url\" content=\"https:\/\/superprintpro.com\/de\/produkt\/amo-uv-dtf-inkjet-printer-am603i32-uvdtf-with-3-i3200-printheads\/\" \/>\n<meta property=\"og:site_name\" content=\"Amo\" \/>\n<meta property=\"article:modified_time\" content=\"2025-08-18T01:12:02+00:00\" \/>\n<meta property=\"og:image\" content=\"https:\/\/superprintpro.com\/wp-content\/uploads\/2025\/08\/amo-uv-dtf-inkjet-printer-am603i32-uvdtf-with-3-i3200-printheads.jpg\" \/>\n\t<meta property=\"og:image:width\" content=\"500\" \/>\n\t<meta property=\"og:image:height\" content=\"281\" \/>\n\t<meta property=\"og:image:type\" content=\"image\/jpeg\" \/>\n<meta name=\"twitter:card\" content=\"summary_large_image\" \/>\n<meta name=\"twitter:label1\" content=\"Gesch\u00e4tzte Lesezeit\" \/>\n\t<meta name=\"twitter:data1\" content=\"1\u00a0Minute\" \/>\n<script type=\"application\/ld+json\" class=\"yoast-schema-graph\">{\"@context\":\"https:\\\/\\\/schema.org\",\"@graph\":[{\"@type\":\"WebPage\",\"@id\":\"https:\\\/\\\/superprintpro.com\\\/product\\\/amo-uv-dtf-inkjet-printer-am603i32-uvdtf-with-3-i3200-printheads\\\/\",\"url\":\"https:\\\/\\\/superprintpro.com\\\/product\\\/amo-uv-dtf-inkjet-printer-am603i32-uvdtf-with-3-i3200-printheads\\\/\",\"name\":\"AMO UV-DTF Inkjet Printer AM603i32-UVDTF with 3 i3200 printheads - Amo\",\"isPartOf\":{\"@id\":\"https:\\\/\\\/superprintpro.com\\\/#website\"},\"primaryImageOfPage\":{\"@id\":\"https:\\\/\\\/superprintpro.com\\\/product\\\/amo-uv-dtf-inkjet-printer-am603i32-uvdtf-with-3-i3200-printheads\\\/#primaryimage\"},\"image\":{\"@id\":\"https:\\\/\\\/superprintpro.com\\\/product\\\/amo-uv-dtf-inkjet-printer-am603i32-uvdtf-with-3-i3200-printheads\\\/#primaryimage\"},\"thumbnailUrl\":\"https:\\\/\\\/superprintpro.com\\\/wp-content\\\/uploads\\\/2025\\\/08\\\/amo-uv-dtf-inkjet-printer-am603i32-uvdtf-with-3-i3200-printheads.jpg\",\"datePublished\":\"2025-08-18T01:07:35+00:00\",\"dateModified\":\"2025-08-18T01:12:02+00:00\",\"breadcrumb\":{\"@id\":\"https:\\\/\\\/superprintpro.com\\\/product\\\/amo-uv-dtf-inkjet-printer-am603i32-uvdtf-with-3-i3200-printheads\\\/#breadcrumb\"},\"inLanguage\":\"de\",\"potentialAction\":[{\"@type\":\"ReadAction\",\"target\":[\"https:\\\/\\\/superprintpro.com\\\/product\\\/amo-uv-dtf-inkjet-printer-am603i32-uvdtf-with-3-i3200-printheads\\\/\"]}]},{\"@type\":\"ImageObject\",\"inLanguage\":\"de\",\"@id\":\"https:\\\/\\\/superprintpro.com\\\/product\\\/amo-uv-dtf-inkjet-printer-am603i32-uvdtf-with-3-i3200-printheads\\\/#primaryimage\",\"url\":\"https:\\\/\\\/superprintpro.com\\\/wp-content\\\/uploads\\\/2025\\\/08\\\/amo-uv-dtf-inkjet-printer-am603i32-uvdtf-with-3-i3200-printheads.jpg\",\"contentUrl\":\"https:\\\/\\\/superprintpro.com\\\/wp-content\\\/uploads\\\/2025\\\/08\\\/amo-uv-dtf-inkjet-printer-am603i32-uvdtf-with-3-i3200-printheads.jpg\",\"width\":500,\"height\":281,\"caption\":\"AMO UV-DTF Inkjet Printer AM603i32-UVDTF with 3 i3200 printheads\"},{\"@type\":\"BreadcrumbList\",\"@id\":\"https:\\\/\\\/superprintpro.com\\\/product\\\/amo-uv-dtf-inkjet-printer-am603i32-uvdtf-with-3-i3200-printheads\\\/#breadcrumb\",\"itemListElement\":[{\"@type\":\"ListItem\",\"position\":1,\"name\":\"\u9996\u9875\",\"item\":\"https:\\\/\\\/superprintpro.com\\\/\"},{\"@type\":\"ListItem\",\"position\":2,\"name\":\"Shop\",\"item\":\"https:\\\/\\\/superprintpro.com\\\/shop\\\/\"},{\"@type\":\"ListItem\",\"position\":3,\"name\":\"AMO UV-DTF Inkjet Printer AM603i32-UVDTF with 3 i3200 printheads\"}]},{\"@type\":\"WebSite\",\"@id\":\"https:\\\/\\\/superprintpro.com\\\/#website\",\"url\":\"https:\\\/\\\/superprintpro.com\\\/\",\"name\":\"Amo\",\"description\":\"\",\"potentialAction\":[{\"@type\":\"SearchAction\",\"target\":{\"@type\":\"EntryPoint\",\"urlTemplate\":\"https:\\\/\\\/superprintpro.com\\\/?s={search_term_string}\"},\"query-input\":{\"@type\":\"PropertyValueSpecification\",\"valueRequired\":true,\"valueName\":\"search_term_string\"}}],\"inLanguage\":\"de\"}]}<\/script>\n<!-- \/ Yoast SEO plugin. -->","yoast_head_json":{"title":"AMO UV-DTF Inkjet Printer AM603i32-UVDTF with 3 i3200 printheads - Amo","robots":{"index":"index","follow":"follow","max-snippet":"max-snippet:-1","max-image-preview":"max-image-preview:large","max-video-preview":"max-video-preview:-1"},"canonical":"https:\/\/superprintpro.com\/de\/produkt\/amo-uv-dtf-inkjet-printer-am603i32-uvdtf-with-3-i3200-printheads\/","og_locale":"de_DE","og_type":"article","og_title":"AMO UV-DTF Inkjet Printer AM603i32-UVDTF with 3 i3200 printheads - Amo","og_description":"For product details and the latest quotes, please contact our sales manager","og_url":"https:\/\/superprintpro.com\/de\/produkt\/amo-uv-dtf-inkjet-printer-am603i32-uvdtf-with-3-i3200-printheads\/","og_site_name":"Amo","article_modified_time":"2025-08-18T01:12:02+00:00","og_image":[{"width":500,"height":281,"url":"https:\/\/superprintpro.com\/wp-content\/uploads\/2025\/08\/amo-uv-dtf-inkjet-printer-am603i32-uvdtf-with-3-i3200-printheads.jpg","type":"image\/jpeg"}],"twitter_card":"summary_large_image","twitter_misc":{"Gesch\u00e4tzte Lesezeit":"1\u00a0Minute"},"schema":{"@context":"https:\/\/schema.org","@graph":[{"@type":"WebPage","@id":"https:\/\/superprintpro.com\/product\/amo-uv-dtf-inkjet-printer-am603i32-uvdtf-with-3-i3200-printheads\/","url":"https:\/\/superprintpro.com\/product\/amo-uv-dtf-inkjet-printer-am603i32-uvdtf-with-3-i3200-printheads\/","name":"AMO UV-DTF Inkjet Printer AM603i32-UVDTF with 3 i3200 printheads - Amo","isPartOf":{"@id":"https:\/\/superprintpro.com\/#website"},"primaryImageOfPage":{"@id":"https:\/\/superprintpro.com\/product\/amo-uv-dtf-inkjet-printer-am603i32-uvdtf-with-3-i3200-printheads\/#primaryimage"},"image":{"@id":"https:\/\/superprintpro.com\/product\/amo-uv-dtf-inkjet-printer-am603i32-uvdtf-with-3-i3200-printheads\/#primaryimage"},"thumbnailUrl":"https:\/\/superprintpro.com\/wp-content\/uploads\/2025\/08\/amo-uv-dtf-inkjet-printer-am603i32-uvdtf-with-3-i3200-printheads.jpg","datePublished":"2025-08-18T01:07:35+00:00","dateModified":"2025-08-18T01:12:02+00:00","breadcrumb":{"@id":"https:\/\/superprintpro.com\/product\/amo-uv-dtf-inkjet-printer-am603i32-uvdtf-with-3-i3200-printheads\/#breadcrumb"},"inLanguage":"de","potentialAction":[{"@type":"ReadAction","target":["https:\/\/superprintpro.com\/product\/amo-uv-dtf-inkjet-printer-am603i32-uvdtf-with-3-i3200-printheads\/"]}]},{"@type":"ImageObject","inLanguage":"de","@id":"https:\/\/superprintpro.com\/product\/amo-uv-dtf-inkjet-printer-am603i32-uvdtf-with-3-i3200-printheads\/#primaryimage","url":"https:\/\/superprintpro.com\/wp-content\/uploads\/2025\/08\/amo-uv-dtf-inkjet-printer-am603i32-uvdtf-with-3-i3200-printheads.jpg","contentUrl":"https:\/\/superprintpro.com\/wp-content\/uploads\/2025\/08\/amo-uv-dtf-inkjet-printer-am603i32-uvdtf-with-3-i3200-printheads.jpg","width":500,"height":281,"caption":"AMO UV-DTF Inkjet Printer AM603i32-UVDTF with 3 i3200 printheads"},{"@type":"BreadcrumbList","@id":"https:\/\/superprintpro.com\/product\/amo-uv-dtf-inkjet-printer-am603i32-uvdtf-with-3-i3200-printheads\/#breadcrumb","itemListElement":[{"@type":"ListItem","position":1,"name":"\u9996\u9875","item":"https:\/\/superprintpro.com\/"},{"@type":"ListItem","position":2,"name":"Shop","item":"https:\/\/superprintpro.com\/shop\/"},{"@type":"ListItem","position":3,"name":"AMO UV-DTF Inkjet Printer AM603i32-UVDTF with 3 i3200 printheads"}]},{"@type":"WebSite","@id":"https:\/\/superprintpro.com\/#website","url":"https:\/\/superprintpro.com\/","name":"Amo","description":"","potentialAction":[{"@type":"SearchAction","target":{"@type":"EntryPoint","urlTemplate":"https:\/\/superprintpro.com\/?s={search_term_string}"},"query-input":{"@type":"PropertyValueSpecification","valueRequired":true,"valueName":"search_term_string"}}],"inLanguage":"de"}]}},"_links":{"self":[{"href":"https:\/\/superprintpro.com\/de\/wp-json\/wp\/v2\/product\/30072","targetHints":{"allow":["GET"]}}],"collection":[{"href":"https:\/\/superprintpro.com\/de\/wp-json\/wp\/v2\/product"}],"about":[{"href":"https:\/\/superprintpro.com\/de\/wp-json\/wp\/v2\/types\/product"}],"replies":[{"embeddable":true,"href":"https:\/\/superprintpro.com\/de\/wp-json\/wp\/v2\/comments?post=30072"}],"version-history":[{"count":3,"href":"https:\/\/superprintpro.com\/de\/wp-json\/wp\/v2\/product\/30072\/revisions"}],"predecessor-version":[{"id":30077,"href":"https:\/\/superprintpro.com\/de\/wp-json\/wp\/v2\/product\/30072\/revisions\/30077"}],"wp:featuredmedia":[{"embeddable":true,"href":"https:\/\/superprintpro.com\/de\/wp-json\/wp\/v2\/media\/30073"}],"wp:attachment":[{"href":"https:\/\/superprintpro.com\/de\/wp-json\/wp\/v2\/media?parent=30072"}],"wp:term":[{"taxonomy":"product_brand","embeddable":true,"href":"https:\/\/superprintpro.com\/de\/wp-json\/wp\/v2\/product_brand?post=30072"},{"taxonomy":"product_cat","embeddable":true,"href":"https:\/\/superprintpro.com\/de\/wp-json\/wp\/v2\/product_cat?post=30072"},{"taxonomy":"product_tag","embeddable":true,"href":"https:\/\/superprintpro.com\/de\/wp-json\/wp\/v2\/product_tag?post=30072"}],"curies":[{"name":"wp","href":"https:\/\/api.w.org\/{rel}","templated":true}]}}