{"id":30053,"date":"2025-08-17T19:51:14","date_gmt":"2025-08-17T11:51:14","guid":{"rendered":"https:\/\/superprintpro.com\/?post_type=product&#038;p=30053"},"modified":"2025-08-17T19:51:15","modified_gmt":"2025-08-17T11:51:15","slug":"dtf-printer-am602i32dtf-with-2-epson-i3200-printhead","status":"publish","type":"product","link":"https:\/\/superprintpro.com\/de\/produkt\/dtf-printer-am602i32dtf-with-2-epson-i3200-printhead\/","title":{"rendered":"DTF-Drucker AM602i32DTF mit 2 epson i3200 Druckk\u00f6pfen"},"content":{"rendered":"<p>AMO DTF Tintenstrahldrucker mit Pulversystem<\/p>\n<p>Der DTF-Drucker wird h\u00e4ufig zum Bedrucken von T-Shirts, Leinentaschen, Sweatshirts und Kissen verwendet. Gleichzeitig eignet er sich f\u00fcr den E-Commerce und den personalisierten Kultur- und Kreativbereich sowie f\u00fcr den Vertrieb in Bekleidungsunternehmen. Er ist in der Lage, schnell auf kleine Bestellungen zu reagieren und die Nachfrage des Marktes nach Personalisierung und schneller Reaktion zu erf\u00fcllen. Es handelt sich um ein effizientes, bequemes und personalisiertes Druckger\u00e4t mit einer breiten Palette von Anwendungsm\u00f6glichkeiten und Marktpotenzial.<\/p>\n<p>Parameter der Maschine<br \/>\nKopfinformationen i3200-2H(W+C)\uff08 2 K\u00f6pfe i3200, 1 Kopf f\u00fcr wei\u00dfe Tinte, 1 Kopf f\u00fcr cmyk-Farben)<br \/>\nDruckbreite 600MM<br \/>\nLeiterplattensystem HOSON(LAN)<br \/>\nDruckgeschwindigkeit:<br \/>\n3fach 25 m\u00b2\/h<br \/>\n4pass 22 m\u00b2\/h<br \/>\n6fach 14 m\u00b2\/h<br \/>\n8Pass 10 m\u00b2\/h<br \/>\nInformationen zum Drucker:<br \/>\nBetriebsspannung AC220V 50\/60HZ<br \/>\nLeistung 2500W<br \/>\nArbeitsumgebung<br \/>\nNormale Arbeitstemperatur: 22-28\u2103<br \/>\nhumidity:40%-60%<br \/>\nGr\u00f6\u00dfe der Maschine L1720MM B830MM H1600MM<br \/>\nAbmessungen der Verpackung 2000MM(L)810MM(B)640MM(H)<\/p>","protected":false},"excerpt":{"rendered":"<p>F\u00fcr Einzelheiten zu den Produkten und aktuelle Angebote wenden Sie sich bitte an unseren Verkaufsleiter<\/p>","protected":false},"featured_media":30054,"comment_status":"open","ping_status":"closed","template":"","meta":[],"product_brand":[],"product_cat":[122],"product_tag":[],"class_list":{"0":"post-30053","1":"product","2":"type-product","3":"status-publish","4":"has-post-thumbnail","6":"product_cat-dtf-printer-dtf-printer","8":"first","9":"instock","10":"shipping-taxable","11":"purchasable","12":"product-type-simple"},"yoast_head":"<!-- This site is optimized with the Yoast SEO plugin v26.9 - https:\/\/yoast.com\/product\/yoast-seo-wordpress\/ -->\n<title>DTF Printer AM602i32DTF with 2 epson i3200 printhead - Amo<\/title>\n<meta name=\"robots\" content=\"index, follow, max-snippet:-1, max-image-preview:large, max-video-preview:-1\" \/>\n<link rel=\"canonical\" href=\"https:\/\/superprintpro.com\/de\/produkt\/dtf-printer-am602i32dtf-with-2-epson-i3200-printhead\/\" \/>\n<meta property=\"og:locale\" content=\"de_DE\" \/>\n<meta property=\"og:type\" content=\"article\" \/>\n<meta property=\"og:title\" content=\"DTF Printer AM602i32DTF with 2 epson i3200 printhead - Amo\" \/>\n<meta property=\"og:description\" content=\"For product details and the latest quotes, please contact our sales manager\" \/>\n<meta property=\"og:url\" content=\"https:\/\/superprintpro.com\/de\/produkt\/dtf-printer-am602i32dtf-with-2-epson-i3200-printhead\/\" \/>\n<meta property=\"og:site_name\" content=\"Amo\" \/>\n<meta property=\"article:modified_time\" content=\"2025-08-17T11:51:15+00:00\" \/>\n<meta property=\"og:image\" content=\"https:\/\/superprintpro.com\/wp-content\/uploads\/2025\/08\/dtf-printer-am602i32dtf-with-2-epson-i3200-printhead.jpg\" \/>\n\t<meta property=\"og:image:width\" content=\"818\" \/>\n\t<meta property=\"og:image:height\" content=\"460\" \/>\n\t<meta property=\"og:image:type\" content=\"image\/jpeg\" \/>\n<meta name=\"twitter:card\" content=\"summary_large_image\" \/>\n<meta name=\"twitter:label1\" content=\"Gesch\u00e4tzte Lesezeit\" \/>\n\t<meta name=\"twitter:data1\" content=\"1\u00a0Minute\" \/>\n<script type=\"application\/ld+json\" class=\"yoast-schema-graph\">{\"@context\":\"https:\/\/schema.org\",\"@graph\":[{\"@type\":\"WebPage\",\"@id\":\"https:\/\/superprintpro.com\/product\/dtf-printer-am602i32dtf-with-2-epson-i3200-printhead\/\",\"url\":\"https:\/\/superprintpro.com\/product\/dtf-printer-am602i32dtf-with-2-epson-i3200-printhead\/\",\"name\":\"DTF Printer AM602i32DTF with 2 epson i3200 printhead - Amo\",\"isPartOf\":{\"@id\":\"https:\/\/superprintpro.com\/#website\"},\"primaryImageOfPage\":{\"@id\":\"https:\/\/superprintpro.com\/product\/dtf-printer-am602i32dtf-with-2-epson-i3200-printhead\/#primaryimage\"},\"image\":{\"@id\":\"https:\/\/superprintpro.com\/product\/dtf-printer-am602i32dtf-with-2-epson-i3200-printhead\/#primaryimage\"},\"thumbnailUrl\":\"https:\/\/superprintpro.com\/wp-content\/uploads\/2025\/08\/dtf-printer-am602i32dtf-with-2-epson-i3200-printhead.jpg\",\"datePublished\":\"2025-08-17T11:51:14+00:00\",\"dateModified\":\"2025-08-17T11:51:15+00:00\",\"breadcrumb\":{\"@id\":\"https:\/\/superprintpro.com\/product\/dtf-printer-am602i32dtf-with-2-epson-i3200-printhead\/#breadcrumb\"},\"inLanguage\":\"de\",\"potentialAction\":[{\"@type\":\"ReadAction\",\"target\":[\"https:\/\/superprintpro.com\/product\/dtf-printer-am602i32dtf-with-2-epson-i3200-printhead\/\"]}]},{\"@type\":\"ImageObject\",\"inLanguage\":\"de\",\"@id\":\"https:\/\/superprintpro.com\/product\/dtf-printer-am602i32dtf-with-2-epson-i3200-printhead\/#primaryimage\",\"url\":\"https:\/\/superprintpro.com\/wp-content\/uploads\/2025\/08\/dtf-printer-am602i32dtf-with-2-epson-i3200-printhead.jpg\",\"contentUrl\":\"https:\/\/superprintpro.com\/wp-content\/uploads\/2025\/08\/dtf-printer-am602i32dtf-with-2-epson-i3200-printhead.jpg\",\"width\":818,\"height\":460,\"caption\":\"DTF Printer AM602i32DTF with 2 epson i3200 printhead\"},{\"@type\":\"BreadcrumbList\",\"@id\":\"https:\/\/superprintpro.com\/product\/dtf-printer-am602i32dtf-with-2-epson-i3200-printhead\/#breadcrumb\",\"itemListElement\":[{\"@type\":\"ListItem\",\"position\":1,\"name\":\"\u9996\u9875\",\"item\":\"https:\/\/superprintpro.com\/\"},{\"@type\":\"ListItem\",\"position\":2,\"name\":\"Shop\",\"item\":\"https:\/\/superprintpro.com\/shop\/\"},{\"@type\":\"ListItem\",\"position\":3,\"name\":\"DTF Printer AM602i32DTF with 2 epson i3200 printhead\"}]},{\"@type\":\"WebSite\",\"@id\":\"https:\/\/superprintpro.com\/#website\",\"url\":\"https:\/\/superprintpro.com\/\",\"name\":\"Amo\",\"description\":\"\",\"potentialAction\":[{\"@type\":\"SearchAction\",\"target\":{\"@type\":\"EntryPoint\",\"urlTemplate\":\"https:\/\/superprintpro.com\/?s={search_term_string}\"},\"query-input\":{\"@type\":\"PropertyValueSpecification\",\"valueRequired\":true,\"valueName\":\"search_term_string\"}}],\"inLanguage\":\"de\"}]}<\/script>\n<!-- \/ Yoast SEO plugin. -->","yoast_head_json":{"title":"DTF Printer AM602i32DTF with 2 epson i3200 printhead - Amo","robots":{"index":"index","follow":"follow","max-snippet":"max-snippet:-1","max-image-preview":"max-image-preview:large","max-video-preview":"max-video-preview:-1"},"canonical":"https:\/\/superprintpro.com\/de\/produkt\/dtf-printer-am602i32dtf-with-2-epson-i3200-printhead\/","og_locale":"de_DE","og_type":"article","og_title":"DTF Printer AM602i32DTF with 2 epson i3200 printhead - Amo","og_description":"For product details and the latest quotes, please contact our sales manager","og_url":"https:\/\/superprintpro.com\/de\/produkt\/dtf-printer-am602i32dtf-with-2-epson-i3200-printhead\/","og_site_name":"Amo","article_modified_time":"2025-08-17T11:51:15+00:00","og_image":[{"width":818,"height":460,"url":"https:\/\/superprintpro.com\/wp-content\/uploads\/2025\/08\/dtf-printer-am602i32dtf-with-2-epson-i3200-printhead.jpg","type":"image\/jpeg"}],"twitter_card":"summary_large_image","twitter_misc":{"Gesch\u00e4tzte Lesezeit":"1\u00a0Minute"},"schema":{"@context":"https:\/\/schema.org","@graph":[{"@type":"WebPage","@id":"https:\/\/superprintpro.com\/product\/dtf-printer-am602i32dtf-with-2-epson-i3200-printhead\/","url":"https:\/\/superprintpro.com\/product\/dtf-printer-am602i32dtf-with-2-epson-i3200-printhead\/","name":"DTF Printer AM602i32DTF with 2 epson i3200 printhead - Amo","isPartOf":{"@id":"https:\/\/superprintpro.com\/#website"},"primaryImageOfPage":{"@id":"https:\/\/superprintpro.com\/product\/dtf-printer-am602i32dtf-with-2-epson-i3200-printhead\/#primaryimage"},"image":{"@id":"https:\/\/superprintpro.com\/product\/dtf-printer-am602i32dtf-with-2-epson-i3200-printhead\/#primaryimage"},"thumbnailUrl":"https:\/\/superprintpro.com\/wp-content\/uploads\/2025\/08\/dtf-printer-am602i32dtf-with-2-epson-i3200-printhead.jpg","datePublished":"2025-08-17T11:51:14+00:00","dateModified":"2025-08-17T11:51:15+00:00","breadcrumb":{"@id":"https:\/\/superprintpro.com\/product\/dtf-printer-am602i32dtf-with-2-epson-i3200-printhead\/#breadcrumb"},"inLanguage":"de","potentialAction":[{"@type":"ReadAction","target":["https:\/\/superprintpro.com\/product\/dtf-printer-am602i32dtf-with-2-epson-i3200-printhead\/"]}]},{"@type":"ImageObject","inLanguage":"de","@id":"https:\/\/superprintpro.com\/product\/dtf-printer-am602i32dtf-with-2-epson-i3200-printhead\/#primaryimage","url":"https:\/\/superprintpro.com\/wp-content\/uploads\/2025\/08\/dtf-printer-am602i32dtf-with-2-epson-i3200-printhead.jpg","contentUrl":"https:\/\/superprintpro.com\/wp-content\/uploads\/2025\/08\/dtf-printer-am602i32dtf-with-2-epson-i3200-printhead.jpg","width":818,"height":460,"caption":"DTF Printer AM602i32DTF with 2 epson i3200 printhead"},{"@type":"BreadcrumbList","@id":"https:\/\/superprintpro.com\/product\/dtf-printer-am602i32dtf-with-2-epson-i3200-printhead\/#breadcrumb","itemListElement":[{"@type":"ListItem","position":1,"name":"\u9996\u9875","item":"https:\/\/superprintpro.com\/"},{"@type":"ListItem","position":2,"name":"Shop","item":"https:\/\/superprintpro.com\/shop\/"},{"@type":"ListItem","position":3,"name":"DTF Printer AM602i32DTF with 2 epson i3200 printhead"}]},{"@type":"WebSite","@id":"https:\/\/superprintpro.com\/#website","url":"https:\/\/superprintpro.com\/","name":"Amo","description":"","potentialAction":[{"@type":"SearchAction","target":{"@type":"EntryPoint","urlTemplate":"https:\/\/superprintpro.com\/?s={search_term_string}"},"query-input":{"@type":"PropertyValueSpecification","valueRequired":true,"valueName":"search_term_string"}}],"inLanguage":"de"}]}},"_links":{"self":[{"href":"https:\/\/superprintpro.com\/de\/wp-json\/wp\/v2\/product\/30053","targetHints":{"allow":["GET"]}}],"collection":[{"href":"https:\/\/superprintpro.com\/de\/wp-json\/wp\/v2\/product"}],"about":[{"href":"https:\/\/superprintpro.com\/de\/wp-json\/wp\/v2\/types\/product"}],"replies":[{"embeddable":true,"href":"https:\/\/superprintpro.com\/de\/wp-json\/wp\/v2\/comments?post=30053"}],"version-history":[{"count":1,"href":"https:\/\/superprintpro.com\/de\/wp-json\/wp\/v2\/product\/30053\/revisions"}],"predecessor-version":[{"id":30055,"href":"https:\/\/superprintpro.com\/de\/wp-json\/wp\/v2\/product\/30053\/revisions\/30055"}],"wp:featuredmedia":[{"embeddable":true,"href":"https:\/\/superprintpro.com\/de\/wp-json\/wp\/v2\/media\/30054"}],"wp:attachment":[{"href":"https:\/\/superprintpro.com\/de\/wp-json\/wp\/v2\/media?parent=30053"}],"wp:term":[{"taxonomy":"product_brand","embeddable":true,"href":"https:\/\/superprintpro.com\/de\/wp-json\/wp\/v2\/product_brand?post=30053"},{"taxonomy":"product_cat","embeddable":true,"href":"https:\/\/superprintpro.com\/de\/wp-json\/wp\/v2\/product_cat?post=30053"},{"taxonomy":"product_tag","embeddable":true,"href":"https:\/\/superprintpro.com\/de\/wp-json\/wp\/v2\/product_tag?post=30053"}],"curies":[{"name":"wp","href":"https:\/\/api.w.org\/{rel}","templated":true}]}}