{"id":29457,"date":"2025-08-10T01:26:48","date_gmt":"2025-08-10T01:26:48","guid":{"rendered":"https:\/\/superprintpro.com\/?post_type=product&#038;p=29457"},"modified":"2025-08-16T15:17:12","modified_gmt":"2025-08-16T07:17:12","slug":"w-xp600-boards-kit-without-cable-work-for-3-pieces-xp600-printheads","status":"publish","type":"product","link":"https:\/\/superprintpro.com\/de\/produkt\/w-xp600-boards-kit-without-cable-work-for-3-pieces-xp600-printheads\/","title":{"rendered":"W XP600 Platinen Kit ohne Kabel f\u00fcr 3 St\u00fcck XP600 Druckk\u00f6pfe"},"content":{"rendered":"<ul>\n<li><b><strong>Tintenstrahldrucker Boards Kit Name\uff1a<\/strong><\/b>W XP600 Platinen Kit ohne Kabel f\u00fcr 3 St\u00fcck XP600 Druckk\u00f6pfe<\/li>\n<li><b><strong>Software :\u00a0 <\/strong><\/b>W<\/li>\n<li><b><strong>Anwendung:\u00a0 <\/strong><\/b>Zur Aufr\u00fcstung von Tintenstrahldruckern mit 3 St\u00fcck XP600 Druckk\u00f6pfen<\/li>\n<li><b><strong>Unterst\u00fctzte Inkjet-Serien: <\/strong><\/b>F\u00fcr alle Rolle-zu-Rolle-Tintenstrahldrucker<\/li>\n<li><b><strong>Unterst\u00fctzte Tinte\uff1a<\/strong><\/b>Eco-Solvent, wasserbasiert \uff08Sublimation), UV<\/li>\n<li><b><strong>Unterst\u00fctzte Tintenfarbe<\/strong><\/b><b><strong>\uff1a<\/strong><\/b>CMYK W<\/li>\n<li><b><strong>Kommentar:\u00a0 <\/strong><\/b>Dies ist ein Platinen-Kit mit Kabeln typischerweise f\u00fcr die Aufr\u00fcstung eines chinesischen alten Tintenstrahldrucker mit neuen System und neuen Druckkopf. Zum Beispiel k\u00f6nnte dieses Kit ein Eco-Solvent von witcolor, micolor, gongzheng, allwin, galaxy (sid triton), die urspr\u00fcnglich mit DX5 Druckkopf in neue Drucker mit 3 XP600 Druckkopf, oder dieses Kit k\u00f6nnte ein L\u00f6sungsmittel-Tintenstrahldrucker wie infiniti mit seiko spt510 zu einem neuen System mit 3 XP600 Druckkopf zu aktualisieren. Unabh\u00e4ngig davon, ob es sich um einen Eco-Solvent- oder einen Solvent-Drucker handelt, kann dieses Kit f\u00fcr diesen Drucker verwendet werden, solange es sich um ein Rolle-zu-Rolle-System f\u00fcr die Medienverarbeitung handelt.<\/li>\n<\/ul>","protected":false},"excerpt":{"rendered":"<p>F\u00fcr Produktdetails und aktuelle Preise wenden Sie sich bitte an unser Verkaufsmanagement<\/p>","protected":false},"featured_media":30019,"comment_status":"open","ping_status":"closed","template":"","meta":[],"product_brand":[],"product_cat":[86],"product_tag":[],"class_list":{"0":"post-29457","1":"product","2":"type-product","3":"status-publish","4":"has-post-thumbnail","6":"product_cat-inkjet-printer-boards-kit","8":"first","9":"instock","10":"shipping-taxable","11":"purchasable","12":"product-type-simple"},"yoast_head":"<!-- This site is optimized with the Yoast SEO plugin v26.9 - https:\/\/yoast.com\/product\/yoast-seo-wordpress\/ -->\n<title>W XP600 boards kit without cable work for 3 pieces XP600 Printheads - Amo<\/title>\n<meta name=\"robots\" content=\"index, follow, max-snippet:-1, max-image-preview:large, max-video-preview:-1\" \/>\n<link rel=\"canonical\" href=\"https:\/\/superprintpro.com\/de\/produkt\/w-xp600-boards-kit-without-cable-work-for-3-pieces-xp600-printheads\/\" \/>\n<meta property=\"og:locale\" content=\"de_DE\" \/>\n<meta property=\"og:type\" content=\"article\" \/>\n<meta property=\"og:title\" content=\"W XP600 boards kit without cable work for 3 pieces XP600 Printheads - Amo\" \/>\n<meta property=\"og:description\" content=\"For product details and the latest prices please contact our sales manage\" \/>\n<meta property=\"og:url\" content=\"https:\/\/superprintpro.com\/de\/produkt\/w-xp600-boards-kit-without-cable-work-for-3-pieces-xp600-printheads\/\" \/>\n<meta property=\"og:site_name\" content=\"Amo\" \/>\n<meta property=\"article:modified_time\" content=\"2025-08-16T07:17:12+00:00\" \/>\n<meta property=\"og:image\" content=\"https:\/\/superprintpro.com\/wp-content\/uploads\/2025\/08\/w-xp600-boards-kit-without-cable-3-xp600-printheads.jpg\" \/>\n\t<meta property=\"og:image:width\" content=\"800\" \/>\n\t<meta property=\"og:image:height\" content=\"800\" \/>\n\t<meta property=\"og:image:type\" content=\"image\/jpeg\" \/>\n<meta name=\"twitter:card\" content=\"summary_large_image\" \/>\n<meta name=\"twitter:label1\" content=\"Gesch\u00e4tzte Lesezeit\" \/>\n\t<meta name=\"twitter:data1\" content=\"1\u00a0Minute\" \/>\n<script type=\"application\/ld+json\" class=\"yoast-schema-graph\">{\"@context\":\"https:\/\/schema.org\",\"@graph\":[{\"@type\":\"WebPage\",\"@id\":\"https:\/\/superprintpro.com\/product\/w-xp600-boards-kit-without-cable-work-for-3-pieces-xp600-printheads\/\",\"url\":\"https:\/\/superprintpro.com\/product\/w-xp600-boards-kit-without-cable-work-for-3-pieces-xp600-printheads\/\",\"name\":\"W XP600 boards kit without cable work for 3 pieces XP600 Printheads - Amo\",\"isPartOf\":{\"@id\":\"https:\/\/superprintpro.com\/#website\"},\"primaryImageOfPage\":{\"@id\":\"https:\/\/superprintpro.com\/product\/w-xp600-boards-kit-without-cable-work-for-3-pieces-xp600-printheads\/#primaryimage\"},\"image\":{\"@id\":\"https:\/\/superprintpro.com\/product\/w-xp600-boards-kit-without-cable-work-for-3-pieces-xp600-printheads\/#primaryimage\"},\"thumbnailUrl\":\"https:\/\/superprintpro.com\/wp-content\/uploads\/2025\/08\/w-xp600-boards-kit-without-cable-3-xp600-printheads.jpg\",\"datePublished\":\"2025-08-10T01:26:48+00:00\",\"dateModified\":\"2025-08-16T07:17:12+00:00\",\"breadcrumb\":{\"@id\":\"https:\/\/superprintpro.com\/product\/w-xp600-boards-kit-without-cable-work-for-3-pieces-xp600-printheads\/#breadcrumb\"},\"inLanguage\":\"de\",\"potentialAction\":[{\"@type\":\"ReadAction\",\"target\":[\"https:\/\/superprintpro.com\/product\/w-xp600-boards-kit-without-cable-work-for-3-pieces-xp600-printheads\/\"]}]},{\"@type\":\"ImageObject\",\"inLanguage\":\"de\",\"@id\":\"https:\/\/superprintpro.com\/product\/w-xp600-boards-kit-without-cable-work-for-3-pieces-xp600-printheads\/#primaryimage\",\"url\":\"https:\/\/superprintpro.com\/wp-content\/uploads\/2025\/08\/w-xp600-boards-kit-without-cable-3-xp600-printheads.jpg\",\"contentUrl\":\"https:\/\/superprintpro.com\/wp-content\/uploads\/2025\/08\/w-xp600-boards-kit-without-cable-3-xp600-printheads.jpg\",\"width\":800,\"height\":800,\"caption\":\"YXP xp600 boards kit without cable work for 2 piece xp600 printhead\"},{\"@type\":\"BreadcrumbList\",\"@id\":\"https:\/\/superprintpro.com\/product\/w-xp600-boards-kit-without-cable-work-for-3-pieces-xp600-printheads\/#breadcrumb\",\"itemListElement\":[{\"@type\":\"ListItem\",\"position\":1,\"name\":\"\u9996\u9875\",\"item\":\"https:\/\/superprintpro.com\/\"},{\"@type\":\"ListItem\",\"position\":2,\"name\":\"Shop\",\"item\":\"https:\/\/superprintpro.com\/shop\/\"},{\"@type\":\"ListItem\",\"position\":3,\"name\":\"W XP600 boards kit without cable work for 3 pieces XP600 Printheads\"}]},{\"@type\":\"WebSite\",\"@id\":\"https:\/\/superprintpro.com\/#website\",\"url\":\"https:\/\/superprintpro.com\/\",\"name\":\"Amo\",\"description\":\"\",\"potentialAction\":[{\"@type\":\"SearchAction\",\"target\":{\"@type\":\"EntryPoint\",\"urlTemplate\":\"https:\/\/superprintpro.com\/?s={search_term_string}\"},\"query-input\":{\"@type\":\"PropertyValueSpecification\",\"valueRequired\":true,\"valueName\":\"search_term_string\"}}],\"inLanguage\":\"de\"}]}<\/script>\n<!-- \/ Yoast SEO plugin. -->","yoast_head_json":{"title":"W XP600 boards kit without cable work for 3 pieces XP600 Printheads - Amo","robots":{"index":"index","follow":"follow","max-snippet":"max-snippet:-1","max-image-preview":"max-image-preview:large","max-video-preview":"max-video-preview:-1"},"canonical":"https:\/\/superprintpro.com\/de\/produkt\/w-xp600-boards-kit-without-cable-work-for-3-pieces-xp600-printheads\/","og_locale":"de_DE","og_type":"article","og_title":"W XP600 boards kit without cable work for 3 pieces XP600 Printheads - Amo","og_description":"For product details and the latest prices please contact our sales manage","og_url":"https:\/\/superprintpro.com\/de\/produkt\/w-xp600-boards-kit-without-cable-work-for-3-pieces-xp600-printheads\/","og_site_name":"Amo","article_modified_time":"2025-08-16T07:17:12+00:00","og_image":[{"width":800,"height":800,"url":"https:\/\/superprintpro.com\/wp-content\/uploads\/2025\/08\/w-xp600-boards-kit-without-cable-3-xp600-printheads.jpg","type":"image\/jpeg"}],"twitter_card":"summary_large_image","twitter_misc":{"Gesch\u00e4tzte Lesezeit":"1\u00a0Minute"},"schema":{"@context":"https:\/\/schema.org","@graph":[{"@type":"WebPage","@id":"https:\/\/superprintpro.com\/product\/w-xp600-boards-kit-without-cable-work-for-3-pieces-xp600-printheads\/","url":"https:\/\/superprintpro.com\/product\/w-xp600-boards-kit-without-cable-work-for-3-pieces-xp600-printheads\/","name":"W XP600 boards kit without cable work for 3 pieces XP600 Printheads - Amo","isPartOf":{"@id":"https:\/\/superprintpro.com\/#website"},"primaryImageOfPage":{"@id":"https:\/\/superprintpro.com\/product\/w-xp600-boards-kit-without-cable-work-for-3-pieces-xp600-printheads\/#primaryimage"},"image":{"@id":"https:\/\/superprintpro.com\/product\/w-xp600-boards-kit-without-cable-work-for-3-pieces-xp600-printheads\/#primaryimage"},"thumbnailUrl":"https:\/\/superprintpro.com\/wp-content\/uploads\/2025\/08\/w-xp600-boards-kit-without-cable-3-xp600-printheads.jpg","datePublished":"2025-08-10T01:26:48+00:00","dateModified":"2025-08-16T07:17:12+00:00","breadcrumb":{"@id":"https:\/\/superprintpro.com\/product\/w-xp600-boards-kit-without-cable-work-for-3-pieces-xp600-printheads\/#breadcrumb"},"inLanguage":"de","potentialAction":[{"@type":"ReadAction","target":["https:\/\/superprintpro.com\/product\/w-xp600-boards-kit-without-cable-work-for-3-pieces-xp600-printheads\/"]}]},{"@type":"ImageObject","inLanguage":"de","@id":"https:\/\/superprintpro.com\/product\/w-xp600-boards-kit-without-cable-work-for-3-pieces-xp600-printheads\/#primaryimage","url":"https:\/\/superprintpro.com\/wp-content\/uploads\/2025\/08\/w-xp600-boards-kit-without-cable-3-xp600-printheads.jpg","contentUrl":"https:\/\/superprintpro.com\/wp-content\/uploads\/2025\/08\/w-xp600-boards-kit-without-cable-3-xp600-printheads.jpg","width":800,"height":800,"caption":"YXP xp600 boards kit without cable work for 2 piece xp600 printhead"},{"@type":"BreadcrumbList","@id":"https:\/\/superprintpro.com\/product\/w-xp600-boards-kit-without-cable-work-for-3-pieces-xp600-printheads\/#breadcrumb","itemListElement":[{"@type":"ListItem","position":1,"name":"\u9996\u9875","item":"https:\/\/superprintpro.com\/"},{"@type":"ListItem","position":2,"name":"Shop","item":"https:\/\/superprintpro.com\/shop\/"},{"@type":"ListItem","position":3,"name":"W XP600 boards kit without cable work for 3 pieces XP600 Printheads"}]},{"@type":"WebSite","@id":"https:\/\/superprintpro.com\/#website","url":"https:\/\/superprintpro.com\/","name":"Amo","description":"","potentialAction":[{"@type":"SearchAction","target":{"@type":"EntryPoint","urlTemplate":"https:\/\/superprintpro.com\/?s={search_term_string}"},"query-input":{"@type":"PropertyValueSpecification","valueRequired":true,"valueName":"search_term_string"}}],"inLanguage":"de"}]}},"_links":{"self":[{"href":"https:\/\/superprintpro.com\/de\/wp-json\/wp\/v2\/product\/29457","targetHints":{"allow":["GET"]}}],"collection":[{"href":"https:\/\/superprintpro.com\/de\/wp-json\/wp\/v2\/product"}],"about":[{"href":"https:\/\/superprintpro.com\/de\/wp-json\/wp\/v2\/types\/product"}],"replies":[{"embeddable":true,"href":"https:\/\/superprintpro.com\/de\/wp-json\/wp\/v2\/comments?post=29457"}],"version-history":[{"count":1,"href":"https:\/\/superprintpro.com\/de\/wp-json\/wp\/v2\/product\/29457\/revisions"}],"predecessor-version":[{"id":29459,"href":"https:\/\/superprintpro.com\/de\/wp-json\/wp\/v2\/product\/29457\/revisions\/29459"}],"wp:featuredmedia":[{"embeddable":true,"href":"https:\/\/superprintpro.com\/de\/wp-json\/wp\/v2\/media\/30019"}],"wp:attachment":[{"href":"https:\/\/superprintpro.com\/de\/wp-json\/wp\/v2\/media?parent=29457"}],"wp:term":[{"taxonomy":"product_brand","embeddable":true,"href":"https:\/\/superprintpro.com\/de\/wp-json\/wp\/v2\/product_brand?post=29457"},{"taxonomy":"product_cat","embeddable":true,"href":"https:\/\/superprintpro.com\/de\/wp-json\/wp\/v2\/product_cat?post=29457"},{"taxonomy":"product_tag","embeddable":true,"href":"https:\/\/superprintpro.com\/de\/wp-json\/wp\/v2\/product_tag?post=29457"}],"curies":[{"name":"wp","href":"https:\/\/api.w.org\/{rel}","templated":true}]}}