{"id":29401,"date":"2025-08-09T08:30:57","date_gmt":"2025-08-09T08:30:57","guid":{"rendered":"https:\/\/superprintpro.com\/?post_type=product&#038;p=29401"},"modified":"2025-08-16T15:32:24","modified_gmt":"2025-08-16T07:32:24","slug":"hoson-xp600-boards-kit-with-cable-work-for-2-pieces-xp600-flatbed-cable-conection-version","status":"publish","type":"product","link":"https:\/\/superprintpro.com\/de\/produkt\/hoson-xp600-boards-kit-with-cable-work-for-2-pieces-xp600-flatbed-cable-conection-version\/","title":{"rendered":"Hoson XP600 Platinen Kit mit Kabelanschluss f\u00fcr 2 St\u00fcck XP600 Flatbed Kabelanschluss Version"},"content":{"rendered":"<ul>\n<li><b><strong>Tintenstrahldrucker Boards Kit Name\uff1a<\/strong><\/b>Hoson XP600 Platinen Kit mit Kabelanschluss f\u00fcr 2 St\u00fcck XP600 Flatbed Kabelanschluss Version<\/li>\n<li><b><strong>Software : <\/strong><\/b>Hoson PrintExp<\/li>\n<li><b><strong>Anwendung: <\/strong><\/b>Zum Aufr\u00fcsten von Tintenstrahldruckern mit 2 St\u00fcck XP600 Druckk\u00f6pfen<\/li>\n<li><b><strong>Unterst\u00fctzte Inkjet-Serien: <\/strong><\/b>F\u00fcr alle Flachbett-Tintenstrahldrucker (normalerweise handelt es sich um einen UV-Flachbettdrucker mit Seiko\/Konica\/Ricoh\/Dx5\/Spectra\/Starfire-K\u00f6pfen)<\/li>\n<li><b><strong>Unterst\u00fctzte Tinte\uff1a<\/strong><\/b>Eco-Solvent, wasserbasiert \uff08Sublimation), UV<\/li>\n<li><b><strong>Unterst\u00fctzte Tintenfarbe<\/strong><\/b><b><strong>\uff1a<\/strong><\/b>CMYK W<\/li>\n<li><b><strong>Kommentar: <\/strong><\/b>Dies ist ein Platinen-Kit mit Kabeln typischerweise f\u00fcr die Aufr\u00fcstung eines chinesischen alten Tintenstrahldrucker mit neuen System und neuen Druckkopf. Typischerweise ist dieses Kit f\u00fcr die Aufr\u00fcstung einer alten chinesischen uv Flachbettdrucker, egal, was Kopf es urspr\u00fcnglich ausgestattet, in eine neue uv Flachbettdrucker mit 2 XP600 Druckkopf. Es kann auch jeden dieser Flachbettdrucker in einen normalen Eco-Solvent-Flachbettdrucker (kein uv-Stil) aufr\u00fcsten.<\/li>\n<\/ul>","protected":false},"excerpt":{"rendered":"<p>F\u00fcr Produktdetails und aktuelle Preise wenden Sie sich bitte an unser Verkaufsmanagement<\/p>","protected":false},"featured_media":30024,"comment_status":"open","ping_status":"closed","template":"","meta":[],"product_brand":[],"product_cat":[86],"product_tag":[],"class_list":{"0":"post-29401","1":"product","2":"type-product","3":"status-publish","4":"has-post-thumbnail","6":"product_cat-inkjet-printer-boards-kit","8":"first","9":"instock","10":"shipping-taxable","11":"purchasable","12":"product-type-simple"},"yoast_head":"<!-- This site is optimized with the Yoast SEO plugin v27.4 - https:\/\/yoast.com\/product\/yoast-seo-wordpress\/ -->\n<title>Hoson XP600 boards kit with cable work for 2 pieces XP600 Flatbed cable conection Version - Amo<\/title>\n<meta name=\"robots\" content=\"index, follow, max-snippet:-1, max-image-preview:large, max-video-preview:-1\" \/>\n<link rel=\"canonical\" href=\"https:\/\/superprintpro.com\/de\/produkt\/hoson-xp600-boards-kit-with-cable-work-for-2-pieces-xp600-flatbed-cable-conection-version\/\" \/>\n<meta property=\"og:locale\" content=\"de_DE\" \/>\n<meta property=\"og:type\" content=\"article\" \/>\n<meta property=\"og:title\" content=\"Hoson XP600 boards kit with cable work for 2 pieces XP600 Flatbed cable conection Version - Amo\" \/>\n<meta property=\"og:description\" content=\"For product details and the latest prices please contact our sales manage\" \/>\n<meta property=\"og:url\" content=\"https:\/\/superprintpro.com\/de\/produkt\/hoson-xp600-boards-kit-with-cable-work-for-2-pieces-xp600-flatbed-cable-conection-version\/\" \/>\n<meta property=\"og:site_name\" content=\"Amo\" \/>\n<meta property=\"article:modified_time\" content=\"2025-08-16T07:32:24+00:00\" \/>\n<meta property=\"og:image\" content=\"https:\/\/superprintpro.com\/wp-content\/uploads\/2025\/08\/hoson-xp600-boards-kit-with-cable-work-for-2-pieces-xp600-flatbed-cable-conection-version.jpg\" \/>\n\t<meta property=\"og:image:width\" content=\"800\" \/>\n\t<meta property=\"og:image:height\" content=\"800\" \/>\n\t<meta property=\"og:image:type\" content=\"image\/jpeg\" \/>\n<meta name=\"twitter:card\" content=\"summary_large_image\" \/>\n<meta name=\"twitter:label1\" content=\"Gesch\u00e4tzte Lesezeit\" \/>\n\t<meta name=\"twitter:data1\" content=\"1\u00a0Minute\" \/>\n<script type=\"application\/ld+json\" class=\"yoast-schema-graph\">{\"@context\":\"https:\\\/\\\/schema.org\",\"@graph\":[{\"@type\":\"WebPage\",\"@id\":\"https:\\\/\\\/superprintpro.com\\\/product\\\/hoson-xp600-boards-kit-with-cable-work-for-2-pieces-xp600-flatbed-cable-conection-version\\\/\",\"url\":\"https:\\\/\\\/superprintpro.com\\\/product\\\/hoson-xp600-boards-kit-with-cable-work-for-2-pieces-xp600-flatbed-cable-conection-version\\\/\",\"name\":\"Hoson XP600 boards kit with cable work for 2 pieces XP600 Flatbed cable conection Version - Amo\",\"isPartOf\":{\"@id\":\"https:\\\/\\\/superprintpro.com\\\/#website\"},\"primaryImageOfPage\":{\"@id\":\"https:\\\/\\\/superprintpro.com\\\/product\\\/hoson-xp600-boards-kit-with-cable-work-for-2-pieces-xp600-flatbed-cable-conection-version\\\/#primaryimage\"},\"image\":{\"@id\":\"https:\\\/\\\/superprintpro.com\\\/product\\\/hoson-xp600-boards-kit-with-cable-work-for-2-pieces-xp600-flatbed-cable-conection-version\\\/#primaryimage\"},\"thumbnailUrl\":\"https:\\\/\\\/superprintpro.com\\\/wp-content\\\/uploads\\\/2025\\\/08\\\/hoson-xp600-boards-kit-with-cable-work-for-2-pieces-xp600-flatbed-cable-conection-version.jpg\",\"datePublished\":\"2025-08-09T08:30:57+00:00\",\"dateModified\":\"2025-08-16T07:32:24+00:00\",\"breadcrumb\":{\"@id\":\"https:\\\/\\\/superprintpro.com\\\/product\\\/hoson-xp600-boards-kit-with-cable-work-for-2-pieces-xp600-flatbed-cable-conection-version\\\/#breadcrumb\"},\"inLanguage\":\"de\",\"potentialAction\":[{\"@type\":\"ReadAction\",\"target\":[\"https:\\\/\\\/superprintpro.com\\\/product\\\/hoson-xp600-boards-kit-with-cable-work-for-2-pieces-xp600-flatbed-cable-conection-version\\\/\"]}]},{\"@type\":\"ImageObject\",\"inLanguage\":\"de\",\"@id\":\"https:\\\/\\\/superprintpro.com\\\/product\\\/hoson-xp600-boards-kit-with-cable-work-for-2-pieces-xp600-flatbed-cable-conection-version\\\/#primaryimage\",\"url\":\"https:\\\/\\\/superprintpro.com\\\/wp-content\\\/uploads\\\/2025\\\/08\\\/hoson-xp600-boards-kit-with-cable-work-for-2-pieces-xp600-flatbed-cable-conection-version.jpg\",\"contentUrl\":\"https:\\\/\\\/superprintpro.com\\\/wp-content\\\/uploads\\\/2025\\\/08\\\/hoson-xp600-boards-kit-with-cable-work-for-2-pieces-xp600-flatbed-cable-conection-version.jpg\",\"width\":800,\"height\":800,\"caption\":\"Hoson XP600 boards kit with cable work for 2 pieces XP600 Flatbed cable conection Version\"},{\"@type\":\"BreadcrumbList\",\"@id\":\"https:\\\/\\\/superprintpro.com\\\/product\\\/hoson-xp600-boards-kit-with-cable-work-for-2-pieces-xp600-flatbed-cable-conection-version\\\/#breadcrumb\",\"itemListElement\":[{\"@type\":\"ListItem\",\"position\":1,\"name\":\"\u9996\u9875\",\"item\":\"https:\\\/\\\/superprintpro.com\\\/\"},{\"@type\":\"ListItem\",\"position\":2,\"name\":\"Shop\",\"item\":\"https:\\\/\\\/superprintpro.com\\\/shop\\\/\"},{\"@type\":\"ListItem\",\"position\":3,\"name\":\"Hoson XP600 boards kit with cable work for 2 pieces XP600 Flatbed cable conection Version\"}]},{\"@type\":\"WebSite\",\"@id\":\"https:\\\/\\\/superprintpro.com\\\/#website\",\"url\":\"https:\\\/\\\/superprintpro.com\\\/\",\"name\":\"Amo\",\"description\":\"\",\"potentialAction\":[{\"@type\":\"SearchAction\",\"target\":{\"@type\":\"EntryPoint\",\"urlTemplate\":\"https:\\\/\\\/superprintpro.com\\\/?s={search_term_string}\"},\"query-input\":{\"@type\":\"PropertyValueSpecification\",\"valueRequired\":true,\"valueName\":\"search_term_string\"}}],\"inLanguage\":\"de\"}]}<\/script>\n<!-- \/ Yoast SEO plugin. -->","yoast_head_json":{"title":"Hoson XP600 boards kit with cable work for 2 pieces XP600 Flatbed cable conection Version - Amo","robots":{"index":"index","follow":"follow","max-snippet":"max-snippet:-1","max-image-preview":"max-image-preview:large","max-video-preview":"max-video-preview:-1"},"canonical":"https:\/\/superprintpro.com\/de\/produkt\/hoson-xp600-boards-kit-with-cable-work-for-2-pieces-xp600-flatbed-cable-conection-version\/","og_locale":"de_DE","og_type":"article","og_title":"Hoson XP600 boards kit with cable work for 2 pieces XP600 Flatbed cable conection Version - Amo","og_description":"For product details and the latest prices please contact our sales manage","og_url":"https:\/\/superprintpro.com\/de\/produkt\/hoson-xp600-boards-kit-with-cable-work-for-2-pieces-xp600-flatbed-cable-conection-version\/","og_site_name":"Amo","article_modified_time":"2025-08-16T07:32:24+00:00","og_image":[{"width":800,"height":800,"url":"https:\/\/superprintpro.com\/wp-content\/uploads\/2025\/08\/hoson-xp600-boards-kit-with-cable-work-for-2-pieces-xp600-flatbed-cable-conection-version.jpg","type":"image\/jpeg"}],"twitter_card":"summary_large_image","twitter_misc":{"Gesch\u00e4tzte Lesezeit":"1\u00a0Minute"},"schema":{"@context":"https:\/\/schema.org","@graph":[{"@type":"WebPage","@id":"https:\/\/superprintpro.com\/product\/hoson-xp600-boards-kit-with-cable-work-for-2-pieces-xp600-flatbed-cable-conection-version\/","url":"https:\/\/superprintpro.com\/product\/hoson-xp600-boards-kit-with-cable-work-for-2-pieces-xp600-flatbed-cable-conection-version\/","name":"Hoson XP600 boards kit with cable work for 2 pieces XP600 Flatbed cable conection Version - Amo","isPartOf":{"@id":"https:\/\/superprintpro.com\/#website"},"primaryImageOfPage":{"@id":"https:\/\/superprintpro.com\/product\/hoson-xp600-boards-kit-with-cable-work-for-2-pieces-xp600-flatbed-cable-conection-version\/#primaryimage"},"image":{"@id":"https:\/\/superprintpro.com\/product\/hoson-xp600-boards-kit-with-cable-work-for-2-pieces-xp600-flatbed-cable-conection-version\/#primaryimage"},"thumbnailUrl":"https:\/\/superprintpro.com\/wp-content\/uploads\/2025\/08\/hoson-xp600-boards-kit-with-cable-work-for-2-pieces-xp600-flatbed-cable-conection-version.jpg","datePublished":"2025-08-09T08:30:57+00:00","dateModified":"2025-08-16T07:32:24+00:00","breadcrumb":{"@id":"https:\/\/superprintpro.com\/product\/hoson-xp600-boards-kit-with-cable-work-for-2-pieces-xp600-flatbed-cable-conection-version\/#breadcrumb"},"inLanguage":"de","potentialAction":[{"@type":"ReadAction","target":["https:\/\/superprintpro.com\/product\/hoson-xp600-boards-kit-with-cable-work-for-2-pieces-xp600-flatbed-cable-conection-version\/"]}]},{"@type":"ImageObject","inLanguage":"de","@id":"https:\/\/superprintpro.com\/product\/hoson-xp600-boards-kit-with-cable-work-for-2-pieces-xp600-flatbed-cable-conection-version\/#primaryimage","url":"https:\/\/superprintpro.com\/wp-content\/uploads\/2025\/08\/hoson-xp600-boards-kit-with-cable-work-for-2-pieces-xp600-flatbed-cable-conection-version.jpg","contentUrl":"https:\/\/superprintpro.com\/wp-content\/uploads\/2025\/08\/hoson-xp600-boards-kit-with-cable-work-for-2-pieces-xp600-flatbed-cable-conection-version.jpg","width":800,"height":800,"caption":"Hoson XP600 boards kit with cable work for 2 pieces XP600 Flatbed cable conection Version"},{"@type":"BreadcrumbList","@id":"https:\/\/superprintpro.com\/product\/hoson-xp600-boards-kit-with-cable-work-for-2-pieces-xp600-flatbed-cable-conection-version\/#breadcrumb","itemListElement":[{"@type":"ListItem","position":1,"name":"\u9996\u9875","item":"https:\/\/superprintpro.com\/"},{"@type":"ListItem","position":2,"name":"Shop","item":"https:\/\/superprintpro.com\/shop\/"},{"@type":"ListItem","position":3,"name":"Hoson XP600 boards kit with cable work for 2 pieces XP600 Flatbed cable conection Version"}]},{"@type":"WebSite","@id":"https:\/\/superprintpro.com\/#website","url":"https:\/\/superprintpro.com\/","name":"Amo","description":"","potentialAction":[{"@type":"SearchAction","target":{"@type":"EntryPoint","urlTemplate":"https:\/\/superprintpro.com\/?s={search_term_string}"},"query-input":{"@type":"PropertyValueSpecification","valueRequired":true,"valueName":"search_term_string"}}],"inLanguage":"de"}]}},"_links":{"self":[{"href":"https:\/\/superprintpro.com\/de\/wp-json\/wp\/v2\/product\/29401","targetHints":{"allow":["GET"]}}],"collection":[{"href":"https:\/\/superprintpro.com\/de\/wp-json\/wp\/v2\/product"}],"about":[{"href":"https:\/\/superprintpro.com\/de\/wp-json\/wp\/v2\/types\/product"}],"replies":[{"embeddable":true,"href":"https:\/\/superprintpro.com\/de\/wp-json\/wp\/v2\/comments?post=29401"}],"version-history":[{"count":1,"href":"https:\/\/superprintpro.com\/de\/wp-json\/wp\/v2\/product\/29401\/revisions"}],"predecessor-version":[{"id":29403,"href":"https:\/\/superprintpro.com\/de\/wp-json\/wp\/v2\/product\/29401\/revisions\/29403"}],"wp:featuredmedia":[{"embeddable":true,"href":"https:\/\/superprintpro.com\/de\/wp-json\/wp\/v2\/media\/30024"}],"wp:attachment":[{"href":"https:\/\/superprintpro.com\/de\/wp-json\/wp\/v2\/media?parent=29401"}],"wp:term":[{"taxonomy":"product_brand","embeddable":true,"href":"https:\/\/superprintpro.com\/de\/wp-json\/wp\/v2\/product_brand?post=29401"},{"taxonomy":"product_cat","embeddable":true,"href":"https:\/\/superprintpro.com\/de\/wp-json\/wp\/v2\/product_cat?post=29401"},{"taxonomy":"product_tag","embeddable":true,"href":"https:\/\/superprintpro.com\/de\/wp-json\/wp\/v2\/product_tag?post=29401"}],"curies":[{"name":"wp","href":"https:\/\/api.w.org\/{rel}","templated":true}]}}