{"id":29389,"date":"2025-08-09T08:12:33","date_gmt":"2025-08-09T08:12:33","guid":{"rendered":"https:\/\/superprintpro.com\/?post_type=product&#038;p=29389"},"modified":"2025-08-16T15:42:51","modified_gmt":"2025-08-16T07:42:51","slug":"hoson-i3200-boards-kit-with-cable-work-for-4-piece-i3200-flatbed-version","status":"publish","type":"product","link":"https:\/\/superprintpro.com\/de\/produkt\/hoson-i3200-boards-kit-with-cable-work-for-4-piece-i3200-flatbed-version\/","title":{"rendered":"Hoson i3200 Plattensatz mit Kabelf\u00fchrung f\u00fcr 4 St\u00fcck i3200 Flatbed Version"},"content":{"rendered":"<ul>\n<li><b><strong>Tintenstrahldrucker Boards Kit Name\uff1a<\/strong><\/b>Hoson i3200 Plattensatz mit Kabelf\u00fchrung f\u00fcr 4 St\u00fcck i3200 Flatbed Version<\/li>\n<\/ul>\n<ul>\n<li><b><strong>Software : <\/strong><\/b>Hoson PrintExp<\/li>\n<\/ul>\n<ul>\n<li><b><strong>Anwendung:<\/strong><\/b>Zum Aufr\u00fcsten von Tintenstrahldruckern mit 4 St\u00fcck i3200 Druckk\u00f6pfen<\/li>\n<\/ul>\n<ul>\n<li><b><strong>Unterst\u00fctzte Inkjet-Serien: <\/strong><\/b>F\u00fcr alle alten Flachbett-Tintenstrahldrucker (normalerweise handelt es sich um UV-Flachbettdrucker mit Seiko\/Konica\/Ricoh\/Dx5\/Spectra\/Starfire-K\u00f6pfen, die jetzt die K\u00f6pfe und das System wechseln m\u00fcssen)<\/li>\n<\/ul>\n<ul>\n<li><b><strong>Unterst\u00fctzte Tinte\uff1a <\/strong><\/b>Eco-Solvent, wasserbasiert \uff08Sublimation), UV<\/li>\n<\/ul>\n<ul>\n<li><b><strong>Unterst\u00fctzte Tintenfarbe<\/strong><\/b><b><strong>\uff1a<\/strong><\/b>CMYK W V<\/li>\n<\/ul>\n<ul>\n<li><b><strong>Kommentar:\u00a0 <\/strong><\/b>Dies ist ein Platinen-Kit mit Kabeln typischerweise f\u00fcr die Aufr\u00fcstung eines chinesischen alten Tintenstrahldrucker mit neuen System und neuen Druckkopf. Typischerweise ist dieses Kit f\u00fcr die Aufr\u00fcstung einer alten chinesischen uv Flachbettdrucker, egal, was Kopf es urspr\u00fcnglich ausgestattet, in eine neue uv Flachbettdrucker mit 4 St\u00fcck i3200 Druckkopf. Es kann auch jeden dieser Flachbettdrucker in einen normalen Eco-Solvent-Flachbettdrucker (kein UV-Stil) aufr\u00fcsten.<\/li>\n<\/ul>","protected":false},"excerpt":{"rendered":"<p>F\u00fcr Produktdetails und aktuelle Preise wenden Sie sich bitte an unser Verkaufsmanagement<\/p>","protected":false},"featured_media":30028,"comment_status":"open","ping_status":"closed","template":"","meta":[],"product_brand":[],"product_cat":[86],"product_tag":[],"class_list":{"0":"post-29389","1":"product","2":"type-product","3":"status-publish","4":"has-post-thumbnail","6":"product_cat-inkjet-printer-boards-kit","8":"first","9":"instock","10":"shipping-taxable","11":"purchasable","12":"product-type-simple"},"yoast_head":"<!-- This site is optimized with the Yoast SEO plugin v26.9 - https:\/\/yoast.com\/product\/yoast-seo-wordpress\/ -->\n<title>Hoson i3200 boards kit with cable work for 4 piece i3200 Flatbed Version - Amo<\/title>\n<meta name=\"robots\" content=\"index, follow, max-snippet:-1, max-image-preview:large, max-video-preview:-1\" \/>\n<link rel=\"canonical\" href=\"https:\/\/superprintpro.com\/de\/produkt\/hoson-i3200-boards-kit-with-cable-work-for-4-piece-i3200-flatbed-version\/\" \/>\n<meta property=\"og:locale\" content=\"de_DE\" \/>\n<meta property=\"og:type\" content=\"article\" \/>\n<meta property=\"og:title\" content=\"Hoson i3200 boards kit with cable work for 4 piece i3200 Flatbed Version - Amo\" \/>\n<meta property=\"og:description\" content=\"For product details and the latest prices please contact our sales manage\" \/>\n<meta property=\"og:url\" content=\"https:\/\/superprintpro.com\/de\/produkt\/hoson-i3200-boards-kit-with-cable-work-for-4-piece-i3200-flatbed-version\/\" \/>\n<meta property=\"og:site_name\" content=\"Amo\" \/>\n<meta property=\"article:modified_time\" content=\"2025-08-16T07:42:51+00:00\" \/>\n<meta property=\"og:image\" content=\"https:\/\/superprintpro.com\/wp-content\/uploads\/2025\/08\/hoson-i3200-boards-kit-with-cable-work-for-4-piece-i3200-flatbed-version.jpg\" \/>\n\t<meta property=\"og:image:width\" content=\"800\" \/>\n\t<meta property=\"og:image:height\" content=\"800\" \/>\n\t<meta property=\"og:image:type\" content=\"image\/jpeg\" \/>\n<meta name=\"twitter:card\" content=\"summary_large_image\" \/>\n<meta name=\"twitter:label1\" content=\"Gesch\u00e4tzte Lesezeit\" \/>\n\t<meta name=\"twitter:data1\" content=\"1\u00a0Minute\" \/>\n<script type=\"application\/ld+json\" class=\"yoast-schema-graph\">{\"@context\":\"https:\/\/schema.org\",\"@graph\":[{\"@type\":\"WebPage\",\"@id\":\"https:\/\/superprintpro.com\/product\/hoson-i3200-boards-kit-with-cable-work-for-4-piece-i3200-flatbed-version\/\",\"url\":\"https:\/\/superprintpro.com\/product\/hoson-i3200-boards-kit-with-cable-work-for-4-piece-i3200-flatbed-version\/\",\"name\":\"Hoson i3200 boards kit with cable work for 4 piece i3200 Flatbed Version - Amo\",\"isPartOf\":{\"@id\":\"https:\/\/superprintpro.com\/#website\"},\"primaryImageOfPage\":{\"@id\":\"https:\/\/superprintpro.com\/product\/hoson-i3200-boards-kit-with-cable-work-for-4-piece-i3200-flatbed-version\/#primaryimage\"},\"image\":{\"@id\":\"https:\/\/superprintpro.com\/product\/hoson-i3200-boards-kit-with-cable-work-for-4-piece-i3200-flatbed-version\/#primaryimage\"},\"thumbnailUrl\":\"https:\/\/superprintpro.com\/wp-content\/uploads\/2025\/08\/hoson-i3200-boards-kit-with-cable-work-for-4-piece-i3200-flatbed-version.jpg\",\"datePublished\":\"2025-08-09T08:12:33+00:00\",\"dateModified\":\"2025-08-16T07:42:51+00:00\",\"breadcrumb\":{\"@id\":\"https:\/\/superprintpro.com\/product\/hoson-i3200-boards-kit-with-cable-work-for-4-piece-i3200-flatbed-version\/#breadcrumb\"},\"inLanguage\":\"de\",\"potentialAction\":[{\"@type\":\"ReadAction\",\"target\":[\"https:\/\/superprintpro.com\/product\/hoson-i3200-boards-kit-with-cable-work-for-4-piece-i3200-flatbed-version\/\"]}]},{\"@type\":\"ImageObject\",\"inLanguage\":\"de\",\"@id\":\"https:\/\/superprintpro.com\/product\/hoson-i3200-boards-kit-with-cable-work-for-4-piece-i3200-flatbed-version\/#primaryimage\",\"url\":\"https:\/\/superprintpro.com\/wp-content\/uploads\/2025\/08\/hoson-i3200-boards-kit-with-cable-work-for-4-piece-i3200-flatbed-version.jpg\",\"contentUrl\":\"https:\/\/superprintpro.com\/wp-content\/uploads\/2025\/08\/hoson-i3200-boards-kit-with-cable-work-for-4-piece-i3200-flatbed-version.jpg\",\"width\":800,\"height\":800,\"caption\":\"Hoson i3200 boards kit with cable work for 4 piece i3200 Flatbed Version\"},{\"@type\":\"BreadcrumbList\",\"@id\":\"https:\/\/superprintpro.com\/product\/hoson-i3200-boards-kit-with-cable-work-for-4-piece-i3200-flatbed-version\/#breadcrumb\",\"itemListElement\":[{\"@type\":\"ListItem\",\"position\":1,\"name\":\"\u9996\u9875\",\"item\":\"https:\/\/superprintpro.com\/\"},{\"@type\":\"ListItem\",\"position\":2,\"name\":\"Shop\",\"item\":\"https:\/\/superprintpro.com\/shop\/\"},{\"@type\":\"ListItem\",\"position\":3,\"name\":\"Hoson i3200 boards kit with cable work for 4 piece i3200 Flatbed Version\"}]},{\"@type\":\"WebSite\",\"@id\":\"https:\/\/superprintpro.com\/#website\",\"url\":\"https:\/\/superprintpro.com\/\",\"name\":\"Amo\",\"description\":\"\",\"potentialAction\":[{\"@type\":\"SearchAction\",\"target\":{\"@type\":\"EntryPoint\",\"urlTemplate\":\"https:\/\/superprintpro.com\/?s={search_term_string}\"},\"query-input\":{\"@type\":\"PropertyValueSpecification\",\"valueRequired\":true,\"valueName\":\"search_term_string\"}}],\"inLanguage\":\"de\"}]}<\/script>\n<!-- \/ Yoast SEO plugin. -->","yoast_head_json":{"title":"Hoson i3200 boards kit with cable work for 4 piece i3200 Flatbed Version - Amo","robots":{"index":"index","follow":"follow","max-snippet":"max-snippet:-1","max-image-preview":"max-image-preview:large","max-video-preview":"max-video-preview:-1"},"canonical":"https:\/\/superprintpro.com\/de\/produkt\/hoson-i3200-boards-kit-with-cable-work-for-4-piece-i3200-flatbed-version\/","og_locale":"de_DE","og_type":"article","og_title":"Hoson i3200 boards kit with cable work for 4 piece i3200 Flatbed Version - Amo","og_description":"For product details and the latest prices please contact our sales manage","og_url":"https:\/\/superprintpro.com\/de\/produkt\/hoson-i3200-boards-kit-with-cable-work-for-4-piece-i3200-flatbed-version\/","og_site_name":"Amo","article_modified_time":"2025-08-16T07:42:51+00:00","og_image":[{"width":800,"height":800,"url":"https:\/\/superprintpro.com\/wp-content\/uploads\/2025\/08\/hoson-i3200-boards-kit-with-cable-work-for-4-piece-i3200-flatbed-version.jpg","type":"image\/jpeg"}],"twitter_card":"summary_large_image","twitter_misc":{"Gesch\u00e4tzte Lesezeit":"1\u00a0Minute"},"schema":{"@context":"https:\/\/schema.org","@graph":[{"@type":"WebPage","@id":"https:\/\/superprintpro.com\/product\/hoson-i3200-boards-kit-with-cable-work-for-4-piece-i3200-flatbed-version\/","url":"https:\/\/superprintpro.com\/product\/hoson-i3200-boards-kit-with-cable-work-for-4-piece-i3200-flatbed-version\/","name":"Hoson i3200 boards kit with cable work for 4 piece i3200 Flatbed Version - Amo","isPartOf":{"@id":"https:\/\/superprintpro.com\/#website"},"primaryImageOfPage":{"@id":"https:\/\/superprintpro.com\/product\/hoson-i3200-boards-kit-with-cable-work-for-4-piece-i3200-flatbed-version\/#primaryimage"},"image":{"@id":"https:\/\/superprintpro.com\/product\/hoson-i3200-boards-kit-with-cable-work-for-4-piece-i3200-flatbed-version\/#primaryimage"},"thumbnailUrl":"https:\/\/superprintpro.com\/wp-content\/uploads\/2025\/08\/hoson-i3200-boards-kit-with-cable-work-for-4-piece-i3200-flatbed-version.jpg","datePublished":"2025-08-09T08:12:33+00:00","dateModified":"2025-08-16T07:42:51+00:00","breadcrumb":{"@id":"https:\/\/superprintpro.com\/product\/hoson-i3200-boards-kit-with-cable-work-for-4-piece-i3200-flatbed-version\/#breadcrumb"},"inLanguage":"de","potentialAction":[{"@type":"ReadAction","target":["https:\/\/superprintpro.com\/product\/hoson-i3200-boards-kit-with-cable-work-for-4-piece-i3200-flatbed-version\/"]}]},{"@type":"ImageObject","inLanguage":"de","@id":"https:\/\/superprintpro.com\/product\/hoson-i3200-boards-kit-with-cable-work-for-4-piece-i3200-flatbed-version\/#primaryimage","url":"https:\/\/superprintpro.com\/wp-content\/uploads\/2025\/08\/hoson-i3200-boards-kit-with-cable-work-for-4-piece-i3200-flatbed-version.jpg","contentUrl":"https:\/\/superprintpro.com\/wp-content\/uploads\/2025\/08\/hoson-i3200-boards-kit-with-cable-work-for-4-piece-i3200-flatbed-version.jpg","width":800,"height":800,"caption":"Hoson i3200 boards kit with cable work for 4 piece i3200 Flatbed Version"},{"@type":"BreadcrumbList","@id":"https:\/\/superprintpro.com\/product\/hoson-i3200-boards-kit-with-cable-work-for-4-piece-i3200-flatbed-version\/#breadcrumb","itemListElement":[{"@type":"ListItem","position":1,"name":"\u9996\u9875","item":"https:\/\/superprintpro.com\/"},{"@type":"ListItem","position":2,"name":"Shop","item":"https:\/\/superprintpro.com\/shop\/"},{"@type":"ListItem","position":3,"name":"Hoson i3200 boards kit with cable work for 4 piece i3200 Flatbed Version"}]},{"@type":"WebSite","@id":"https:\/\/superprintpro.com\/#website","url":"https:\/\/superprintpro.com\/","name":"Amo","description":"","potentialAction":[{"@type":"SearchAction","target":{"@type":"EntryPoint","urlTemplate":"https:\/\/superprintpro.com\/?s={search_term_string}"},"query-input":{"@type":"PropertyValueSpecification","valueRequired":true,"valueName":"search_term_string"}}],"inLanguage":"de"}]}},"_links":{"self":[{"href":"https:\/\/superprintpro.com\/de\/wp-json\/wp\/v2\/product\/29389","targetHints":{"allow":["GET"]}}],"collection":[{"href":"https:\/\/superprintpro.com\/de\/wp-json\/wp\/v2\/product"}],"about":[{"href":"https:\/\/superprintpro.com\/de\/wp-json\/wp\/v2\/types\/product"}],"replies":[{"embeddable":true,"href":"https:\/\/superprintpro.com\/de\/wp-json\/wp\/v2\/comments?post=29389"}],"version-history":[{"count":1,"href":"https:\/\/superprintpro.com\/de\/wp-json\/wp\/v2\/product\/29389\/revisions"}],"predecessor-version":[{"id":29391,"href":"https:\/\/superprintpro.com\/de\/wp-json\/wp\/v2\/product\/29389\/revisions\/29391"}],"wp:featuredmedia":[{"embeddable":true,"href":"https:\/\/superprintpro.com\/de\/wp-json\/wp\/v2\/media\/30028"}],"wp:attachment":[{"href":"https:\/\/superprintpro.com\/de\/wp-json\/wp\/v2\/media?parent=29389"}],"wp:term":[{"taxonomy":"product_brand","embeddable":true,"href":"https:\/\/superprintpro.com\/de\/wp-json\/wp\/v2\/product_brand?post=29389"},{"taxonomy":"product_cat","embeddable":true,"href":"https:\/\/superprintpro.com\/de\/wp-json\/wp\/v2\/product_cat?post=29389"},{"taxonomy":"product_tag","embeddable":true,"href":"https:\/\/superprintpro.com\/de\/wp-json\/wp\/v2\/product_tag?post=29389"}],"curies":[{"name":"wp","href":"https:\/\/api.w.org\/{rel}","templated":true}]}}