{"id":29363,"date":"2025-08-09T06:57:36","date_gmt":"2025-08-09T06:57:36","guid":{"rendered":"https:\/\/superprintpro.com\/?post_type=product&#038;p=29363"},"modified":"2025-08-16T14:49:15","modified_gmt":"2025-08-16T06:49:15","slug":"kit-xp600-for-upgrading-chinese-inkjet-printer-with-2-xp600-printheads-roll-to-roll-style","status":"publish","type":"product","link":"https:\/\/superprintpro.com\/de\/produkt\/kit-xp600-for-upgrading-chinese-inkjet-printer-with-2-xp600-printheads-roll-to-roll-style\/","title":{"rendered":"Kit xp600 f\u00fcr die Aufr\u00fcstung chinesischer Tintenstrahldrucker mit 2 xp600 Druckk\u00f6pfen (von Rolle zu Rolle)"},"content":{"rendered":"<ul>\n<li>Kit xp600 f\u00fcr die Aufr\u00fcstung chinesischer Tintenstrahldrucker mit 2 xp600 Druckk\u00f6pfen (von Rolle zu Rolle)<br \/>\n(dieses Kit k\u00f6nnte Ihren Tintenstrahldrucker mit 2 xp600 aufr\u00fcsten, aber es erlaubt Ihnen, nur 1 xp600 zu installieren, so dass dieses Kit auch Ihren Tintenstrahldrucker mit 1 xp600 Druckkopf aufr\u00fcsten k\u00f6nnte und Ihnen erlaubt, einen weiteren xp600 in der Zukunft hinzuzuf\u00fcgen)<\/li>\n<li>Unten Foto Referencia dieses Kits schickten wir vor f\u00fcr Upgrade jeder chinesischen Tintenstrahldrucker.(Dieses Kit nicht f\u00fcr Tintenstrahldrucker von mutoh, mimaki, roland, epson, nur Arbeit f\u00fcr jede chinesische Tintenstrahldrucker wie witcolor, galaxy sid triton, allwin, myjet, zhongye, Human ejet kjet, gongzheng Flora, micolor, xenons, skycolor, locor etc.<\/li>\n<li>Mit diesem Kit k\u00f6nnen Sie alle Ersatzteile Ihres alten Tintenstrahldruckers austauschen. Das bedeutet, dass Sie alle alten Ersatzteile Ihres alten Ger\u00e4ts loswerden und nur den mechanischen Teil dieses Ger\u00e4ts behalten, um endlich einen neuen Drucker zu bekommen.<\/li>\n<li>Dieser Satz enth\u00e4lt die folgenden Ersatzteile mit DHL-Fracht:<br \/>\nDruckkopf,<br \/>\nHauptplatine<br \/>\nKopfbrett,<br \/>\nStromversorgung<br \/>\nDruckkopf-Basishalterung<br \/>\nDruckkopf-Reinigungsstation<br \/>\nAlle Stromkabel und Datenkabel<br \/>\nAlle D\u00e4mpfer<br \/>\nAlle M\u00fctzen<br \/>\nAlle Pumpen<br \/>\nAlle Motoren mit Fahrer<br \/>\nAlle Riemenscheiben<br \/>\nAlle Riemenscheiben<br \/>\nDas ganze Tintenrohr<br \/>\nDie ganze Patrone<br \/>\nDie gesamte Software.<br \/>\nRaster-Encoder-Streifen<br \/>\nRaster Encoder Sensor<\/li>\n<\/ul>\n<p>&nbsp;<\/p>\n<p>&nbsp;<\/p>\n<p>&nbsp;<\/p>\n<p>&nbsp;<\/p>","protected":false},"excerpt":{"rendered":"<p>F\u00fcr Produktdetails und aktuelle Preise wenden Sie sich bitte an unser Verkaufsmanagement<\/p>","protected":false},"featured_media":30005,"comment_status":"open","ping_status":"closed","template":"","meta":[],"product_brand":[],"product_cat":[85],"product_tag":[],"class_list":{"0":"post-29363","1":"product","2":"type-product","3":"status-publish","4":"has-post-thumbnail","6":"product_cat-eco-solvent-roll-to-roll-upagrading-kit","8":"first","9":"instock","10":"shipping-taxable","11":"purchasable","12":"product-type-simple"},"yoast_head":"<!-- This site is optimized with the Yoast SEO plugin v26.9 - https:\/\/yoast.com\/product\/yoast-seo-wordpress\/ -->\n<title>Kit xp600 for Upgrading Chinese Inkjet Printer with 2 xp600 printheads (roll to roll style) - Amo<\/title>\n<meta name=\"robots\" content=\"index, follow, max-snippet:-1, max-image-preview:large, max-video-preview:-1\" \/>\n<link rel=\"canonical\" href=\"https:\/\/superprintpro.com\/de\/produkt\/kit-xp600-for-upgrading-chinese-inkjet-printer-with-2-xp600-printheads-roll-to-roll-style\/\" \/>\n<meta property=\"og:locale\" content=\"de_DE\" \/>\n<meta property=\"og:type\" content=\"article\" \/>\n<meta property=\"og:title\" content=\"Kit xp600 for Upgrading Chinese Inkjet Printer with 2 xp600 printheads (roll to roll style) - Amo\" \/>\n<meta property=\"og:description\" content=\"For product details and the latest prices please contact our sales manage\" \/>\n<meta property=\"og:url\" content=\"https:\/\/superprintpro.com\/de\/produkt\/kit-xp600-for-upgrading-chinese-inkjet-printer-with-2-xp600-printheads-roll-to-roll-style\/\" \/>\n<meta property=\"og:site_name\" content=\"Amo\" \/>\n<meta property=\"article:modified_time\" content=\"2025-08-16T06:49:15+00:00\" \/>\n<meta property=\"og:image\" content=\"https:\/\/superprintpro.com\/wp-content\/uploads\/2025\/08\/kit-xp600-for-upgrading-chinese-inkjet-printer-with-2-xp600-printheads.jpg\" \/>\n\t<meta property=\"og:image:width\" content=\"800\" \/>\n\t<meta property=\"og:image:height\" content=\"800\" \/>\n\t<meta property=\"og:image:type\" content=\"image\/jpeg\" \/>\n<meta name=\"twitter:card\" content=\"summary_large_image\" \/>\n<meta name=\"twitter:label1\" content=\"Gesch\u00e4tzte Lesezeit\" \/>\n\t<meta name=\"twitter:data1\" content=\"1\u00a0Minute\" \/>\n<script type=\"application\/ld+json\" class=\"yoast-schema-graph\">{\"@context\":\"https:\/\/schema.org\",\"@graph\":[{\"@type\":\"WebPage\",\"@id\":\"https:\/\/superprintpro.com\/product\/kit-xp600-for-upgrading-chinese-inkjet-printer-with-2-xp600-printheads-roll-to-roll-style\/\",\"url\":\"https:\/\/superprintpro.com\/product\/kit-xp600-for-upgrading-chinese-inkjet-printer-with-2-xp600-printheads-roll-to-roll-style\/\",\"name\":\"Kit xp600 for Upgrading Chinese Inkjet Printer with 2 xp600 printheads (roll to roll style) - Amo\",\"isPartOf\":{\"@id\":\"https:\/\/superprintpro.com\/#website\"},\"primaryImageOfPage\":{\"@id\":\"https:\/\/superprintpro.com\/product\/kit-xp600-for-upgrading-chinese-inkjet-printer-with-2-xp600-printheads-roll-to-roll-style\/#primaryimage\"},\"image\":{\"@id\":\"https:\/\/superprintpro.com\/product\/kit-xp600-for-upgrading-chinese-inkjet-printer-with-2-xp600-printheads-roll-to-roll-style\/#primaryimage\"},\"thumbnailUrl\":\"https:\/\/superprintpro.com\/wp-content\/uploads\/2025\/08\/kit-xp600-for-upgrading-chinese-inkjet-printer-with-2-xp600-printheads.jpg\",\"datePublished\":\"2025-08-09T06:57:36+00:00\",\"dateModified\":\"2025-08-16T06:49:15+00:00\",\"breadcrumb\":{\"@id\":\"https:\/\/superprintpro.com\/product\/kit-xp600-for-upgrading-chinese-inkjet-printer-with-2-xp600-printheads-roll-to-roll-style\/#breadcrumb\"},\"inLanguage\":\"de\",\"potentialAction\":[{\"@type\":\"ReadAction\",\"target\":[\"https:\/\/superprintpro.com\/product\/kit-xp600-for-upgrading-chinese-inkjet-printer-with-2-xp600-printheads-roll-to-roll-style\/\"]}]},{\"@type\":\"ImageObject\",\"inLanguage\":\"de\",\"@id\":\"https:\/\/superprintpro.com\/product\/kit-xp600-for-upgrading-chinese-inkjet-printer-with-2-xp600-printheads-roll-to-roll-style\/#primaryimage\",\"url\":\"https:\/\/superprintpro.com\/wp-content\/uploads\/2025\/08\/kit-xp600-for-upgrading-chinese-inkjet-printer-with-2-xp600-printheads.jpg\",\"contentUrl\":\"https:\/\/superprintpro.com\/wp-content\/uploads\/2025\/08\/kit-xp600-for-upgrading-chinese-inkjet-printer-with-2-xp600-printheads.jpg\",\"width\":800,\"height\":800,\"caption\":\"Kit xp600 for Upgrading Chinese Inkjet Printer with 2 xp600 printheads (roll to roll style)\"},{\"@type\":\"BreadcrumbList\",\"@id\":\"https:\/\/superprintpro.com\/product\/kit-xp600-for-upgrading-chinese-inkjet-printer-with-2-xp600-printheads-roll-to-roll-style\/#breadcrumb\",\"itemListElement\":[{\"@type\":\"ListItem\",\"position\":1,\"name\":\"\u9996\u9875\",\"item\":\"https:\/\/superprintpro.com\/\"},{\"@type\":\"ListItem\",\"position\":2,\"name\":\"Shop\",\"item\":\"https:\/\/superprintpro.com\/shop\/\"},{\"@type\":\"ListItem\",\"position\":3,\"name\":\"Kit xp600 for Upgrading Chinese Inkjet Printer with 2 xp600 printheads (roll to roll style)\"}]},{\"@type\":\"WebSite\",\"@id\":\"https:\/\/superprintpro.com\/#website\",\"url\":\"https:\/\/superprintpro.com\/\",\"name\":\"Amo\",\"description\":\"\",\"potentialAction\":[{\"@type\":\"SearchAction\",\"target\":{\"@type\":\"EntryPoint\",\"urlTemplate\":\"https:\/\/superprintpro.com\/?s={search_term_string}\"},\"query-input\":{\"@type\":\"PropertyValueSpecification\",\"valueRequired\":true,\"valueName\":\"search_term_string\"}}],\"inLanguage\":\"de\"}]}<\/script>\n<!-- \/ Yoast SEO plugin. -->","yoast_head_json":{"title":"Kit xp600 for Upgrading Chinese Inkjet Printer with 2 xp600 printheads (roll to roll style) - Amo","robots":{"index":"index","follow":"follow","max-snippet":"max-snippet:-1","max-image-preview":"max-image-preview:large","max-video-preview":"max-video-preview:-1"},"canonical":"https:\/\/superprintpro.com\/de\/produkt\/kit-xp600-for-upgrading-chinese-inkjet-printer-with-2-xp600-printheads-roll-to-roll-style\/","og_locale":"de_DE","og_type":"article","og_title":"Kit xp600 for Upgrading Chinese Inkjet Printer with 2 xp600 printheads (roll to roll style) - Amo","og_description":"For product details and the latest prices please contact our sales manage","og_url":"https:\/\/superprintpro.com\/de\/produkt\/kit-xp600-for-upgrading-chinese-inkjet-printer-with-2-xp600-printheads-roll-to-roll-style\/","og_site_name":"Amo","article_modified_time":"2025-08-16T06:49:15+00:00","og_image":[{"width":800,"height":800,"url":"https:\/\/superprintpro.com\/wp-content\/uploads\/2025\/08\/kit-xp600-for-upgrading-chinese-inkjet-printer-with-2-xp600-printheads.jpg","type":"image\/jpeg"}],"twitter_card":"summary_large_image","twitter_misc":{"Gesch\u00e4tzte Lesezeit":"1\u00a0Minute"},"schema":{"@context":"https:\/\/schema.org","@graph":[{"@type":"WebPage","@id":"https:\/\/superprintpro.com\/product\/kit-xp600-for-upgrading-chinese-inkjet-printer-with-2-xp600-printheads-roll-to-roll-style\/","url":"https:\/\/superprintpro.com\/product\/kit-xp600-for-upgrading-chinese-inkjet-printer-with-2-xp600-printheads-roll-to-roll-style\/","name":"Kit xp600 for Upgrading Chinese Inkjet Printer with 2 xp600 printheads (roll to roll style) - Amo","isPartOf":{"@id":"https:\/\/superprintpro.com\/#website"},"primaryImageOfPage":{"@id":"https:\/\/superprintpro.com\/product\/kit-xp600-for-upgrading-chinese-inkjet-printer-with-2-xp600-printheads-roll-to-roll-style\/#primaryimage"},"image":{"@id":"https:\/\/superprintpro.com\/product\/kit-xp600-for-upgrading-chinese-inkjet-printer-with-2-xp600-printheads-roll-to-roll-style\/#primaryimage"},"thumbnailUrl":"https:\/\/superprintpro.com\/wp-content\/uploads\/2025\/08\/kit-xp600-for-upgrading-chinese-inkjet-printer-with-2-xp600-printheads.jpg","datePublished":"2025-08-09T06:57:36+00:00","dateModified":"2025-08-16T06:49:15+00:00","breadcrumb":{"@id":"https:\/\/superprintpro.com\/product\/kit-xp600-for-upgrading-chinese-inkjet-printer-with-2-xp600-printheads-roll-to-roll-style\/#breadcrumb"},"inLanguage":"de","potentialAction":[{"@type":"ReadAction","target":["https:\/\/superprintpro.com\/product\/kit-xp600-for-upgrading-chinese-inkjet-printer-with-2-xp600-printheads-roll-to-roll-style\/"]}]},{"@type":"ImageObject","inLanguage":"de","@id":"https:\/\/superprintpro.com\/product\/kit-xp600-for-upgrading-chinese-inkjet-printer-with-2-xp600-printheads-roll-to-roll-style\/#primaryimage","url":"https:\/\/superprintpro.com\/wp-content\/uploads\/2025\/08\/kit-xp600-for-upgrading-chinese-inkjet-printer-with-2-xp600-printheads.jpg","contentUrl":"https:\/\/superprintpro.com\/wp-content\/uploads\/2025\/08\/kit-xp600-for-upgrading-chinese-inkjet-printer-with-2-xp600-printheads.jpg","width":800,"height":800,"caption":"Kit xp600 for Upgrading Chinese Inkjet Printer with 2 xp600 printheads (roll to roll style)"},{"@type":"BreadcrumbList","@id":"https:\/\/superprintpro.com\/product\/kit-xp600-for-upgrading-chinese-inkjet-printer-with-2-xp600-printheads-roll-to-roll-style\/#breadcrumb","itemListElement":[{"@type":"ListItem","position":1,"name":"\u9996\u9875","item":"https:\/\/superprintpro.com\/"},{"@type":"ListItem","position":2,"name":"Shop","item":"https:\/\/superprintpro.com\/shop\/"},{"@type":"ListItem","position":3,"name":"Kit xp600 for Upgrading Chinese Inkjet Printer with 2 xp600 printheads (roll to roll style)"}]},{"@type":"WebSite","@id":"https:\/\/superprintpro.com\/#website","url":"https:\/\/superprintpro.com\/","name":"Amo","description":"","potentialAction":[{"@type":"SearchAction","target":{"@type":"EntryPoint","urlTemplate":"https:\/\/superprintpro.com\/?s={search_term_string}"},"query-input":{"@type":"PropertyValueSpecification","valueRequired":true,"valueName":"search_term_string"}}],"inLanguage":"de"}]}},"_links":{"self":[{"href":"https:\/\/superprintpro.com\/de\/wp-json\/wp\/v2\/product\/29363","targetHints":{"allow":["GET"]}}],"collection":[{"href":"https:\/\/superprintpro.com\/de\/wp-json\/wp\/v2\/product"}],"about":[{"href":"https:\/\/superprintpro.com\/de\/wp-json\/wp\/v2\/types\/product"}],"replies":[{"embeddable":true,"href":"https:\/\/superprintpro.com\/de\/wp-json\/wp\/v2\/comments?post=29363"}],"version-history":[{"count":3,"href":"https:\/\/superprintpro.com\/de\/wp-json\/wp\/v2\/product\/29363\/revisions"}],"predecessor-version":[{"id":30006,"href":"https:\/\/superprintpro.com\/de\/wp-json\/wp\/v2\/product\/29363\/revisions\/30006"}],"wp:featuredmedia":[{"embeddable":true,"href":"https:\/\/superprintpro.com\/de\/wp-json\/wp\/v2\/media\/30005"}],"wp:attachment":[{"href":"https:\/\/superprintpro.com\/de\/wp-json\/wp\/v2\/media?parent=29363"}],"wp:term":[{"taxonomy":"product_brand","embeddable":true,"href":"https:\/\/superprintpro.com\/de\/wp-json\/wp\/v2\/product_brand?post=29363"},{"taxonomy":"product_cat","embeddable":true,"href":"https:\/\/superprintpro.com\/de\/wp-json\/wp\/v2\/product_cat?post=29363"},{"taxonomy":"product_tag","embeddable":true,"href":"https:\/\/superprintpro.com\/de\/wp-json\/wp\/v2\/product_tag?post=29363"}],"curies":[{"name":"wp","href":"https:\/\/api.w.org\/{rel}","templated":true}]}}