{"id":30300,"date":"2025-08-18T17:54:54","date_gmt":"2025-08-18T09:54:54","guid":{"rendered":"https:\/\/superprintpro.com\/?post_type=product&#038;p=30300"},"modified":"2025-08-21T15:39:42","modified_gmt":"2025-08-21T07:39:42","slug":"double-side-print-inkjet-printer-am208i32dp-for-textile-flag-material-with-8-heads-i3200","status":"publish","type":"product","link":"https:\/\/superprintpro.com\/ar\/product\/double-side-print-inkjet-printer-am208i32dp-for-textile-flag-material-with-8-heads-i3200\/","title":{"rendered":"\u0637\u0627\u0628\u0639\u0629 \u0646\u0641\u062b \u0627\u0644\u062d\u0628\u0631 \u0644\u0644\u0637\u0628\u0627\u0639\u0629 \u0639\u0644\u0649 \u0627\u0644\u0648\u062c\u0647\u064a\u0646 AM208I32DP \u0644\u0644\u0645\u0648\u0627\u062f \u0627\u0644\u0646\u0633\u064a\u062c\u064a\u0629 \u0630\u0627\u062a \u0627\u0644\u0623\u0639\u0644\u0627\u0645 \u0627\u0644\u0645\u0632\u0648\u062f\u0629 \u0628\u0640 8 \u0631\u0624\u0648\u0633 i3200"},"content":{"rendered":"<p>\u0637\u0627\u0628\u0639\u0629 \u0646\u0641\u062b \u0627\u0644\u062d\u0628\u0631 \u0644\u0644\u0637\u0628\u0627\u0639\u0629 \u0639\u0644\u0649 \u0627\u0644\u0648\u062c\u0647\u064a\u0646 AM208I32DP \u0644\u0644\u0645\u0648\u0627\u062f \u0627\u0644\u0646\u0633\u064a\u062c\u064a\u0629 \u0630\u0627\u062a \u0627\u0644\u0623\u0639\u0644\u0627\u0645 \u0627\u0644\u0645\u0632\u0648\u062f\u0629 \u0628\u0640 8 \u0631\u0624\u0648\u0633 i3200<\/p>\n<p>\u0627\u0642\u062a\u0628\u0627\u0633 \u0647\u0630\u0647 \u0627\u0644\u0637\u0627\u0628\u0639\u0629 \u0628\u0627\u0644\u0641\u0639\u0644 \u0645\u0639 \u062c\u0647\u0627\u0632 \u0636\u0628\u0637 \u0627\u0644\u0623\u0644\u0648\u0627\u0646 (\u0641\u0631\u0646 \u0643\u0628\u064a\u0631).<\/p>\n<p>\u0637\u0628\u0627\u0639\u0629 \u0645\u062a\u0631\u0627\u062f\u0641\u0629 \u0639\u0644\u0649 \u0627\u0644\u0648\u062c\u0647\u064a\u0646.<br \/>\n\u0627\u0644\u0645\u0648\u062f\u064a\u0644: AM208I32DP AM208I32DP<br \/>\n\u0639\u0631\u0636 \u0627\u0644\u0637\u0628\u0627\u0639\u0629 2200 \u0645\u0645<br \/>\n\u0631\u0623\u0633 \u0627\u0644\u0637\u0628\u0627\u0639\u0629 I3200A\u060c 8 \u0642\u0637\u0639 \uff084 \u0623\u0644\u0648\u0627\u0646 \u0623\u0648 8 \u0623\u0644\u0648\u0627\u0646\uff09<\/p>\n<p>\u062f\u0642\u0629 \u0627\u0644\u0637\u0628\u0627\u0639\u0629 \uff08\u0631\u064a\u0634\u0629 \u0636\u0639\u064a\u0641\u0629)<br \/>\n\u0637\u0628\u0627\u0639\u0629 \u0639\u0644\u0649 \u0627\u0644\u0648\u062c\u0647\u064a\u0646<br \/>\n2 \u06452 \uff08720\u00d7600\uff09    90 \u06452\/\u0633\u0627\u0639\u0629<br \/>\n3 \u06453 \uff08360\u00d71800\uff09   70 \u06452\/\u0633\u0627\u0639\u0629<br \/>\n4 \u0645\u0645\u0631 4 \uff08720\u00d71200\uff09   50 \u06452\/\u0633\u0627\u0639\u0629<br \/>\n\u0637\u0628\u0627\u0639\u0629 \u062c\u0627\u0646\u0628 \u0648\u0627\u062d\u062f \uff1a \u0637\u0628\u0627\u0639\u0629 \u062c\u0627\u0646\u0628 \u0648\u0627\u062d\u062f \uff1a<br \/>\n2 \u00d7 720 \u00d7 600 \u00d7 720 \u00d7 600    106 \u06452\/\u0633\u0627\u0639\u0629<br \/>\n3 \u0645\u0645\u0631 3 \uff08360\u00d71800\uff09   82 \u06452\/\u0633\u0627\u0639\u0629<br \/>\n4 \u0645\u0645\u0631 4 \uff08720\u00d71200\uff09   60 \u06452\/\u0633\u0627\u0639\u0629<br \/>\n\u0646\u0648\u0639 \u0627\u0644\u062d\u0628\u0631 \u062d\u0628\u0631 \u0645\u0634\u062a\u062a<br \/>\n\u0644\u0648\u0646 \u0627\u0644\u062d\u0628\u0631 C \u3001M \u3001Y \u3001K \uff08\u0645\u0627\u0643\u0633 8 \u0623\u0644\u0648\u0627\u0646 \u0627\u062e\u062a\u064a\u0627\u0631\u064a\u0629\uff09<br \/>\n\u0628\u0631\u0646\u0627\u0645\u062c RIP \u0645\u0635\u0646\u0639 \u0627\u0644\u0637\u0628\u0627\u0639\u0629 RIP Print Factory<br \/>\n\u0628\u064a\u0626\u0629 \u0627\u0644\u0639\u0645\u0644 \u062f\u0631\u062c\u0629 \u0627\u0644\u062d\u0631\u0627\u0631\u062920-28 \u2103 \u0627\u0644\u0631\u0637\u0648\u0628\u062940-70%<br \/>\n\u0627\u0644\u0637\u0627\u0642\u0629 AC380V \uff0c 50\/60 \u0647\u0631\u062a\u0632 \uff0c \u0627\u0644\u062a\u064a\u0627\u0631 \u0627\u0644\u0645\u062a\u0631\u062f\u062f 380 \u0641\u0648\u0644\u062a \uff0c 50\/60 \u0647\u0631\u062a\u0632 \uff0c \u0645\u0632\u0648\u062f \u0627\u0644\u0637\u0627\u0642\u0629 15 \u0643\u064a\u0644\u0648 \u0648\u0627\u062a<br \/>\n\u0627\u0644\u0623\u0628\u0639\u0627\u062f 4680 \u0645\u0645 \u00d7 1495 \u0645\u0645 \u00d7 1495 \u0645\u0645 \u00d7 1870 \u0645\u0645 \uff08\u0627\u0644\u0627\u0631\u062a\u0641\u0627\u0639 2250 \u0645\u0645 \u0628\u0645\u0627 \u0641\u064a \u0630\u0644\u0643 \u062f\u0644\u0648 \u0627\u0644\u062d\u0628\u0631\uff09<br \/>\n\u0627\u0644\u0648\u0632\u0646 2000 \u0643\u062c\u0645<\/p>\n<p>\u0645\u064a\u0632\u0627\u062a \u0627\u0644\u0637\u0627\u0628\u0639\u0627\u062a<br \/>\n\u0645\u0646\u0635\u0629 \u0627\u0644\u0637\u0628\u0627\u0639\u0629 \uff1a \u0645\u0646\u0635\u0629 \u0627\u0644\u0637\u0628\u0627\u0639\u0629<br \/>\n\u0645\u0646\u0635\u0629 \u062a\u0648\u062c\u064a\u0647 \u0642\u0645\u0627\u0634\u064a\u0629\u060c \u0648\u0645\u0642\u0627\u0648\u0645\u0629 \u0635\u063a\u064a\u0631\u0629 \u0648\u062f\u0642\u0629 \u0639\u0627\u0644\u064a\u0629 \u0639\u0646\u062f \u062a\u062f\u062d\u0631\u062c \u0627\u0644\u0645\u0648\u0627\u062f.<br \/>\n\u0648\u0636\u0639 \u0627\u0644\u0625\u0631\u0633\u0627\u0644 \uff1a \u0648\u0636\u0639 \u0627\u0644\u0625\u0631\u0633\u0627\u0644 \uff1a<br \/>\n\u064a\u062a\u062d\u0643\u0645 \u0627\u0644\u0645\u062d\u0631\u0643 \u0627\u0644\u0645\u0624\u0627\u0632\u0631 \u0641\u064a \u0627\u0644\u0623\u0633\u0637\u0648\u0627\u0646\u0629 \u0627\u0644\u0645\u0637\u0627\u0637\u064a\u0629 \u0644\u0646\u0627\u0642\u0644 \u0627\u0644\u062d\u0631\u0643\u0629\u060c \u0648\u064a\u062a\u0645 \u062a\u062f\u062d\u0631\u062c \u0627\u0644\u0645\u0627\u062f\u0629 \u0628\u062f\u0642\u0629 \u0648\u062a\u0633\u0637\u064a\u062d\u0647\u0627 \u0648\u062e\u0644\u0648\u0647\u0627 \u0645\u0646 \u0627\u0644\u062a\u062c\u0627\u0639\u064a\u062f.<br \/>\n\u062c\u0647\u0627\u0632 \u0642\u0627\u0628\u0644 \u0644\u0644\u0633\u062d\u0628 \uff1a\u062c\u0647\u0627\u0632 \u0642\u0627\u0628\u0644 \u0644\u0644\u0633\u062d\u0628<br \/>\n\u062a\u062d\u0627\u0641\u0638 \u0622\u0644\u064a\u0629 \u0633\u062d\u0628 \u0623\u0633\u0637\u0648\u0627\u0646\u0629 \u0627\u0644\u062c\u0627\u0630\u0628\u064a\u0629 \u0627\u0644\u0642\u0627\u0628\u0644\u0629 \u0644\u0644\u0633\u062d\u0628 \u0639\u0644\u0649 \u0627\u0644\u0645\u0648\u0627\u062f \u062a\u062d\u062a \u0634\u062f \u062b\u0627\u0628\u062a.<br \/>\n\u0627\u0644\u062d\u0645\u0627\u064a\u0629 \u0645\u0646 \u0627\u0644\u062a\u0644\u0648\u062b \uff1a\u0627\u0644\u062d\u0645\u0627\u064a\u0629 \u0645\u0646 \u0627\u0644\u062a\u0644\u0648\u062b<br \/>\n\u0644\u062f\u064a\u0643 \u0623\u062c\u0647\u0632\u0629 \u0625\u0639\u0627\u062f\u0629 \u062a\u062f\u0648\u064a\u0631 \u0627\u0644\u062d\u0628\u0631 \u0627\u0644\u0645\u062a\u0637\u0627\u064a\u0631 \u0648\u0625\u0639\u0627\u062f\u0629 \u062a\u062f\u0648\u064a\u0631 \u0627\u0644\u062f\u062e\u0627\u0646.<br \/>\n\u0635\u064a\u0627\u0646\u0629 \u0627\u0644\u0641\u0648\u0647\u0629 \uff1a \u0635\u064a\u0627\u0646\u0629 \u0627\u0644\u0641\u0648\u0647\u0629 \uff1a<br \/>\n\u062c\u0647\u0627\u0632 \u062a\u0631\u0637\u064a\u0628 \u0648\u062a\u0646\u0638\u064a\u0641 \u0648\u0643\u0634\u0637 \u062a\u0644\u0642\u0627\u0626\u064a \u0644\u0645\u0646\u0639 \u0627\u0646\u0633\u062f\u0627\u062f \u0627\u0644\u0641\u0648\u0647\u0629.<br \/>\n\u0627\u0644\u062a\u062c\u0641\u064a\u0641 \u0628\u0627\u0644\u0623\u0634\u0639\u0629 \u062a\u062d\u062a \u0627\u0644\u062d\u0645\u0631\u0627\u0621 \uff1a\u0627\u0644\u062a\u062c\u0641\u064a\u0641 \u0628\u0627\u0644\u0623\u0634\u0639\u0629 \u062a\u062d\u062a \u0627\u0644\u062d\u0645\u0631\u0627\u0621<br \/>\n\u0646\u0638\u0627\u0645 \u062a\u062c\u0641\u064a\u0641 \u0628\u0627\u0644\u0647\u0648\u0627\u0621 \u0627\u0644\u0633\u0627\u062e\u0646 \u0639\u0627\u0644\u064a \u0627\u0644\u0643\u0641\u0627\u0621\u0629 \u0644\u0636\u0645\u0627\u0646 \u0637\u0628\u0627\u0639\u0629 \u0639\u0627\u0644\u064a\u0629 \u0627\u0644\u0633\u0631\u0639\u0629 \u0648\u0625\u0639\u0627\u062f\u0629 \u0627\u0644\u0644\u0641 \u0641\u064a \u0627\u0644\u0648\u0642\u062a \u0646\u0641\u0633\u0647.<br \/>\n\u062a\u0628\u0637\u064a\u0646 \u0627\u0644\u0648\u0631\u0642 \u0627\u0644\u0648\u0627\u0642\u064a \uff1a<br \/>\n\u0639\u0646\u062f \u062a\u0646\u0627\u0648\u0644 \u0627\u0644\u0645\u0648\u0627\u062f\u060c \u064a\u0645\u0643\u0646 \u0625\u0636\u0627\u0641\u0629 \u0648\u0631\u0642 \u0627\u0644\u062a\u0628\u0637\u064a\u0646 \u0644\u0645\u0646\u0639 \u0627\u0644\u062a\u0644\u0648\u062b \u0627\u0644\u0645\u062a\u0628\u0627\u062f\u0644 \u0628\u064a\u0646 \u0627\u0644\u062c\u0627\u0646\u0628\u064a\u0646 \u0627\u0644\u0623\u0645\u0627\u0645\u064a \u0648\u0627\u0644\u062e\u0644\u0641\u064a.<br \/>\n\u0646\u0638\u0627\u0645 \u0627\u0644\u062a\u062d\u0643\u0645 \uff1a \u0646\u0638\u0627\u0645 \u0627\u0644\u062a\u062d\u0643\u0645 \uff1a<br \/>\n\u0646\u0638\u0627\u0645 \u0627\u0644\u062a\u062d\u0643\u0645 PLC \u0644\u062a\u062d\u0633\u064a\u0646 \u0627\u0633\u062a\u0642\u0631\u0627\u0631 \u062a\u0634\u063a\u064a\u0644 \u0627\u0644\u0646\u0638\u0627\u0645.<br \/>\n\u0625\u062d\u0635\u0627\u0621\u0627\u062a \u0627\u0644\u0648\u0638\u0627\u0626\u0641 \uff1a \u0625\u062d\u0635\u0627\u0621\u0627\u062a \u0627\u0644\u0648\u0638\u0627\u0626\u0641<br \/>\n\u062a\u0642\u0648\u0645 \u0648\u0638\u064a\u0641\u0629 \u0633\u062c\u0644 \u0627\u0644\u0637\u0628\u0627\u0639\u0629 \u0628\u062a\u0633\u062c\u064a\u0644 \u0643\u0641\u0627\u0621\u0629 \u0627\u0644\u0637\u0628\u0627\u0639\u0629 \u0648\u062d\u0633\u0627\u0628\u0647\u0627 \u062a\u0644\u0642\u0627\u0626\u064a\u0627\u064b.<br \/>\n\u0625\u062d\u0635\u0627\u0626\u064a\u0627\u062a \u062d\u062c\u0645 \u0627\u0644\u062d\u0628\u0631 \uff1a<\/p>\n<p>\u062d\u0633\u0627\u0628 \u0627\u0633\u062a\u0647\u0644\u0627\u0643 \u0627\u0644\u062d\u0628\u0631 \u062a\u0644\u0642\u0627\u0626\u064a\u064b\u0627 \u0648\u062d\u0633\u0627\u0628 \u062a\u0643\u0644\u0641\u0629 \u0627\u0644\u0637\u0628\u0627\u0639\u0629.<\/p>","protected":false},"excerpt":{"rendered":"<p>\u0644\u0644\u062d\u0635\u0648\u0644 \u0639\u0644\u0649 \u062a\u0641\u0627\u0635\u064a\u0644 \u0627\u0644\u0645\u0646\u062a\u062c \u0648\u0623\u062d\u062f\u062b \u0627\u0644\u0627\u0642\u062a\u0628\u0627\u0633\u0627\u062a \u060c \u064a\u0631\u062c\u0649 \u0627\u0644\u0627\u062a\u0635\u0627\u0644 \u0628\u0645\u062f\u064a\u0631 \u0627\u0644\u0645\u0628\u064a\u0639\u0627\u062a \u0644\u062f\u064a\u0646\u0627<\/p>","protected":false},"featured_media":30301,"comment_status":"open","ping_status":"closed","template":"","meta":[],"product_brand":[],"product_cat":[128],"product_tag":[],"class_list":{"0":"post-30300","1":"product","2":"type-product","3":"status-publish","4":"has-post-thumbnail","6":"product_cat-direct-printing","8":"first","9":"instock","10":"shipping-taxable","11":"purchasable","12":"product-type-simple"},"yoast_head":"<!-- This site is optimized with the Yoast SEO plugin v26.9 - https:\/\/yoast.com\/product\/yoast-seo-wordpress\/ -->\n<title>Double Side Print Inkjet Printer AM208I32DP for Textile Flag Material with 8 heads i3200 - Amo<\/title>\n<meta name=\"robots\" content=\"index, follow, max-snippet:-1, max-image-preview:large, max-video-preview:-1\" \/>\n<link rel=\"canonical\" href=\"https:\/\/superprintpro.com\/ar\/product\/double-side-print-inkjet-printer-am208i32dp-for-textile-flag-material-with-8-heads-i3200\/\" \/>\n<meta property=\"og:locale\" content=\"ar_AR\" \/>\n<meta property=\"og:type\" content=\"article\" \/>\n<meta property=\"og:title\" content=\"Double Side Print Inkjet Printer AM208I32DP for Textile Flag Material with 8 heads i3200 - Amo\" \/>\n<meta property=\"og:description\" content=\"For product details and the latest quotes, please contact our sales manager\" \/>\n<meta property=\"og:url\" content=\"https:\/\/superprintpro.com\/ar\/product\/double-side-print-inkjet-printer-am208i32dp-for-textile-flag-material-with-8-heads-i3200\/\" \/>\n<meta property=\"og:site_name\" content=\"Amo\" \/>\n<meta property=\"article:modified_time\" content=\"2025-08-21T07:39:42+00:00\" \/>\n<meta property=\"og:image\" content=\"https:\/\/superprintpro.com\/wp-content\/uploads\/2025\/08\/double-side-print-inkjet-printer-am208i32dp-for-textile-flag-material-with-8-heads-i3200.jpg\" \/>\n\t<meta property=\"og:image:width\" content=\"604\" \/>\n\t<meta property=\"og:image:height\" content=\"340\" \/>\n\t<meta property=\"og:image:type\" content=\"image\/jpeg\" \/>\n<meta name=\"twitter:card\" content=\"summary_large_image\" \/>\n<meta name=\"twitter:label1\" content=\"\u0648\u0642\u062a \u0627\u0644\u0642\u0631\u0627\u0621\u0629 \u0627\u0644\u0645\u064f\u0642\u062f\u0651\u0631\" \/>\n\t<meta name=\"twitter:data1\" content=\"\u062f\u0642\u064a\u0642\u0629 \u0648\u0627\u062d\u062f\u0629\" \/>\n<script type=\"application\/ld+json\" class=\"yoast-schema-graph\">{\"@context\":\"https:\/\/schema.org\",\"@graph\":[{\"@type\":\"WebPage\",\"@id\":\"https:\/\/superprintpro.com\/product\/double-side-print-inkjet-printer-am208i32dp-for-textile-flag-material-with-8-heads-i3200\/\",\"url\":\"https:\/\/superprintpro.com\/product\/double-side-print-inkjet-printer-am208i32dp-for-textile-flag-material-with-8-heads-i3200\/\",\"name\":\"Double Side Print Inkjet Printer AM208I32DP for Textile Flag Material with 8 heads i3200 - Amo\",\"isPartOf\":{\"@id\":\"https:\/\/superprintpro.com\/#website\"},\"primaryImageOfPage\":{\"@id\":\"https:\/\/superprintpro.com\/product\/double-side-print-inkjet-printer-am208i32dp-for-textile-flag-material-with-8-heads-i3200\/#primaryimage\"},\"image\":{\"@id\":\"https:\/\/superprintpro.com\/product\/double-side-print-inkjet-printer-am208i32dp-for-textile-flag-material-with-8-heads-i3200\/#primaryimage\"},\"thumbnailUrl\":\"https:\/\/superprintpro.com\/wp-content\/uploads\/2025\/08\/double-side-print-inkjet-printer-am208i32dp-for-textile-flag-material-with-8-heads-i3200.jpg\",\"datePublished\":\"2025-08-18T09:54:54+00:00\",\"dateModified\":\"2025-08-21T07:39:42+00:00\",\"breadcrumb\":{\"@id\":\"https:\/\/superprintpro.com\/product\/double-side-print-inkjet-printer-am208i32dp-for-textile-flag-material-with-8-heads-i3200\/#breadcrumb\"},\"inLanguage\":\"ar\",\"potentialAction\":[{\"@type\":\"ReadAction\",\"target\":[\"https:\/\/superprintpro.com\/product\/double-side-print-inkjet-printer-am208i32dp-for-textile-flag-material-with-8-heads-i3200\/\"]}]},{\"@type\":\"ImageObject\",\"inLanguage\":\"ar\",\"@id\":\"https:\/\/superprintpro.com\/product\/double-side-print-inkjet-printer-am208i32dp-for-textile-flag-material-with-8-heads-i3200\/#primaryimage\",\"url\":\"https:\/\/superprintpro.com\/wp-content\/uploads\/2025\/08\/double-side-print-inkjet-printer-am208i32dp-for-textile-flag-material-with-8-heads-i3200.jpg\",\"contentUrl\":\"https:\/\/superprintpro.com\/wp-content\/uploads\/2025\/08\/double-side-print-inkjet-printer-am208i32dp-for-textile-flag-material-with-8-heads-i3200.jpg\",\"width\":604,\"height\":340,\"caption\":\"Double Side Print Inkjet Printer AM208I32DP for Textile Flag Material with 8 heads i3200\"},{\"@type\":\"BreadcrumbList\",\"@id\":\"https:\/\/superprintpro.com\/product\/double-side-print-inkjet-printer-am208i32dp-for-textile-flag-material-with-8-heads-i3200\/#breadcrumb\",\"itemListElement\":[{\"@type\":\"ListItem\",\"position\":1,\"name\":\"\u9996\u9875\",\"item\":\"https:\/\/superprintpro.com\/\"},{\"@type\":\"ListItem\",\"position\":2,\"name\":\"Shop\",\"item\":\"https:\/\/superprintpro.com\/shop\/\"},{\"@type\":\"ListItem\",\"position\":3,\"name\":\"Double Side Print Inkjet Printer AM208I32DP for Textile Flag Material with 8 heads i3200\"}]},{\"@type\":\"WebSite\",\"@id\":\"https:\/\/superprintpro.com\/#website\",\"url\":\"https:\/\/superprintpro.com\/\",\"name\":\"Amo\",\"description\":\"\",\"potentialAction\":[{\"@type\":\"SearchAction\",\"target\":{\"@type\":\"EntryPoint\",\"urlTemplate\":\"https:\/\/superprintpro.com\/?s={search_term_string}\"},\"query-input\":{\"@type\":\"PropertyValueSpecification\",\"valueRequired\":true,\"valueName\":\"search_term_string\"}}],\"inLanguage\":\"ar\"}]}<\/script>\n<!-- \/ Yoast SEO plugin. -->","yoast_head_json":{"title":"Double Side Print Inkjet Printer AM208I32DP for Textile Flag Material with 8 heads i3200 - Amo","robots":{"index":"index","follow":"follow","max-snippet":"max-snippet:-1","max-image-preview":"max-image-preview:large","max-video-preview":"max-video-preview:-1"},"canonical":"https:\/\/superprintpro.com\/ar\/product\/double-side-print-inkjet-printer-am208i32dp-for-textile-flag-material-with-8-heads-i3200\/","og_locale":"ar_AR","og_type":"article","og_title":"Double Side Print Inkjet Printer AM208I32DP for Textile Flag Material with 8 heads i3200 - Amo","og_description":"For product details and the latest quotes, please contact our sales manager","og_url":"https:\/\/superprintpro.com\/ar\/product\/double-side-print-inkjet-printer-am208i32dp-for-textile-flag-material-with-8-heads-i3200\/","og_site_name":"Amo","article_modified_time":"2025-08-21T07:39:42+00:00","og_image":[{"width":604,"height":340,"url":"https:\/\/superprintpro.com\/wp-content\/uploads\/2025\/08\/double-side-print-inkjet-printer-am208i32dp-for-textile-flag-material-with-8-heads-i3200.jpg","type":"image\/jpeg"}],"twitter_card":"summary_large_image","twitter_misc":{"\u0648\u0642\u062a \u0627\u0644\u0642\u0631\u0627\u0621\u0629 \u0627\u0644\u0645\u064f\u0642\u062f\u0651\u0631":"\u062f\u0642\u064a\u0642\u0629 \u0648\u0627\u062d\u062f\u0629"},"schema":{"@context":"https:\/\/schema.org","@graph":[{"@type":"WebPage","@id":"https:\/\/superprintpro.com\/product\/double-side-print-inkjet-printer-am208i32dp-for-textile-flag-material-with-8-heads-i3200\/","url":"https:\/\/superprintpro.com\/product\/double-side-print-inkjet-printer-am208i32dp-for-textile-flag-material-with-8-heads-i3200\/","name":"Double Side Print Inkjet Printer AM208I32DP for Textile Flag Material with 8 heads i3200 - Amo","isPartOf":{"@id":"https:\/\/superprintpro.com\/#website"},"primaryImageOfPage":{"@id":"https:\/\/superprintpro.com\/product\/double-side-print-inkjet-printer-am208i32dp-for-textile-flag-material-with-8-heads-i3200\/#primaryimage"},"image":{"@id":"https:\/\/superprintpro.com\/product\/double-side-print-inkjet-printer-am208i32dp-for-textile-flag-material-with-8-heads-i3200\/#primaryimage"},"thumbnailUrl":"https:\/\/superprintpro.com\/wp-content\/uploads\/2025\/08\/double-side-print-inkjet-printer-am208i32dp-for-textile-flag-material-with-8-heads-i3200.jpg","datePublished":"2025-08-18T09:54:54+00:00","dateModified":"2025-08-21T07:39:42+00:00","breadcrumb":{"@id":"https:\/\/superprintpro.com\/product\/double-side-print-inkjet-printer-am208i32dp-for-textile-flag-material-with-8-heads-i3200\/#breadcrumb"},"inLanguage":"ar","potentialAction":[{"@type":"ReadAction","target":["https:\/\/superprintpro.com\/product\/double-side-print-inkjet-printer-am208i32dp-for-textile-flag-material-with-8-heads-i3200\/"]}]},{"@type":"ImageObject","inLanguage":"ar","@id":"https:\/\/superprintpro.com\/product\/double-side-print-inkjet-printer-am208i32dp-for-textile-flag-material-with-8-heads-i3200\/#primaryimage","url":"https:\/\/superprintpro.com\/wp-content\/uploads\/2025\/08\/double-side-print-inkjet-printer-am208i32dp-for-textile-flag-material-with-8-heads-i3200.jpg","contentUrl":"https:\/\/superprintpro.com\/wp-content\/uploads\/2025\/08\/double-side-print-inkjet-printer-am208i32dp-for-textile-flag-material-with-8-heads-i3200.jpg","width":604,"height":340,"caption":"Double Side Print Inkjet Printer AM208I32DP for Textile Flag Material with 8 heads i3200"},{"@type":"BreadcrumbList","@id":"https:\/\/superprintpro.com\/product\/double-side-print-inkjet-printer-am208i32dp-for-textile-flag-material-with-8-heads-i3200\/#breadcrumb","itemListElement":[{"@type":"ListItem","position":1,"name":"\u9996\u9875","item":"https:\/\/superprintpro.com\/"},{"@type":"ListItem","position":2,"name":"Shop","item":"https:\/\/superprintpro.com\/shop\/"},{"@type":"ListItem","position":3,"name":"Double Side Print Inkjet Printer AM208I32DP for Textile Flag Material with 8 heads i3200"}]},{"@type":"WebSite","@id":"https:\/\/superprintpro.com\/#website","url":"https:\/\/superprintpro.com\/","name":"\u0623\u0645\u0648","description":"","potentialAction":[{"@type":"SearchAction","target":{"@type":"EntryPoint","urlTemplate":"https:\/\/superprintpro.com\/?s={search_term_string}"},"query-input":{"@type":"PropertyValueSpecification","valueRequired":true,"valueName":"search_term_string"}}],"inLanguage":"ar"}]}},"_links":{"self":[{"href":"https:\/\/superprintpro.com\/ar\/wp-json\/wp\/v2\/product\/30300","targetHints":{"allow":["GET"]}}],"collection":[{"href":"https:\/\/superprintpro.com\/ar\/wp-json\/wp\/v2\/product"}],"about":[{"href":"https:\/\/superprintpro.com\/ar\/wp-json\/wp\/v2\/types\/product"}],"replies":[{"embeddable":true,"href":"https:\/\/superprintpro.com\/ar\/wp-json\/wp\/v2\/comments?post=30300"}],"version-history":[{"count":1,"href":"https:\/\/superprintpro.com\/ar\/wp-json\/wp\/v2\/product\/30300\/revisions"}],"predecessor-version":[{"id":30302,"href":"https:\/\/superprintpro.com\/ar\/wp-json\/wp\/v2\/product\/30300\/revisions\/30302"}],"wp:featuredmedia":[{"embeddable":true,"href":"https:\/\/superprintpro.com\/ar\/wp-json\/wp\/v2\/media\/30301"}],"wp:attachment":[{"href":"https:\/\/superprintpro.com\/ar\/wp-json\/wp\/v2\/media?parent=30300"}],"wp:term":[{"taxonomy":"product_brand","embeddable":true,"href":"https:\/\/superprintpro.com\/ar\/wp-json\/wp\/v2\/product_brand?post=30300"},{"taxonomy":"product_cat","embeddable":true,"href":"https:\/\/superprintpro.com\/ar\/wp-json\/wp\/v2\/product_cat?post=30300"},{"taxonomy":"product_tag","embeddable":true,"href":"https:\/\/superprintpro.com\/ar\/wp-json\/wp\/v2\/product_tag?post=30300"}],"curies":[{"name":"wp","href":"https:\/\/api.w.org\/{rel}","templated":true}]}}